{"id":1228,"date":"2022-10-10T02:17:17","date_gmt":"2022-10-10T00:17:17","guid":{"rendered":"https:\/\/producciones-abismales.com\/de\/?page_id=1228"},"modified":"2025-10-13T23:39:45","modified_gmt":"2025-10-13T21:39:45","slug":"walking-act","status":"publish","type":"page","link":"https:\/\/producciones-abismales.com\/de\/walking-act\/","title":{"rendered":"Walking Act"},"content":{"rendered":"<p>Dayoub &amp; Naga auf Stelzen, in unserem Walking Act verzaubern wir unser Publikum mit dem unerwarteten Auftauchen von Naga, Gro\u00dfe und Kleine sind zum Singen und Tanzen eingeladen. Spa\u00df ist garantiert mit Dayoub, der am Ende von Naga hypnotisiert sein wird. Unterwegs f\u00fchren wir verschiedene Szenen unserer Show auf, je nach den M\u00f6glichkeiten, die die Strecke bietet.<\/p>\r\n<p><a href=\"https:\/\/producciones-abismales.com\/de\/wp-content\/uploads\/sites\/2\/2023\/01\/Technische-Rider-Dayoub-Naga-scaled.jpg\" target=\"_blank\" rel=\"noopener\">Technische Rider zum Herunterladen<\/a><\/p>\r\n<p><a href=\"https:\/\/drive.google.com\/file\/d\/1H1O0NP1Rx4iR7yABnV3cyJ-HK6g-5IyI\/view?usp=drive_link\" target=\"_blank\" rel=\"noopener\">Broschure zum Herunterladen<\/a><\/p>\r\n<p><a href=\"https:\/\/www.youtube.com\/watch?v=hXG1Cy9pvPE&amp;t=3s\" target=\"_blank\" rel=\"noopener\">Videolink<\/a><\/p>\r\n<p><img decoding=\"async\" loading=\"lazy\" class=\"wp-image-1383 alignnone\" src=\"https:\/\/producciones-abismales.com\/de\/wp-content\/uploads\/sites\/2\/2023\/09\/SalonK_2023_byAntoniaRichter_291-300x200.jpg\" alt=\"\" width=\"788\" height=\"526\" srcset=\"https:\/\/producciones-abismales.com\/de\/wp-content\/uploads\/sites\/2\/2023\/09\/SalonK_2023_byAntoniaRichter_291-300x200.jpg 300w, https:\/\/producciones-abismales.com\/de\/wp-content\/uploads\/sites\/2\/2023\/09\/SalonK_2023_byAntoniaRichter_291-1024x682.jpg 1024w, https:\/\/producciones-abismales.com\/de\/wp-content\/uploads\/sites\/2\/2023\/09\/SalonK_2023_byAntoniaRichter_291-768x512.jpg 768w, https:\/\/producciones-abismales.com\/de\/wp-content\/uploads\/sites\/2\/2023\/09\/SalonK_2023_byAntoniaRichter_291-685x457.jpg 685w, https:\/\/producciones-abismales.com\/de\/wp-content\/uploads\/sites\/2\/2023\/09\/SalonK_2023_byAntoniaRichter_291-342x228.jpg 342w, https:\/\/producciones-abismales.com\/de\/wp-content\/uploads\/sites\/2\/2023\/09\/SalonK_2023_byAntoniaRichter_291.jpg 1535w\" sizes=\"(max-width: 788px) 100vw, 788px\" \/><\/p>\r\n<p><img decoding=\"async\" loading=\"lazy\" class=\"wp-image-1381 alignleft\" src=\"https:\/\/producciones-abismales.com\/de\/wp-content\/uploads\/sites\/2\/2023\/09\/SalonK_2023_byAntoniaRichter_264-200x300.jpg\" alt=\"\" width=\"285\" height=\"428\" srcset=\"https:\/\/producciones-abismales.com\/de\/wp-content\/uploads\/sites\/2\/2023\/09\/SalonK_2023_byAntoniaRichter_264-200x300.jpg 200w, https:\/\/producciones-abismales.com\/de\/wp-content\/uploads\/sites\/2\/2023\/09\/SalonK_2023_byAntoniaRichter_264-683x1024.jpg 683w, https:\/\/producciones-abismales.com\/de\/wp-content\/uploads\/sites\/2\/2023\/09\/SalonK_2023_byAntoniaRichter_264-768x1151.jpg 768w, https:\/\/producciones-abismales.com\/de\/wp-content\/uploads\/sites\/2\/2023\/09\/SalonK_2023_byAntoniaRichter_264-1025x1536.jpg 1025w, https:\/\/producciones-abismales.com\/de\/wp-content\/uploads\/sites\/2\/2023\/09\/SalonK_2023_byAntoniaRichter_264-1366x2048.jpg 1366w, https:\/\/producciones-abismales.com\/de\/wp-content\/uploads\/sites\/2\/2023\/09\/SalonK_2023_byAntoniaRichter_264-685x1027.jpg 685w, https:\/\/producciones-abismales.com\/de\/wp-content\/uploads\/sites\/2\/2023\/09\/SalonK_2023_byAntoniaRichter_264.jpg 1535w\" sizes=\"(max-width: 285px) 100vw, 285px\" \/><img decoding=\"async\" loading=\"lazy\" class=\"wp-image-1382 alignright\" src=\"https:\/\/producciones-abismales.com\/de\/wp-content\/uploads\/sites\/2\/2023\/09\/SalonK_2023_byAntoniaRichter_265-227x300.jpg\" alt=\"\" width=\"325\" height=\"429\" srcset=\"https:\/\/producciones-abismales.com\/de\/wp-content\/uploads\/sites\/2\/2023\/09\/SalonK_2023_byAntoniaRichter_265-227x300.jpg 227w, https:\/\/producciones-abismales.com\/de\/wp-content\/uploads\/sites\/2\/2023\/09\/SalonK_2023_byAntoniaRichter_265.jpg 662w\" sizes=\"(max-width: 325px) 100vw, 325px\" \/><\/p>\r\n<p><img decoding=\"async\" loading=\"lazy\" class=\"alignnone  wp-image-1385\" src=\"https:\/\/producciones-abismales.com\/de\/wp-content\/uploads\/sites\/2\/2023\/09\/SalonK_2023_byAntoniaRichter_282-300x200.jpg\" alt=\"\" width=\"788\" height=\"526\" srcset=\"https:\/\/producciones-abismales.com\/de\/wp-content\/uploads\/sites\/2\/2023\/09\/SalonK_2023_byAntoniaRichter_282-300x200.jpg 300w, https:\/\/producciones-abismales.com\/de\/wp-content\/uploads\/sites\/2\/2023\/09\/SalonK_2023_byAntoniaRichter_282-1024x683.jpg 1024w, https:\/\/producciones-abismales.com\/de\/wp-content\/uploads\/sites\/2\/2023\/09\/SalonK_2023_byAntoniaRichter_282-768x512.jpg 768w, https:\/\/producciones-abismales.com\/de\/wp-content\/uploads\/sites\/2\/2023\/09\/SalonK_2023_byAntoniaRichter_282-685x457.jpg 685w, https:\/\/producciones-abismales.com\/de\/wp-content\/uploads\/sites\/2\/2023\/09\/SalonK_2023_byAntoniaRichter_282-342x228.jpg 342w, https:\/\/producciones-abismales.com\/de\/wp-content\/uploads\/sites\/2\/2023\/09\/SalonK_2023_byAntoniaRichter_282.jpg 1535w\" sizes=\"(max-width: 788px) 100vw, 788px\" \/><\/p>\r\n<p><img decoding=\"async\" loading=\"lazy\" class=\" wp-image-1378 alignleft\" src=\"https:\/\/producciones-abismales.com\/de\/wp-content\/uploads\/sites\/2\/2023\/09\/SalonK_2023_byAntoniaRichter_254-200x300.jpg\" alt=\"\" width=\"260\" height=\"391\" srcset=\"https:\/\/producciones-abismales.com\/de\/wp-content\/uploads\/sites\/2\/2023\/09\/SalonK_2023_byAntoniaRichter_254-200x300.jpg 200w, https:\/\/producciones-abismales.com\/de\/wp-content\/uploads\/sites\/2\/2023\/09\/SalonK_2023_byAntoniaRichter_254-683x1024.jpg 683w, https:\/\/producciones-abismales.com\/de\/wp-content\/uploads\/sites\/2\/2023\/09\/SalonK_2023_byAntoniaRichter_254-768x1152.jpg 768w, https:\/\/producciones-abismales.com\/de\/wp-content\/uploads\/sites\/2\/2023\/09\/SalonK_2023_byAntoniaRichter_254-1024x1536.jpg 1024w, https:\/\/producciones-abismales.com\/de\/wp-content\/uploads\/sites\/2\/2023\/09\/SalonK_2023_byAntoniaRichter_254-1365x2048.jpg 1365w, https:\/\/producciones-abismales.com\/de\/wp-content\/uploads\/sites\/2\/2023\/09\/SalonK_2023_byAntoniaRichter_254-685x1028.jpg 685w, https:\/\/producciones-abismales.com\/de\/wp-content\/uploads\/sites\/2\/2023\/09\/SalonK_2023_byAntoniaRichter_254.jpg 1535w\" sizes=\"(max-width: 260px) 100vw, 260px\" \/><\/p>\r\n<p><!-- \/wp:paragraph -->\r\n\r\n<!-- wp:paragraph \/-->\r\n\r\n<!-- wp:paragraph --><\/p>\r\n<p><img decoding=\"async\" loading=\"lazy\" class=\" wp-image-1379 alignright\" src=\"https:\/\/producciones-abismales.com\/de\/wp-content\/uploads\/sites\/2\/2023\/09\/SalonK_2023_byAntoniaRichter_262-200x300.jpg\" alt=\"\" width=\"267\" height=\"401\" srcset=\"https:\/\/producciones-abismales.com\/de\/wp-content\/uploads\/sites\/2\/2023\/09\/SalonK_2023_byAntoniaRichter_262-200x300.jpg 200w, https:\/\/producciones-abismales.com\/de\/wp-content\/uploads\/sites\/2\/2023\/09\/SalonK_2023_byAntoniaRichter_262-683x1024.jpg 683w, https:\/\/producciones-abismales.com\/de\/wp-content\/uploads\/sites\/2\/2023\/09\/SalonK_2023_byAntoniaRichter_262-768x1152.jpg 768w, https:\/\/producciones-abismales.com\/de\/wp-content\/uploads\/sites\/2\/2023\/09\/SalonK_2023_byAntoniaRichter_262-1024x1536.jpg 1024w, https:\/\/producciones-abismales.com\/de\/wp-content\/uploads\/sites\/2\/2023\/09\/SalonK_2023_byAntoniaRichter_262-1365x2048.jpg 1365w, https:\/\/producciones-abismales.com\/de\/wp-content\/uploads\/sites\/2\/2023\/09\/SalonK_2023_byAntoniaRichter_262-685x1028.jpg 685w, https:\/\/producciones-abismales.com\/de\/wp-content\/uploads\/sites\/2\/2023\/09\/SalonK_2023_byAntoniaRichter_262.jpg 1535w\" sizes=\"(max-width: 267px) 100vw, 267px\" \/><\/p>\r\n<p>&nbsp;<\/p>\r\n<p>&nbsp;<\/p>\r\n<p>&nbsp;<\/p>\r\n<p>&nbsp;<\/p>\r\n<p>&nbsp;<\/p>\r\n<p>&nbsp;<\/p>\r\n<p>&nbsp;<\/p>\r\n<p>&nbsp;<\/p>\r\n<p>&nbsp;<\/p>\r\n<p>&nbsp;<\/p>\r\n<p>&nbsp;<\/p>\r\n<ul>\r\n<li>09.09.2023 \/ SALON K, das Kunst- uns Kultur-Festival im Lettekiez \/ Berlin<\/li>\r\n<li>19. und 20.05.2024 \/ KARNEVAL DER KULTUREN \/ Berlin<\/li>\r\n<\/ul>\r\n<p>GALERIE<\/p>\r\n<div id=\"metaslider-id-1395\" style=\"max-width: 900px;\" class=\"ml-slider-3-27-14 metaslider metaslider-flex metaslider-1395 ml-slider\">\n    <div id=\"metaslider_container_1395\">\n        <div id=\"metaslider_1395\" class=\"flexslider\">\n            <ul aria-live=\"polite\" class=\"slides\">\n                <li style=\"display: block; width: 100%;\" class=\"slide-1415 ms-image\"><img src=\"https:\/\/producciones-abismales.com\/de\/wp-content\/uploads\/sites\/2\/2023\/09\/SalonK_2023_byAntoniaRichter_276-1-854x854.jpg\" height=\"900\" width=\"900\" alt=\"\" class=\"slider-1395 slide-1415\" title=\"SalonK_2023_byAntoniaRichter_276\" \/><\/li>\n                <li style=\"display: none; width: 100%;\" class=\"slide-1416 ms-image\"><img src=\"https:\/\/producciones-abismales.com\/de\/wp-content\/uploads\/sites\/2\/2023\/09\/SalonK_2023_byAntoniaRichter_279-900x900.jpg\" height=\"900\" width=\"900\" alt=\"\" class=\"slider-1395 slide-1416\" title=\"SalonK_2023_byAntoniaRichter_279\" \/><\/li>\n                <li style=\"display: none; width: 100%;\" class=\"slide-1417 ms-image\"><img src=\"https:\/\/producciones-abismales.com\/de\/wp-content\/uploads\/sites\/2\/2023\/09\/SalonK_2023_byAntoniaRichter_280-900x900.jpg\" height=\"900\" width=\"900\" alt=\"\" class=\"slider-1395 slide-1417\" title=\"SalonK_2023_byAntoniaRichter_280\" \/><\/li>\n                <li style=\"display: none; width: 100%;\" class=\"slide-1418 ms-image\"><img src=\"https:\/\/producciones-abismales.com\/de\/wp-content\/uploads\/sites\/2\/2023\/09\/SalonK_2023_byAntoniaRichter_282-1-900x900.jpg\" height=\"900\" width=\"900\" alt=\"\" class=\"slider-1395 slide-1418\" title=\"SalonK_2023_byAntoniaRichter_282\" \/><\/li>\n                <li style=\"display: none; width: 100%;\" class=\"slide-1419 ms-image\"><img src=\"https:\/\/producciones-abismales.com\/de\/wp-content\/uploads\/sites\/2\/2023\/09\/SalonK_2023_byAntoniaRichter_285-900x900.jpg\" height=\"900\" width=\"900\" alt=\"\" class=\"slider-1395 slide-1419\" title=\"SalonK_2023_byAntoniaRichter_285\" \/><\/li>\n                <li style=\"display: none; width: 100%;\" class=\"slide-1420 ms-image\"><img src=\"https:\/\/producciones-abismales.com\/de\/wp-content\/uploads\/sites\/2\/2023\/09\/SalonK_2023_byAntoniaRichter_286-900x900.jpg\" height=\"900\" width=\"900\" alt=\"\" class=\"slider-1395 slide-1420\" title=\"SalonK_2023_byAntoniaRichter_286\" \/><\/li>\n                <li style=\"display: none; width: 100%;\" class=\"slide-1421 ms-image\"><img src=\"https:\/\/producciones-abismales.com\/de\/wp-content\/uploads\/sites\/2\/2023\/09\/SalonK_2023_byAntoniaRichter_291-1-900x900.jpg\" height=\"900\" width=\"900\" alt=\"\" class=\"slider-1395 slide-1421\" title=\"SalonK_2023_byAntoniaRichter_291\" \/><\/li>\n                <li style=\"display: none; width: 100%;\" class=\"slide-1422 ms-image\"><img src=\"https:\/\/producciones-abismales.com\/de\/wp-content\/uploads\/sites\/2\/2023\/09\/SalonK_2023_byAntoniaRichter_292-742x743.jpg\" height=\"900\" width=\"900\" alt=\"\" class=\"slider-1395 slide-1422\" title=\"SalonK_2023_byAntoniaRichter_292\" \/><\/li>\n                <li style=\"display: none; width: 100%;\" class=\"slide-1424 ms-image\"><img src=\"https:\/\/producciones-abismales.com\/de\/wp-content\/uploads\/sites\/2\/2023\/09\/SalonK_2023_byAntoniaRichter_252-1-900x900.jpg\" height=\"900\" width=\"900\" alt=\"\" class=\"slider-1395 slide-1424\" title=\"SalonK_2023_byAntoniaRichter_252\" \/><\/li>\n                <li style=\"display: none; width: 100%;\" class=\"slide-1425 ms-image\"><img src=\"https:\/\/producciones-abismales.com\/de\/wp-content\/uploads\/sites\/2\/2023\/09\/SalonK_2023_byAntoniaRichter_254-1-900x900.jpg\" height=\"900\" width=\"900\" alt=\"\" class=\"slider-1395 slide-1425\" title=\"SalonK_2023_byAntoniaRichter_254\" \/><\/li>\n                <li style=\"display: none; width: 100%;\" class=\"slide-1426 ms-image\"><img src=\"https:\/\/producciones-abismales.com\/de\/wp-content\/uploads\/sites\/2\/2023\/09\/SalonK_2023_byAntoniaRichter_262-1-900x900.jpg\" height=\"900\" width=\"900\" alt=\"\" class=\"slider-1395 slide-1426\" title=\"SalonK_2023_byAntoniaRichter_262\" \/><\/li>\n                <li style=\"display: none; width: 100%;\" class=\"slide-1427 ms-image\"><img src=\"https:\/\/producciones-abismales.com\/de\/wp-content\/uploads\/sites\/2\/2023\/09\/SalonK_2023_byAntoniaRichter_264-1-900x900.jpg\" height=\"900\" width=\"900\" alt=\"\" class=\"slider-1395 slide-1427\" title=\"SalonK_2023_byAntoniaRichter_264\" \/><\/li>\n                <li style=\"display: none; width: 100%;\" class=\"slide-1428 ms-image\"><img src=\"https:\/\/producciones-abismales.com\/de\/wp-content\/uploads\/sites\/2\/2023\/09\/SalonK_2023_byAntoniaRichter_265-1-662x662.jpg\" height=\"900\" width=\"900\" alt=\"\" class=\"slider-1395 slide-1428\" title=\"SalonK_2023_byAntoniaRichter_265\" \/><\/li>\n                <li style=\"display: none; width: 100%;\" class=\"slide-1429 ms-image\"><img src=\"https:\/\/producciones-abismales.com\/de\/wp-content\/uploads\/sites\/2\/2023\/09\/SalonK_2023_byAntoniaRichter_269-900x900.jpg\" height=\"900\" width=\"900\" alt=\"\" class=\"slider-1395 slide-1429\" title=\"SalonK_2023_byAntoniaRichter_269\" \/><\/li>\n                <li style=\"display: none; width: 100%;\" class=\"slide-1430 ms-image\"><img src=\"https:\/\/producciones-abismales.com\/de\/wp-content\/uploads\/sites\/2\/2023\/09\/SalonK_2023_byAntoniaRichter_270-900x900.jpg\" height=\"900\" width=\"900\" alt=\"\" class=\"slider-1395 slide-1430\" title=\"SalonK_2023_byAntoniaRichter_270\" \/><\/li>\n            <\/ul>\n        <\/div>\n        \n    <\/div>\n<\/div>\r\n<!-- \/wp:paragraph -->","protected":false},"excerpt":{"rendered":"<p>Dayoub &amp; Naga auf Stelzen, in unserem Walking Act verzaubern wir unser Publikum mit dem unerwarteten Auftauchen von Naga, Gro\u00dfe und Kleine sind zum Singen und Tanzen eingeladen. Spa\u00df ist garantiert mit Dayoub, der am Ende von Naga hypnotisiert sein wird. Unterwegs f\u00fchren wir verschiedene Szenen unserer Show auf, je nach den M\u00f6glichkeiten, die die &hellip; <a href=\"https:\/\/producciones-abismales.com\/de\/walking-act\/\" class=\"more-link\"><span class=\"screen-reader-text\">Walking Act<\/span> weiterlesen<\/a><\/p>\n","protected":false},"author":3,"featured_media":1203,"parent":0,"menu_order":0,"comment_status":"closed","ping_status":"closed","template":"","meta":[],"yoast_head":"<!-- This site is optimized with the Yoast SEO plugin v19.11 - https:\/\/yoast.com\/wordpress\/plugins\/seo\/ -->\n<title>Walking Act &raquo;<\/title>\n<meta name=\"robots\" content=\"index, follow, max-snippet:-1, max-image-preview:large, max-video-preview:-1\" \/>\n<link rel=\"canonical\" href=\"https:\/\/producciones-abismales.com\/de\/walking-act\/\" \/>\n<meta property=\"og:locale\" content=\"de_DE\" \/>\n<meta property=\"og:type\" content=\"article\" \/>\n<meta property=\"og:title\" content=\"Walking Act &raquo;\" \/>\n<meta property=\"og:description\" content=\"Dayoub &amp; Naga auf Stelzen, in unserem Walking Act verzaubern wir unser Publikum mit dem unerwarteten Auftauchen von Naga, Gro\u00dfe und Kleine sind zum Singen und Tanzen eingeladen. Spa\u00df ist garantiert mit Dayoub, der am Ende von Naga hypnotisiert sein wird. Unterwegs f\u00fchren wir verschiedene Szenen unserer Show auf, je nach den M\u00f6glichkeiten, die die &hellip; Walking Act weiterlesen\" \/>\n<meta property=\"og:url\" content=\"https:\/\/producciones-abismales.com\/de\/walking-act\/\" \/>\n<meta property=\"article:publisher\" content=\"https:\/\/www.facebook.com\/abismalarte\/\" \/>\n<meta property=\"article:modified_time\" content=\"2025-10-13T21:39:45+00:00\" \/>\n<meta property=\"og:image\" content=\"https:\/\/producciones-abismales.com\/de\/wp-content\/uploads\/sites\/2\/2022\/10\/Bildschirmfoto-vom-2021-12-13-17-32-20-Ret-1024x573-1.png\" \/>\n\t<meta property=\"og:image:width\" content=\"1024\" \/>\n\t<meta property=\"og:image:height\" content=\"573\" \/>\n\t<meta property=\"og:image:type\" content=\"image\/png\" \/>\n<meta name=\"twitter:card\" content=\"summary_large_image\" \/>\n<meta name=\"twitter:label1\" content=\"Gesch\u00e4tzte Lesezeit\" \/>\n\t<meta name=\"twitter:data1\" content=\"2\u00a0Minuten\" \/>\n<script type=\"application\/ld+json\" class=\"yoast-schema-graph\">{\"@context\":\"https:\/\/schema.org\",\"@graph\":[{\"@type\":\"WebPage\",\"@id\":\"https:\/\/producciones-abismales.com\/de\/walking-act\/\",\"url\":\"https:\/\/producciones-abismales.com\/de\/walking-act\/\",\"name\":\"Walking Act &raquo;\",\"isPartOf\":{\"@id\":\"https:\/\/producciones-abismales.com\/de\/#website\"},\"datePublished\":\"2022-10-10T00:17:17+00:00\",\"dateModified\":\"2025-10-13T21:39:45+00:00\",\"breadcrumb\":{\"@id\":\"https:\/\/producciones-abismales.com\/de\/walking-act\/#breadcrumb\"},\"inLanguage\":\"de\",\"potentialAction\":[{\"@type\":\"ReadAction\",\"target\":[\"https:\/\/producciones-abismales.com\/de\/walking-act\/\"]}]},{\"@type\":\"BreadcrumbList\",\"@id\":\"https:\/\/producciones-abismales.com\/de\/walking-act\/#breadcrumb\",\"itemListElement\":[{\"@type\":\"ListItem\",\"position\":1,\"name\":\"Startseite\",\"item\":\"https:\/\/producciones-abismales.com\/de\/\"},{\"@type\":\"ListItem\",\"position\":2,\"name\":\"Walking Act\"}]},{\"@type\":\"WebSite\",\"@id\":\"https:\/\/producciones-abismales.com\/de\/#website\",\"url\":\"https:\/\/producciones-abismales.com\/de\/\",\"name\":\"\",\"description\":\"Umwelttheater f\u00fcr die ganze Familie\",\"publisher\":{\"@id\":\"https:\/\/producciones-abismales.com\/de\/#organization\"},\"potentialAction\":[{\"@type\":\"SearchAction\",\"target\":{\"@type\":\"EntryPoint\",\"urlTemplate\":\"https:\/\/producciones-abismales.com\/de\/?s={search_term_string}\"},\"query-input\":\"required name=search_term_string\"}],\"inLanguage\":\"de\"},{\"@type\":\"Organization\",\"@id\":\"https:\/\/producciones-abismales.com\/de\/#organization\",\"name\":\"Producciones Abismales\",\"url\":\"https:\/\/producciones-abismales.com\/de\/\",\"logo\":{\"@type\":\"ImageObject\",\"inLanguage\":\"de\",\"@id\":\"https:\/\/producciones-abismales.com\/de\/#\/schema\/logo\/image\/\",\"url\":\"https:\/\/producciones-abismales.com\/de\/wp-content\/uploads\/sites\/2\/2019\/01\/logo-cuadrado-azul.png\",\"contentUrl\":\"https:\/\/producciones-abismales.com\/de\/wp-content\/uploads\/sites\/2\/2019\/01\/logo-cuadrado-azul.png\",\"width\":433,\"height\":433,\"caption\":\"Producciones Abismales\"},\"image\":{\"@id\":\"https:\/\/producciones-abismales.com\/de\/#\/schema\/logo\/image\/\"},\"sameAs\":[\"https:\/\/www.instagram.com\/abismalarte\/\",\"https:\/\/www.youtube.com\/channel\/UCaLLPZ7K-lUlQTRvwuuLq2Q\",\"https:\/\/www.facebook.com\/abismalarte\/\"]}]}<\/script>\n<!-- \/ Yoast SEO plugin. -->","yoast_head_json":{"title":"Walking Act &raquo;","robots":{"index":"index","follow":"follow","max-snippet":"max-snippet:-1","max-image-preview":"max-image-preview:large","max-video-preview":"max-video-preview:-1"},"canonical":"https:\/\/producciones-abismales.com\/de\/walking-act\/","og_locale":"de_DE","og_type":"article","og_title":"Walking Act &raquo;","og_description":"Dayoub &amp; Naga auf Stelzen, in unserem Walking Act verzaubern wir unser Publikum mit dem unerwarteten Auftauchen von Naga, Gro\u00dfe und Kleine sind zum Singen und Tanzen eingeladen. Spa\u00df ist garantiert mit Dayoub, der am Ende von Naga hypnotisiert sein wird. Unterwegs f\u00fchren wir verschiedene Szenen unserer Show auf, je nach den M\u00f6glichkeiten, die die &hellip; Walking Act weiterlesen","og_url":"https:\/\/producciones-abismales.com\/de\/walking-act\/","article_publisher":"https:\/\/www.facebook.com\/abismalarte\/","article_modified_time":"2025-10-13T21:39:45+00:00","og_image":[{"width":1024,"height":573,"url":"https:\/\/producciones-abismales.com\/de\/wp-content\/uploads\/sites\/2\/2022\/10\/Bildschirmfoto-vom-2021-12-13-17-32-20-Ret-1024x573-1.png","type":"image\/png"}],"twitter_card":"summary_large_image","twitter_misc":{"Gesch\u00e4tzte Lesezeit":"2\u00a0Minuten"},"schema":{"@context":"https:\/\/schema.org","@graph":[{"@type":"WebPage","@id":"https:\/\/producciones-abismales.com\/de\/walking-act\/","url":"https:\/\/producciones-abismales.com\/de\/walking-act\/","name":"Walking Act &raquo;","isPartOf":{"@id":"https:\/\/producciones-abismales.com\/de\/#website"},"datePublished":"2022-10-10T00:17:17+00:00","dateModified":"2025-10-13T21:39:45+00:00","breadcrumb":{"@id":"https:\/\/producciones-abismales.com\/de\/walking-act\/#breadcrumb"},"inLanguage":"de","potentialAction":[{"@type":"ReadAction","target":["https:\/\/producciones-abismales.com\/de\/walking-act\/"]}]},{"@type":"BreadcrumbList","@id":"https:\/\/producciones-abismales.com\/de\/walking-act\/#breadcrumb","itemListElement":[{"@type":"ListItem","position":1,"name":"Startseite","item":"https:\/\/producciones-abismales.com\/de\/"},{"@type":"ListItem","position":2,"name":"Walking Act"}]},{"@type":"WebSite","@id":"https:\/\/producciones-abismales.com\/de\/#website","url":"https:\/\/producciones-abismales.com\/de\/","name":"","description":"Umwelttheater f\u00fcr die ganze Familie","publisher":{"@id":"https:\/\/producciones-abismales.com\/de\/#organization"},"potentialAction":[{"@type":"SearchAction","target":{"@type":"EntryPoint","urlTemplate":"https:\/\/producciones-abismales.com\/de\/?s={search_term_string}"},"query-input":"required name=search_term_string"}],"inLanguage":"de"},{"@type":"Organization","@id":"https:\/\/producciones-abismales.com\/de\/#organization","name":"Producciones Abismales","url":"https:\/\/producciones-abismales.com\/de\/","logo":{"@type":"ImageObject","inLanguage":"de","@id":"https:\/\/producciones-abismales.com\/de\/#\/schema\/logo\/image\/","url":"https:\/\/producciones-abismales.com\/de\/wp-content\/uploads\/sites\/2\/2019\/01\/logo-cuadrado-azul.png","contentUrl":"https:\/\/producciones-abismales.com\/de\/wp-content\/uploads\/sites\/2\/2019\/01\/logo-cuadrado-azul.png","width":433,"height":433,"caption":"Producciones Abismales"},"image":{"@id":"https:\/\/producciones-abismales.com\/de\/#\/schema\/logo\/image\/"},"sameAs":["https:\/\/www.instagram.com\/abismalarte\/","https:\/\/www.youtube.com\/channel\/UCaLLPZ7K-lUlQTRvwuuLq2Q","https:\/\/www.facebook.com\/abismalarte\/"]}]}},"_links":{"self":[{"href":"https:\/\/producciones-abismales.com\/de\/wp-json\/wp\/v2\/pages\/1228"}],"collection":[{"href":"https:\/\/producciones-abismales.com\/de\/wp-json\/wp\/v2\/pages"}],"about":[{"href":"https:\/\/producciones-abismales.com\/de\/wp-json\/wp\/v2\/types\/page"}],"author":[{"embeddable":true,"href":"https:\/\/producciones-abismales.com\/de\/wp-json\/wp\/v2\/users\/3"}],"replies":[{"embeddable":true,"href":"https:\/\/producciones-abismales.com\/de\/wp-json\/wp\/v2\/comments?post=1228"}],"version-history":[{"count":24,"href":"https:\/\/producciones-abismales.com\/de\/wp-json\/wp\/v2\/pages\/1228\/revisions"}],"predecessor-version":[{"id":1757,"href":"https:\/\/producciones-abismales.com\/de\/wp-json\/wp\/v2\/pages\/1228\/revisions\/1757"}],"wp:featuredmedia":[{"embeddable":true,"href":"https:\/\/producciones-abismales.com\/de\/wp-json\/wp\/v2\/media\/1203"}],"wp:attachment":[{"href":"https:\/\/producciones-abismales.com\/de\/wp-json\/wp\/v2\/media?parent=1228"}],"curies":[{"name":"wp","href":"https:\/\/api.w.org\/{rel}","templated":true}]}}