{"id":1341,"date":"2023-09-27T14:22:39","date_gmt":"2023-09-27T12:22:39","guid":{"rendered":"https:\/\/producciones-abismales.com\/de\/?page_id=1341"},"modified":"2023-09-30T14:42:24","modified_gmt":"2023-09-30T12:42:24","slug":"workshop-mit-handpuppen-aus-recycling-kunststoff","status":"publish","type":"page","link":"https:\/\/producciones-abismales.com\/de\/workshop-mit-handpuppen-aus-recycling-kunststoff\/","title":{"rendered":"Workshop mit Handpuppen aus Recycling-Kunststoff"},"content":{"rendered":"<p>Gestalte mit uns bunte Fische und Medusen aus recyceltem Plastik als Handpuppen!<\/p>\n<p>In unserem Workshop lernen die Kinder, wie man Objekte manipuliert und ihnen Leben einhaucht. Anschlie\u00dfend pr\u00e4sentieren wir stolz unsere Kreationen und gehen als schwimmender Schwarm durch das Gel\u00e4nde des Ortes. Dieser Workshop vermittelt nicht nur k\u00fcnstlerische F\u00e4higkeiten, sondern auch \u00f6kologisches Bewusstsein.<\/p>\n<p>Gemeinsam erkunden wir den Zyklus des Plastiks und sensibilisieren f\u00fcr den verantwortungsvollen Umgang damit. Lass uns gemeinsam die Meere sch\u00fctzen und das \u00d6kosystem bewahren! Altersempfehlung: Kinder ab 5 Jahren.<\/p>\n<p>&nbsp;<\/p>\n<div id=\"metaslider-id-1436\" style=\"max-width: 900px;\" class=\"ml-slider-3-27-14 metaslider metaslider-flex metaslider-1436 ml-slider\">\n    <div id=\"metaslider_container_1436\">\n        <div id=\"metaslider_1436\">\n            <ul aria-live=\"polite\" class=\"slides\">\n                <li style=\"display: block; width: 100%;\" class=\"slide-1451 ms-image\"><img src=\"https:\/\/producciones-abismales.com\/de\/wp-content\/uploads\/sites\/2\/2023\/09\/IMG_20230713_202135-scaled-900x900.jpg\" height=\"900\" width=\"900\" alt=\"\" class=\"slider-1436 slide-1451\" title=\"IMG_20230713_202135\" \/><\/li>\n                <li style=\"display: none; width: 100%;\" class=\"slide-1452 ms-image\"><img src=\"https:\/\/producciones-abismales.com\/de\/wp-content\/uploads\/sites\/2\/2023\/09\/IMG_20230723_152726-1-scaled-900x900.jpg\" height=\"900\" width=\"900\" alt=\"\" class=\"slider-1436 slide-1452\" title=\"IMG_20230723_152726\" \/><\/li>\n                <li style=\"display: none; width: 100%;\" class=\"slide-1453 ms-image\"><img src=\"https:\/\/producciones-abismales.com\/de\/wp-content\/uploads\/sites\/2\/2023\/09\/IMG_20230723_154430-1-scaled-900x900.jpg\" height=\"900\" width=\"900\" alt=\"\" class=\"slider-1436 slide-1453\" title=\"IMG_20230723_154430\" \/><\/li>\n                <li style=\"display: none; width: 100%;\" class=\"slide-1454 ms-image\"><img src=\"https:\/\/producciones-abismales.com\/de\/wp-content\/uploads\/sites\/2\/2023\/09\/IMG_20230723_165225-scaled-900x900.jpg\" height=\"900\" width=\"900\" alt=\"\" class=\"slider-1436 slide-1454\" title=\"IMG_20230723_165225\" \/><\/li>\n                <li style=\"display: none; width: 100%;\" class=\"slide-1455 ms-image\"><img src=\"https:\/\/producciones-abismales.com\/de\/wp-content\/uploads\/sites\/2\/2023\/09\/IMG3_20230723_165308-scaled-900x900.jpg\" height=\"900\" width=\"900\" alt=\"\" class=\"slider-1436 slide-1455\" title=\"IMG3_20230723_165308\" \/><\/li>\n                <li style=\"display: none; width: 100%;\" class=\"slide-1456 ms-image\"><img src=\"https:\/\/producciones-abismales.com\/de\/wp-content\/uploads\/sites\/2\/2023\/09\/IMG4_20230723_161324-scaled-900x900.jpg\" height=\"900\" width=\"900\" alt=\"\" class=\"slider-1436 slide-1456\" title=\"IMG4_20230723_161324\" \/><\/li>\n                <li style=\"display: none; width: 100%;\" class=\"slide-1457 ms-image\"><img src=\"https:\/\/producciones-abismales.com\/de\/wp-content\/uploads\/sites\/2\/2023\/09\/IMG5_20230723_154949-scaled-900x900.jpg\" height=\"900\" width=\"900\" alt=\"\" class=\"slider-1436 slide-1457\" title=\"IMG5_20230723_154949\" \/><\/li>\n                <li style=\"display: none; width: 100%;\" class=\"slide-1458 ms-image\"><img src=\"https:\/\/producciones-abismales.com\/de\/wp-content\/uploads\/sites\/2\/2023\/09\/photo_2023-07-29_15-13-58-900x900.jpg\" height=\"900\" width=\"900\" alt=\"\" class=\"slider-1436 slide-1458\" title=\"photo_2023-07-29_15-13-58\" \/><\/li>\n                <li style=\"display: none; width: 100%;\" class=\"slide-1459 ms-image\"><img src=\"https:\/\/producciones-abismales.com\/de\/wp-content\/uploads\/sites\/2\/2023\/09\/photo_2023-07-29_15-15-16-900x900.jpg\" height=\"900\" width=\"900\" alt=\"\" class=\"slider-1436 slide-1459\" title=\"photo_2023-07-29_15-15-16\" \/><\/li>\n                <li style=\"display: none; width: 100%;\" class=\"slide-1833 ms-image\"><img src=\"https:\/\/producciones-abismales.com\/de\/wp-content\/uploads\/sites\/2\/2025\/10\/IMG_20250808_173626_edit_47190023730819-scaled-900x900.jpg\" height=\"900\" width=\"900\" alt=\"\" class=\"slider-1436 slide-1833\" title=\"sdr\" \/><div class=\"caption-wrap\"><div class=\"caption\">sdr<\/div><\/div><\/li>\n                <li style=\"display: none; width: 100%;\" class=\"slide-1834 ms-image\"><img src=\"https:\/\/producciones-abismales.com\/de\/wp-content\/uploads\/sites\/2\/2025\/10\/IMG_20250808_174206-scaled-900x900.jpg\" height=\"900\" width=\"900\" alt=\"\" class=\"slider-1436 slide-1834\" title=\"IMG_20250808_174206\" \/><\/li>\n                <li style=\"display: none; width: 100%;\" class=\"slide-1835 ms-image\"><img src=\"https:\/\/producciones-abismales.com\/de\/wp-content\/uploads\/sites\/2\/2025\/10\/IMG_20250808_181123-scaled-900x900.jpg\" height=\"900\" width=\"900\" alt=\"\" class=\"slider-1436 slide-1835\" title=\"IMG_20250808_181123\" \/><\/li>\n                <li style=\"display: none; width: 100%;\" class=\"slide-1837 ms-image\"><img src=\"https:\/\/producciones-abismales.com\/de\/wp-content\/uploads\/sites\/2\/2025\/10\/IMG_20250808_181802-scaled-900x900.jpg\" height=\"900\" width=\"900\" alt=\"\" class=\"slider-1436 slide-1837\" title=\"IMG_20250808_181802\" \/><\/li>\n                <li style=\"display: none; width: 100%;\" class=\"slide-1839 ms-image\"><img src=\"https:\/\/producciones-abismales.com\/de\/wp-content\/uploads\/sites\/2\/2025\/10\/IMG_20250808_171917-scaled-900x900.jpg\" height=\"900\" width=\"900\" alt=\"\" class=\"slider-1436 slide-1839\" title=\"IMG_20250808_171917\" \/><\/li>\n                <li style=\"display: none; width: 100%;\" class=\"slide-1846 ms-image\"><img src=\"https:\/\/producciones-abismales.com\/de\/wp-content\/uploads\/sites\/2\/2025\/11\/WhatsApp-Bild-2025-08-24-um-14.07.21_79470e0b-900x900.jpg\" height=\"900\" width=\"900\" alt=\"\" class=\"slider-1436 slide-1846\" title=\"WhatsApp Bild 2025-08-24 um 14.07.21_79470e0b\" \/><\/li>\n            <\/ul>\n        <\/div>\n        \n    <\/div>\n<\/div>\n<p>&nbsp;<\/p>\n","protected":false},"excerpt":{"rendered":"<p>Gestalte mit uns bunte Fische und Medusen aus recyceltem Plastik als Handpuppen! In unserem Workshop lernen die Kinder, wie man Objekte manipuliert und ihnen Leben einhaucht. Anschlie\u00dfend pr\u00e4sentieren wir stolz unsere Kreationen und gehen als schwimmender Schwarm durch das Gel\u00e4nde des Ortes. Dieser Workshop vermittelt nicht nur k\u00fcnstlerische F\u00e4higkeiten, sondern auch \u00f6kologisches Bewusstsein. Gemeinsam erkunden &hellip; <a href=\"https:\/\/producciones-abismales.com\/de\/workshop-mit-handpuppen-aus-recycling-kunststoff\/\" class=\"more-link\"><span class=\"screen-reader-text\">Workshop mit Handpuppen aus Recycling-Kunststoff<\/span> weiterlesen<\/a><\/p>\n","protected":false},"author":3,"featured_media":1464,"parent":0,"menu_order":0,"comment_status":"closed","ping_status":"closed","template":"","meta":[],"yoast_head":"<!-- This site is optimized with the Yoast SEO plugin v19.11 - https:\/\/yoast.com\/wordpress\/plugins\/seo\/ -->\n<title>Workshop mit Handpuppen aus Recycling-Kunststoff &raquo;<\/title>\n<meta name=\"robots\" content=\"index, follow, max-snippet:-1, max-image-preview:large, max-video-preview:-1\" \/>\n<link rel=\"canonical\" href=\"https:\/\/producciones-abismales.com\/de\/workshop-mit-handpuppen-aus-recycling-kunststoff\/\" \/>\n<meta property=\"og:locale\" content=\"de_DE\" \/>\n<meta property=\"og:type\" content=\"article\" \/>\n<meta property=\"og:title\" content=\"Workshop mit Handpuppen aus Recycling-Kunststoff &raquo;\" \/>\n<meta property=\"og:description\" content=\"Gestalte mit uns bunte Fische und Medusen aus recyceltem Plastik als Handpuppen! In unserem Workshop lernen die Kinder, wie man Objekte manipuliert und ihnen Leben einhaucht. Anschlie\u00dfend pr\u00e4sentieren wir stolz unsere Kreationen und gehen als schwimmender Schwarm durch das Gel\u00e4nde des Ortes. Dieser Workshop vermittelt nicht nur k\u00fcnstlerische F\u00e4higkeiten, sondern auch \u00f6kologisches Bewusstsein. Gemeinsam erkunden &hellip; Workshop mit Handpuppen aus Recycling-Kunststoff weiterlesen\" \/>\n<meta property=\"og:url\" content=\"https:\/\/producciones-abismales.com\/de\/workshop-mit-handpuppen-aus-recycling-kunststoff\/\" \/>\n<meta property=\"article:publisher\" content=\"https:\/\/www.facebook.com\/abismalarte\/\" \/>\n<meta property=\"article:modified_time\" content=\"2023-09-30T12:42:24+00:00\" \/>\n<meta property=\"og:image\" content=\"https:\/\/producciones-abismales.com\/de\/wp-content\/uploads\/sites\/2\/2023\/09\/photo3_2023-07-29_15-15-16.jpg\" \/>\n\t<meta property=\"og:image:width\" content=\"1280\" \/>\n\t<meta property=\"og:image:height\" content=\"637\" \/>\n\t<meta property=\"og:image:type\" content=\"image\/jpeg\" \/>\n<meta name=\"twitter:card\" content=\"summary_large_image\" \/>\n<meta name=\"twitter:label1\" content=\"Gesch\u00e4tzte Lesezeit\" \/>\n\t<meta name=\"twitter:data1\" content=\"1\u00a0Minute\" \/>\n<script type=\"application\/ld+json\" class=\"yoast-schema-graph\">{\"@context\":\"https:\/\/schema.org\",\"@graph\":[{\"@type\":\"WebPage\",\"@id\":\"https:\/\/producciones-abismales.com\/de\/workshop-mit-handpuppen-aus-recycling-kunststoff\/\",\"url\":\"https:\/\/producciones-abismales.com\/de\/workshop-mit-handpuppen-aus-recycling-kunststoff\/\",\"name\":\"Workshop mit Handpuppen aus Recycling-Kunststoff &raquo;\",\"isPartOf\":{\"@id\":\"https:\/\/producciones-abismales.com\/de\/#website\"},\"datePublished\":\"2023-09-27T12:22:39+00:00\",\"dateModified\":\"2023-09-30T12:42:24+00:00\",\"breadcrumb\":{\"@id\":\"https:\/\/producciones-abismales.com\/de\/workshop-mit-handpuppen-aus-recycling-kunststoff\/#breadcrumb\"},\"inLanguage\":\"de\",\"potentialAction\":[{\"@type\":\"ReadAction\",\"target\":[\"https:\/\/producciones-abismales.com\/de\/workshop-mit-handpuppen-aus-recycling-kunststoff\/\"]}]},{\"@type\":\"BreadcrumbList\",\"@id\":\"https:\/\/producciones-abismales.com\/de\/workshop-mit-handpuppen-aus-recycling-kunststoff\/#breadcrumb\",\"itemListElement\":[{\"@type\":\"ListItem\",\"position\":1,\"name\":\"Startseite\",\"item\":\"https:\/\/producciones-abismales.com\/de\/\"},{\"@type\":\"ListItem\",\"position\":2,\"name\":\"Workshop mit Handpuppen aus Recycling-Kunststoff\"}]},{\"@type\":\"WebSite\",\"@id\":\"https:\/\/producciones-abismales.com\/de\/#website\",\"url\":\"https:\/\/producciones-abismales.com\/de\/\",\"name\":\"\",\"description\":\"Umwelttheater f\u00fcr die ganze Familie\",\"publisher\":{\"@id\":\"https:\/\/producciones-abismales.com\/de\/#organization\"},\"potentialAction\":[{\"@type\":\"SearchAction\",\"target\":{\"@type\":\"EntryPoint\",\"urlTemplate\":\"https:\/\/producciones-abismales.com\/de\/?s={search_term_string}\"},\"query-input\":\"required name=search_term_string\"}],\"inLanguage\":\"de\"},{\"@type\":\"Organization\",\"@id\":\"https:\/\/producciones-abismales.com\/de\/#organization\",\"name\":\"Producciones Abismales\",\"url\":\"https:\/\/producciones-abismales.com\/de\/\",\"logo\":{\"@type\":\"ImageObject\",\"inLanguage\":\"de\",\"@id\":\"https:\/\/producciones-abismales.com\/de\/#\/schema\/logo\/image\/\",\"url\":\"https:\/\/producciones-abismales.com\/de\/wp-content\/uploads\/sites\/2\/2019\/01\/logo-cuadrado-azul.png\",\"contentUrl\":\"https:\/\/producciones-abismales.com\/de\/wp-content\/uploads\/sites\/2\/2019\/01\/logo-cuadrado-azul.png\",\"width\":433,\"height\":433,\"caption\":\"Producciones Abismales\"},\"image\":{\"@id\":\"https:\/\/producciones-abismales.com\/de\/#\/schema\/logo\/image\/\"},\"sameAs\":[\"https:\/\/www.instagram.com\/abismalarte\/\",\"https:\/\/www.youtube.com\/channel\/UCaLLPZ7K-lUlQTRvwuuLq2Q\",\"https:\/\/www.facebook.com\/abismalarte\/\"]}]}<\/script>\n<!-- \/ Yoast SEO plugin. -->","yoast_head_json":{"title":"Workshop mit Handpuppen aus Recycling-Kunststoff &raquo;","robots":{"index":"index","follow":"follow","max-snippet":"max-snippet:-1","max-image-preview":"max-image-preview:large","max-video-preview":"max-video-preview:-1"},"canonical":"https:\/\/producciones-abismales.com\/de\/workshop-mit-handpuppen-aus-recycling-kunststoff\/","og_locale":"de_DE","og_type":"article","og_title":"Workshop mit Handpuppen aus Recycling-Kunststoff &raquo;","og_description":"Gestalte mit uns bunte Fische und Medusen aus recyceltem Plastik als Handpuppen! In unserem Workshop lernen die Kinder, wie man Objekte manipuliert und ihnen Leben einhaucht. Anschlie\u00dfend pr\u00e4sentieren wir stolz unsere Kreationen und gehen als schwimmender Schwarm durch das Gel\u00e4nde des Ortes. Dieser Workshop vermittelt nicht nur k\u00fcnstlerische F\u00e4higkeiten, sondern auch \u00f6kologisches Bewusstsein. Gemeinsam erkunden &hellip; Workshop mit Handpuppen aus Recycling-Kunststoff weiterlesen","og_url":"https:\/\/producciones-abismales.com\/de\/workshop-mit-handpuppen-aus-recycling-kunststoff\/","article_publisher":"https:\/\/www.facebook.com\/abismalarte\/","article_modified_time":"2023-09-30T12:42:24+00:00","og_image":[{"width":1280,"height":637,"url":"https:\/\/producciones-abismales.com\/de\/wp-content\/uploads\/sites\/2\/2023\/09\/photo3_2023-07-29_15-15-16.jpg","type":"image\/jpeg"}],"twitter_card":"summary_large_image","twitter_misc":{"Gesch\u00e4tzte Lesezeit":"1\u00a0Minute"},"schema":{"@context":"https:\/\/schema.org","@graph":[{"@type":"WebPage","@id":"https:\/\/producciones-abismales.com\/de\/workshop-mit-handpuppen-aus-recycling-kunststoff\/","url":"https:\/\/producciones-abismales.com\/de\/workshop-mit-handpuppen-aus-recycling-kunststoff\/","name":"Workshop mit Handpuppen aus Recycling-Kunststoff &raquo;","isPartOf":{"@id":"https:\/\/producciones-abismales.com\/de\/#website"},"datePublished":"2023-09-27T12:22:39+00:00","dateModified":"2023-09-30T12:42:24+00:00","breadcrumb":{"@id":"https:\/\/producciones-abismales.com\/de\/workshop-mit-handpuppen-aus-recycling-kunststoff\/#breadcrumb"},"inLanguage":"de","potentialAction":[{"@type":"ReadAction","target":["https:\/\/producciones-abismales.com\/de\/workshop-mit-handpuppen-aus-recycling-kunststoff\/"]}]},{"@type":"BreadcrumbList","@id":"https:\/\/producciones-abismales.com\/de\/workshop-mit-handpuppen-aus-recycling-kunststoff\/#breadcrumb","itemListElement":[{"@type":"ListItem","position":1,"name":"Startseite","item":"https:\/\/producciones-abismales.com\/de\/"},{"@type":"ListItem","position":2,"name":"Workshop mit Handpuppen aus Recycling-Kunststoff"}]},{"@type":"WebSite","@id":"https:\/\/producciones-abismales.com\/de\/#website","url":"https:\/\/producciones-abismales.com\/de\/","name":"","description":"Umwelttheater f\u00fcr die ganze Familie","publisher":{"@id":"https:\/\/producciones-abismales.com\/de\/#organization"},"potentialAction":[{"@type":"SearchAction","target":{"@type":"EntryPoint","urlTemplate":"https:\/\/producciones-abismales.com\/de\/?s={search_term_string}"},"query-input":"required name=search_term_string"}],"inLanguage":"de"},{"@type":"Organization","@id":"https:\/\/producciones-abismales.com\/de\/#organization","name":"Producciones Abismales","url":"https:\/\/producciones-abismales.com\/de\/","logo":{"@type":"ImageObject","inLanguage":"de","@id":"https:\/\/producciones-abismales.com\/de\/#\/schema\/logo\/image\/","url":"https:\/\/producciones-abismales.com\/de\/wp-content\/uploads\/sites\/2\/2019\/01\/logo-cuadrado-azul.png","contentUrl":"https:\/\/producciones-abismales.com\/de\/wp-content\/uploads\/sites\/2\/2019\/01\/logo-cuadrado-azul.png","width":433,"height":433,"caption":"Producciones Abismales"},"image":{"@id":"https:\/\/producciones-abismales.com\/de\/#\/schema\/logo\/image\/"},"sameAs":["https:\/\/www.instagram.com\/abismalarte\/","https:\/\/www.youtube.com\/channel\/UCaLLPZ7K-lUlQTRvwuuLq2Q","https:\/\/www.facebook.com\/abismalarte\/"]}]}},"_links":{"self":[{"href":"https:\/\/producciones-abismales.com\/de\/wp-json\/wp\/v2\/pages\/1341"}],"collection":[{"href":"https:\/\/producciones-abismales.com\/de\/wp-json\/wp\/v2\/pages"}],"about":[{"href":"https:\/\/producciones-abismales.com\/de\/wp-json\/wp\/v2\/types\/page"}],"author":[{"embeddable":true,"href":"https:\/\/producciones-abismales.com\/de\/wp-json\/wp\/v2\/users\/3"}],"replies":[{"embeddable":true,"href":"https:\/\/producciones-abismales.com\/de\/wp-json\/wp\/v2\/comments?post=1341"}],"version-history":[{"count":3,"href":"https:\/\/producciones-abismales.com\/de\/wp-json\/wp\/v2\/pages\/1341\/revisions"}],"predecessor-version":[{"id":1463,"href":"https:\/\/producciones-abismales.com\/de\/wp-json\/wp\/v2\/pages\/1341\/revisions\/1463"}],"wp:featuredmedia":[{"embeddable":true,"href":"https:\/\/producciones-abismales.com\/de\/wp-json\/wp\/v2\/media\/1464"}],"wp:attachment":[{"href":"https:\/\/producciones-abismales.com\/de\/wp-json\/wp\/v2\/media?parent=1341"}],"curies":[{"name":"wp","href":"https:\/\/api.w.org\/{rel}","templated":true}]}}