{"id":1664,"date":"2024-12-10T09:09:29","date_gmt":"2024-12-10T08:09:29","guid":{"rendered":"https:\/\/producciones-abismales.com\/de\/?page_id=1664"},"modified":"2025-12-13T14:00:58","modified_gmt":"2025-12-13T13:00:58","slug":"planet-ozean-im-fluss-der-wandel-zwischen-zwei-gewaessern","status":"publish","type":"page","link":"https:\/\/producciones-abismales.com\/de\/planet-ozean-im-fluss-der-wandel-zwischen-zwei-gewaessern\/","title":{"rendered":"PLANET OZEAN \/ Im Fluss der Wandel \/ Zwischen zwei Gew\u00e4ssern"},"content":{"rendered":"<p>Dies wird unser neues Projekt f\u00fcr 2026 sein, Multidisziplin\u00e4res Umwelttheater.<\/p>\n<p>Unsere Inszenierung beginnt mit der Magie des leuchtenden Planktons, es ist der Ausgangspunkt unserer Erz\u00e4hlung und unserer Reise durch den Ozean.<\/p>\n<p>Zurzeit gibt es eine gro\u00dfe Kontroverse in der wissenschaftlichen Gemeinschaft \u00fcber die Schwankungen des Golfstroms und ihre Folgen. Durch dieses Projekt m\u00f6chten wir Licht auf das Thema werfen, um es einem Publikum, das mit dieser Thematik nicht vertraut ist, begreifbar zu machen.<br \/>\nUnsere Produktion will auf didaktische und informative Weise in Kontext Klimawandel diesen laufenden Prozess aufzeigen und deutlich machen, an welchem Punkt wir uns befinden und was noch getan werden kann, ohne Angst zu sch\u00fcren, sondern um verst\u00e4ndlich zu zeigen, dass wir uns vorbereiten m\u00fcssen.<\/p>\n<p>Dieses Projekt ist so konzipiert, dass es in verschiedenen urbanen R\u00e4umen sowie an anderen Orten wie, Umwelt- und Kulturveranstaltungen, Museen und Bildungseinrichtungen aller Art pr\u00e4sentiert werden kann. Au\u00dferdem wollen wir es in zwei verschiedenen Formaten pr\u00e4sentieren, um es so vielen Orten wie m\u00f6glich zug\u00e4nglich zu machen.<\/p>\n<p>&nbsp;<\/p>\n<p>&nbsp;<\/p>\n<p><img decoding=\"async\" loading=\"lazy\" class=\"wp-image-1863  aligncenter\" src=\"https:\/\/producciones-abismales.com\/de\/wp-content\/uploads\/sites\/2\/2025\/12\/193007634-oceano-bioluminiscente-plancton-bioluminiscente-en-el-mar-bioluminiscencia-300x217.jpg\" alt=\"\" width=\"590\" height=\"426\" srcset=\"https:\/\/producciones-abismales.com\/de\/wp-content\/uploads\/sites\/2\/2025\/12\/193007634-oceano-bioluminiscente-plancton-bioluminiscente-en-el-mar-bioluminiscencia-300x217.jpg 300w, https:\/\/producciones-abismales.com\/de\/wp-content\/uploads\/sites\/2\/2025\/12\/193007634-oceano-bioluminiscente-plancton-bioluminiscente-en-el-mar-bioluminiscencia.jpg 323w\" sizes=\"(max-width: 590px) 100vw, 590px\" \/><\/p>\n<p>&nbsp;<\/p>\n<p><img decoding=\"async\" loading=\"lazy\" class=\"aligncenter wp-image-1858\" src=\"https:\/\/producciones-abismales.com\/de\/wp-content\/uploads\/sites\/2\/2025\/12\/primer-boceto1-300x170.jpg\" alt=\"\" width=\"702\" height=\"398\" srcset=\"https:\/\/producciones-abismales.com\/de\/wp-content\/uploads\/sites\/2\/2025\/12\/primer-boceto1-300x170.jpg 300w, https:\/\/producciones-abismales.com\/de\/wp-content\/uploads\/sites\/2\/2025\/12\/primer-boceto1-768x435.jpg 768w, https:\/\/producciones-abismales.com\/de\/wp-content\/uploads\/sites\/2\/2025\/12\/primer-boceto1-685x388.jpg 685w, https:\/\/producciones-abismales.com\/de\/wp-content\/uploads\/sites\/2\/2025\/12\/primer-boceto1.jpg 960w\" sizes=\"(max-width: 702px) 100vw, 702px\" \/><\/p>\n<p>&nbsp;<\/p>\n","protected":false},"excerpt":{"rendered":"<p>Dies wird unser neues Projekt f\u00fcr 2026 sein, Multidisziplin\u00e4res Umwelttheater. Unsere Inszenierung beginnt mit der Magie des leuchtenden Planktons, es ist der Ausgangspunkt unserer Erz\u00e4hlung und unserer Reise durch den Ozean. Zurzeit gibt es eine gro\u00dfe Kontroverse in der wissenschaftlichen Gemeinschaft \u00fcber die Schwankungen des Golfstroms und ihre Folgen. Durch dieses Projekt m\u00f6chten wir Licht &hellip; <a href=\"https:\/\/producciones-abismales.com\/de\/planet-ozean-im-fluss-der-wandel-zwischen-zwei-gewaessern\/\" class=\"more-link\"><span class=\"screen-reader-text\">PLANET OZEAN \/ Im Fluss der Wandel \/ Zwischen zwei Gew\u00e4ssern<\/span> weiterlesen<\/a><\/p>\n","protected":false},"author":2,"featured_media":1667,"parent":0,"menu_order":0,"comment_status":"closed","ping_status":"closed","template":"","meta":[],"yoast_head":"<!-- This site is optimized with the Yoast SEO plugin v19.11 - https:\/\/yoast.com\/wordpress\/plugins\/seo\/ -->\n<title>PLANET OZEAN \/ Im Fluss der Wandel \/ Zwischen zwei Gew\u00e4ssern &raquo;<\/title>\n<meta name=\"robots\" content=\"index, follow, max-snippet:-1, max-image-preview:large, max-video-preview:-1\" \/>\n<link rel=\"canonical\" href=\"https:\/\/producciones-abismales.com\/de\/planet-ozean-im-fluss-der-wandel-zwischen-zwei-gewaessern\/\" \/>\n<meta property=\"og:locale\" content=\"de_DE\" \/>\n<meta property=\"og:type\" content=\"article\" \/>\n<meta property=\"og:title\" content=\"PLANET OZEAN \/ Im Fluss der Wandel \/ Zwischen zwei Gew\u00e4ssern &raquo;\" \/>\n<meta property=\"og:description\" content=\"Dies wird unser neues Projekt f\u00fcr 2026 sein, Multidisziplin\u00e4res Umwelttheater. Unsere Inszenierung beginnt mit der Magie des leuchtenden Planktons, es ist der Ausgangspunkt unserer Erz\u00e4hlung und unserer Reise durch den Ozean. Zurzeit gibt es eine gro\u00dfe Kontroverse in der wissenschaftlichen Gemeinschaft \u00fcber die Schwankungen des Golfstroms und ihre Folgen. Durch dieses Projekt m\u00f6chten wir Licht &hellip; PLANET OZEAN \/ Im Fluss der Wandel \/ Zwischen zwei Gew\u00e4ssern weiterlesen\" \/>\n<meta property=\"og:url\" content=\"https:\/\/producciones-abismales.com\/de\/planet-ozean-im-fluss-der-wandel-zwischen-zwei-gewaessern\/\" \/>\n<meta property=\"article:publisher\" content=\"https:\/\/www.facebook.com\/abismalarte\/\" \/>\n<meta property=\"article:modified_time\" content=\"2025-12-13T13:00:58+00:00\" \/>\n<meta property=\"og:image\" content=\"https:\/\/producciones-abismales.com\/de\/wp-content\/uploads\/sites\/2\/2024\/12\/P3050360-scaled.jpg\" \/>\n\t<meta property=\"og:image:width\" content=\"2560\" \/>\n\t<meta property=\"og:image:height\" content=\"1201\" \/>\n\t<meta property=\"og:image:type\" content=\"image\/jpeg\" \/>\n<meta name=\"twitter:card\" content=\"summary_large_image\" \/>\n<meta name=\"twitter:label1\" content=\"Gesch\u00e4tzte Lesezeit\" \/>\n\t<meta name=\"twitter:data1\" content=\"2\u00a0Minuten\" \/>\n<script type=\"application\/ld+json\" class=\"yoast-schema-graph\">{\"@context\":\"https:\/\/schema.org\",\"@graph\":[{\"@type\":\"WebPage\",\"@id\":\"https:\/\/producciones-abismales.com\/de\/planet-ozean-im-fluss-der-wandel-zwischen-zwei-gewaessern\/\",\"url\":\"https:\/\/producciones-abismales.com\/de\/planet-ozean-im-fluss-der-wandel-zwischen-zwei-gewaessern\/\",\"name\":\"PLANET OZEAN \/ Im Fluss der Wandel \/ Zwischen zwei Gew\u00e4ssern &raquo;\",\"isPartOf\":{\"@id\":\"https:\/\/producciones-abismales.com\/de\/#website\"},\"datePublished\":\"2024-12-10T08:09:29+00:00\",\"dateModified\":\"2025-12-13T13:00:58+00:00\",\"breadcrumb\":{\"@id\":\"https:\/\/producciones-abismales.com\/de\/planet-ozean-im-fluss-der-wandel-zwischen-zwei-gewaessern\/#breadcrumb\"},\"inLanguage\":\"de\",\"potentialAction\":[{\"@type\":\"ReadAction\",\"target\":[\"https:\/\/producciones-abismales.com\/de\/planet-ozean-im-fluss-der-wandel-zwischen-zwei-gewaessern\/\"]}]},{\"@type\":\"BreadcrumbList\",\"@id\":\"https:\/\/producciones-abismales.com\/de\/planet-ozean-im-fluss-der-wandel-zwischen-zwei-gewaessern\/#breadcrumb\",\"itemListElement\":[{\"@type\":\"ListItem\",\"position\":1,\"name\":\"Startseite\",\"item\":\"https:\/\/producciones-abismales.com\/de\/\"},{\"@type\":\"ListItem\",\"position\":2,\"name\":\"PLANET OZEAN \/ Im Fluss der Wandel \/ Zwischen zwei Gew\u00e4ssern\"}]},{\"@type\":\"WebSite\",\"@id\":\"https:\/\/producciones-abismales.com\/de\/#website\",\"url\":\"https:\/\/producciones-abismales.com\/de\/\",\"name\":\"\",\"description\":\"Umwelttheater f\u00fcr die ganze Familie\",\"publisher\":{\"@id\":\"https:\/\/producciones-abismales.com\/de\/#organization\"},\"potentialAction\":[{\"@type\":\"SearchAction\",\"target\":{\"@type\":\"EntryPoint\",\"urlTemplate\":\"https:\/\/producciones-abismales.com\/de\/?s={search_term_string}\"},\"query-input\":\"required name=search_term_string\"}],\"inLanguage\":\"de\"},{\"@type\":\"Organization\",\"@id\":\"https:\/\/producciones-abismales.com\/de\/#organization\",\"name\":\"Producciones Abismales\",\"url\":\"https:\/\/producciones-abismales.com\/de\/\",\"logo\":{\"@type\":\"ImageObject\",\"inLanguage\":\"de\",\"@id\":\"https:\/\/producciones-abismales.com\/de\/#\/schema\/logo\/image\/\",\"url\":\"https:\/\/producciones-abismales.com\/de\/wp-content\/uploads\/sites\/2\/2019\/01\/logo-cuadrado-azul.png\",\"contentUrl\":\"https:\/\/producciones-abismales.com\/de\/wp-content\/uploads\/sites\/2\/2019\/01\/logo-cuadrado-azul.png\",\"width\":433,\"height\":433,\"caption\":\"Producciones Abismales\"},\"image\":{\"@id\":\"https:\/\/producciones-abismales.com\/de\/#\/schema\/logo\/image\/\"},\"sameAs\":[\"https:\/\/www.instagram.com\/abismalarte\/\",\"https:\/\/www.youtube.com\/channel\/UCaLLPZ7K-lUlQTRvwuuLq2Q\",\"https:\/\/www.facebook.com\/abismalarte\/\"]}]}<\/script>\n<!-- \/ Yoast SEO plugin. -->","yoast_head_json":{"title":"PLANET OZEAN \/ Im Fluss der Wandel \/ Zwischen zwei Gew\u00e4ssern &raquo;","robots":{"index":"index","follow":"follow","max-snippet":"max-snippet:-1","max-image-preview":"max-image-preview:large","max-video-preview":"max-video-preview:-1"},"canonical":"https:\/\/producciones-abismales.com\/de\/planet-ozean-im-fluss-der-wandel-zwischen-zwei-gewaessern\/","og_locale":"de_DE","og_type":"article","og_title":"PLANET OZEAN \/ Im Fluss der Wandel \/ Zwischen zwei Gew\u00e4ssern &raquo;","og_description":"Dies wird unser neues Projekt f\u00fcr 2026 sein, Multidisziplin\u00e4res Umwelttheater. Unsere Inszenierung beginnt mit der Magie des leuchtenden Planktons, es ist der Ausgangspunkt unserer Erz\u00e4hlung und unserer Reise durch den Ozean. Zurzeit gibt es eine gro\u00dfe Kontroverse in der wissenschaftlichen Gemeinschaft \u00fcber die Schwankungen des Golfstroms und ihre Folgen. Durch dieses Projekt m\u00f6chten wir Licht &hellip; PLANET OZEAN \/ Im Fluss der Wandel \/ Zwischen zwei Gew\u00e4ssern weiterlesen","og_url":"https:\/\/producciones-abismales.com\/de\/planet-ozean-im-fluss-der-wandel-zwischen-zwei-gewaessern\/","article_publisher":"https:\/\/www.facebook.com\/abismalarte\/","article_modified_time":"2025-12-13T13:00:58+00:00","og_image":[{"width":2560,"height":1201,"url":"https:\/\/producciones-abismales.com\/de\/wp-content\/uploads\/sites\/2\/2024\/12\/P3050360-scaled.jpg","type":"image\/jpeg"}],"twitter_card":"summary_large_image","twitter_misc":{"Gesch\u00e4tzte Lesezeit":"2\u00a0Minuten"},"schema":{"@context":"https:\/\/schema.org","@graph":[{"@type":"WebPage","@id":"https:\/\/producciones-abismales.com\/de\/planet-ozean-im-fluss-der-wandel-zwischen-zwei-gewaessern\/","url":"https:\/\/producciones-abismales.com\/de\/planet-ozean-im-fluss-der-wandel-zwischen-zwei-gewaessern\/","name":"PLANET OZEAN \/ Im Fluss der Wandel \/ Zwischen zwei Gew\u00e4ssern &raquo;","isPartOf":{"@id":"https:\/\/producciones-abismales.com\/de\/#website"},"datePublished":"2024-12-10T08:09:29+00:00","dateModified":"2025-12-13T13:00:58+00:00","breadcrumb":{"@id":"https:\/\/producciones-abismales.com\/de\/planet-ozean-im-fluss-der-wandel-zwischen-zwei-gewaessern\/#breadcrumb"},"inLanguage":"de","potentialAction":[{"@type":"ReadAction","target":["https:\/\/producciones-abismales.com\/de\/planet-ozean-im-fluss-der-wandel-zwischen-zwei-gewaessern\/"]}]},{"@type":"BreadcrumbList","@id":"https:\/\/producciones-abismales.com\/de\/planet-ozean-im-fluss-der-wandel-zwischen-zwei-gewaessern\/#breadcrumb","itemListElement":[{"@type":"ListItem","position":1,"name":"Startseite","item":"https:\/\/producciones-abismales.com\/de\/"},{"@type":"ListItem","position":2,"name":"PLANET OZEAN \/ Im Fluss der Wandel \/ Zwischen zwei Gew\u00e4ssern"}]},{"@type":"WebSite","@id":"https:\/\/producciones-abismales.com\/de\/#website","url":"https:\/\/producciones-abismales.com\/de\/","name":"","description":"Umwelttheater f\u00fcr die ganze Familie","publisher":{"@id":"https:\/\/producciones-abismales.com\/de\/#organization"},"potentialAction":[{"@type":"SearchAction","target":{"@type":"EntryPoint","urlTemplate":"https:\/\/producciones-abismales.com\/de\/?s={search_term_string}"},"query-input":"required name=search_term_string"}],"inLanguage":"de"},{"@type":"Organization","@id":"https:\/\/producciones-abismales.com\/de\/#organization","name":"Producciones Abismales","url":"https:\/\/producciones-abismales.com\/de\/","logo":{"@type":"ImageObject","inLanguage":"de","@id":"https:\/\/producciones-abismales.com\/de\/#\/schema\/logo\/image\/","url":"https:\/\/producciones-abismales.com\/de\/wp-content\/uploads\/sites\/2\/2019\/01\/logo-cuadrado-azul.png","contentUrl":"https:\/\/producciones-abismales.com\/de\/wp-content\/uploads\/sites\/2\/2019\/01\/logo-cuadrado-azul.png","width":433,"height":433,"caption":"Producciones Abismales"},"image":{"@id":"https:\/\/producciones-abismales.com\/de\/#\/schema\/logo\/image\/"},"sameAs":["https:\/\/www.instagram.com\/abismalarte\/","https:\/\/www.youtube.com\/channel\/UCaLLPZ7K-lUlQTRvwuuLq2Q","https:\/\/www.facebook.com\/abismalarte\/"]}]}},"_links":{"self":[{"href":"https:\/\/producciones-abismales.com\/de\/wp-json\/wp\/v2\/pages\/1664"}],"collection":[{"href":"https:\/\/producciones-abismales.com\/de\/wp-json\/wp\/v2\/pages"}],"about":[{"href":"https:\/\/producciones-abismales.com\/de\/wp-json\/wp\/v2\/types\/page"}],"author":[{"embeddable":true,"href":"https:\/\/producciones-abismales.com\/de\/wp-json\/wp\/v2\/users\/2"}],"replies":[{"embeddable":true,"href":"https:\/\/producciones-abismales.com\/de\/wp-json\/wp\/v2\/comments?post=1664"}],"version-history":[{"count":5,"href":"https:\/\/producciones-abismales.com\/de\/wp-json\/wp\/v2\/pages\/1664\/revisions"}],"predecessor-version":[{"id":1859,"href":"https:\/\/producciones-abismales.com\/de\/wp-json\/wp\/v2\/pages\/1664\/revisions\/1859"}],"wp:featuredmedia":[{"embeddable":true,"href":"https:\/\/producciones-abismales.com\/de\/wp-json\/wp\/v2\/media\/1667"}],"wp:attachment":[{"href":"https:\/\/producciones-abismales.com\/de\/wp-json\/wp\/v2\/media?parent=1664"}],"curies":[{"name":"wp","href":"https:\/\/api.w.org\/{rel}","templated":true}]}}