{"id":1766,"date":"2025-10-18T18:00:32","date_gmt":"2025-10-18T16:00:32","guid":{"rendered":"https:\/\/producciones-abismales.com\/de\/?page_id=1766"},"modified":"2025-10-18T18:40:17","modified_gmt":"2025-10-18T16:40:17","slug":"luminic-water-dreams","status":"publish","type":"page","link":"https:\/\/producciones-abismales.com\/de\/luminic-water-dreams\/","title":{"rendered":"Luminic Water Dreams"},"content":{"rendered":"<p>Es klingt wie ein Traum \u2013 und tats\u00e4chlich ist es einer.<br \/>\nEin Fisch fliegt \u00fcber unsere K\u00f6pfe, schillernd und verspielt.<br \/>\nEr tanzt, kitzelt uns mit seinen Bartf\u00e4den,<br \/>\nverteilt liebevolle K\u00fcsse mit seinen dicken Lippen.<\/p>\n<p>Doch er kommt nicht allein.<br \/>\nEine blaue Tauchglocke taucht in der N\u00e4he auf,<br \/>\nihre Lichter pulsieren leise,<br \/>\nund sie zieht uns tiefer hinein \u2013<br \/>\ntiefer in den Traum,<br \/>\nin die fl\u00fcssige Welt von <em>Luminic Water Dreams<\/em>.<\/p>\n<p><a href=\"https:\/\/www.youtube.com\/watch?v=tulg_DOOqug\" target=\"_blank\" rel=\"noopener\">Video Link<\/a><\/p>\n<p>&nbsp;<\/p>\n<p><img decoding=\"async\" loading=\"lazy\" class=\"alignnone wp-image-1776\" src=\"https:\/\/producciones-abismales.com\/de\/wp-content\/uploads\/sites\/2\/2025\/10\/02-300x166.png\" alt=\"\" width=\"812\" height=\"449\" srcset=\"https:\/\/producciones-abismales.com\/de\/wp-content\/uploads\/sites\/2\/2025\/10\/02-300x166.png 300w, https:\/\/producciones-abismales.com\/de\/wp-content\/uploads\/sites\/2\/2025\/10\/02-1024x566.png 1024w, https:\/\/producciones-abismales.com\/de\/wp-content\/uploads\/sites\/2\/2025\/10\/02-768x424.png 768w, https:\/\/producciones-abismales.com\/de\/wp-content\/uploads\/sites\/2\/2025\/10\/02-685x379.png 685w, https:\/\/producciones-abismales.com\/de\/wp-content\/uploads\/sites\/2\/2025\/10\/02.png 1509w\" sizes=\"(max-width: 812px) 100vw, 812px\" \/><\/p>\n<p><img decoding=\"async\" loading=\"lazy\" class=\"alignnone wp-image-1779\" src=\"https:\/\/producciones-abismales.com\/de\/wp-content\/uploads\/sites\/2\/2025\/10\/13-300x198.png\" alt=\"\" width=\"350\" height=\"231\" srcset=\"https:\/\/producciones-abismales.com\/de\/wp-content\/uploads\/sites\/2\/2025\/10\/13-300x198.png 300w, https:\/\/producciones-abismales.com\/de\/wp-content\/uploads\/sites\/2\/2025\/10\/13-1024x676.png 1024w, https:\/\/producciones-abismales.com\/de\/wp-content\/uploads\/sites\/2\/2025\/10\/13-768x507.png 768w, https:\/\/producciones-abismales.com\/de\/wp-content\/uploads\/sites\/2\/2025\/10\/13-685x452.png 685w, https:\/\/producciones-abismales.com\/de\/wp-content\/uploads\/sites\/2\/2025\/10\/13.png 1346w\" sizes=\"(max-width: 350px) 100vw, 350px\" \/>\u00a0 \u00a0 <img decoding=\"async\" loading=\"lazy\" class=\"alignnone wp-image-1780\" src=\"https:\/\/producciones-abismales.com\/de\/wp-content\/uploads\/sites\/2\/2025\/10\/15-300x222.png\" alt=\"\" width=\"314\" height=\"232\" srcset=\"https:\/\/producciones-abismales.com\/de\/wp-content\/uploads\/sites\/2\/2025\/10\/15-300x222.png 300w, https:\/\/producciones-abismales.com\/de\/wp-content\/uploads\/sites\/2\/2025\/10\/15-1024x757.png 1024w, https:\/\/producciones-abismales.com\/de\/wp-content\/uploads\/sites\/2\/2025\/10\/15-768x568.png 768w, https:\/\/producciones-abismales.com\/de\/wp-content\/uploads\/sites\/2\/2025\/10\/15-685x507.png 685w, https:\/\/producciones-abismales.com\/de\/wp-content\/uploads\/sites\/2\/2025\/10\/15.png 1248w\" sizes=\"(max-width: 314px) 100vw, 314px\" \/><\/p>\n<p><img decoding=\"async\" loading=\"lazy\" class=\"alignnone wp-image-1777\" src=\"https:\/\/producciones-abismales.com\/de\/wp-content\/uploads\/sites\/2\/2025\/10\/06-300x214.png\" alt=\"\" width=\"353\" height=\"252\" srcset=\"https:\/\/producciones-abismales.com\/de\/wp-content\/uploads\/sites\/2\/2025\/10\/06-300x214.png 300w, https:\/\/producciones-abismales.com\/de\/wp-content\/uploads\/sites\/2\/2025\/10\/06-1024x732.png 1024w, https:\/\/producciones-abismales.com\/de\/wp-content\/uploads\/sites\/2\/2025\/10\/06-768x549.png 768w, https:\/\/producciones-abismales.com\/de\/wp-content\/uploads\/sites\/2\/2025\/10\/06-685x490.png 685w, https:\/\/producciones-abismales.com\/de\/wp-content\/uploads\/sites\/2\/2025\/10\/06.png 1105w\" sizes=\"(max-width: 353px) 100vw, 353px\" \/>\u00a0 \u00a0 <img decoding=\"async\" loading=\"lazy\" class=\"alignnone wp-image-1778\" src=\"https:\/\/producciones-abismales.com\/de\/wp-content\/uploads\/sites\/2\/2025\/10\/12-300x246.png\" alt=\"\" width=\"310\" height=\"254\" srcset=\"https:\/\/producciones-abismales.com\/de\/wp-content\/uploads\/sites\/2\/2025\/10\/12-300x246.png 300w, https:\/\/producciones-abismales.com\/de\/wp-content\/uploads\/sites\/2\/2025\/10\/12-768x631.png 768w, https:\/\/producciones-abismales.com\/de\/wp-content\/uploads\/sites\/2\/2025\/10\/12-685x563.png 685w, https:\/\/producciones-abismales.com\/de\/wp-content\/uploads\/sites\/2\/2025\/10\/12.png 997w\" sizes=\"(max-width: 310px) 100vw, 310px\" \/><\/p>\n<ul>\n<li>09.08.25 3000\u00b0 Festival \/ Feldberger Seenlandschaft<\/li>\n<\/ul>\n<p>&nbsp;<\/p>\n","protected":false},"excerpt":{"rendered":"<p>Es klingt wie ein Traum \u2013 und tats\u00e4chlich ist es einer. Ein Fisch fliegt \u00fcber unsere K\u00f6pfe, schillernd und verspielt. Er tanzt, kitzelt uns mit seinen Bartf\u00e4den, verteilt liebevolle K\u00fcsse mit seinen dicken Lippen. Doch er kommt nicht allein. Eine blaue Tauchglocke taucht in der N\u00e4he auf, ihre Lichter pulsieren leise, und sie zieht uns &hellip; <a href=\"https:\/\/producciones-abismales.com\/de\/luminic-water-dreams\/\" class=\"more-link\"><span class=\"screen-reader-text\">Luminic Water Dreams<\/span> weiterlesen<\/a><\/p>\n","protected":false},"author":3,"featured_media":1781,"parent":0,"menu_order":0,"comment_status":"closed","ping_status":"closed","template":"","meta":[],"yoast_head":"<!-- This site is optimized with the Yoast SEO plugin v19.11 - https:\/\/yoast.com\/wordpress\/plugins\/seo\/ -->\n<title>Luminic Water Dreams &raquo;<\/title>\n<meta name=\"robots\" content=\"index, follow, max-snippet:-1, max-image-preview:large, max-video-preview:-1\" \/>\n<link rel=\"canonical\" href=\"https:\/\/producciones-abismales.com\/de\/luminic-water-dreams\/\" \/>\n<meta property=\"og:locale\" content=\"de_DE\" \/>\n<meta property=\"og:type\" content=\"article\" \/>\n<meta property=\"og:title\" content=\"Luminic Water Dreams &raquo;\" \/>\n<meta property=\"og:description\" content=\"Es klingt wie ein Traum \u2013 und tats\u00e4chlich ist es einer. Ein Fisch fliegt \u00fcber unsere K\u00f6pfe, schillernd und verspielt. Er tanzt, kitzelt uns mit seinen Bartf\u00e4den, verteilt liebevolle K\u00fcsse mit seinen dicken Lippen. Doch er kommt nicht allein. Eine blaue Tauchglocke taucht in der N\u00e4he auf, ihre Lichter pulsieren leise, und sie zieht uns &hellip; Luminic Water Dreams weiterlesen\" \/>\n<meta property=\"og:url\" content=\"https:\/\/producciones-abismales.com\/de\/luminic-water-dreams\/\" \/>\n<meta property=\"article:publisher\" content=\"https:\/\/www.facebook.com\/abismalarte\/\" \/>\n<meta property=\"article:modified_time\" content=\"2025-10-18T16:40:17+00:00\" \/>\n<meta property=\"og:image\" content=\"https:\/\/producciones-abismales.com\/de\/wp-content\/uploads\/sites\/2\/2025\/10\/WhatsApp-Image-2025-08-23-at-23.09.47ret-1.jpeg\" \/>\n\t<meta property=\"og:image:width\" content=\"1600\" \/>\n\t<meta property=\"og:image:height\" content=\"872\" \/>\n\t<meta property=\"og:image:type\" content=\"image\/jpeg\" \/>\n<meta name=\"twitter:card\" content=\"summary_large_image\" \/>\n<meta name=\"twitter:label1\" content=\"Gesch\u00e4tzte Lesezeit\" \/>\n\t<meta name=\"twitter:data1\" content=\"2\u00a0Minuten\" \/>\n<script type=\"application\/ld+json\" class=\"yoast-schema-graph\">{\"@context\":\"https:\/\/schema.org\",\"@graph\":[{\"@type\":\"WebPage\",\"@id\":\"https:\/\/producciones-abismales.com\/de\/luminic-water-dreams\/\",\"url\":\"https:\/\/producciones-abismales.com\/de\/luminic-water-dreams\/\",\"name\":\"Luminic Water Dreams &raquo;\",\"isPartOf\":{\"@id\":\"https:\/\/producciones-abismales.com\/de\/#website\"},\"datePublished\":\"2025-10-18T16:00:32+00:00\",\"dateModified\":\"2025-10-18T16:40:17+00:00\",\"breadcrumb\":{\"@id\":\"https:\/\/producciones-abismales.com\/de\/luminic-water-dreams\/#breadcrumb\"},\"inLanguage\":\"de\",\"potentialAction\":[{\"@type\":\"ReadAction\",\"target\":[\"https:\/\/producciones-abismales.com\/de\/luminic-water-dreams\/\"]}]},{\"@type\":\"BreadcrumbList\",\"@id\":\"https:\/\/producciones-abismales.com\/de\/luminic-water-dreams\/#breadcrumb\",\"itemListElement\":[{\"@type\":\"ListItem\",\"position\":1,\"name\":\"Startseite\",\"item\":\"https:\/\/producciones-abismales.com\/de\/\"},{\"@type\":\"ListItem\",\"position\":2,\"name\":\"Luminic Water Dreams\"}]},{\"@type\":\"WebSite\",\"@id\":\"https:\/\/producciones-abismales.com\/de\/#website\",\"url\":\"https:\/\/producciones-abismales.com\/de\/\",\"name\":\"\",\"description\":\"Umwelttheater f\u00fcr die ganze Familie\",\"publisher\":{\"@id\":\"https:\/\/producciones-abismales.com\/de\/#organization\"},\"potentialAction\":[{\"@type\":\"SearchAction\",\"target\":{\"@type\":\"EntryPoint\",\"urlTemplate\":\"https:\/\/producciones-abismales.com\/de\/?s={search_term_string}\"},\"query-input\":\"required name=search_term_string\"}],\"inLanguage\":\"de\"},{\"@type\":\"Organization\",\"@id\":\"https:\/\/producciones-abismales.com\/de\/#organization\",\"name\":\"Producciones Abismales\",\"url\":\"https:\/\/producciones-abismales.com\/de\/\",\"logo\":{\"@type\":\"ImageObject\",\"inLanguage\":\"de\",\"@id\":\"https:\/\/producciones-abismales.com\/de\/#\/schema\/logo\/image\/\",\"url\":\"https:\/\/producciones-abismales.com\/de\/wp-content\/uploads\/sites\/2\/2019\/01\/logo-cuadrado-azul.png\",\"contentUrl\":\"https:\/\/producciones-abismales.com\/de\/wp-content\/uploads\/sites\/2\/2019\/01\/logo-cuadrado-azul.png\",\"width\":433,\"height\":433,\"caption\":\"Producciones Abismales\"},\"image\":{\"@id\":\"https:\/\/producciones-abismales.com\/de\/#\/schema\/logo\/image\/\"},\"sameAs\":[\"https:\/\/www.instagram.com\/abismalarte\/\",\"https:\/\/www.youtube.com\/channel\/UCaLLPZ7K-lUlQTRvwuuLq2Q\",\"https:\/\/www.facebook.com\/abismalarte\/\"]}]}<\/script>\n<!-- \/ Yoast SEO plugin. -->","yoast_head_json":{"title":"Luminic Water Dreams &raquo;","robots":{"index":"index","follow":"follow","max-snippet":"max-snippet:-1","max-image-preview":"max-image-preview:large","max-video-preview":"max-video-preview:-1"},"canonical":"https:\/\/producciones-abismales.com\/de\/luminic-water-dreams\/","og_locale":"de_DE","og_type":"article","og_title":"Luminic Water Dreams &raquo;","og_description":"Es klingt wie ein Traum \u2013 und tats\u00e4chlich ist es einer. Ein Fisch fliegt \u00fcber unsere K\u00f6pfe, schillernd und verspielt. Er tanzt, kitzelt uns mit seinen Bartf\u00e4den, verteilt liebevolle K\u00fcsse mit seinen dicken Lippen. Doch er kommt nicht allein. Eine blaue Tauchglocke taucht in der N\u00e4he auf, ihre Lichter pulsieren leise, und sie zieht uns &hellip; Luminic Water Dreams weiterlesen","og_url":"https:\/\/producciones-abismales.com\/de\/luminic-water-dreams\/","article_publisher":"https:\/\/www.facebook.com\/abismalarte\/","article_modified_time":"2025-10-18T16:40:17+00:00","og_image":[{"width":1600,"height":872,"url":"https:\/\/producciones-abismales.com\/de\/wp-content\/uploads\/sites\/2\/2025\/10\/WhatsApp-Image-2025-08-23-at-23.09.47ret-1.jpeg","type":"image\/jpeg"}],"twitter_card":"summary_large_image","twitter_misc":{"Gesch\u00e4tzte Lesezeit":"2\u00a0Minuten"},"schema":{"@context":"https:\/\/schema.org","@graph":[{"@type":"WebPage","@id":"https:\/\/producciones-abismales.com\/de\/luminic-water-dreams\/","url":"https:\/\/producciones-abismales.com\/de\/luminic-water-dreams\/","name":"Luminic Water Dreams &raquo;","isPartOf":{"@id":"https:\/\/producciones-abismales.com\/de\/#website"},"datePublished":"2025-10-18T16:00:32+00:00","dateModified":"2025-10-18T16:40:17+00:00","breadcrumb":{"@id":"https:\/\/producciones-abismales.com\/de\/luminic-water-dreams\/#breadcrumb"},"inLanguage":"de","potentialAction":[{"@type":"ReadAction","target":["https:\/\/producciones-abismales.com\/de\/luminic-water-dreams\/"]}]},{"@type":"BreadcrumbList","@id":"https:\/\/producciones-abismales.com\/de\/luminic-water-dreams\/#breadcrumb","itemListElement":[{"@type":"ListItem","position":1,"name":"Startseite","item":"https:\/\/producciones-abismales.com\/de\/"},{"@type":"ListItem","position":2,"name":"Luminic Water Dreams"}]},{"@type":"WebSite","@id":"https:\/\/producciones-abismales.com\/de\/#website","url":"https:\/\/producciones-abismales.com\/de\/","name":"","description":"Umwelttheater f\u00fcr die ganze Familie","publisher":{"@id":"https:\/\/producciones-abismales.com\/de\/#organization"},"potentialAction":[{"@type":"SearchAction","target":{"@type":"EntryPoint","urlTemplate":"https:\/\/producciones-abismales.com\/de\/?s={search_term_string}"},"query-input":"required name=search_term_string"}],"inLanguage":"de"},{"@type":"Organization","@id":"https:\/\/producciones-abismales.com\/de\/#organization","name":"Producciones Abismales","url":"https:\/\/producciones-abismales.com\/de\/","logo":{"@type":"ImageObject","inLanguage":"de","@id":"https:\/\/producciones-abismales.com\/de\/#\/schema\/logo\/image\/","url":"https:\/\/producciones-abismales.com\/de\/wp-content\/uploads\/sites\/2\/2019\/01\/logo-cuadrado-azul.png","contentUrl":"https:\/\/producciones-abismales.com\/de\/wp-content\/uploads\/sites\/2\/2019\/01\/logo-cuadrado-azul.png","width":433,"height":433,"caption":"Producciones Abismales"},"image":{"@id":"https:\/\/producciones-abismales.com\/de\/#\/schema\/logo\/image\/"},"sameAs":["https:\/\/www.instagram.com\/abismalarte\/","https:\/\/www.youtube.com\/channel\/UCaLLPZ7K-lUlQTRvwuuLq2Q","https:\/\/www.facebook.com\/abismalarte\/"]}]}},"_links":{"self":[{"href":"https:\/\/producciones-abismales.com\/de\/wp-json\/wp\/v2\/pages\/1766"}],"collection":[{"href":"https:\/\/producciones-abismales.com\/de\/wp-json\/wp\/v2\/pages"}],"about":[{"href":"https:\/\/producciones-abismales.com\/de\/wp-json\/wp\/v2\/types\/page"}],"author":[{"embeddable":true,"href":"https:\/\/producciones-abismales.com\/de\/wp-json\/wp\/v2\/users\/3"}],"replies":[{"embeddable":true,"href":"https:\/\/producciones-abismales.com\/de\/wp-json\/wp\/v2\/comments?post=1766"}],"version-history":[{"count":15,"href":"https:\/\/producciones-abismales.com\/de\/wp-json\/wp\/v2\/pages\/1766\/revisions"}],"predecessor-version":[{"id":1797,"href":"https:\/\/producciones-abismales.com\/de\/wp-json\/wp\/v2\/pages\/1766\/revisions\/1797"}],"wp:featuredmedia":[{"embeddable":true,"href":"https:\/\/producciones-abismales.com\/de\/wp-json\/wp\/v2\/media\/1781"}],"wp:attachment":[{"href":"https:\/\/producciones-abismales.com\/de\/wp-json\/wp\/v2\/media?parent=1766"}],"curies":[{"name":"wp","href":"https:\/\/api.w.org\/{rel}","templated":true}]}}