{"id":25,"date":"2019-01-07T20:18:25","date_gmt":"2019-01-07T19:18:25","guid":{"rendered":"https:\/\/producciones-abismales.com\/de\/?page_id=25"},"modified":"2025-10-13T23:23:04","modified_gmt":"2025-10-13T21:23:04","slug":"schulprojekte","status":"publish","type":"page","link":"https:\/\/producciones-abismales.com\/de\/die-drachen-des-meeres\/schulprojekte\/","title":{"rendered":"Schulprojekte"},"content":{"rendered":"\r\n<p style=\"font-size: 15px\">Unter anderem bieten wir eine Projektwoche mit Theater-Workshops und anschlie\u00dfender Vorstellung an<\/p>\r\n\r\n\r\n\r\n<p><a href=\"https:\/\/drive.google.com\/file\/d\/1waTsQLJCA2r9UqPnG5oNb-tru-Fo2Lp6\/view\" target=\"_blank\" rel=\"noreferrer noopener\" aria-label=\"Angebot zum Herunterladen (\u00f6ffnet in neuem Tab)\">Angebot zum Herunterladen<\/a><\/p>\r\n\r\n\r\n\r\n<figure class=\"wp-block-image\"><img decoding=\"async\" loading=\"lazy\" width=\"1024\" height=\"781\" class=\"wp-image-160\" src=\"https:\/\/producciones-abismales.com\/de\/wp-content\/uploads\/sites\/2\/2019\/01\/IMG_8308ret-1024x781.jpg\" alt=\"\" srcset=\"https:\/\/producciones-abismales.com\/de\/wp-content\/uploads\/sites\/2\/2019\/01\/IMG_8308ret-1024x781.jpg 1024w, https:\/\/producciones-abismales.com\/de\/wp-content\/uploads\/sites\/2\/2019\/01\/IMG_8308ret-300x229.jpg 300w, https:\/\/producciones-abismales.com\/de\/wp-content\/uploads\/sites\/2\/2019\/01\/IMG_8308ret-768x586.jpg 768w, https:\/\/producciones-abismales.com\/de\/wp-content\/uploads\/sites\/2\/2019\/01\/IMG_8308ret-685x523.jpg 685w, https:\/\/producciones-abismales.com\/de\/wp-content\/uploads\/sites\/2\/2019\/01\/IMG_8308ret-2000x1526.jpg 2000w\" sizes=\"(max-width: 1024px) 100vw, 1024px\" \/><\/figure>\r\n\r\n\r\n\r\n<p>&nbsp;<\/p>\r\n\r\n\r\n\r\n<p><strong>Projektbeschreibung<\/strong><\/p>\r\n\r\n\r\n\r\n<p>Inhalt und Ziele<\/p>\r\n\r\n\r\n\r\n<p style=\"font-size: 15px\">Auf k\u00fcnstlerischer Ebene:<br \/>Konzeption, Design und Kreation von Objekten, Puppen und Kost\u00fcmen zur sp\u00e4teren Verwendung in einer Theaterauff\u00fchrung. Die Sch\u00fcler werden das Theaterst\u00fcck &#8222;Die Drachen des Meeres&#8220; mit uns vorf\u00fchren. W\u00e4hrend des Projekts werden wir mit verschiedenen Disziplinen arbeiten, zum Beispiel Theater, Kreativer Kindertanz, Herstellung von Objekten und Puppen.<\/p>\r\n\r\n\r\n\r\n<p style=\"font-size: 15px\">Auf \u00f6kologischer Ebene:<br \/>Kinder m\u00f6gen heute glauben, dass Plastik schon immer existiert hat, und folglich wird unser verantwortungsloser Umgang mit Plastikm\u00fcll als etwas Normales verstanden. Unser Ziel ist es, unsere schlechten Gewohnheiten bewusst zu machen und zu versuchen, einen umweltbewussten Umgang mit Plastikm\u00fcll zu bef\u00f6rdern, ja immer mehr auf die Verwendung von Plastik zu verzichten.<br \/>Die Kinder werden mit dem Plastik k\u00fcnstlerisch aus erster Hand in Kontakt treten und zun\u00e4chst B\u00fchnenbilder konstruieren, in denen der degenerative Zyklus des Kunststoffs behandelt wird.<br \/>In der zweite Phase manipulieren sie selbst gebastelte Objekte und theatralische Requisiten. <br \/>W\u00e4hrend der Inszenierung und der Probezeit werden die Vergiftung der Fische und das Ungleichgewicht des \u00d6kosystems der Meere thematisiert.<\/p>\r\n\r\n\r\n\r\n<p style=\"font-size: 15px\">Projektdauer:<br \/>Das Projekt kann an das Schulprogramm angepasst werden. Ideal w\u00e4re die Realisierung innerhalb einer Woche. Das Minimum w\u00e4ren drei Tage.<br \/>Optimal w\u00e4re die Durchf\u00fchrung des Projekts als Erg\u00e4nzung zu anderen schulischen Aktivit\u00e4ten mit Bezug zum Umweltschutz.<br \/>Das Projekt kann auch \u00fcber einen l\u00e4ngeren Zeitraum in Zusammenarbeit mit den Lehrern der Schule durchgef\u00fchrt werden. Zum Beispiel in den F\u00e4chern Kunst, Naturwissenschaften, Sozialkunde.<\/p>\r\n\r\n\r\n\r\n<p style=\"font-size: 15px\">TeilnehmerInnen:<br \/>Wir bieten zwei M\u00f6glichkeiten an. Mit Unterst\u00fctzung des Lehrpersonals der Schule k\u00f6nnen bis zu 50 Sch\u00fcler an dem Workshop teilnehmen. Ohne Lehrpersonal der Schule w\u00fcrden wir die Teilnehmer in Gruppen von maximal 20 Kindern teilen.<\/p>\r\n\r\n\r\n\r\n<p style=\"font-size: 15px\">Raum f\u00fcr die Pr\u00e4sentation:<br \/>Aula, Turnhalle oder ein anderer gro\u00dfer Raum.<\/p>\r\n\r\n\r\n\r\n<p style=\"font-size: 15px\">Technische Ausstattung:<br \/>Wir brauchen eine Musikanlage. Theaterbeleuchtung ist nicht erforderlich.<\/p>\r\n\r\n\r\n\r\n<p style=\"font-size: 15px\">Materialien:<br \/>Bei der Theaterwerkstatt werden Einwegmaterialien verwendet und auf k\u00fcnstlerische Weise recycelt. Es fallen jedoch unvermeidbare Kosten f\u00fcr Acrylfarbe, Klebeband, F\u00e4den an.<\/p>\r\n<p>GALERIE<\/p>\r\n<div id=\"metaslider-id-634\" style=\"width: 100%;\" class=\"ml-slider-3-27-14 metaslider metaslider-flex metaslider-634 ml-slider\">\n    <div id=\"metaslider_container_634\">\n        <div id=\"metaslider_634\">\n            <ul aria-live=\"polite\" class=\"slides\">\n                <li style=\"display: none; width: 100%;\" class=\"slide-635 ms-image\"><img src=\"https:\/\/producciones-abismales.com\/de\/wp-content\/uploads\/sites\/2\/2019\/01\/IMG_8299ret-e1549126255526-900x900.jpg\" height=\"900\" width=\"900\" alt=\"\" class=\"slider-634 slide-635\" title=\"IMG_8299ret\" \/><\/li>\n                <li style=\"display: none; width: 100%;\" class=\"slide-636 ms-image\"><img src=\"https:\/\/producciones-abismales.com\/de\/wp-content\/uploads\/sites\/2\/2019\/02\/IMG_8320-ret-1024x616-e1549120073842-900x900.jpg\" height=\"900\" width=\"900\" alt=\"\" class=\"slider-634 slide-636\" title=\"IMG_8320-ret--1024x616\" \/><\/li>\n                <li style=\"display: none; width: 100%;\" class=\"slide-637 ms-image\"><img src=\"https:\/\/producciones-abismales.com\/de\/wp-content\/uploads\/sites\/2\/2019\/02\/IMG_8320-ret--e1549120171272-900x900.jpg\" height=\"900\" width=\"900\" alt=\"\" class=\"slider-634 slide-637\" title=\"IMG_8320 ret\" \/><\/li>\n                <li style=\"display: none; width: 100%;\" class=\"slide-638 ms-image\"><img src=\"https:\/\/producciones-abismales.com\/de\/wp-content\/uploads\/sites\/2\/2019\/02\/IMG_8321.ret_-900x900.jpg\" height=\"900\" width=\"900\" alt=\"\" class=\"slider-634 slide-638\" title=\"IMG_8321.ret\" \/><\/li>\n                <li style=\"display: none; width: 100%;\" class=\"slide-639 ms-image\"><img src=\"https:\/\/producciones-abismales.com\/de\/wp-content\/uploads\/sites\/2\/2019\/02\/IMG_8307ret-e1549126533832-900x900.jpg\" height=\"900\" width=\"900\" alt=\"\" class=\"slider-634 slide-639\" title=\"IMG_8307ret\" \/><\/li>\n                <li style=\"display: none; width: 100%;\" class=\"slide-644 ms-image\"><img src=\"https:\/\/producciones-abismales.com\/de\/wp-content\/uploads\/sites\/2\/2019\/02\/IMG_8306-e1549127552910-900x900.jpg\" height=\"900\" width=\"900\" alt=\"\" class=\"slider-634 slide-644\" title=\"IMG_8306\" \/><\/li>\n                <li style=\"display: none; width: 100%;\" class=\"slide-645 ms-image\"><img src=\"https:\/\/producciones-abismales.com\/de\/wp-content\/uploads\/sites\/2\/2019\/02\/IMG_8312ret-e1549119714916-900x900.jpg\" height=\"900\" width=\"900\" alt=\"\" class=\"slider-634 slide-645\" title=\"IMG_8312ret\" \/><\/li>\n                <li style=\"display: none; width: 100%;\" class=\"slide-646 ms-image\"><img src=\"https:\/\/producciones-abismales.com\/de\/wp-content\/uploads\/sites\/2\/2019\/02\/IMG_8308ret-e1549119532728-900x900.jpg\" height=\"900\" width=\"900\" alt=\"\" class=\"slider-634 slide-646\" title=\"IMG_8308ret\" \/><\/li>\n                <li style=\"display: none; width: 100%;\" class=\"slide-887 ms-image\"><img src=\"https:\/\/producciones-abismales.com\/de\/wp-content\/uploads\/sites\/2\/2020\/05\/IMG_3971-scaled-900x900.jpg\" height=\"900\" width=\"900\" alt=\"\" class=\"slider-634 slide-887\" title=\"IMG_3971\" \/><\/li>\n                <li style=\"display: none; width: 100%;\" class=\"slide-889 ms-image\"><img src=\"https:\/\/producciones-abismales.com\/de\/wp-content\/uploads\/sites\/2\/2020\/05\/IMG_3978.ret_-900x900.jpg\" height=\"900\" width=\"900\" alt=\"\" class=\"slider-634 slide-889\" title=\"IMG_3978.ret\" \/><\/li>\n                <li style=\"display: none; width: 100%;\" class=\"slide-891 ms-image\"><img src=\"https:\/\/producciones-abismales.com\/de\/wp-content\/uploads\/sites\/2\/2020\/05\/IMG_3979ret-900x900.jpg\" height=\"900\" width=\"900\" alt=\"\" class=\"slider-634 slide-891\" title=\"IMG_3979ret\" \/><\/li>\n            <\/ul>\n        <\/div>\n        \n    <\/div>\n<\/div>\r\n","protected":false},"excerpt":{"rendered":"<p>Unter anderem bieten wir eine Projektwoche mit Theater-Workshops und anschlie\u00dfender Vorstellung an Angebot zum Herunterladen &nbsp; Projektbeschreibung Inhalt und Ziele Auf k\u00fcnstlerischer Ebene:Konzeption, Design und Kreation von Objekten, Puppen und Kost\u00fcmen zur sp\u00e4teren Verwendung in einer Theaterauff\u00fchrung. Die Sch\u00fcler werden das Theaterst\u00fcck &#8222;Die Drachen des Meeres&#8220; mit uns vorf\u00fchren. W\u00e4hrend des Projekts werden wir mit &hellip; <a href=\"https:\/\/producciones-abismales.com\/de\/die-drachen-des-meeres\/schulprojekte\/\" class=\"more-link\"><span class=\"screen-reader-text\">Schulprojekte<\/span> weiterlesen<\/a><\/p>\n","protected":false},"author":1,"featured_media":245,"parent":21,"menu_order":0,"comment_status":"closed","ping_status":"closed","template":"","meta":[],"yoast_head":"<!-- This site is optimized with the Yoast SEO plugin v19.11 - https:\/\/yoast.com\/wordpress\/plugins\/seo\/ -->\n<title>Schulprojekte &raquo;<\/title>\n<meta name=\"robots\" content=\"index, follow, max-snippet:-1, max-image-preview:large, max-video-preview:-1\" \/>\n<link rel=\"canonical\" href=\"https:\/\/producciones-abismales.com\/de\/die-drachen-des-meeres\/schulprojekte\/\" \/>\n<meta property=\"og:locale\" content=\"de_DE\" \/>\n<meta property=\"og:type\" content=\"article\" \/>\n<meta property=\"og:title\" content=\"Schulprojekte &raquo;\" \/>\n<meta property=\"og:description\" content=\"Unter anderem bieten wir eine Projektwoche mit Theater-Workshops und anschlie\u00dfender Vorstellung an Angebot zum Herunterladen &nbsp; Projektbeschreibung Inhalt und Ziele Auf k\u00fcnstlerischer Ebene:Konzeption, Design und Kreation von Objekten, Puppen und Kost\u00fcmen zur sp\u00e4teren Verwendung in einer Theaterauff\u00fchrung. Die Sch\u00fcler werden das Theaterst\u00fcck &#8222;Die Drachen des Meeres&#8220; mit uns vorf\u00fchren. W\u00e4hrend des Projekts werden wir mit &hellip; Schulprojekte weiterlesen\" \/>\n<meta property=\"og:url\" content=\"https:\/\/producciones-abismales.com\/de\/die-drachen-des-meeres\/schulprojekte\/\" \/>\n<meta property=\"article:publisher\" content=\"https:\/\/www.facebook.com\/abismalarte\/\" \/>\n<meta property=\"article:modified_time\" content=\"2025-10-13T21:23:04+00:00\" \/>\n<meta property=\"og:image\" content=\"https:\/\/producciones-abismales.com\/de\/wp-content\/uploads\/sites\/2\/2019\/01\/IMG_8299.larga_-1024x306.jpg\" \/>\n\t<meta property=\"og:image:width\" content=\"1024\" \/>\n\t<meta property=\"og:image:height\" content=\"306\" \/>\n\t<meta property=\"og:image:type\" content=\"image\/jpeg\" \/>\n<meta name=\"twitter:card\" content=\"summary_large_image\" \/>\n<meta name=\"twitter:label1\" content=\"Gesch\u00e4tzte Lesezeit\" \/>\n\t<meta name=\"twitter:data1\" content=\"3\u00a0Minuten\" \/>\n<script type=\"application\/ld+json\" class=\"yoast-schema-graph\">{\"@context\":\"https:\/\/schema.org\",\"@graph\":[{\"@type\":\"WebPage\",\"@id\":\"https:\/\/producciones-abismales.com\/de\/die-drachen-des-meeres\/schulprojekte\/\",\"url\":\"https:\/\/producciones-abismales.com\/de\/die-drachen-des-meeres\/schulprojekte\/\",\"name\":\"Schulprojekte &raquo;\",\"isPartOf\":{\"@id\":\"https:\/\/producciones-abismales.com\/de\/#website\"},\"datePublished\":\"2019-01-07T19:18:25+00:00\",\"dateModified\":\"2025-10-13T21:23:04+00:00\",\"breadcrumb\":{\"@id\":\"https:\/\/producciones-abismales.com\/de\/die-drachen-des-meeres\/schulprojekte\/#breadcrumb\"},\"inLanguage\":\"de\",\"potentialAction\":[{\"@type\":\"ReadAction\",\"target\":[\"https:\/\/producciones-abismales.com\/de\/die-drachen-des-meeres\/schulprojekte\/\"]}]},{\"@type\":\"BreadcrumbList\",\"@id\":\"https:\/\/producciones-abismales.com\/de\/die-drachen-des-meeres\/schulprojekte\/#breadcrumb\",\"itemListElement\":[{\"@type\":\"ListItem\",\"position\":1,\"name\":\"Startseite\",\"item\":\"https:\/\/producciones-abismales.com\/de\/\"},{\"@type\":\"ListItem\",\"position\":2,\"name\":\"Die Drachen des Meeres\",\"item\":\"https:\/\/producciones-abismales.com\/de\/die-drachen-des-meeres\/\"},{\"@type\":\"ListItem\",\"position\":3,\"name\":\"Schulprojekte\"}]},{\"@type\":\"WebSite\",\"@id\":\"https:\/\/producciones-abismales.com\/de\/#website\",\"url\":\"https:\/\/producciones-abismales.com\/de\/\",\"name\":\"\",\"description\":\"Umwelttheater f\u00fcr die ganze Familie\",\"publisher\":{\"@id\":\"https:\/\/producciones-abismales.com\/de\/#organization\"},\"potentialAction\":[{\"@type\":\"SearchAction\",\"target\":{\"@type\":\"EntryPoint\",\"urlTemplate\":\"https:\/\/producciones-abismales.com\/de\/?s={search_term_string}\"},\"query-input\":\"required name=search_term_string\"}],\"inLanguage\":\"de\"},{\"@type\":\"Organization\",\"@id\":\"https:\/\/producciones-abismales.com\/de\/#organization\",\"name\":\"Producciones Abismales\",\"url\":\"https:\/\/producciones-abismales.com\/de\/\",\"logo\":{\"@type\":\"ImageObject\",\"inLanguage\":\"de\",\"@id\":\"https:\/\/producciones-abismales.com\/de\/#\/schema\/logo\/image\/\",\"url\":\"https:\/\/producciones-abismales.com\/de\/wp-content\/uploads\/sites\/2\/2019\/01\/logo-cuadrado-azul.png\",\"contentUrl\":\"https:\/\/producciones-abismales.com\/de\/wp-content\/uploads\/sites\/2\/2019\/01\/logo-cuadrado-azul.png\",\"width\":433,\"height\":433,\"caption\":\"Producciones Abismales\"},\"image\":{\"@id\":\"https:\/\/producciones-abismales.com\/de\/#\/schema\/logo\/image\/\"},\"sameAs\":[\"https:\/\/www.instagram.com\/abismalarte\/\",\"https:\/\/www.youtube.com\/channel\/UCaLLPZ7K-lUlQTRvwuuLq2Q\",\"https:\/\/www.facebook.com\/abismalarte\/\"]}]}<\/script>\n<!-- \/ Yoast SEO plugin. -->","yoast_head_json":{"title":"Schulprojekte &raquo;","robots":{"index":"index","follow":"follow","max-snippet":"max-snippet:-1","max-image-preview":"max-image-preview:large","max-video-preview":"max-video-preview:-1"},"canonical":"https:\/\/producciones-abismales.com\/de\/die-drachen-des-meeres\/schulprojekte\/","og_locale":"de_DE","og_type":"article","og_title":"Schulprojekte &raquo;","og_description":"Unter anderem bieten wir eine Projektwoche mit Theater-Workshops und anschlie\u00dfender Vorstellung an Angebot zum Herunterladen &nbsp; Projektbeschreibung Inhalt und Ziele Auf k\u00fcnstlerischer Ebene:Konzeption, Design und Kreation von Objekten, Puppen und Kost\u00fcmen zur sp\u00e4teren Verwendung in einer Theaterauff\u00fchrung. Die Sch\u00fcler werden das Theaterst\u00fcck &#8222;Die Drachen des Meeres&#8220; mit uns vorf\u00fchren. W\u00e4hrend des Projekts werden wir mit &hellip; Schulprojekte weiterlesen","og_url":"https:\/\/producciones-abismales.com\/de\/die-drachen-des-meeres\/schulprojekte\/","article_publisher":"https:\/\/www.facebook.com\/abismalarte\/","article_modified_time":"2025-10-13T21:23:04+00:00","og_image":[{"width":1024,"height":306,"url":"https:\/\/producciones-abismales.com\/de\/wp-content\/uploads\/sites\/2\/2019\/01\/IMG_8299.larga_-1024x306.jpg","type":"image\/jpeg"}],"twitter_card":"summary_large_image","twitter_misc":{"Gesch\u00e4tzte Lesezeit":"3\u00a0Minuten"},"schema":{"@context":"https:\/\/schema.org","@graph":[{"@type":"WebPage","@id":"https:\/\/producciones-abismales.com\/de\/die-drachen-des-meeres\/schulprojekte\/","url":"https:\/\/producciones-abismales.com\/de\/die-drachen-des-meeres\/schulprojekte\/","name":"Schulprojekte &raquo;","isPartOf":{"@id":"https:\/\/producciones-abismales.com\/de\/#website"},"datePublished":"2019-01-07T19:18:25+00:00","dateModified":"2025-10-13T21:23:04+00:00","breadcrumb":{"@id":"https:\/\/producciones-abismales.com\/de\/die-drachen-des-meeres\/schulprojekte\/#breadcrumb"},"inLanguage":"de","potentialAction":[{"@type":"ReadAction","target":["https:\/\/producciones-abismales.com\/de\/die-drachen-des-meeres\/schulprojekte\/"]}]},{"@type":"BreadcrumbList","@id":"https:\/\/producciones-abismales.com\/de\/die-drachen-des-meeres\/schulprojekte\/#breadcrumb","itemListElement":[{"@type":"ListItem","position":1,"name":"Startseite","item":"https:\/\/producciones-abismales.com\/de\/"},{"@type":"ListItem","position":2,"name":"Die Drachen des Meeres","item":"https:\/\/producciones-abismales.com\/de\/die-drachen-des-meeres\/"},{"@type":"ListItem","position":3,"name":"Schulprojekte"}]},{"@type":"WebSite","@id":"https:\/\/producciones-abismales.com\/de\/#website","url":"https:\/\/producciones-abismales.com\/de\/","name":"","description":"Umwelttheater f\u00fcr die ganze Familie","publisher":{"@id":"https:\/\/producciones-abismales.com\/de\/#organization"},"potentialAction":[{"@type":"SearchAction","target":{"@type":"EntryPoint","urlTemplate":"https:\/\/producciones-abismales.com\/de\/?s={search_term_string}"},"query-input":"required name=search_term_string"}],"inLanguage":"de"},{"@type":"Organization","@id":"https:\/\/producciones-abismales.com\/de\/#organization","name":"Producciones Abismales","url":"https:\/\/producciones-abismales.com\/de\/","logo":{"@type":"ImageObject","inLanguage":"de","@id":"https:\/\/producciones-abismales.com\/de\/#\/schema\/logo\/image\/","url":"https:\/\/producciones-abismales.com\/de\/wp-content\/uploads\/sites\/2\/2019\/01\/logo-cuadrado-azul.png","contentUrl":"https:\/\/producciones-abismales.com\/de\/wp-content\/uploads\/sites\/2\/2019\/01\/logo-cuadrado-azul.png","width":433,"height":433,"caption":"Producciones Abismales"},"image":{"@id":"https:\/\/producciones-abismales.com\/de\/#\/schema\/logo\/image\/"},"sameAs":["https:\/\/www.instagram.com\/abismalarte\/","https:\/\/www.youtube.com\/channel\/UCaLLPZ7K-lUlQTRvwuuLq2Q","https:\/\/www.facebook.com\/abismalarte\/"]}]}},"_links":{"self":[{"href":"https:\/\/producciones-abismales.com\/de\/wp-json\/wp\/v2\/pages\/25"}],"collection":[{"href":"https:\/\/producciones-abismales.com\/de\/wp-json\/wp\/v2\/pages"}],"about":[{"href":"https:\/\/producciones-abismales.com\/de\/wp-json\/wp\/v2\/types\/page"}],"author":[{"embeddable":true,"href":"https:\/\/producciones-abismales.com\/de\/wp-json\/wp\/v2\/users\/1"}],"replies":[{"embeddable":true,"href":"https:\/\/producciones-abismales.com\/de\/wp-json\/wp\/v2\/comments?post=25"}],"version-history":[{"count":7,"href":"https:\/\/producciones-abismales.com\/de\/wp-json\/wp\/v2\/pages\/25\/revisions"}],"predecessor-version":[{"id":1755,"href":"https:\/\/producciones-abismales.com\/de\/wp-json\/wp\/v2\/pages\/25\/revisions\/1755"}],"up":[{"embeddable":true,"href":"https:\/\/producciones-abismales.com\/de\/wp-json\/wp\/v2\/pages\/21"}],"wp:featuredmedia":[{"embeddable":true,"href":"https:\/\/producciones-abismales.com\/de\/wp-json\/wp\/v2\/media\/245"}],"wp:attachment":[{"href":"https:\/\/producciones-abismales.com\/de\/wp-json\/wp\/v2\/media?parent=25"}],"curies":[{"name":"wp","href":"https:\/\/api.w.org\/{rel}","templated":true}]}}