{"id":27,"date":"2019-01-07T20:18:59","date_gmt":"2019-01-07T19:18:59","guid":{"rendered":"https:\/\/producciones-abismales.com\/de\/?page_id=27"},"modified":"2025-10-21T17:06:44","modified_gmt":"2025-10-21T15:06:44","slug":"walking-acts","status":"publish","type":"page","link":"https:\/\/producciones-abismales.com\/de\/die-drachen-des-meeres\/walking-acts\/","title":{"rendered":"Walking Acts"},"content":{"rendered":"\r\n<p class=\"has-text-align-center\" style=\"font-size: 15px\">Um gr\u00f6\u00dfere Aufmerksamkeit auf unser Thema zu lenken, m\u00f6chten wir unser St\u00fcck nicht allein auf Theaterveranstaltungen anbieten (im klassischen Format) sondern auch als Walking Act bei Kultur und Umwelt-veranstaltungen zeigen. Es ist f\u00fcr den \u00f6ffentlichen Raum gedacht.<\/p>\r\n<p><a href=\"https:\/\/www.youtube.com\/watch?v=QthdHjd-JZs&amp;t=43s\">Videolink<\/a><\/p>\r\n<p><a href=\"https:\/\/producciones-abismales.com\/de\/wp-content\/uploads\/sites\/2\/2021\/10\/Broschur10-Technikel-Reader-scaled.jpg\">Technical Rider<\/a><\/p>\r\n<p><a href=\"https:\/\/drive.google.com\/file\/d\/1kfe5yuO2lVTaZxhkCbuwBE7KOGkaRsHq\/view?usp=drive_link\" target=\"_blank\" rel=\"noopener\">Broschure zum Herunterladen<\/a><\/p>\r\n\r\n\r\n\r\n<figure class=\"is-layout-flex wp-block-gallery-1 wp-block-gallery columns-3 is-cropped\">\r\n<ul class=\"blocks-gallery-grid\">\r\n<li class=\"blocks-gallery-item\">\r\n<figure><img decoding=\"async\" loading=\"lazy\" width=\"540\" height=\"960\" class=\"wp-image-1262\" src=\"https:\/\/producciones-abismales.com\/de\/wp-content\/uploads\/sites\/2\/2022\/10\/32595170_10156442329954511_3382125628491825152_n.jpg\" alt=\"\" data-id=\"1262\" data-full-url=\"https:\/\/producciones-abismales.com\/de\/wp-content\/uploads\/sites\/2\/2022\/10\/32595170_10156442329954511_3382125628491825152_n.jpg\" data-link=\"https:\/\/producciones-abismales.com\/de\/die-drachen-des-meeres\/walking-acts\/32595170_10156442329954511_3382125628491825152_n\/\" srcset=\"https:\/\/producciones-abismales.com\/de\/wp-content\/uploads\/sites\/2\/2022\/10\/32595170_10156442329954511_3382125628491825152_n.jpg 540w, https:\/\/producciones-abismales.com\/de\/wp-content\/uploads\/sites\/2\/2022\/10\/32595170_10156442329954511_3382125628491825152_n-169x300.jpg 169w\" sizes=\"(max-width: 540px) 100vw, 540px\" \/><\/figure>\r\n<\/li>\r\n<li class=\"blocks-gallery-item\">\r\n<figure><img decoding=\"async\" loading=\"lazy\" width=\"1024\" height=\"683\" class=\"wp-image-1263\" src=\"https:\/\/producciones-abismales.com\/de\/wp-content\/uploads\/sites\/2\/2022\/10\/200913_Spreepark_1441_LQ-1024x683-1.jpg\" alt=\"\" data-id=\"1263\" data-full-url=\"https:\/\/producciones-abismales.com\/de\/wp-content\/uploads\/sites\/2\/2022\/10\/200913_Spreepark_1441_LQ-1024x683-1.jpg\" data-link=\"https:\/\/producciones-abismales.com\/de\/die-drachen-des-meeres\/walking-acts\/200913_spreepark_1441_lq-1024x683-1\/\" srcset=\"https:\/\/producciones-abismales.com\/de\/wp-content\/uploads\/sites\/2\/2022\/10\/200913_Spreepark_1441_LQ-1024x683-1.jpg 1024w, https:\/\/producciones-abismales.com\/de\/wp-content\/uploads\/sites\/2\/2022\/10\/200913_Spreepark_1441_LQ-1024x683-1-300x200.jpg 300w, https:\/\/producciones-abismales.com\/de\/wp-content\/uploads\/sites\/2\/2022\/10\/200913_Spreepark_1441_LQ-1024x683-1-768x512.jpg 768w, https:\/\/producciones-abismales.com\/de\/wp-content\/uploads\/sites\/2\/2022\/10\/200913_Spreepark_1441_LQ-1024x683-1-685x457.jpg 685w, https:\/\/producciones-abismales.com\/de\/wp-content\/uploads\/sites\/2\/2022\/10\/200913_Spreepark_1441_LQ-1024x683-1-342x228.jpg 342w\" sizes=\"(max-width: 1024px) 100vw, 1024px\" \/><\/figure>\r\n<\/li>\r\n<li class=\"blocks-gallery-item\">\r\n<figure><img decoding=\"async\" loading=\"lazy\" width=\"683\" height=\"1024\" class=\"wp-image-1264\" src=\"https:\/\/producciones-abismales.com\/de\/wp-content\/uploads\/sites\/2\/2022\/10\/200913_Spreepark_1196_LQ-683x1024-1.jpg\" alt=\"\" data-id=\"1264\" data-full-url=\"https:\/\/producciones-abismales.com\/de\/wp-content\/uploads\/sites\/2\/2022\/10\/200913_Spreepark_1196_LQ-683x1024-1.jpg\" data-link=\"https:\/\/producciones-abismales.com\/de\/die-drachen-des-meeres\/walking-acts\/200913_spreepark_1196_lq-683x1024-1\/\" srcset=\"https:\/\/producciones-abismales.com\/de\/wp-content\/uploads\/sites\/2\/2022\/10\/200913_Spreepark_1196_LQ-683x1024-1.jpg 683w, https:\/\/producciones-abismales.com\/de\/wp-content\/uploads\/sites\/2\/2022\/10\/200913_Spreepark_1196_LQ-683x1024-1-200x300.jpg 200w\" sizes=\"(max-width: 683px) 100vw, 683px\" \/><\/figure>\r\n<\/li>\r\n<\/ul>\r\n<figure><img decoding=\"async\" loading=\"lazy\" width=\"1024\" height=\"683\" class=\"wp-image-1265\" src=\"https:\/\/producciones-abismales.com\/de\/wp-content\/uploads\/sites\/2\/2022\/10\/6G8A4213-1024x683-1.jpg\" alt=\"\" data-id=\"1265\" data-full-url=\"https:\/\/producciones-abismales.com\/de\/wp-content\/uploads\/sites\/2\/2022\/10\/6G8A4213-1024x683-1.jpg\" data-link=\"https:\/\/producciones-abismales.com\/de\/die-drachen-des-meeres\/walking-acts\/6g8a4213-1024x683-1\/\" srcset=\"https:\/\/producciones-abismales.com\/de\/wp-content\/uploads\/sites\/2\/2022\/10\/6G8A4213-1024x683-1.jpg 1024w, https:\/\/producciones-abismales.com\/de\/wp-content\/uploads\/sites\/2\/2022\/10\/6G8A4213-1024x683-1-300x200.jpg 300w, https:\/\/producciones-abismales.com\/de\/wp-content\/uploads\/sites\/2\/2022\/10\/6G8A4213-1024x683-1-768x512.jpg 768w, https:\/\/producciones-abismales.com\/de\/wp-content\/uploads\/sites\/2\/2022\/10\/6G8A4213-1024x683-1-685x457.jpg 685w, https:\/\/producciones-abismales.com\/de\/wp-content\/uploads\/sites\/2\/2022\/10\/6G8A4213-1024x683-1-342x228.jpg 342w\" sizes=\"(max-width: 1024px) 100vw, 1024px\" \/><\/figure>\r\n<\/figure>\r\n\r\n\r\n\r\n<p>&nbsp;<\/p>\r\n<ul>\r\n<li>11, 12 und 13.05.2018 \/ Hafenfest im Historisches Hafen in Berlin<\/li>\r\n<li>18 und 19.05.2018 \/ Karneval der Kulturen in Berlin<\/li>\r\n<li>03.08.2019 \/ Wasserfest der Berliner Wasserbetriebe<\/li>\r\n<li>01.06.2022 \/ Hospital Medical Center in Goleni\u00f3w. Polen<\/li>\r\n<li>19.06.2022 \/ PerleB\u00c4M Stra\u00dfenkunst-Festival \/ Perleberg<\/li>\r\n<li>25.05.2022 \/ ExtraSchicht Die Nacht der Industriekultur \/ Zollverein, Essen<\/li>\r\n<li>07.,08. und 09.07.2022 \/ ViaThea 26. Internationales Stra\u00dfentheaterfestival \/ G\u00f6rlitz<\/li>\r\n<li>10.07.2022 \/ Internationales Stra\u00dfentheaterfestival Hoyerswerda<\/li>\r\n<li>03.09.2022 \/ Salon K Das Kunst- und Kultur- Fesatival im Lettekiez \/ Berlin<\/li>\r\n<li>21., 22. und 23.07.2023 \/ SOMMERWERFT Festival \/ Frankfurt am Main<\/li>\r\n<li>25., 26. und 27.08.2023 \/ STREET THEATER Festival \u2013 Picadeiro 8 \/ Espinho, Portugal<\/li>\r\n<li>08.03.2024 PUPPENPARADE ORTENAU \/ Lahr<\/li>\r\n<li>06.07 INTERNATIONALES STRA\u00dfENTHEATERFEST OFFENBACH \/ Offenbach<\/li>\r\n<li>21.09.2024 KLIMAFEST \/ Beskow<\/li>\r\n<li>23. &amp; 24.08.25 Tag der Offene T\u00fcr am Bundesumweltministerium \/ Berlin<\/li>\r\n<\/ul>\r\n<p>GALERIE<\/p>\r\n<div id=\"metaslider-id-510\" style=\"max-width: 900px;\" class=\"ml-slider-3-27-14 metaslider metaslider-flex metaslider-510 ml-slider\">\n    <div id=\"metaslider_container_510\">\n        <div id=\"metaslider_510\">\n            <ul aria-live=\"polite\" class=\"slides\">\n                <li style=\"display: block; width: 100%;\" class=\"slide-545 ms-image\"><img src=\"https:\/\/producciones-abismales.com\/de\/wp-content\/uploads\/sites\/2\/2019\/02\/P5197038-e1549039109621-900x900.jpg\" height=\"900\" width=\"900\" alt=\"\" class=\"slider-510 slide-545\" title=\"P5197038\" \/><\/li>\n                <li style=\"display: none; width: 100%;\" class=\"slide-559 ms-image\"><img src=\"https:\/\/producciones-abismales.com\/de\/wp-content\/uploads\/sites\/2\/2022\/09\/20220708_170223-scaled-900x900.jpg\" height=\"900\" width=\"900\" alt=\"\" class=\"slider-510 slide-559\" title=\"20220708_170223\" \/><\/li>\n                <li style=\"display: none; width: 100%;\" class=\"slide-561 ms-image\"><img src=\"https:\/\/producciones-abismales.com\/de\/wp-content\/uploads\/sites\/2\/2022\/09\/IMG_20220625_232907-scaled-900x900.jpg\" height=\"900\" width=\"900\" alt=\"\" class=\"slider-510 slide-561\" title=\"IMG_20220625_232907\" \/><\/li>\n                <li style=\"display: none; width: 100%;\" class=\"slide-576 ms-image\"><img src=\"https:\/\/producciones-abismales.com\/de\/wp-content\/uploads\/sites\/2\/2022\/09\/SalonK_3.9.22_byAntoniaRichter_362-900x900.jpg\" height=\"900\" width=\"900\" alt=\"\" class=\"slider-510 slide-576\" title=\"SalonK_3.9.22_byAntoniaRichter_362\" \/><\/li>\n                <li style=\"display: none; width: 100%;\" class=\"slide-620 ms-image\"><img src=\"https:\/\/producciones-abismales.com\/de\/wp-content\/uploads\/sites\/2\/2019\/02\/32253625_10156434597214511_2467331292757229568_o-e1549042405886-616x1024-616x616.jpg\" height=\"900\" width=\"900\" alt=\"\" class=\"slider-510 slide-620\" title=\"CREATOR: gd-jpeg v1.0 (using IJG JPEG v90), quality = 82\" \/><\/li>\n                <li style=\"display: none; width: 100%;\" class=\"slide-624 ms-image\"><img src=\"https:\/\/producciones-abismales.com\/de\/wp-content\/uploads\/sites\/2\/2022\/09\/SalonK_3.9.22_byAntoniaRichter_402-900x900.jpg\" height=\"900\" width=\"900\" alt=\"\" class=\"slider-510 slide-624\" title=\"SalonK_3.9.22_byAntoniaRichter_402\" \/><\/li>\n                <li style=\"display: none; width: 100%;\" class=\"slide-626 ms-image\"><img src=\"https:\/\/producciones-abismales.com\/de\/wp-content\/uploads\/sites\/2\/2022\/09\/IMG_20220709_190604-scaled-900x900.jpg\" height=\"900\" width=\"900\" alt=\"\" class=\"slider-510 slide-626\" title=\"IMG_20220709_190604\" \/><\/li>\n                <li style=\"display: none; width: 100%;\" class=\"slide-776 ms-image\"><img src=\"https:\/\/producciones-abismales.com\/de\/wp-content\/uploads\/sites\/2\/2022\/09\/IMG-20220707-WA0022-900x900.jpg\" height=\"900\" width=\"900\" alt=\"\" class=\"slider-510 slide-776\" title=\"IMG-20220707-WA0022\" \/><\/li>\n                <li style=\"display: none; width: 100%;\" class=\"slide-777 ms-image\"><img src=\"https:\/\/producciones-abismales.com\/de\/wp-content\/uploads\/sites\/2\/2022\/09\/IMG_20220625_233904-scaled-900x900.jpg\" height=\"900\" width=\"900\" alt=\"\" class=\"slider-510 slide-777\" title=\"IMG_20220625_233904\" \/><\/li>\n                <li style=\"display: none; width: 100%;\" class=\"slide-778 ms-image\"><img src=\"https:\/\/producciones-abismales.com\/de\/wp-content\/uploads\/sites\/2\/2022\/09\/pic2-13-of-41-scaled-900x900.jpg\" height=\"900\" width=\"900\" alt=\"\" class=\"slider-510 slide-778\" title=\"pic2 (13 of 41)\" \/><\/li>\n                <li style=\"display: none; width: 100%;\" class=\"slide-808 ms-image\"><img src=\"https:\/\/producciones-abismales.com\/de\/wp-content\/uploads\/sites\/2\/2022\/09\/SalonK_3.9.22_byAntoniaRichter_406-1-900x900.jpg\" height=\"900\" width=\"900\" alt=\"\" class=\"slider-510 slide-808\" title=\"SalonK_3.9.22_byAntoniaRichter_406\" \/><\/li>\n                <li style=\"display: none; width: 100%;\" class=\"slide-1091 ms-image\"><img src=\"https:\/\/producciones-abismales.com\/de\/wp-content\/uploads\/sites\/2\/2022\/09\/pic2-7-of-41-scaled-900x900.jpg\" height=\"900\" width=\"900\" alt=\"\" class=\"slider-510 slide-1091\" title=\"pic2 (7 of 41)\" \/><\/li>\n                <li style=\"display: none; width: 100%;\" class=\"slide-1520 ms-image\"><img src=\"https:\/\/producciones-abismales.com\/de\/wp-content\/uploads\/sites\/2\/2023\/11\/280A1416-1-scaled-900x900.jpg\" height=\"900\" width=\"900\" alt=\"\" class=\"slider-510 slide-1520\" title=\"280A1416\" \/><\/li>\n                <li style=\"display: none; width: 100%;\" class=\"slide-1521 ms-image\"><img src=\"https:\/\/producciones-abismales.com\/de\/wp-content\/uploads\/sites\/2\/2023\/11\/file7llgj1clbsx160xd3k9-1-626x626.jpg\" height=\"900\" width=\"900\" alt=\"\" class=\"slider-510 slide-1521\" title=\"file7llgj1clbsx160xd3k9\" \/><\/li>\n                <li style=\"display: none; width: 100%;\" class=\"slide-1522 ms-image\"><img src=\"https:\/\/producciones-abismales.com\/de\/wp-content\/uploads\/sites\/2\/2023\/11\/22-1-900x900.jpeg\" height=\"900\" width=\"900\" alt=\"\" class=\"slider-510 slide-1522\" title=\"22\" \/><\/li>\n                <li style=\"display: none; width: 100%;\" class=\"slide-1523 ms-image\"><img src=\"https:\/\/producciones-abismales.com\/de\/wp-content\/uploads\/sites\/2\/2023\/11\/280A1445-1-scaled-900x900.jpg\" height=\"900\" width=\"900\" alt=\"\" class=\"slider-510 slide-1523\" title=\"280A1445\" \/><\/li>\n                <li style=\"display: none; width: 100%;\" class=\"slide-1524 ms-image\"><img src=\"https:\/\/producciones-abismales.com\/de\/wp-content\/uploads\/sites\/2\/2023\/11\/280A1419-1-scaled-900x900.jpg\" height=\"900\" width=\"900\" alt=\"\" class=\"slider-510 slide-1524\" title=\"280A1419\" \/><\/li>\n                <li style=\"display: none; width: 100%;\" class=\"slide-1525 ms-image\"><img src=\"https:\/\/producciones-abismales.com\/de\/wp-content\/uploads\/sites\/2\/2023\/11\/20-1-900x900.jpeg\" height=\"900\" width=\"900\" alt=\"\" class=\"slider-510 slide-1525\" title=\"20\" \/><\/li>\n                <li style=\"display: none; width: 100%;\" class=\"slide-1526 ms-image\"><img src=\"https:\/\/producciones-abismales.com\/de\/wp-content\/uploads\/sites\/2\/2023\/11\/index-1-580x580.jpg\" height=\"900\" width=\"900\" alt=\"\" class=\"slider-510 slide-1526\" title=\"index\" \/><\/li>\n                <li style=\"display: none; width: 100%;\" class=\"slide-1527 ms-image\"><img src=\"https:\/\/producciones-abismales.com\/de\/wp-content\/uploads\/sites\/2\/2023\/11\/24-1-900x900.jpeg\" height=\"900\" width=\"900\" alt=\"\" class=\"slider-510 slide-1527\" title=\"24\" \/><\/li>\n            <\/ul>\n        <\/div>\n        \n    <\/div>\n<\/div>\r\n<p><span style=\"font-size: 8pt\">Fotos 4, 6 und 11 von Antonia Richter <\/span><a href=\"http:\/\/www.gatonia.de\/\" target=\"_blank\" rel=\"noreferrer noopener\" aria-label=\" (\u00f6ffnet in neuem Tab)\"><span style=\"font-size: 8pt\">http:\/\/www.gatonia.de\/<\/span><\/a><\/p>\r\n<p>&nbsp;<\/p>\r\n","protected":false},"excerpt":{"rendered":"<p>Um gr\u00f6\u00dfere Aufmerksamkeit auf unser Thema zu lenken, m\u00f6chten wir unser St\u00fcck nicht allein auf Theaterveranstaltungen anbieten (im klassischen Format) sondern auch als Walking Act bei Kultur und Umwelt-veranstaltungen zeigen. Es ist f\u00fcr den \u00f6ffentlichen Raum gedacht. Videolink Technical Rider Broschure zum Herunterladen &nbsp; 11, 12 und 13.05.2018 \/ Hafenfest im Historisches Hafen in Berlin &hellip; <a href=\"https:\/\/producciones-abismales.com\/de\/die-drachen-des-meeres\/walking-acts\/\" class=\"more-link\"><span class=\"screen-reader-text\">Walking Acts<\/span> weiterlesen<\/a><\/p>\n","protected":false},"author":1,"featured_media":498,"parent":21,"menu_order":0,"comment_status":"closed","ping_status":"closed","template":"","meta":[],"yoast_head":"<!-- This site is optimized with the Yoast SEO plugin v19.11 - https:\/\/yoast.com\/wordpress\/plugins\/seo\/ -->\n<title>Walking Acts &raquo;<\/title>\n<meta name=\"robots\" content=\"index, follow, max-snippet:-1, max-image-preview:large, max-video-preview:-1\" \/>\n<link rel=\"canonical\" href=\"https:\/\/producciones-abismales.com\/de\/die-drachen-des-meeres\/walking-acts\/\" \/>\n<meta property=\"og:locale\" content=\"de_DE\" \/>\n<meta property=\"og:type\" content=\"article\" \/>\n<meta property=\"og:title\" content=\"Walking Acts &raquo;\" \/>\n<meta property=\"og:description\" content=\"Um gr\u00f6\u00dfere Aufmerksamkeit auf unser Thema zu lenken, m\u00f6chten wir unser St\u00fcck nicht allein auf Theaterveranstaltungen anbieten (im klassischen Format) sondern auch als Walking Act bei Kultur und Umwelt-veranstaltungen zeigen. Es ist f\u00fcr den \u00f6ffentlichen Raum gedacht. Videolink Technical Rider Broschure zum Herunterladen &nbsp; 11, 12 und 13.05.2018 \/ Hafenfest im Historisches Hafen in Berlin &hellip; Walking Acts weiterlesen\" \/>\n<meta property=\"og:url\" content=\"https:\/\/producciones-abismales.com\/de\/die-drachen-des-meeres\/walking-acts\/\" \/>\n<meta property=\"article:publisher\" content=\"https:\/\/www.facebook.com\/abismalarte\/\" \/>\n<meta property=\"article:modified_time\" content=\"2025-10-21T15:06:44+00:00\" \/>\n<meta property=\"og:image\" content=\"https:\/\/producciones-abismales.com\/de\/wp-content\/uploads\/sites\/2\/2019\/01\/P5197103ret-1024x506.jpg\" \/>\n\t<meta property=\"og:image:width\" content=\"1024\" \/>\n\t<meta property=\"og:image:height\" content=\"506\" \/>\n\t<meta property=\"og:image:type\" content=\"image\/jpeg\" \/>\n<meta name=\"twitter:card\" content=\"summary_large_image\" \/>\n<meta name=\"twitter:label1\" content=\"Gesch\u00e4tzte Lesezeit\" \/>\n\t<meta name=\"twitter:data1\" content=\"2\u00a0Minuten\" \/>\n<script type=\"application\/ld+json\" class=\"yoast-schema-graph\">{\"@context\":\"https:\/\/schema.org\",\"@graph\":[{\"@type\":\"WebPage\",\"@id\":\"https:\/\/producciones-abismales.com\/de\/die-drachen-des-meeres\/walking-acts\/\",\"url\":\"https:\/\/producciones-abismales.com\/de\/die-drachen-des-meeres\/walking-acts\/\",\"name\":\"Walking Acts &raquo;\",\"isPartOf\":{\"@id\":\"https:\/\/producciones-abismales.com\/de\/#website\"},\"datePublished\":\"2019-01-07T19:18:59+00:00\",\"dateModified\":\"2025-10-21T15:06:44+00:00\",\"breadcrumb\":{\"@id\":\"https:\/\/producciones-abismales.com\/de\/die-drachen-des-meeres\/walking-acts\/#breadcrumb\"},\"inLanguage\":\"de\",\"potentialAction\":[{\"@type\":\"ReadAction\",\"target\":[\"https:\/\/producciones-abismales.com\/de\/die-drachen-des-meeres\/walking-acts\/\"]}]},{\"@type\":\"BreadcrumbList\",\"@id\":\"https:\/\/producciones-abismales.com\/de\/die-drachen-des-meeres\/walking-acts\/#breadcrumb\",\"itemListElement\":[{\"@type\":\"ListItem\",\"position\":1,\"name\":\"Startseite\",\"item\":\"https:\/\/producciones-abismales.com\/de\/\"},{\"@type\":\"ListItem\",\"position\":2,\"name\":\"Die Drachen des Meeres\",\"item\":\"https:\/\/producciones-abismales.com\/de\/die-drachen-des-meeres\/\"},{\"@type\":\"ListItem\",\"position\":3,\"name\":\"Walking Acts\"}]},{\"@type\":\"WebSite\",\"@id\":\"https:\/\/producciones-abismales.com\/de\/#website\",\"url\":\"https:\/\/producciones-abismales.com\/de\/\",\"name\":\"\",\"description\":\"Umwelttheater f\u00fcr die ganze Familie\",\"publisher\":{\"@id\":\"https:\/\/producciones-abismales.com\/de\/#organization\"},\"potentialAction\":[{\"@type\":\"SearchAction\",\"target\":{\"@type\":\"EntryPoint\",\"urlTemplate\":\"https:\/\/producciones-abismales.com\/de\/?s={search_term_string}\"},\"query-input\":\"required name=search_term_string\"}],\"inLanguage\":\"de\"},{\"@type\":\"Organization\",\"@id\":\"https:\/\/producciones-abismales.com\/de\/#organization\",\"name\":\"Producciones Abismales\",\"url\":\"https:\/\/producciones-abismales.com\/de\/\",\"logo\":{\"@type\":\"ImageObject\",\"inLanguage\":\"de\",\"@id\":\"https:\/\/producciones-abismales.com\/de\/#\/schema\/logo\/image\/\",\"url\":\"https:\/\/producciones-abismales.com\/de\/wp-content\/uploads\/sites\/2\/2019\/01\/logo-cuadrado-azul.png\",\"contentUrl\":\"https:\/\/producciones-abismales.com\/de\/wp-content\/uploads\/sites\/2\/2019\/01\/logo-cuadrado-azul.png\",\"width\":433,\"height\":433,\"caption\":\"Producciones Abismales\"},\"image\":{\"@id\":\"https:\/\/producciones-abismales.com\/de\/#\/schema\/logo\/image\/\"},\"sameAs\":[\"https:\/\/www.instagram.com\/abismalarte\/\",\"https:\/\/www.youtube.com\/channel\/UCaLLPZ7K-lUlQTRvwuuLq2Q\",\"https:\/\/www.facebook.com\/abismalarte\/\"]}]}<\/script>\n<!-- \/ Yoast SEO plugin. -->","yoast_head_json":{"title":"Walking Acts &raquo;","robots":{"index":"index","follow":"follow","max-snippet":"max-snippet:-1","max-image-preview":"max-image-preview:large","max-video-preview":"max-video-preview:-1"},"canonical":"https:\/\/producciones-abismales.com\/de\/die-drachen-des-meeres\/walking-acts\/","og_locale":"de_DE","og_type":"article","og_title":"Walking Acts &raquo;","og_description":"Um gr\u00f6\u00dfere Aufmerksamkeit auf unser Thema zu lenken, m\u00f6chten wir unser St\u00fcck nicht allein auf Theaterveranstaltungen anbieten (im klassischen Format) sondern auch als Walking Act bei Kultur und Umwelt-veranstaltungen zeigen. Es ist f\u00fcr den \u00f6ffentlichen Raum gedacht. Videolink Technical Rider Broschure zum Herunterladen &nbsp; 11, 12 und 13.05.2018 \/ Hafenfest im Historisches Hafen in Berlin &hellip; Walking Acts weiterlesen","og_url":"https:\/\/producciones-abismales.com\/de\/die-drachen-des-meeres\/walking-acts\/","article_publisher":"https:\/\/www.facebook.com\/abismalarte\/","article_modified_time":"2025-10-21T15:06:44+00:00","og_image":[{"width":1024,"height":506,"url":"https:\/\/producciones-abismales.com\/de\/wp-content\/uploads\/sites\/2\/2019\/01\/P5197103ret-1024x506.jpg","type":"image\/jpeg"}],"twitter_card":"summary_large_image","twitter_misc":{"Gesch\u00e4tzte Lesezeit":"2\u00a0Minuten"},"schema":{"@context":"https:\/\/schema.org","@graph":[{"@type":"WebPage","@id":"https:\/\/producciones-abismales.com\/de\/die-drachen-des-meeres\/walking-acts\/","url":"https:\/\/producciones-abismales.com\/de\/die-drachen-des-meeres\/walking-acts\/","name":"Walking Acts &raquo;","isPartOf":{"@id":"https:\/\/producciones-abismales.com\/de\/#website"},"datePublished":"2019-01-07T19:18:59+00:00","dateModified":"2025-10-21T15:06:44+00:00","breadcrumb":{"@id":"https:\/\/producciones-abismales.com\/de\/die-drachen-des-meeres\/walking-acts\/#breadcrumb"},"inLanguage":"de","potentialAction":[{"@type":"ReadAction","target":["https:\/\/producciones-abismales.com\/de\/die-drachen-des-meeres\/walking-acts\/"]}]},{"@type":"BreadcrumbList","@id":"https:\/\/producciones-abismales.com\/de\/die-drachen-des-meeres\/walking-acts\/#breadcrumb","itemListElement":[{"@type":"ListItem","position":1,"name":"Startseite","item":"https:\/\/producciones-abismales.com\/de\/"},{"@type":"ListItem","position":2,"name":"Die Drachen des Meeres","item":"https:\/\/producciones-abismales.com\/de\/die-drachen-des-meeres\/"},{"@type":"ListItem","position":3,"name":"Walking Acts"}]},{"@type":"WebSite","@id":"https:\/\/producciones-abismales.com\/de\/#website","url":"https:\/\/producciones-abismales.com\/de\/","name":"","description":"Umwelttheater f\u00fcr die ganze Familie","publisher":{"@id":"https:\/\/producciones-abismales.com\/de\/#organization"},"potentialAction":[{"@type":"SearchAction","target":{"@type":"EntryPoint","urlTemplate":"https:\/\/producciones-abismales.com\/de\/?s={search_term_string}"},"query-input":"required name=search_term_string"}],"inLanguage":"de"},{"@type":"Organization","@id":"https:\/\/producciones-abismales.com\/de\/#organization","name":"Producciones Abismales","url":"https:\/\/producciones-abismales.com\/de\/","logo":{"@type":"ImageObject","inLanguage":"de","@id":"https:\/\/producciones-abismales.com\/de\/#\/schema\/logo\/image\/","url":"https:\/\/producciones-abismales.com\/de\/wp-content\/uploads\/sites\/2\/2019\/01\/logo-cuadrado-azul.png","contentUrl":"https:\/\/producciones-abismales.com\/de\/wp-content\/uploads\/sites\/2\/2019\/01\/logo-cuadrado-azul.png","width":433,"height":433,"caption":"Producciones Abismales"},"image":{"@id":"https:\/\/producciones-abismales.com\/de\/#\/schema\/logo\/image\/"},"sameAs":["https:\/\/www.instagram.com\/abismalarte\/","https:\/\/www.youtube.com\/channel\/UCaLLPZ7K-lUlQTRvwuuLq2Q","https:\/\/www.facebook.com\/abismalarte\/"]}]}},"_links":{"self":[{"href":"https:\/\/producciones-abismales.com\/de\/wp-json\/wp\/v2\/pages\/27"}],"collection":[{"href":"https:\/\/producciones-abismales.com\/de\/wp-json\/wp\/v2\/pages"}],"about":[{"href":"https:\/\/producciones-abismales.com\/de\/wp-json\/wp\/v2\/types\/page"}],"author":[{"embeddable":true,"href":"https:\/\/producciones-abismales.com\/de\/wp-json\/wp\/v2\/users\/1"}],"replies":[{"embeddable":true,"href":"https:\/\/producciones-abismales.com\/de\/wp-json\/wp\/v2\/comments?post=27"}],"version-history":[{"count":29,"href":"https:\/\/producciones-abismales.com\/de\/wp-json\/wp\/v2\/pages\/27\/revisions"}],"predecessor-version":[{"id":1828,"href":"https:\/\/producciones-abismales.com\/de\/wp-json\/wp\/v2\/pages\/27\/revisions\/1828"}],"up":[{"embeddable":true,"href":"https:\/\/producciones-abismales.com\/de\/wp-json\/wp\/v2\/pages\/21"}],"wp:featuredmedia":[{"embeddable":true,"href":"https:\/\/producciones-abismales.com\/de\/wp-json\/wp\/v2\/media\/498"}],"wp:attachment":[{"href":"https:\/\/producciones-abismales.com\/de\/wp-json\/wp\/v2\/media?parent=27"}],"curies":[{"name":"wp","href":"https:\/\/api.w.org\/{rel}","templated":true}]}}