{"id":29,"date":"2019-01-07T20:20:44","date_gmt":"2019-01-07T19:20:44","guid":{"rendered":"https:\/\/producciones-abismales.com\/de\/?page_id=29"},"modified":"2023-12-18T23:56:01","modified_gmt":"2023-12-18T22:56:01","slug":"broschuere-technical-rider","status":"publish","type":"page","link":"https:\/\/producciones-abismales.com\/de\/die-drachen-des-meeres\/broschuere-technical-rider\/","title":{"rendered":"Technical Rider"},"content":{"rendered":"\r\n<p><a href=\"https:\/\/drive.google.com\/file\/d\/17_T6wza8UBlQxXrUADThJXJeAYmziH_N\/view?usp=drive_link\" target=\"_blank\" rel=\"noreferrer noopener\" aria-label=\"Link zum herunterladen  (\u00f6ffnet in neuem Tab)\">Link zum herunterladen <\/a><\/p>\r\n\r\n\r\n\r\n<h2>Show<\/h2>\r\n\r\n\r\n\r\n<ul>\r\n<li>Musik Anlage: F\u00fcr unser Theaterst\u00fcck haben wir 2 aktive Lautsprecher, und die notwendige Technik f\u00fcr die Theaterauff\u00fchrung. Wir brauchen auch kein Strom.<\/li>\r\n<li>Puppe Montage (in einem von Wind gesch\u00fctzten Ort ) ca. 2 Stunden<\/li>\r\n<li>Spielfl\u00e4che Aufbau (B\u00fchnenbild und Technik) ca. 3 Stunden<\/li>\r\n<li>optimal w\u00e4re einen Tag fr\u00fcher vor Ort sein.<\/li>\r\n<li>Umbau Zeit zwischen Shows: 30 Min.<\/li>\r\n<li>Abbau: ca. 3 Stunden<\/li>\r\n<li>Spielzeit: 30 Min. oder 45 Min.<\/li>\r\n<li>Spielfl\u00e4che: Mindestens 10 Mts Breit x 6 Mts. Tief x 4 Mts Hoch.<\/li>\r\n<li>Bei mehreren Auftritte brauchen wir einen gesch\u00fctzten Ort zum lagern unsere Puppe und Theater Requisiten.<\/li>\r\n<\/ul>\r\n\r\n\r\n\r\n<p>&nbsp;<\/p>\r\n\r\n\r\n\r\n<h2>Walking Acts<\/h2>\r\n\r\n\r\n\r\n<ul>\r\n<li>Puppe Montage (in einem von Wind gesch\u00fctzten Ort ) ca. 2 Stunden<\/li>\r\n<li>Abbau: ca. 2 Stunden<\/li>\r\n<li>Spielzeit: 30 Min oder 45 Min.<\/li>\r\n<li>Wir brauchen einen gesch\u00fctzten Ort zum lagern unsere Puppe und Theater Requisiten.<\/li>\r\n<\/ul>\r\n\r\n\r\n\r\n<p>&nbsp;<\/p>\r\n\r\n\r\n\r\n<p>&nbsp;<\/p>\r\n\r\n\r\n\r\n<p>&nbsp;<\/p>\r\n\r\n\r\n\r\n<figure class=\"is-layout-flex wp-block-gallery-1 wp-block-gallery columns-1 is-cropped\">\r\n<ul class=\"blocks-gallery-grid\">\r\n<li class=\"blocks-gallery-item\">\r\n<figure><img decoding=\"async\" class=\"wp-image-522\" src=\"https:\/\/producciones-abismales.com\/de\/wp-content\/uploads\/sites\/2\/2019\/01\/mapa-web--705x1024.jpg\" alt=\"\" data-id=\"522\" data-link=\"https:\/\/producciones-abismales.com\/de\/mapa-web\/\" \/><\/figure>\r\n<\/li>\r\n<\/ul>\r\n<\/figure>\r\n\r\n\r\n\r\n<p class=\"has-text-align-left\">\u00a0<\/p>\r\n","protected":false},"excerpt":{"rendered":"<p>Link zum herunterladen Show Musik Anlage: F\u00fcr unser Theaterst\u00fcck haben wir 2 aktive Lautsprecher, und die notwendige Technik f\u00fcr die Theaterauff\u00fchrung. Wir brauchen auch kein Strom. Puppe Montage (in einem von Wind gesch\u00fctzten Ort ) ca. 2 Stunden Spielfl\u00e4che Aufbau (B\u00fchnenbild und Technik) ca. 3 Stunden optimal w\u00e4re einen Tag fr\u00fcher vor Ort sein. Umbau &hellip; <a href=\"https:\/\/producciones-abismales.com\/de\/die-drachen-des-meeres\/broschuere-technical-rider\/\" class=\"more-link\"><span class=\"screen-reader-text\">Technical Rider<\/span> weiterlesen<\/a><\/p>\n","protected":false},"author":1,"featured_media":409,"parent":21,"menu_order":0,"comment_status":"closed","ping_status":"closed","template":"","meta":[],"yoast_head":"<!-- This site is optimized with the Yoast SEO plugin v19.11 - https:\/\/yoast.com\/wordpress\/plugins\/seo\/ -->\n<title>Technical Rider &raquo;<\/title>\n<meta name=\"robots\" content=\"index, follow, max-snippet:-1, max-image-preview:large, max-video-preview:-1\" \/>\n<link rel=\"canonical\" href=\"https:\/\/producciones-abismales.com\/de\/die-drachen-des-meeres\/broschuere-technical-rider\/\" \/>\n<meta property=\"og:locale\" content=\"de_DE\" \/>\n<meta property=\"og:type\" content=\"article\" \/>\n<meta property=\"og:title\" content=\"Technical Rider &raquo;\" \/>\n<meta property=\"og:description\" content=\"Link zum herunterladen Show Musik Anlage: F\u00fcr unser Theaterst\u00fcck haben wir 2 aktive Lautsprecher, und die notwendige Technik f\u00fcr die Theaterauff\u00fchrung. Wir brauchen auch kein Strom. Puppe Montage (in einem von Wind gesch\u00fctzten Ort ) ca. 2 Stunden Spielfl\u00e4che Aufbau (B\u00fchnenbild und Technik) ca. 3 Stunden optimal w\u00e4re einen Tag fr\u00fcher vor Ort sein. Umbau &hellip; Technical Rider weiterlesen\" \/>\n<meta property=\"og:url\" content=\"https:\/\/producciones-abismales.com\/de\/die-drachen-des-meeres\/broschuere-technical-rider\/\" \/>\n<meta property=\"article:publisher\" content=\"https:\/\/www.facebook.com\/abismalarte\/\" \/>\n<meta property=\"article:modified_time\" content=\"2023-12-18T22:56:01+00:00\" \/>\n<meta property=\"og:image\" content=\"https:\/\/producciones-abismales.com\/de\/wp-content\/uploads\/sites\/2\/2019\/01\/plano-gris.jpg\" \/>\n\t<meta property=\"og:image:width\" content=\"5756\" \/>\n\t<meta property=\"og:image:height\" content=\"1128\" \/>\n\t<meta property=\"og:image:type\" content=\"image\/jpeg\" \/>\n<meta name=\"twitter:card\" content=\"summary_large_image\" \/>\n<meta name=\"twitter:label1\" content=\"Gesch\u00e4tzte Lesezeit\" \/>\n\t<meta name=\"twitter:data1\" content=\"1\u00a0Minute\" \/>\n<script type=\"application\/ld+json\" class=\"yoast-schema-graph\">{\"@context\":\"https:\/\/schema.org\",\"@graph\":[{\"@type\":\"WebPage\",\"@id\":\"https:\/\/producciones-abismales.com\/de\/die-drachen-des-meeres\/broschuere-technical-rider\/\",\"url\":\"https:\/\/producciones-abismales.com\/de\/die-drachen-des-meeres\/broschuere-technical-rider\/\",\"name\":\"Technical Rider &raquo;\",\"isPartOf\":{\"@id\":\"https:\/\/producciones-abismales.com\/de\/#website\"},\"datePublished\":\"2019-01-07T19:20:44+00:00\",\"dateModified\":\"2023-12-18T22:56:01+00:00\",\"breadcrumb\":{\"@id\":\"https:\/\/producciones-abismales.com\/de\/die-drachen-des-meeres\/broschuere-technical-rider\/#breadcrumb\"},\"inLanguage\":\"de\",\"potentialAction\":[{\"@type\":\"ReadAction\",\"target\":[\"https:\/\/producciones-abismales.com\/de\/die-drachen-des-meeres\/broschuere-technical-rider\/\"]}]},{\"@type\":\"BreadcrumbList\",\"@id\":\"https:\/\/producciones-abismales.com\/de\/die-drachen-des-meeres\/broschuere-technical-rider\/#breadcrumb\",\"itemListElement\":[{\"@type\":\"ListItem\",\"position\":1,\"name\":\"Startseite\",\"item\":\"https:\/\/producciones-abismales.com\/de\/\"},{\"@type\":\"ListItem\",\"position\":2,\"name\":\"Die Drachen des Meeres\",\"item\":\"https:\/\/producciones-abismales.com\/de\/die-drachen-des-meeres\/\"},{\"@type\":\"ListItem\",\"position\":3,\"name\":\"Technical Rider\"}]},{\"@type\":\"WebSite\",\"@id\":\"https:\/\/producciones-abismales.com\/de\/#website\",\"url\":\"https:\/\/producciones-abismales.com\/de\/\",\"name\":\"\",\"description\":\"Umwelttheater f\u00fcr die ganze Familie\",\"publisher\":{\"@id\":\"https:\/\/producciones-abismales.com\/de\/#organization\"},\"potentialAction\":[{\"@type\":\"SearchAction\",\"target\":{\"@type\":\"EntryPoint\",\"urlTemplate\":\"https:\/\/producciones-abismales.com\/de\/?s={search_term_string}\"},\"query-input\":\"required name=search_term_string\"}],\"inLanguage\":\"de\"},{\"@type\":\"Organization\",\"@id\":\"https:\/\/producciones-abismales.com\/de\/#organization\",\"name\":\"Producciones Abismales\",\"url\":\"https:\/\/producciones-abismales.com\/de\/\",\"logo\":{\"@type\":\"ImageObject\",\"inLanguage\":\"de\",\"@id\":\"https:\/\/producciones-abismales.com\/de\/#\/schema\/logo\/image\/\",\"url\":\"https:\/\/producciones-abismales.com\/de\/wp-content\/uploads\/sites\/2\/2019\/01\/logo-cuadrado-azul.png\",\"contentUrl\":\"https:\/\/producciones-abismales.com\/de\/wp-content\/uploads\/sites\/2\/2019\/01\/logo-cuadrado-azul.png\",\"width\":433,\"height\":433,\"caption\":\"Producciones Abismales\"},\"image\":{\"@id\":\"https:\/\/producciones-abismales.com\/de\/#\/schema\/logo\/image\/\"},\"sameAs\":[\"https:\/\/www.instagram.com\/abismalarte\/\",\"https:\/\/www.youtube.com\/channel\/UCaLLPZ7K-lUlQTRvwuuLq2Q\",\"https:\/\/www.facebook.com\/abismalarte\/\"]}]}<\/script>\n<!-- \/ Yoast SEO plugin. -->","yoast_head_json":{"title":"Technical Rider &raquo;","robots":{"index":"index","follow":"follow","max-snippet":"max-snippet:-1","max-image-preview":"max-image-preview:large","max-video-preview":"max-video-preview:-1"},"canonical":"https:\/\/producciones-abismales.com\/de\/die-drachen-des-meeres\/broschuere-technical-rider\/","og_locale":"de_DE","og_type":"article","og_title":"Technical Rider &raquo;","og_description":"Link zum herunterladen Show Musik Anlage: F\u00fcr unser Theaterst\u00fcck haben wir 2 aktive Lautsprecher, und die notwendige Technik f\u00fcr die Theaterauff\u00fchrung. Wir brauchen auch kein Strom. Puppe Montage (in einem von Wind gesch\u00fctzten Ort ) ca. 2 Stunden Spielfl\u00e4che Aufbau (B\u00fchnenbild und Technik) ca. 3 Stunden optimal w\u00e4re einen Tag fr\u00fcher vor Ort sein. Umbau &hellip; Technical Rider weiterlesen","og_url":"https:\/\/producciones-abismales.com\/de\/die-drachen-des-meeres\/broschuere-technical-rider\/","article_publisher":"https:\/\/www.facebook.com\/abismalarte\/","article_modified_time":"2023-12-18T22:56:01+00:00","og_image":[{"width":5756,"height":1128,"url":"https:\/\/producciones-abismales.com\/de\/wp-content\/uploads\/sites\/2\/2019\/01\/plano-gris.jpg","type":"image\/jpeg"}],"twitter_card":"summary_large_image","twitter_misc":{"Gesch\u00e4tzte Lesezeit":"1\u00a0Minute"},"schema":{"@context":"https:\/\/schema.org","@graph":[{"@type":"WebPage","@id":"https:\/\/producciones-abismales.com\/de\/die-drachen-des-meeres\/broschuere-technical-rider\/","url":"https:\/\/producciones-abismales.com\/de\/die-drachen-des-meeres\/broschuere-technical-rider\/","name":"Technical Rider &raquo;","isPartOf":{"@id":"https:\/\/producciones-abismales.com\/de\/#website"},"datePublished":"2019-01-07T19:20:44+00:00","dateModified":"2023-12-18T22:56:01+00:00","breadcrumb":{"@id":"https:\/\/producciones-abismales.com\/de\/die-drachen-des-meeres\/broschuere-technical-rider\/#breadcrumb"},"inLanguage":"de","potentialAction":[{"@type":"ReadAction","target":["https:\/\/producciones-abismales.com\/de\/die-drachen-des-meeres\/broschuere-technical-rider\/"]}]},{"@type":"BreadcrumbList","@id":"https:\/\/producciones-abismales.com\/de\/die-drachen-des-meeres\/broschuere-technical-rider\/#breadcrumb","itemListElement":[{"@type":"ListItem","position":1,"name":"Startseite","item":"https:\/\/producciones-abismales.com\/de\/"},{"@type":"ListItem","position":2,"name":"Die Drachen des Meeres","item":"https:\/\/producciones-abismales.com\/de\/die-drachen-des-meeres\/"},{"@type":"ListItem","position":3,"name":"Technical Rider"}]},{"@type":"WebSite","@id":"https:\/\/producciones-abismales.com\/de\/#website","url":"https:\/\/producciones-abismales.com\/de\/","name":"","description":"Umwelttheater f\u00fcr die ganze Familie","publisher":{"@id":"https:\/\/producciones-abismales.com\/de\/#organization"},"potentialAction":[{"@type":"SearchAction","target":{"@type":"EntryPoint","urlTemplate":"https:\/\/producciones-abismales.com\/de\/?s={search_term_string}"},"query-input":"required name=search_term_string"}],"inLanguage":"de"},{"@type":"Organization","@id":"https:\/\/producciones-abismales.com\/de\/#organization","name":"Producciones Abismales","url":"https:\/\/producciones-abismales.com\/de\/","logo":{"@type":"ImageObject","inLanguage":"de","@id":"https:\/\/producciones-abismales.com\/de\/#\/schema\/logo\/image\/","url":"https:\/\/producciones-abismales.com\/de\/wp-content\/uploads\/sites\/2\/2019\/01\/logo-cuadrado-azul.png","contentUrl":"https:\/\/producciones-abismales.com\/de\/wp-content\/uploads\/sites\/2\/2019\/01\/logo-cuadrado-azul.png","width":433,"height":433,"caption":"Producciones Abismales"},"image":{"@id":"https:\/\/producciones-abismales.com\/de\/#\/schema\/logo\/image\/"},"sameAs":["https:\/\/www.instagram.com\/abismalarte\/","https:\/\/www.youtube.com\/channel\/UCaLLPZ7K-lUlQTRvwuuLq2Q","https:\/\/www.facebook.com\/abismalarte\/"]}]}},"_links":{"self":[{"href":"https:\/\/producciones-abismales.com\/de\/wp-json\/wp\/v2\/pages\/29"}],"collection":[{"href":"https:\/\/producciones-abismales.com\/de\/wp-json\/wp\/v2\/pages"}],"about":[{"href":"https:\/\/producciones-abismales.com\/de\/wp-json\/wp\/v2\/types\/page"}],"author":[{"embeddable":true,"href":"https:\/\/producciones-abismales.com\/de\/wp-json\/wp\/v2\/users\/1"}],"replies":[{"embeddable":true,"href":"https:\/\/producciones-abismales.com\/de\/wp-json\/wp\/v2\/comments?post=29"}],"version-history":[{"count":21,"href":"https:\/\/producciones-abismales.com\/de\/wp-json\/wp\/v2\/pages\/29\/revisions"}],"predecessor-version":[{"id":1568,"href":"https:\/\/producciones-abismales.com\/de\/wp-json\/wp\/v2\/pages\/29\/revisions\/1568"}],"up":[{"embeddable":true,"href":"https:\/\/producciones-abismales.com\/de\/wp-json\/wp\/v2\/pages\/21"}],"wp:featuredmedia":[{"embeddable":true,"href":"https:\/\/producciones-abismales.com\/de\/wp-json\/wp\/v2\/media\/409"}],"wp:attachment":[{"href":"https:\/\/producciones-abismales.com\/de\/wp-json\/wp\/v2\/media?parent=29"}],"curies":[{"name":"wp","href":"https:\/\/api.w.org\/{rel}","templated":true}]}}