{"id":323,"date":"2019-01-12T23:00:52","date_gmt":"2019-01-12T22:00:52","guid":{"rendered":"https:\/\/producciones-abismales.com\/de\/?page_id=323"},"modified":"2023-12-19T01:21:19","modified_gmt":"2023-12-19T00:21:19","slug":"broschuere","status":"publish","type":"page","link":"https:\/\/producciones-abismales.com\/de\/die-drachen-des-meeres\/broschuere\/","title":{"rendered":"Brosch\u00fcre"},"content":{"rendered":"<p>BROSCH\u00dcRE PDF ZUM HERUNTERLADEN<\/p>\r\n<p><a href=\"https:\/\/drive.google.com\/file\/d\/1kfe5yuO2lVTaZxhkCbuwBE7KOGkaRsHq\/view?usp=drive_link\" target=\"_blank\" rel=\"noopener\">Broschur &#8222;Die Drachen der Meeres&#8220;<\/a><\/p>\r\n<p><a href=\"https:\/\/drive.google.com\/file\/d\/1l-B1K7A_WdiCNUDrcBJAdoA_a-ymhWqp\/view?usp=drive_link\" target=\"_blank\" rel=\"noopener\">Broschur &#8222;InTi und die Schiffbr\u00fcchige&#8220;<\/a><\/p>\r\n<p><a href=\"https:\/\/drive.google.com\/file\/d\/1H1O0NP1Rx4iR7yABnV3cyJ-HK6g-5IyI\/view?usp=drive_link\" target=\"_blank\" rel=\"noopener\">Broschur &#8222;Dayoub &amp; Naga&#8220;<\/a><\/p>\r\n<p><a href=\"https:\/\/drive.google.com\/file\/d\/1waTsQLJCA2r9UqPnG5oNb-tru-Fo2Lp6\/view\" target=\"_blank\" rel=\"noopener\">Broschur Angebot f\u00fcr die Schulen<\/a><\/p>\r\n<p><a href=\"https:\/\/drive.google.com\/file\/d\/1DCXsPRhEMr2qNibOugtNvQQ0ItrmGJ0S\/view?usp=drive_link\" target=\"_blank\" rel=\"noopener\">\u00a0Broschur Projektwoche<\/a><\/p>\r\n\r\n<figure class=\"wp-block-image size-large\"><\/figure>\r\n\r\n\r\n\r\n<figure class=\"wp-block-image size-large\"><\/figure>\r\n\r\n\r\n\r\n<figure class=\"wp-block-image\"><\/figure>\r\n\r\n\r\n\r\n<figure class=\"wp-block-image\"><\/figure>\r\n","protected":false},"excerpt":{"rendered":"<p>BROSCH\u00dcRE PDF ZUM HERUNTERLADEN Broschur &#8222;Die Drachen der Meeres&#8220; Broschur &#8222;InTi und die Schiffbr\u00fcchige&#8220; Broschur &#8222;Dayoub &amp; Naga&#8220; Broschur Angebot f\u00fcr die Schulen \u00a0Broschur Projektwoche<\/p>\n","protected":false},"author":3,"featured_media":409,"parent":21,"menu_order":0,"comment_status":"closed","ping_status":"closed","template":"","meta":[],"yoast_head":"<!-- This site is optimized with the Yoast SEO plugin v19.11 - https:\/\/yoast.com\/wordpress\/plugins\/seo\/ -->\n<title>Brosch\u00fcre &raquo;<\/title>\n<meta name=\"robots\" content=\"index, follow, max-snippet:-1, max-image-preview:large, max-video-preview:-1\" \/>\n<link rel=\"canonical\" href=\"https:\/\/producciones-abismales.com\/de\/die-drachen-des-meeres\/broschuere\/\" \/>\n<meta property=\"og:locale\" content=\"de_DE\" \/>\n<meta property=\"og:type\" content=\"article\" \/>\n<meta property=\"og:title\" content=\"Brosch\u00fcre &raquo;\" \/>\n<meta property=\"og:description\" content=\"BROSCH\u00dcRE PDF ZUM HERUNTERLADEN Broschur &#8222;Die Drachen der Meeres&#8220; Broschur &#8222;InTi und die Schiffbr\u00fcchige&#8220; Broschur &#8222;Dayoub &amp; Naga&#8220; Broschur Angebot f\u00fcr die Schulen \u00a0Broschur Projektwoche\" \/>\n<meta property=\"og:url\" content=\"https:\/\/producciones-abismales.com\/de\/die-drachen-des-meeres\/broschuere\/\" \/>\n<meta property=\"article:publisher\" content=\"https:\/\/www.facebook.com\/abismalarte\/\" \/>\n<meta property=\"article:modified_time\" content=\"2023-12-19T00:21:19+00:00\" \/>\n<meta property=\"og:image\" content=\"https:\/\/producciones-abismales.com\/de\/wp-content\/uploads\/sites\/2\/2019\/01\/plano-gris.jpg\" \/>\n\t<meta property=\"og:image:width\" content=\"5756\" \/>\n\t<meta property=\"og:image:height\" content=\"1128\" \/>\n\t<meta property=\"og:image:type\" content=\"image\/jpeg\" \/>\n<meta name=\"twitter:card\" content=\"summary_large_image\" \/>\n<meta name=\"twitter:label1\" content=\"Gesch\u00e4tzte Lesezeit\" \/>\n\t<meta name=\"twitter:data1\" content=\"1\u00a0Minute\" \/>\n<script type=\"application\/ld+json\" class=\"yoast-schema-graph\">{\"@context\":\"https:\/\/schema.org\",\"@graph\":[{\"@type\":\"WebPage\",\"@id\":\"https:\/\/producciones-abismales.com\/de\/die-drachen-des-meeres\/broschuere\/\",\"url\":\"https:\/\/producciones-abismales.com\/de\/die-drachen-des-meeres\/broschuere\/\",\"name\":\"Brosch\u00fcre &raquo;\",\"isPartOf\":{\"@id\":\"https:\/\/producciones-abismales.com\/de\/#website\"},\"datePublished\":\"2019-01-12T22:00:52+00:00\",\"dateModified\":\"2023-12-19T00:21:19+00:00\",\"breadcrumb\":{\"@id\":\"https:\/\/producciones-abismales.com\/de\/die-drachen-des-meeres\/broschuere\/#breadcrumb\"},\"inLanguage\":\"de\",\"potentialAction\":[{\"@type\":\"ReadAction\",\"target\":[\"https:\/\/producciones-abismales.com\/de\/die-drachen-des-meeres\/broschuere\/\"]}]},{\"@type\":\"BreadcrumbList\",\"@id\":\"https:\/\/producciones-abismales.com\/de\/die-drachen-des-meeres\/broschuere\/#breadcrumb\",\"itemListElement\":[{\"@type\":\"ListItem\",\"position\":1,\"name\":\"Startseite\",\"item\":\"https:\/\/producciones-abismales.com\/de\/\"},{\"@type\":\"ListItem\",\"position\":2,\"name\":\"Die Drachen des Meeres\",\"item\":\"https:\/\/producciones-abismales.com\/de\/die-drachen-des-meeres\/\"},{\"@type\":\"ListItem\",\"position\":3,\"name\":\"Brosch\u00fcre\"}]},{\"@type\":\"WebSite\",\"@id\":\"https:\/\/producciones-abismales.com\/de\/#website\",\"url\":\"https:\/\/producciones-abismales.com\/de\/\",\"name\":\"\",\"description\":\"Umwelttheater f\u00fcr die ganze Familie\",\"publisher\":{\"@id\":\"https:\/\/producciones-abismales.com\/de\/#organization\"},\"potentialAction\":[{\"@type\":\"SearchAction\",\"target\":{\"@type\":\"EntryPoint\",\"urlTemplate\":\"https:\/\/producciones-abismales.com\/de\/?s={search_term_string}\"},\"query-input\":\"required name=search_term_string\"}],\"inLanguage\":\"de\"},{\"@type\":\"Organization\",\"@id\":\"https:\/\/producciones-abismales.com\/de\/#organization\",\"name\":\"Producciones Abismales\",\"url\":\"https:\/\/producciones-abismales.com\/de\/\",\"logo\":{\"@type\":\"ImageObject\",\"inLanguage\":\"de\",\"@id\":\"https:\/\/producciones-abismales.com\/de\/#\/schema\/logo\/image\/\",\"url\":\"https:\/\/producciones-abismales.com\/de\/wp-content\/uploads\/sites\/2\/2019\/01\/logo-cuadrado-azul.png\",\"contentUrl\":\"https:\/\/producciones-abismales.com\/de\/wp-content\/uploads\/sites\/2\/2019\/01\/logo-cuadrado-azul.png\",\"width\":433,\"height\":433,\"caption\":\"Producciones Abismales\"},\"image\":{\"@id\":\"https:\/\/producciones-abismales.com\/de\/#\/schema\/logo\/image\/\"},\"sameAs\":[\"https:\/\/www.instagram.com\/abismalarte\/\",\"https:\/\/www.youtube.com\/channel\/UCaLLPZ7K-lUlQTRvwuuLq2Q\",\"https:\/\/www.facebook.com\/abismalarte\/\"]}]}<\/script>\n<!-- \/ Yoast SEO plugin. -->","yoast_head_json":{"title":"Brosch\u00fcre &raquo;","robots":{"index":"index","follow":"follow","max-snippet":"max-snippet:-1","max-image-preview":"max-image-preview:large","max-video-preview":"max-video-preview:-1"},"canonical":"https:\/\/producciones-abismales.com\/de\/die-drachen-des-meeres\/broschuere\/","og_locale":"de_DE","og_type":"article","og_title":"Brosch\u00fcre &raquo;","og_description":"BROSCH\u00dcRE PDF ZUM HERUNTERLADEN Broschur &#8222;Die Drachen der Meeres&#8220; Broschur &#8222;InTi und die Schiffbr\u00fcchige&#8220; Broschur &#8222;Dayoub &amp; Naga&#8220; Broschur Angebot f\u00fcr die Schulen \u00a0Broschur Projektwoche","og_url":"https:\/\/producciones-abismales.com\/de\/die-drachen-des-meeres\/broschuere\/","article_publisher":"https:\/\/www.facebook.com\/abismalarte\/","article_modified_time":"2023-12-19T00:21:19+00:00","og_image":[{"width":5756,"height":1128,"url":"https:\/\/producciones-abismales.com\/de\/wp-content\/uploads\/sites\/2\/2019\/01\/plano-gris.jpg","type":"image\/jpeg"}],"twitter_card":"summary_large_image","twitter_misc":{"Gesch\u00e4tzte Lesezeit":"1\u00a0Minute"},"schema":{"@context":"https:\/\/schema.org","@graph":[{"@type":"WebPage","@id":"https:\/\/producciones-abismales.com\/de\/die-drachen-des-meeres\/broschuere\/","url":"https:\/\/producciones-abismales.com\/de\/die-drachen-des-meeres\/broschuere\/","name":"Brosch\u00fcre &raquo;","isPartOf":{"@id":"https:\/\/producciones-abismales.com\/de\/#website"},"datePublished":"2019-01-12T22:00:52+00:00","dateModified":"2023-12-19T00:21:19+00:00","breadcrumb":{"@id":"https:\/\/producciones-abismales.com\/de\/die-drachen-des-meeres\/broschuere\/#breadcrumb"},"inLanguage":"de","potentialAction":[{"@type":"ReadAction","target":["https:\/\/producciones-abismales.com\/de\/die-drachen-des-meeres\/broschuere\/"]}]},{"@type":"BreadcrumbList","@id":"https:\/\/producciones-abismales.com\/de\/die-drachen-des-meeres\/broschuere\/#breadcrumb","itemListElement":[{"@type":"ListItem","position":1,"name":"Startseite","item":"https:\/\/producciones-abismales.com\/de\/"},{"@type":"ListItem","position":2,"name":"Die Drachen des Meeres","item":"https:\/\/producciones-abismales.com\/de\/die-drachen-des-meeres\/"},{"@type":"ListItem","position":3,"name":"Brosch\u00fcre"}]},{"@type":"WebSite","@id":"https:\/\/producciones-abismales.com\/de\/#website","url":"https:\/\/producciones-abismales.com\/de\/","name":"","description":"Umwelttheater f\u00fcr die ganze Familie","publisher":{"@id":"https:\/\/producciones-abismales.com\/de\/#organization"},"potentialAction":[{"@type":"SearchAction","target":{"@type":"EntryPoint","urlTemplate":"https:\/\/producciones-abismales.com\/de\/?s={search_term_string}"},"query-input":"required name=search_term_string"}],"inLanguage":"de"},{"@type":"Organization","@id":"https:\/\/producciones-abismales.com\/de\/#organization","name":"Producciones Abismales","url":"https:\/\/producciones-abismales.com\/de\/","logo":{"@type":"ImageObject","inLanguage":"de","@id":"https:\/\/producciones-abismales.com\/de\/#\/schema\/logo\/image\/","url":"https:\/\/producciones-abismales.com\/de\/wp-content\/uploads\/sites\/2\/2019\/01\/logo-cuadrado-azul.png","contentUrl":"https:\/\/producciones-abismales.com\/de\/wp-content\/uploads\/sites\/2\/2019\/01\/logo-cuadrado-azul.png","width":433,"height":433,"caption":"Producciones Abismales"},"image":{"@id":"https:\/\/producciones-abismales.com\/de\/#\/schema\/logo\/image\/"},"sameAs":["https:\/\/www.instagram.com\/abismalarte\/","https:\/\/www.youtube.com\/channel\/UCaLLPZ7K-lUlQTRvwuuLq2Q","https:\/\/www.facebook.com\/abismalarte\/"]}]}},"_links":{"self":[{"href":"https:\/\/producciones-abismales.com\/de\/wp-json\/wp\/v2\/pages\/323"}],"collection":[{"href":"https:\/\/producciones-abismales.com\/de\/wp-json\/wp\/v2\/pages"}],"about":[{"href":"https:\/\/producciones-abismales.com\/de\/wp-json\/wp\/v2\/types\/page"}],"author":[{"embeddable":true,"href":"https:\/\/producciones-abismales.com\/de\/wp-json\/wp\/v2\/users\/3"}],"replies":[{"embeddable":true,"href":"https:\/\/producciones-abismales.com\/de\/wp-json\/wp\/v2\/comments?post=323"}],"version-history":[{"count":19,"href":"https:\/\/producciones-abismales.com\/de\/wp-json\/wp\/v2\/pages\/323\/revisions"}],"predecessor-version":[{"id":1574,"href":"https:\/\/producciones-abismales.com\/de\/wp-json\/wp\/v2\/pages\/323\/revisions\/1574"}],"up":[{"embeddable":true,"href":"https:\/\/producciones-abismales.com\/de\/wp-json\/wp\/v2\/pages\/21"}],"wp:featuredmedia":[{"embeddable":true,"href":"https:\/\/producciones-abismales.com\/de\/wp-json\/wp\/v2\/media\/409"}],"wp:attachment":[{"href":"https:\/\/producciones-abismales.com\/de\/wp-json\/wp\/v2\/media?parent=323"}],"curies":[{"name":"wp","href":"https:\/\/api.w.org\/{rel}","templated":true}]}}