{"id":33,"date":"2019-01-07T20:22:03","date_gmt":"2019-01-07T19:22:03","guid":{"rendered":"https:\/\/producciones-abismales.com\/de\/?page_id=33"},"modified":"2023-08-02T08:04:47","modified_gmt":"2023-08-02T06:04:47","slug":"titel","status":"publish","type":"page","link":"https:\/\/producciones-abismales.com\/de\/","title":{"rendered":"Home"},"content":{"rendered":"\r\n<p class=\"has-text-align-center\" style=\"font-size: 18px\">Producciones Abismales fusioniert Physical Theater und Tanz mit Objekt-Theater.<\/p>\r\n\r\n\r\n\r\n<p style=\"font-size: 18px\">Da wir daran glauben, dass ein Umdenken in der Gesellschaft m\u00f6glich und notwendig ist, sind \u201eDie Drachen des Meeres\u201c und \u201eDayoub und Naga\u201c unsere der Umwelt gewidmeten Shows. Wir sind uns bewusst, dass dies keine leichte Aufgabe ist, aber wir sind davon \u00fcberzeugt, dass es durch das Theater m\u00f6glich ist, die \u00d6ffentlichkeit zu sensibilisieren. Deshalb haben wir uns f\u00fcr das Stra\u00dfentheater als Verbreitungsweg entschieden, der f\u00fcr alle offen und zug\u00e4nglich ist, ohne kulturelle oder soziale Einschr\u00e4nkungen. <br \/>Viele werden uns f\u00fcr Idealisten halten, aber wir sind der Meinung (zum Gl\u00fcck sind wir nicht die Einzigen), dass wir \u00fcber die Mittel und die Technologie verf\u00fcgen, um das Gleichgewicht mit der Natur, unserer Mutter Erde, zu finden, dass es noch nicht zu sp\u00e4t ist, kurz gesagt, es h\u00e4ngt nur von uns ab. \u00a0\u00a0<\/p>\r\n","protected":false},"excerpt":{"rendered":"<p>Producciones Abismales fusioniert Physical Theater und Tanz mit Objekt-Theater. Da wir daran glauben, dass ein Umdenken in der Gesellschaft m\u00f6glich und notwendig ist, sind \u201eDie Drachen des Meeres\u201c und \u201eDayoub und Naga\u201c unsere der Umwelt gewidmeten Shows. Wir sind uns bewusst, dass dies keine leichte Aufgabe ist, aber wir sind davon \u00fcberzeugt, dass es durch &hellip; <a href=\"https:\/\/producciones-abismales.com\/de\/\" class=\"more-link\"><span class=\"screen-reader-text\">Home<\/span> weiterlesen<\/a><\/p>\n","protected":false},"author":1,"featured_media":0,"parent":0,"menu_order":0,"comment_status":"closed","ping_status":"closed","template":"","meta":[],"yoast_head":"<!-- This site is optimized with the Yoast SEO plugin v19.11 - https:\/\/yoast.com\/wordpress\/plugins\/seo\/ -->\n<title>Home Umwelttheater f\u00fcr die ganze Familie &raquo;<\/title>\n<meta name=\"description\" content=\"Producciones Abismales, Umwelttheater f\u00fcr die ganze Familie fusioniert Physical Theater und Tanz mit Objekt-Theater\" \/>\n<meta name=\"robots\" content=\"index, follow, max-snippet:-1, max-image-preview:large, max-video-preview:-1\" \/>\n<link rel=\"canonical\" href=\"https:\/\/producciones-abismales.com\/de\/\" \/>\n<meta property=\"og:locale\" content=\"de_DE\" \/>\n<meta property=\"og:type\" content=\"article\" \/>\n<meta property=\"og:title\" content=\"Home Umwelttheater f\u00fcr die ganze Familie &raquo;\" \/>\n<meta property=\"og:description\" content=\"Producciones Abismales, Umwelttheater f\u00fcr die ganze Familie fusioniert Physical Theater und Tanz mit Objekt-Theater\" \/>\n<meta property=\"og:url\" content=\"https:\/\/producciones-abismales.com\/de\/\" \/>\n<meta property=\"article:publisher\" content=\"https:\/\/www.facebook.com\/abismalarte\/\" \/>\n<meta property=\"article:modified_time\" content=\"2023-08-02T06:04:47+00:00\" \/>\n<meta name=\"twitter:card\" content=\"summary_large_image\" \/>\n<meta name=\"twitter:label1\" content=\"Gesch\u00e4tzte Lesezeit\" \/>\n\t<meta name=\"twitter:data1\" content=\"1\u00a0Minute\" \/>\n<script type=\"application\/ld+json\" class=\"yoast-schema-graph\">{\"@context\":\"https:\/\/schema.org\",\"@graph\":[{\"@type\":\"WebPage\",\"@id\":\"https:\/\/producciones-abismales.com\/de\/\",\"url\":\"https:\/\/producciones-abismales.com\/de\/\",\"name\":\"Home Umwelttheater f\u00fcr die ganze Familie &raquo;\",\"isPartOf\":{\"@id\":\"https:\/\/producciones-abismales.com\/de\/#website\"},\"datePublished\":\"2019-01-07T19:22:03+00:00\",\"dateModified\":\"2023-08-02T06:04:47+00:00\",\"description\":\"Producciones Abismales, Umwelttheater f\u00fcr die ganze Familie fusioniert Physical Theater und Tanz mit Objekt-Theater\",\"breadcrumb\":{\"@id\":\"https:\/\/producciones-abismales.com\/de\/#breadcrumb\"},\"inLanguage\":\"de\",\"potentialAction\":[{\"@type\":\"ReadAction\",\"target\":[\"https:\/\/producciones-abismales.com\/de\/\"]}]},{\"@type\":\"BreadcrumbList\",\"@id\":\"https:\/\/producciones-abismales.com\/de\/#breadcrumb\",\"itemListElement\":[{\"@type\":\"ListItem\",\"position\":1,\"name\":\"Startseite\",\"item\":\"https:\/\/producciones-abismales.com\/de\/\"},{\"@type\":\"ListItem\",\"position\":2,\"name\":\"Home\"}]},{\"@type\":\"WebSite\",\"@id\":\"https:\/\/producciones-abismales.com\/de\/#website\",\"url\":\"https:\/\/producciones-abismales.com\/de\/\",\"name\":\"\",\"description\":\"Umwelttheater f\u00fcr die ganze Familie\",\"publisher\":{\"@id\":\"https:\/\/producciones-abismales.com\/de\/#organization\"},\"potentialAction\":[{\"@type\":\"SearchAction\",\"target\":{\"@type\":\"EntryPoint\",\"urlTemplate\":\"https:\/\/producciones-abismales.com\/de\/?s={search_term_string}\"},\"query-input\":\"required name=search_term_string\"}],\"inLanguage\":\"de\"},{\"@type\":\"Organization\",\"@id\":\"https:\/\/producciones-abismales.com\/de\/#organization\",\"name\":\"Producciones Abismales\",\"url\":\"https:\/\/producciones-abismales.com\/de\/\",\"logo\":{\"@type\":\"ImageObject\",\"inLanguage\":\"de\",\"@id\":\"https:\/\/producciones-abismales.com\/de\/#\/schema\/logo\/image\/\",\"url\":\"https:\/\/producciones-abismales.com\/de\/wp-content\/uploads\/sites\/2\/2019\/01\/logo-cuadrado-azul.png\",\"contentUrl\":\"https:\/\/producciones-abismales.com\/de\/wp-content\/uploads\/sites\/2\/2019\/01\/logo-cuadrado-azul.png\",\"width\":433,\"height\":433,\"caption\":\"Producciones Abismales\"},\"image\":{\"@id\":\"https:\/\/producciones-abismales.com\/de\/#\/schema\/logo\/image\/\"},\"sameAs\":[\"https:\/\/www.instagram.com\/abismalarte\/\",\"https:\/\/www.youtube.com\/channel\/UCaLLPZ7K-lUlQTRvwuuLq2Q\",\"https:\/\/www.facebook.com\/abismalarte\/\"]}]}<\/script>\n<!-- \/ Yoast SEO plugin. -->","yoast_head_json":{"title":"Home Umwelttheater f\u00fcr die ganze Familie &raquo;","description":"Producciones Abismales, Umwelttheater f\u00fcr die ganze Familie fusioniert Physical Theater und Tanz mit Objekt-Theater","robots":{"index":"index","follow":"follow","max-snippet":"max-snippet:-1","max-image-preview":"max-image-preview:large","max-video-preview":"max-video-preview:-1"},"canonical":"https:\/\/producciones-abismales.com\/de\/","og_locale":"de_DE","og_type":"article","og_title":"Home Umwelttheater f\u00fcr die ganze Familie &raquo;","og_description":"Producciones Abismales, Umwelttheater f\u00fcr die ganze Familie fusioniert Physical Theater und Tanz mit Objekt-Theater","og_url":"https:\/\/producciones-abismales.com\/de\/","article_publisher":"https:\/\/www.facebook.com\/abismalarte\/","article_modified_time":"2023-08-02T06:04:47+00:00","twitter_card":"summary_large_image","twitter_misc":{"Gesch\u00e4tzte Lesezeit":"1\u00a0Minute"},"schema":{"@context":"https:\/\/schema.org","@graph":[{"@type":"WebPage","@id":"https:\/\/producciones-abismales.com\/de\/","url":"https:\/\/producciones-abismales.com\/de\/","name":"Home Umwelttheater f\u00fcr die ganze Familie &raquo;","isPartOf":{"@id":"https:\/\/producciones-abismales.com\/de\/#website"},"datePublished":"2019-01-07T19:22:03+00:00","dateModified":"2023-08-02T06:04:47+00:00","description":"Producciones Abismales, Umwelttheater f\u00fcr die ganze Familie fusioniert Physical Theater und Tanz mit Objekt-Theater","breadcrumb":{"@id":"https:\/\/producciones-abismales.com\/de\/#breadcrumb"},"inLanguage":"de","potentialAction":[{"@type":"ReadAction","target":["https:\/\/producciones-abismales.com\/de\/"]}]},{"@type":"BreadcrumbList","@id":"https:\/\/producciones-abismales.com\/de\/#breadcrumb","itemListElement":[{"@type":"ListItem","position":1,"name":"Startseite","item":"https:\/\/producciones-abismales.com\/de\/"},{"@type":"ListItem","position":2,"name":"Home"}]},{"@type":"WebSite","@id":"https:\/\/producciones-abismales.com\/de\/#website","url":"https:\/\/producciones-abismales.com\/de\/","name":"","description":"Umwelttheater f\u00fcr die ganze Familie","publisher":{"@id":"https:\/\/producciones-abismales.com\/de\/#organization"},"potentialAction":[{"@type":"SearchAction","target":{"@type":"EntryPoint","urlTemplate":"https:\/\/producciones-abismales.com\/de\/?s={search_term_string}"},"query-input":"required name=search_term_string"}],"inLanguage":"de"},{"@type":"Organization","@id":"https:\/\/producciones-abismales.com\/de\/#organization","name":"Producciones Abismales","url":"https:\/\/producciones-abismales.com\/de\/","logo":{"@type":"ImageObject","inLanguage":"de","@id":"https:\/\/producciones-abismales.com\/de\/#\/schema\/logo\/image\/","url":"https:\/\/producciones-abismales.com\/de\/wp-content\/uploads\/sites\/2\/2019\/01\/logo-cuadrado-azul.png","contentUrl":"https:\/\/producciones-abismales.com\/de\/wp-content\/uploads\/sites\/2\/2019\/01\/logo-cuadrado-azul.png","width":433,"height":433,"caption":"Producciones Abismales"},"image":{"@id":"https:\/\/producciones-abismales.com\/de\/#\/schema\/logo\/image\/"},"sameAs":["https:\/\/www.instagram.com\/abismalarte\/","https:\/\/www.youtube.com\/channel\/UCaLLPZ7K-lUlQTRvwuuLq2Q","https:\/\/www.facebook.com\/abismalarte\/"]}]}},"_links":{"self":[{"href":"https:\/\/producciones-abismales.com\/de\/wp-json\/wp\/v2\/pages\/33"}],"collection":[{"href":"https:\/\/producciones-abismales.com\/de\/wp-json\/wp\/v2\/pages"}],"about":[{"href":"https:\/\/producciones-abismales.com\/de\/wp-json\/wp\/v2\/types\/page"}],"author":[{"embeddable":true,"href":"https:\/\/producciones-abismales.com\/de\/wp-json\/wp\/v2\/users\/1"}],"replies":[{"embeddable":true,"href":"https:\/\/producciones-abismales.com\/de\/wp-json\/wp\/v2\/comments?post=33"}],"version-history":[{"count":14,"href":"https:\/\/producciones-abismales.com\/de\/wp-json\/wp\/v2\/pages\/33\/revisions"}],"predecessor-version":[{"id":1329,"href":"https:\/\/producciones-abismales.com\/de\/wp-json\/wp\/v2\/pages\/33\/revisions\/1329"}],"wp:attachment":[{"href":"https:\/\/producciones-abismales.com\/de\/wp-json\/wp\/v2\/media?parent=33"}],"curies":[{"name":"wp","href":"https:\/\/api.w.org\/{rel}","templated":true}]}}