{"id":715,"date":"2019-07-01T21:39:24","date_gmt":"2019-07-01T19:39:24","guid":{"rendered":"https:\/\/producciones-abismales.com\/de\/?page_id=715"},"modified":"2025-10-21T10:55:10","modified_gmt":"2025-10-21T08:55:10","slug":"inti-und-die-schiffbruechige","status":"publish","type":"page","link":"https:\/\/producciones-abismales.com\/de\/inti-und-die-schiffbruechige\/","title":{"rendered":"InTi und die Schiffbr\u00fcchige"},"content":{"rendered":"\r\n<p>Figur- und Stelzentheater verschmelzen zu einer ungew\u00f6hnlichen Kombination: InTi, unser Protagonist, ist ein fliegender Fisch, dargestellt von einer vier Meter langen Marionette. Er ist gerade von einer transozeanischen Reise durch andere Hemisph\u00e4ren zur\u00fcckgekehrt und fesselt alle mit seiner Anmut.<\/p>\r\n<p>Unser \u00fcbergro\u00dfer Fisch begegnet einem Schiffbr\u00fcchigen, der Hilfe ablehnt und auf der Suche nach seiner idyllischen Insel ist. W\u00e4hrend der Reise stellt der Schiffbr\u00fcchige das Publikum vor Herausforderungen und schafft es dank InTis Geschick, einen sicheren Hafen zu erreichen.<\/p>\r\n<p>&#8220; InTi und der Schiffbr\u00fcchige&#8220; ist nicht nur eine einfache Stra\u00dfen-Theatervorstellung; es ist eine interaktive und unterhaltsame Erfahrung, die Puppenspiel, physische Kom\u00f6die und Publikumsbeteiligung miteinander verbindet. Begleitet uns auf diesem theatralischen Abenteuer, w\u00e4hrend InTis Geschick den Schiffbr\u00fcchigen zu einem sicheren Hafen f\u00fchrt und Momente des Lachens, der \u00dcberraschung und der Freude f\u00fcr Menschen jeden Alters schafft. Erlebe die Magie des Stra\u00dfentheaters wie nie zuvor mit diesem unvergesslichen und bezaubernden Funny Walking Act.<\/p>\r\n\r\n\r\n\r\n<p class=\"has-normal-font-size\">\u00a0<\/p>\r\n<p><a href=\"https:\/\/drive.google.com\/file\/d\/1l-B1K7A_WdiCNUDrcBJAdoA_a-ymhWqp\/view?usp=drive_link\" target=\"_blank\" rel=\"noopener\">Broschur zur Runterladen<\/a><\/p>\r\n<p><a href=\"https:\/\/drive.google.com\/file\/d\/1r8af5B_u_Yi8PExxY19Sx0H0svZGOAah\/view?usp=drive_link\" target=\"_blank\" rel=\"noopener\">Technische Rider zur Runterladen<\/a><\/p>\r\n<p><a href=\"https:\/\/www.youtube.com\/watch?v=h0sR5c_SeHk&amp;t=19s\">Videolink<\/a><\/p>\r\n\r\n\r\n\r\n\r\n\r\n<figure class=\"is-layout-flex wp-block-gallery-1 wp-block-gallery columns-3 is-cropped\">\r\n<figure>\u00a0 \u00a0 \u00a0<img decoding=\"async\" loading=\"lazy\" class=\"alignnone  wp-image-722\" src=\"https:\/\/producciones-abismales.com\/de\/wp-content\/uploads\/sites\/2\/2019\/07\/IMG_8499-e1562007264865-300x288.jpg\" alt=\"\" width=\"244\" height=\"234\" srcset=\"https:\/\/producciones-abismales.com\/de\/wp-content\/uploads\/sites\/2\/2019\/07\/IMG_8499-e1562007264865-300x288.jpg 300w, https:\/\/producciones-abismales.com\/de\/wp-content\/uploads\/sites\/2\/2019\/07\/IMG_8499-e1562007264865-768x737.jpg 768w, https:\/\/producciones-abismales.com\/de\/wp-content\/uploads\/sites\/2\/2019\/07\/IMG_8499-e1562007264865-1024x982.jpg 1024w, https:\/\/producciones-abismales.com\/de\/wp-content\/uploads\/sites\/2\/2019\/07\/IMG_8499-e1562007264865-685x657.jpg 685w, https:\/\/producciones-abismales.com\/de\/wp-content\/uploads\/sites\/2\/2019\/07\/IMG_8499-e1562007264865-2000x1919.jpg 2000w\" sizes=\"(max-width: 244px) 100vw, 244px\" \/>\u00a0 \u00a0<img decoding=\"async\" loading=\"lazy\" class=\"alignnone  wp-image-720\" src=\"https:\/\/producciones-abismales.com\/de\/wp-content\/uploads\/sites\/2\/2019\/07\/IMG_8452-300x200.jpg\" alt=\"\" width=\"344\" height=\"229\" srcset=\"https:\/\/producciones-abismales.com\/de\/wp-content\/uploads\/sites\/2\/2019\/07\/IMG_8452-300x200.jpg 300w, https:\/\/producciones-abismales.com\/de\/wp-content\/uploads\/sites\/2\/2019\/07\/IMG_8452-768x512.jpg 768w, https:\/\/producciones-abismales.com\/de\/wp-content\/uploads\/sites\/2\/2019\/07\/IMG_8452-1024x683.jpg 1024w, https:\/\/producciones-abismales.com\/de\/wp-content\/uploads\/sites\/2\/2019\/07\/IMG_8452-685x457.jpg 685w, https:\/\/producciones-abismales.com\/de\/wp-content\/uploads\/sites\/2\/2019\/07\/IMG_8452-2000x1333.jpg 2000w, https:\/\/producciones-abismales.com\/de\/wp-content\/uploads\/sites\/2\/2019\/07\/IMG_8452-342x228.jpg 342w\" sizes=\"(max-width: 344px) 100vw, 344px\" \/> \u00a0 \u00a0 \u00a0 \u00a0 \u00a0<\/figure>\r\n<p>\u00a0 \u00a0 \u00a0<img decoding=\"async\" loading=\"lazy\" class=\"alignnone  wp-image-805\" src=\"https:\/\/producciones-abismales.com\/de\/wp-content\/uploads\/sites\/2\/2020\/02\/IMG_4838-300x200.jpg\" alt=\"\" width=\"338\" height=\"225\" srcset=\"https:\/\/producciones-abismales.com\/de\/wp-content\/uploads\/sites\/2\/2020\/02\/IMG_4838-300x200.jpg 300w, https:\/\/producciones-abismales.com\/de\/wp-content\/uploads\/sites\/2\/2020\/02\/IMG_4838-768x512.jpg 768w, https:\/\/producciones-abismales.com\/de\/wp-content\/uploads\/sites\/2\/2020\/02\/IMG_4838-1024x683.jpg 1024w, https:\/\/producciones-abismales.com\/de\/wp-content\/uploads\/sites\/2\/2020\/02\/IMG_4838-685x457.jpg 685w, https:\/\/producciones-abismales.com\/de\/wp-content\/uploads\/sites\/2\/2020\/02\/IMG_4838-2000x1333.jpg 2000w, https:\/\/producciones-abismales.com\/de\/wp-content\/uploads\/sites\/2\/2020\/02\/IMG_4838-342x228.jpg 342w\" sizes=\"(max-width: 338px) 100vw, 338px\" \/>\u00a0 \u00a0<img decoding=\"async\" loading=\"lazy\" class=\"alignnone  wp-image-1104\" src=\"https:\/\/producciones-abismales.com\/de\/wp-content\/uploads\/sites\/2\/2022\/09\/241380336_3029833000611010_3151130053398870067_n-300x225.jpg\" alt=\"\" width=\"301\" height=\"226\" srcset=\"https:\/\/producciones-abismales.com\/de\/wp-content\/uploads\/sites\/2\/2022\/09\/241380336_3029833000611010_3151130053398870067_n-300x225.jpg 300w, https:\/\/producciones-abismales.com\/de\/wp-content\/uploads\/sites\/2\/2022\/09\/241380336_3029833000611010_3151130053398870067_n-685x514.jpg 685w, https:\/\/producciones-abismales.com\/de\/wp-content\/uploads\/sites\/2\/2022\/09\/241380336_3029833000611010_3151130053398870067_n.jpg 720w\" sizes=\"(max-width: 301px) 100vw, 301px\" \/><\/p>\r\n<p>\u00a0 \u00a0 \u00a0\u00a0 \u00a0<img decoding=\"async\" loading=\"lazy\" class=\"alignnone  wp-image-719\" src=\"https:\/\/producciones-abismales.com\/de\/wp-content\/uploads\/sites\/2\/2019\/07\/IMG_8555-e1562007739206-233x300.jpg\" alt=\"\" width=\"209\" height=\"269\" srcset=\"https:\/\/producciones-abismales.com\/de\/wp-content\/uploads\/sites\/2\/2019\/07\/IMG_8555-e1562007739206-233x300.jpg 233w, https:\/\/producciones-abismales.com\/de\/wp-content\/uploads\/sites\/2\/2019\/07\/IMG_8555-e1562007739206-768x988.jpg 768w, https:\/\/producciones-abismales.com\/de\/wp-content\/uploads\/sites\/2\/2019\/07\/IMG_8555-e1562007739206-796x1024.jpg 796w, https:\/\/producciones-abismales.com\/de\/wp-content\/uploads\/sites\/2\/2019\/07\/IMG_8555-e1562007739206-685x881.jpg 685w, https:\/\/producciones-abismales.com\/de\/wp-content\/uploads\/sites\/2\/2019\/07\/IMG_8555-e1562007739206-2000x2574.jpg 2000w\" sizes=\"(max-width: 209px) 100vw, 209px\" \/>\u00a0 \u00a0 \u00a0<img decoding=\"async\" loading=\"lazy\" class=\"alignnone  wp-image-1814\" src=\"https:\/\/producciones-abismales.com\/de\/wp-content\/uploads\/sites\/2\/2025\/10\/SalonK_2024_byAntoniaRichter607-300x200.jpg\" alt=\"\" width=\"407\" height=\"271\" srcset=\"https:\/\/producciones-abismales.com\/de\/wp-content\/uploads\/sites\/2\/2025\/10\/SalonK_2024_byAntoniaRichter607-300x200.jpg 300w, https:\/\/producciones-abismales.com\/de\/wp-content\/uploads\/sites\/2\/2025\/10\/SalonK_2024_byAntoniaRichter607-1024x683.jpg 1024w, https:\/\/producciones-abismales.com\/de\/wp-content\/uploads\/sites\/2\/2025\/10\/SalonK_2024_byAntoniaRichter607-768x512.jpg 768w, https:\/\/producciones-abismales.com\/de\/wp-content\/uploads\/sites\/2\/2025\/10\/SalonK_2024_byAntoniaRichter607-1536x1024.jpg 1536w, https:\/\/producciones-abismales.com\/de\/wp-content\/uploads\/sites\/2\/2025\/10\/SalonK_2024_byAntoniaRichter607-2048x1365.jpg 2048w, https:\/\/producciones-abismales.com\/de\/wp-content\/uploads\/sites\/2\/2025\/10\/SalonK_2024_byAntoniaRichter607-685x457.jpg 685w, https:\/\/producciones-abismales.com\/de\/wp-content\/uploads\/sites\/2\/2025\/10\/SalonK_2024_byAntoniaRichter607-2000x1333.jpg 2000w, https:\/\/producciones-abismales.com\/de\/wp-content\/uploads\/sites\/2\/2025\/10\/SalonK_2024_byAntoniaRichter607-342x228.jpg 342w\" sizes=\"(max-width: 407px) 100vw, 407px\" \/>\u00a0 \u00a0 \u00a0 \u00a0 \u00a0 \u00a0 \u00a0 \u00a0 \u00a0 \u00a0 \u00a0 \u00a0 \u00a0 \u00a0 \u00a0 \u00a0 \u00a0 \u00a0 \u00a0 \u00a0 \u00a0 \u00a0 \u00a0 \u00a0 \u00a0 \u00a0 \u00a0 \u00a0 \u00a0 \u00a0 \u00a0 \u00a0 \u00a0 \u00a0 \u00a0 \u00a0 \u00a0 \u00a0 \u00a0 \u00a0 \u00a0 \u00a0 \u00a0 \u00a0 \u00a0 \u00a0 \u00a0 \u00a0 \u00a0 \u00a0 \u00a0 \u00a0 \u00a0 \u00a0 \u00a0 \u00a0 \u00a0 \u00a0 \u00a0 \u00a0 \u00a0 \u00a0 \u00a0 \u00a0 \u00a0 \u00a0 \u00a0 \u00a0 \u00a0 \u00a0 \u00a0 \u00a0 \u00a0 \u00a0 \u00a0 \u00a0 \u00a0 \u00a0 \u00a0 \u00a0 \u00a0 \u00a0 \u00a0 \u00a0 \u00a0 \u00a0 \u00a0 \u00a0 \u00a0 \u00a0 \u00a0 \u00a0 \u00a0 \u00a0 \u00a0 \u00a0 \u00a0 \u00a0 \u00a0 \u00a0 \u00a0 \u00a0 \u00a0 \u00a0 \u00a0 \u00a0 \u00a0 \u00a0 \u00a0 \u00a0Photo ByAntoniaRichter 2024<\/p>\r\n<p>&nbsp;<\/p>\r\n<figure><\/figure>\r\n<figure><\/figure>\r\n<\/figure>\r\n<ul>\r\n<li>08., 09. &amp; 10. Juni 2019 \/ Karneval der Kulturen Berlin<\/li>\r\n<li>03., 04. &amp; 05. September 2021 \/ Hutfestival Stra\u00dfenkunst Chemnitz<\/li>\r\n<li>13.07.2024 Brandenburger Tor \/ Berlin<\/li>\r\n<li>14.09.2024 SALON K Das Kunst- uns Kultur-Festival im Lettekiez \/ Berlin<\/li>\r\n<\/ul>\r\n<p>GALERIE<\/p>\r\n<div id=\"metaslider-id-1094\" style=\"max-width: 900px;\" class=\"ml-slider-3-27-14 metaslider metaslider-flex metaslider-1094 ml-slider\">\n    <div id=\"metaslider_container_1094\">\n        <div id=\"metaslider_1094\">\n            <ul aria-live=\"polite\" class=\"slides\">\n                <li style=\"display: block; width: 100%;\" class=\"slide-1099 ms-image\"><img src=\"https:\/\/producciones-abismales.com\/de\/wp-content\/uploads\/sites\/2\/2019\/07\/66912776_481138599351377_6190233005336821760_n-e1564653101130-655x655.jpg\" height=\"900\" width=\"900\" alt=\"\" class=\"slider-1094 slide-1099\" title=\"66912776_481138599351377_6190233005336821760_n\" \/><\/li>\n                <li style=\"display: none; width: 100%;\" class=\"slide-1100 ms-image\"><img src=\"https:\/\/producciones-abismales.com\/de\/wp-content\/uploads\/sites\/2\/2019\/07\/66580382_468946977232767_6967485660571631616_n-e1564653616670-710x710.jpg\" height=\"900\" width=\"900\" alt=\"\" class=\"slider-1094 slide-1100\" title=\"66580382_468946977232767_6967485660571631616_n\" \/><\/li>\n                <li style=\"display: none; width: 100%;\" class=\"slide-1101 ms-image\"><img src=\"https:\/\/producciones-abismales.com\/de\/wp-content\/uploads\/sites\/2\/2019\/07\/66702651_2668284509848912_8981016837751832576_n-721x721.jpg\" height=\"900\" width=\"900\" alt=\"\" class=\"slider-1094 slide-1101\" title=\"66702651_2668284509848912_8981016837751832576_n\" \/><\/li>\n                <li style=\"display: none; width: 100%;\" class=\"slide-1102 ms-image\"><img src=\"https:\/\/producciones-abismales.com\/de\/wp-content\/uploads\/sites\/2\/2019\/07\/66640617_361584357888103_7346925010193219584_n-900x900.jpg\" height=\"900\" width=\"900\" alt=\"\" class=\"slider-1094 slide-1102\" title=\"66640617_361584357888103_7346925010193219584_n\" \/><\/li>\n                <li style=\"display: none; width: 100%;\" class=\"slide-1103 ms-image\"><img src=\"https:\/\/producciones-abismales.com\/de\/wp-content\/uploads\/sites\/2\/2022\/09\/Bildschirmfoto-vom-2021-10-16-21-10-25-663x663.jpg\" height=\"900\" width=\"900\" alt=\"\" class=\"slider-1094 slide-1103\" title=\"Bildschirmfoto vom 2021-10-16 21-10-25\" \/><\/li>\n                <li style=\"display: none; width: 100%;\" class=\"slide-1106 ms-image\"><img src=\"https:\/\/producciones-abismales.com\/de\/wp-content\/uploads\/sites\/2\/2022\/09\/safe_image.php_.jpg\" height=\"900\" width=\"900\" alt=\"\" class=\"slider-1094 slide-1106\" title=\"safe_image.php\" \/><\/li>\n                <li style=\"display: none; width: 100%;\" class=\"slide-1108 ms-image\"><img src=\"https:\/\/producciones-abismales.com\/de\/wp-content\/uploads\/sites\/2\/2019\/07\/IMG_8565-900x900.jpg\" height=\"900\" width=\"900\" alt=\"\" class=\"slider-1094 slide-1108\" title=\"IMG_8565\" \/><\/li>\n                <li style=\"display: none; width: 100%;\" class=\"slide-1806 ms-image\"><img src=\"https:\/\/producciones-abismales.com\/de\/wp-content\/uploads\/sites\/2\/2019\/07\/IMG_8602-e1562778550748-900x900.jpg\" height=\"900\" width=\"900\" alt=\"\" class=\"slider-1094 slide-1806\" title=\"IMG_8602\" \/><\/li>\n                <li style=\"display: none; width: 100%;\" class=\"slide-1820 ms-image\"><img src=\"https:\/\/producciones-abismales.com\/de\/wp-content\/uploads\/sites\/2\/2025\/10\/SalonK_2024_byAntoniaRichter624-scaled-900x900.jpg\" height=\"900\" width=\"900\" alt=\"\" class=\"slider-1094 slide-1820\" title=\"SalonK_2024_byAntoniaRichter624\" \/><div class=\"caption-wrap\"><div class=\"caption\">ByAntoniaRichter<\/div><\/div><\/li>\n                <li style=\"display: none; width: 100%;\" class=\"slide-1821 ms-image\"><img src=\"https:\/\/producciones-abismales.com\/de\/wp-content\/uploads\/sites\/2\/2025\/10\/SalonK_2024_byAntoniaRichter618-scaled-900x900.jpg\" height=\"900\" width=\"900\" alt=\"\" class=\"slider-1094 slide-1821\" title=\"SalonK_2024_byAntoniaRichter618\" \/><div class=\"caption-wrap\"><div class=\"caption\">ByAntoniaRichter<\/div><\/div><\/li>\n                <li style=\"display: none; width: 100%;\" class=\"slide-1822 ms-image\"><img src=\"https:\/\/producciones-abismales.com\/de\/wp-content\/uploads\/sites\/2\/2025\/10\/SalonK_2024_byAntoniaRichter635-scaled-900x900.jpg\" height=\"900\" width=\"900\" alt=\"\" class=\"slider-1094 slide-1822\" title=\"SalonK_2024_byAntoniaRichter635\" \/><div class=\"caption-wrap\"><div class=\"caption\">ByAntoniaRichter SalonK 2024<\/div><\/div><\/li>\n                <li style=\"display: none; width: 100%;\" class=\"slide-1823 ms-image\"><img src=\"https:\/\/producciones-abismales.com\/de\/wp-content\/uploads\/sites\/2\/2025\/10\/SalonK_2024_byAntoniaRichter621-scaled-900x900.jpg\" height=\"900\" width=\"900\" alt=\"\" class=\"slider-1094 slide-1823\" title=\"SalonK_2024_byAntoniaRichter621\" \/><div class=\"caption-wrap\"><div class=\"caption\">ByAntoniaRichter<\/div><\/div><\/li>\n            <\/ul>\n        <\/div>\n        \n    <\/div>\n<\/div>\r\n","protected":false},"excerpt":{"rendered":"<p>Figur- und Stelzentheater verschmelzen zu einer ungew\u00f6hnlichen Kombination: InTi, unser Protagonist, ist ein fliegender Fisch, dargestellt von einer vier Meter langen Marionette. Er ist gerade von einer transozeanischen Reise durch andere Hemisph\u00e4ren zur\u00fcckgekehrt und fesselt alle mit seiner Anmut. Unser \u00fcbergro\u00dfer Fisch begegnet einem Schiffbr\u00fcchigen, der Hilfe ablehnt und auf der Suche nach seiner idyllischen &hellip; <a href=\"https:\/\/producciones-abismales.com\/de\/inti-und-die-schiffbruechige\/\" class=\"more-link\"><span class=\"screen-reader-text\">InTi und die Schiffbr\u00fcchige<\/span> weiterlesen<\/a><\/p>\n","protected":false},"author":3,"featured_media":754,"parent":0,"menu_order":0,"comment_status":"closed","ping_status":"closed","template":"","meta":[],"yoast_head":"<!-- This site is optimized with the Yoast SEO plugin v19.11 - https:\/\/yoast.com\/wordpress\/plugins\/seo\/ -->\n<title>InTi und die Schiffbr\u00fcchige &raquo;<\/title>\n<meta name=\"robots\" content=\"index, follow, max-snippet:-1, max-image-preview:large, max-video-preview:-1\" \/>\n<link rel=\"canonical\" href=\"https:\/\/producciones-abismales.com\/de\/inti-und-die-schiffbruechige\/\" \/>\n<meta property=\"og:locale\" content=\"de_DE\" \/>\n<meta property=\"og:type\" content=\"article\" \/>\n<meta property=\"og:title\" content=\"InTi und die Schiffbr\u00fcchige &raquo;\" \/>\n<meta property=\"og:description\" content=\"Figur- und Stelzentheater verschmelzen zu einer ungew\u00f6hnlichen Kombination: InTi, unser Protagonist, ist ein fliegender Fisch, dargestellt von einer vier Meter langen Marionette. Er ist gerade von einer transozeanischen Reise durch andere Hemisph\u00e4ren zur\u00fcckgekehrt und fesselt alle mit seiner Anmut. Unser \u00fcbergro\u00dfer Fisch begegnet einem Schiffbr\u00fcchigen, der Hilfe ablehnt und auf der Suche nach seiner idyllischen &hellip; InTi und die Schiffbr\u00fcchige weiterlesen\" \/>\n<meta property=\"og:url\" content=\"https:\/\/producciones-abismales.com\/de\/inti-und-die-schiffbruechige\/\" \/>\n<meta property=\"article:publisher\" content=\"https:\/\/www.facebook.com\/abismalarte\/\" \/>\n<meta property=\"article:modified_time\" content=\"2025-10-21T08:55:10+00:00\" \/>\n<meta property=\"og:image\" content=\"https:\/\/producciones-abismales.com\/de\/wp-content\/uploads\/sites\/2\/2019\/07\/IMG_8615-1024x474.jpg\" \/>\n\t<meta property=\"og:image:width\" content=\"1024\" \/>\n\t<meta property=\"og:image:height\" content=\"474\" \/>\n\t<meta property=\"og:image:type\" content=\"image\/jpeg\" \/>\n<meta name=\"twitter:card\" content=\"summary_large_image\" \/>\n<meta name=\"twitter:label1\" content=\"Gesch\u00e4tzte Lesezeit\" \/>\n\t<meta name=\"twitter:data1\" content=\"3\u00a0Minuten\" \/>\n<script type=\"application\/ld+json\" class=\"yoast-schema-graph\">{\"@context\":\"https:\/\/schema.org\",\"@graph\":[{\"@type\":\"WebPage\",\"@id\":\"https:\/\/producciones-abismales.com\/de\/inti-und-die-schiffbruechige\/\",\"url\":\"https:\/\/producciones-abismales.com\/de\/inti-und-die-schiffbruechige\/\",\"name\":\"InTi und die Schiffbr\u00fcchige &raquo;\",\"isPartOf\":{\"@id\":\"https:\/\/producciones-abismales.com\/de\/#website\"},\"datePublished\":\"2019-07-01T19:39:24+00:00\",\"dateModified\":\"2025-10-21T08:55:10+00:00\",\"breadcrumb\":{\"@id\":\"https:\/\/producciones-abismales.com\/de\/inti-und-die-schiffbruechige\/#breadcrumb\"},\"inLanguage\":\"de\",\"potentialAction\":[{\"@type\":\"ReadAction\",\"target\":[\"https:\/\/producciones-abismales.com\/de\/inti-und-die-schiffbruechige\/\"]}]},{\"@type\":\"BreadcrumbList\",\"@id\":\"https:\/\/producciones-abismales.com\/de\/inti-und-die-schiffbruechige\/#breadcrumb\",\"itemListElement\":[{\"@type\":\"ListItem\",\"position\":1,\"name\":\"Startseite\",\"item\":\"https:\/\/producciones-abismales.com\/de\/\"},{\"@type\":\"ListItem\",\"position\":2,\"name\":\"InTi und die Schiffbr\u00fcchige\"}]},{\"@type\":\"WebSite\",\"@id\":\"https:\/\/producciones-abismales.com\/de\/#website\",\"url\":\"https:\/\/producciones-abismales.com\/de\/\",\"name\":\"\",\"description\":\"Umwelttheater f\u00fcr die ganze Familie\",\"publisher\":{\"@id\":\"https:\/\/producciones-abismales.com\/de\/#organization\"},\"potentialAction\":[{\"@type\":\"SearchAction\",\"target\":{\"@type\":\"EntryPoint\",\"urlTemplate\":\"https:\/\/producciones-abismales.com\/de\/?s={search_term_string}\"},\"query-input\":\"required name=search_term_string\"}],\"inLanguage\":\"de\"},{\"@type\":\"Organization\",\"@id\":\"https:\/\/producciones-abismales.com\/de\/#organization\",\"name\":\"Producciones Abismales\",\"url\":\"https:\/\/producciones-abismales.com\/de\/\",\"logo\":{\"@type\":\"ImageObject\",\"inLanguage\":\"de\",\"@id\":\"https:\/\/producciones-abismales.com\/de\/#\/schema\/logo\/image\/\",\"url\":\"https:\/\/producciones-abismales.com\/de\/wp-content\/uploads\/sites\/2\/2019\/01\/logo-cuadrado-azul.png\",\"contentUrl\":\"https:\/\/producciones-abismales.com\/de\/wp-content\/uploads\/sites\/2\/2019\/01\/logo-cuadrado-azul.png\",\"width\":433,\"height\":433,\"caption\":\"Producciones Abismales\"},\"image\":{\"@id\":\"https:\/\/producciones-abismales.com\/de\/#\/schema\/logo\/image\/\"},\"sameAs\":[\"https:\/\/www.instagram.com\/abismalarte\/\",\"https:\/\/www.youtube.com\/channel\/UCaLLPZ7K-lUlQTRvwuuLq2Q\",\"https:\/\/www.facebook.com\/abismalarte\/\"]}]}<\/script>\n<!-- \/ Yoast SEO plugin. -->","yoast_head_json":{"title":"InTi und die Schiffbr\u00fcchige &raquo;","robots":{"index":"index","follow":"follow","max-snippet":"max-snippet:-1","max-image-preview":"max-image-preview:large","max-video-preview":"max-video-preview:-1"},"canonical":"https:\/\/producciones-abismales.com\/de\/inti-und-die-schiffbruechige\/","og_locale":"de_DE","og_type":"article","og_title":"InTi und die Schiffbr\u00fcchige &raquo;","og_description":"Figur- und Stelzentheater verschmelzen zu einer ungew\u00f6hnlichen Kombination: InTi, unser Protagonist, ist ein fliegender Fisch, dargestellt von einer vier Meter langen Marionette. Er ist gerade von einer transozeanischen Reise durch andere Hemisph\u00e4ren zur\u00fcckgekehrt und fesselt alle mit seiner Anmut. Unser \u00fcbergro\u00dfer Fisch begegnet einem Schiffbr\u00fcchigen, der Hilfe ablehnt und auf der Suche nach seiner idyllischen &hellip; InTi und die Schiffbr\u00fcchige weiterlesen","og_url":"https:\/\/producciones-abismales.com\/de\/inti-und-die-schiffbruechige\/","article_publisher":"https:\/\/www.facebook.com\/abismalarte\/","article_modified_time":"2025-10-21T08:55:10+00:00","og_image":[{"width":1024,"height":474,"url":"https:\/\/producciones-abismales.com\/de\/wp-content\/uploads\/sites\/2\/2019\/07\/IMG_8615-1024x474.jpg","type":"image\/jpeg"}],"twitter_card":"summary_large_image","twitter_misc":{"Gesch\u00e4tzte Lesezeit":"3\u00a0Minuten"},"schema":{"@context":"https:\/\/schema.org","@graph":[{"@type":"WebPage","@id":"https:\/\/producciones-abismales.com\/de\/inti-und-die-schiffbruechige\/","url":"https:\/\/producciones-abismales.com\/de\/inti-und-die-schiffbruechige\/","name":"InTi und die Schiffbr\u00fcchige &raquo;","isPartOf":{"@id":"https:\/\/producciones-abismales.com\/de\/#website"},"datePublished":"2019-07-01T19:39:24+00:00","dateModified":"2025-10-21T08:55:10+00:00","breadcrumb":{"@id":"https:\/\/producciones-abismales.com\/de\/inti-und-die-schiffbruechige\/#breadcrumb"},"inLanguage":"de","potentialAction":[{"@type":"ReadAction","target":["https:\/\/producciones-abismales.com\/de\/inti-und-die-schiffbruechige\/"]}]},{"@type":"BreadcrumbList","@id":"https:\/\/producciones-abismales.com\/de\/inti-und-die-schiffbruechige\/#breadcrumb","itemListElement":[{"@type":"ListItem","position":1,"name":"Startseite","item":"https:\/\/producciones-abismales.com\/de\/"},{"@type":"ListItem","position":2,"name":"InTi und die Schiffbr\u00fcchige"}]},{"@type":"WebSite","@id":"https:\/\/producciones-abismales.com\/de\/#website","url":"https:\/\/producciones-abismales.com\/de\/","name":"","description":"Umwelttheater f\u00fcr die ganze Familie","publisher":{"@id":"https:\/\/producciones-abismales.com\/de\/#organization"},"potentialAction":[{"@type":"SearchAction","target":{"@type":"EntryPoint","urlTemplate":"https:\/\/producciones-abismales.com\/de\/?s={search_term_string}"},"query-input":"required name=search_term_string"}],"inLanguage":"de"},{"@type":"Organization","@id":"https:\/\/producciones-abismales.com\/de\/#organization","name":"Producciones Abismales","url":"https:\/\/producciones-abismales.com\/de\/","logo":{"@type":"ImageObject","inLanguage":"de","@id":"https:\/\/producciones-abismales.com\/de\/#\/schema\/logo\/image\/","url":"https:\/\/producciones-abismales.com\/de\/wp-content\/uploads\/sites\/2\/2019\/01\/logo-cuadrado-azul.png","contentUrl":"https:\/\/producciones-abismales.com\/de\/wp-content\/uploads\/sites\/2\/2019\/01\/logo-cuadrado-azul.png","width":433,"height":433,"caption":"Producciones Abismales"},"image":{"@id":"https:\/\/producciones-abismales.com\/de\/#\/schema\/logo\/image\/"},"sameAs":["https:\/\/www.instagram.com\/abismalarte\/","https:\/\/www.youtube.com\/channel\/UCaLLPZ7K-lUlQTRvwuuLq2Q","https:\/\/www.facebook.com\/abismalarte\/"]}]}},"_links":{"self":[{"href":"https:\/\/producciones-abismales.com\/de\/wp-json\/wp\/v2\/pages\/715"}],"collection":[{"href":"https:\/\/producciones-abismales.com\/de\/wp-json\/wp\/v2\/pages"}],"about":[{"href":"https:\/\/producciones-abismales.com\/de\/wp-json\/wp\/v2\/types\/page"}],"author":[{"embeddable":true,"href":"https:\/\/producciones-abismales.com\/de\/wp-json\/wp\/v2\/users\/3"}],"replies":[{"embeddable":true,"href":"https:\/\/producciones-abismales.com\/de\/wp-json\/wp\/v2\/comments?post=715"}],"version-history":[{"count":33,"href":"https:\/\/producciones-abismales.com\/de\/wp-json\/wp\/v2\/pages\/715\/revisions"}],"predecessor-version":[{"id":1826,"href":"https:\/\/producciones-abismales.com\/de\/wp-json\/wp\/v2\/pages\/715\/revisions\/1826"}],"wp:featuredmedia":[{"embeddable":true,"href":"https:\/\/producciones-abismales.com\/de\/wp-json\/wp\/v2\/media\/754"}],"wp:attachment":[{"href":"https:\/\/producciones-abismales.com\/de\/wp-json\/wp\/v2\/media?parent=715"}],"curies":[{"name":"wp","href":"https:\/\/api.w.org\/{rel}","templated":true}]}}