{"id":862,"date":"2020-04-25T21:41:56","date_gmt":"2020-04-25T19:41:56","guid":{"rendered":"https:\/\/producciones-abismales.com\/de\/?page_id=862"},"modified":"2023-09-27T14:11:34","modified_gmt":"2023-09-27T12:11:34","slug":"projektwoche-2","status":"publish","type":"page","link":"https:\/\/producciones-abismales.com\/de\/projektwoche-2\/","title":{"rendered":"Projektwoche"},"content":{"rendered":"\r\n<p><a href=\"https:\/\/drive.google.com\/file\/d\/1waTsQLJCA2r9UqPnG5oNb-tru-Fo2Lp6\/view?usp=sharing\">Angebot f\u00fcr die Schulen zum Herunterfahren<\/a><\/p>\r\n\r\n\r\n\r\n<p style=\"font-size: 15px\"><strong>Inhalt und Ziele<\/strong><br \/><br \/>Auf k\u00fcnstlerischer Ebene<br \/>Konzeption, Design und Kreation von Objekten zur sp\u00e4teren Verwendung in einer Theaterausstellung. W\u00e4hrend des Workshops werden verschiedene Disziplinen bearbeitet, beispielsweise Physical Theater und die Manipulation von Objekten und Puppen.<br \/><br \/><strong>\u00d6kologisch<\/strong><br \/>Heute kann man glauben, dass Plastik schon immer existiert hat und daher wird unser verantwortungsloser Gebrauch auch als etwas Normales verstanden. Unser Ziel ist es, unsere schlechten Gewohnheiten bewusst zu machen und zu versuchen, einen umweltbewussten Umgang mit Plastikm\u00fcll zu bef\u00f6rdern, ja immer mehr auf die Verwendung von Plastik zu verzichten.<br \/><br \/>Die Mitglieder werden auf k\u00fcnstlerische Weise aus erster Hand mit Kunststoff in Kontakt treten und zun\u00e4chst Objekte und B\u00fchnenbilder konstruieren, in denen der degenerative Zyklus des Kunststoffs behandelt wird.<br \/>In der zweite Phase manipulieren sie selbst gebastelte Objekte und theatralische Requisiten. <br \/>W\u00e4hrend des Bauprozesses werden die Vergiftung von Fischen und das Ungleichgewicht des \u00d6kosystems der Meere thematisiert.<br \/><br \/><strong>Dauer<\/strong><br \/>Dieses Konzept ist an die Vorschl\u00e4ge und Bed\u00fcrfnisse der Veranstaltung anpassbar und flexibel.<br \/>Die Mindestzeit betr\u00e4gt 5 Stunden.<br \/>Mit einem mehrt\u00e4gigen Workshop bieten wir eine anschlie\u00dfende Auff\u00fchrung an.<br \/><br \/><strong>Kategorien<\/strong><br \/>Kinder ab 5 Jahren.<br \/>Erwachsene<br \/>Familien mit Kindern ab 3 Jahren.<br \/><br \/><br \/><strong>Materialien<\/strong><br \/>Bei der Theaterwerkstatt werden Einwegmaterialien verwendet und auf k\u00fcnstlerische Weise recycelt. Es fallen jedoch unvermeidbare Kosten f\u00fcr Acrylfarbe, Klebeband, F\u00e4den an.<br \/><br \/><\/p>\r\n","protected":false},"excerpt":{"rendered":"<p>Angebot f\u00fcr die Schulen zum Herunterfahren Inhalt und Ziele Auf k\u00fcnstlerischer EbeneKonzeption, Design und Kreation von Objekten zur sp\u00e4teren Verwendung in einer Theaterausstellung. W\u00e4hrend des Workshops werden verschiedene Disziplinen bearbeitet, beispielsweise Physical Theater und die Manipulation von Objekten und Puppen. \u00d6kologischHeute kann man glauben, dass Plastik schon immer existiert hat und daher wird unser verantwortungsloser &hellip; <a href=\"https:\/\/producciones-abismales.com\/de\/projektwoche-2\/\" class=\"more-link\"><span class=\"screen-reader-text\">Projektwoche<\/span> weiterlesen<\/a><\/p>\n","protected":false},"author":3,"featured_media":885,"parent":0,"menu_order":0,"comment_status":"closed","ping_status":"closed","template":"","meta":[],"yoast_head":"<!-- This site is optimized with the Yoast SEO plugin v19.11 - https:\/\/yoast.com\/wordpress\/plugins\/seo\/ -->\n<title>Projektwoche &raquo;<\/title>\n<meta name=\"robots\" content=\"index, follow, max-snippet:-1, max-image-preview:large, max-video-preview:-1\" \/>\n<link rel=\"canonical\" href=\"https:\/\/producciones-abismales.com\/de\/projektwoche-2\/\" \/>\n<meta property=\"og:locale\" content=\"de_DE\" \/>\n<meta property=\"og:type\" content=\"article\" \/>\n<meta property=\"og:title\" content=\"Projektwoche &raquo;\" \/>\n<meta property=\"og:description\" content=\"Angebot f\u00fcr die Schulen zum Herunterfahren Inhalt und Ziele Auf k\u00fcnstlerischer EbeneKonzeption, Design und Kreation von Objekten zur sp\u00e4teren Verwendung in einer Theaterausstellung. W\u00e4hrend des Workshops werden verschiedene Disziplinen bearbeitet, beispielsweise Physical Theater und die Manipulation von Objekten und Puppen. \u00d6kologischHeute kann man glauben, dass Plastik schon immer existiert hat und daher wird unser verantwortungsloser &hellip; Projektwoche weiterlesen\" \/>\n<meta property=\"og:url\" content=\"https:\/\/producciones-abismales.com\/de\/projektwoche-2\/\" \/>\n<meta property=\"article:publisher\" content=\"https:\/\/www.facebook.com\/abismalarte\/\" \/>\n<meta property=\"article:modified_time\" content=\"2023-09-27T12:11:34+00:00\" \/>\n<meta property=\"og:image\" content=\"https:\/\/producciones-abismales.com\/de\/wp-content\/uploads\/sites\/2\/2020\/05\/cover-workshops-web-2-scaled.jpg\" \/>\n\t<meta property=\"og:image:width\" content=\"2560\" \/>\n\t<meta property=\"og:image:height\" content=\"718\" \/>\n\t<meta property=\"og:image:type\" content=\"image\/jpeg\" \/>\n<meta name=\"twitter:card\" content=\"summary_large_image\" \/>\n<meta name=\"twitter:label1\" content=\"Gesch\u00e4tzte Lesezeit\" \/>\n\t<meta name=\"twitter:data1\" content=\"2\u00a0Minuten\" \/>\n<script type=\"application\/ld+json\" class=\"yoast-schema-graph\">{\"@context\":\"https:\/\/schema.org\",\"@graph\":[{\"@type\":\"WebPage\",\"@id\":\"https:\/\/producciones-abismales.com\/de\/projektwoche-2\/\",\"url\":\"https:\/\/producciones-abismales.com\/de\/projektwoche-2\/\",\"name\":\"Projektwoche &raquo;\",\"isPartOf\":{\"@id\":\"https:\/\/producciones-abismales.com\/de\/#website\"},\"datePublished\":\"2020-04-25T19:41:56+00:00\",\"dateModified\":\"2023-09-27T12:11:34+00:00\",\"breadcrumb\":{\"@id\":\"https:\/\/producciones-abismales.com\/de\/projektwoche-2\/#breadcrumb\"},\"inLanguage\":\"de\",\"potentialAction\":[{\"@type\":\"ReadAction\",\"target\":[\"https:\/\/producciones-abismales.com\/de\/projektwoche-2\/\"]}]},{\"@type\":\"BreadcrumbList\",\"@id\":\"https:\/\/producciones-abismales.com\/de\/projektwoche-2\/#breadcrumb\",\"itemListElement\":[{\"@type\":\"ListItem\",\"position\":1,\"name\":\"Startseite\",\"item\":\"https:\/\/producciones-abismales.com\/de\/\"},{\"@type\":\"ListItem\",\"position\":2,\"name\":\"Projektwoche\"}]},{\"@type\":\"WebSite\",\"@id\":\"https:\/\/producciones-abismales.com\/de\/#website\",\"url\":\"https:\/\/producciones-abismales.com\/de\/\",\"name\":\"\",\"description\":\"Umwelttheater f\u00fcr die ganze Familie\",\"publisher\":{\"@id\":\"https:\/\/producciones-abismales.com\/de\/#organization\"},\"potentialAction\":[{\"@type\":\"SearchAction\",\"target\":{\"@type\":\"EntryPoint\",\"urlTemplate\":\"https:\/\/producciones-abismales.com\/de\/?s={search_term_string}\"},\"query-input\":\"required name=search_term_string\"}],\"inLanguage\":\"de\"},{\"@type\":\"Organization\",\"@id\":\"https:\/\/producciones-abismales.com\/de\/#organization\",\"name\":\"Producciones Abismales\",\"url\":\"https:\/\/producciones-abismales.com\/de\/\",\"logo\":{\"@type\":\"ImageObject\",\"inLanguage\":\"de\",\"@id\":\"https:\/\/producciones-abismales.com\/de\/#\/schema\/logo\/image\/\",\"url\":\"https:\/\/producciones-abismales.com\/de\/wp-content\/uploads\/sites\/2\/2019\/01\/logo-cuadrado-azul.png\",\"contentUrl\":\"https:\/\/producciones-abismales.com\/de\/wp-content\/uploads\/sites\/2\/2019\/01\/logo-cuadrado-azul.png\",\"width\":433,\"height\":433,\"caption\":\"Producciones Abismales\"},\"image\":{\"@id\":\"https:\/\/producciones-abismales.com\/de\/#\/schema\/logo\/image\/\"},\"sameAs\":[\"https:\/\/www.instagram.com\/abismalarte\/\",\"https:\/\/www.youtube.com\/channel\/UCaLLPZ7K-lUlQTRvwuuLq2Q\",\"https:\/\/www.facebook.com\/abismalarte\/\"]}]}<\/script>\n<!-- \/ Yoast SEO plugin. -->","yoast_head_json":{"title":"Projektwoche &raquo;","robots":{"index":"index","follow":"follow","max-snippet":"max-snippet:-1","max-image-preview":"max-image-preview:large","max-video-preview":"max-video-preview:-1"},"canonical":"https:\/\/producciones-abismales.com\/de\/projektwoche-2\/","og_locale":"de_DE","og_type":"article","og_title":"Projektwoche &raquo;","og_description":"Angebot f\u00fcr die Schulen zum Herunterfahren Inhalt und Ziele Auf k\u00fcnstlerischer EbeneKonzeption, Design und Kreation von Objekten zur sp\u00e4teren Verwendung in einer Theaterausstellung. W\u00e4hrend des Workshops werden verschiedene Disziplinen bearbeitet, beispielsweise Physical Theater und die Manipulation von Objekten und Puppen. \u00d6kologischHeute kann man glauben, dass Plastik schon immer existiert hat und daher wird unser verantwortungsloser &hellip; Projektwoche weiterlesen","og_url":"https:\/\/producciones-abismales.com\/de\/projektwoche-2\/","article_publisher":"https:\/\/www.facebook.com\/abismalarte\/","article_modified_time":"2023-09-27T12:11:34+00:00","og_image":[{"width":2560,"height":718,"url":"https:\/\/producciones-abismales.com\/de\/wp-content\/uploads\/sites\/2\/2020\/05\/cover-workshops-web-2-scaled.jpg","type":"image\/jpeg"}],"twitter_card":"summary_large_image","twitter_misc":{"Gesch\u00e4tzte Lesezeit":"2\u00a0Minuten"},"schema":{"@context":"https:\/\/schema.org","@graph":[{"@type":"WebPage","@id":"https:\/\/producciones-abismales.com\/de\/projektwoche-2\/","url":"https:\/\/producciones-abismales.com\/de\/projektwoche-2\/","name":"Projektwoche &raquo;","isPartOf":{"@id":"https:\/\/producciones-abismales.com\/de\/#website"},"datePublished":"2020-04-25T19:41:56+00:00","dateModified":"2023-09-27T12:11:34+00:00","breadcrumb":{"@id":"https:\/\/producciones-abismales.com\/de\/projektwoche-2\/#breadcrumb"},"inLanguage":"de","potentialAction":[{"@type":"ReadAction","target":["https:\/\/producciones-abismales.com\/de\/projektwoche-2\/"]}]},{"@type":"BreadcrumbList","@id":"https:\/\/producciones-abismales.com\/de\/projektwoche-2\/#breadcrumb","itemListElement":[{"@type":"ListItem","position":1,"name":"Startseite","item":"https:\/\/producciones-abismales.com\/de\/"},{"@type":"ListItem","position":2,"name":"Projektwoche"}]},{"@type":"WebSite","@id":"https:\/\/producciones-abismales.com\/de\/#website","url":"https:\/\/producciones-abismales.com\/de\/","name":"","description":"Umwelttheater f\u00fcr die ganze Familie","publisher":{"@id":"https:\/\/producciones-abismales.com\/de\/#organization"},"potentialAction":[{"@type":"SearchAction","target":{"@type":"EntryPoint","urlTemplate":"https:\/\/producciones-abismales.com\/de\/?s={search_term_string}"},"query-input":"required name=search_term_string"}],"inLanguage":"de"},{"@type":"Organization","@id":"https:\/\/producciones-abismales.com\/de\/#organization","name":"Producciones Abismales","url":"https:\/\/producciones-abismales.com\/de\/","logo":{"@type":"ImageObject","inLanguage":"de","@id":"https:\/\/producciones-abismales.com\/de\/#\/schema\/logo\/image\/","url":"https:\/\/producciones-abismales.com\/de\/wp-content\/uploads\/sites\/2\/2019\/01\/logo-cuadrado-azul.png","contentUrl":"https:\/\/producciones-abismales.com\/de\/wp-content\/uploads\/sites\/2\/2019\/01\/logo-cuadrado-azul.png","width":433,"height":433,"caption":"Producciones Abismales"},"image":{"@id":"https:\/\/producciones-abismales.com\/de\/#\/schema\/logo\/image\/"},"sameAs":["https:\/\/www.instagram.com\/abismalarte\/","https:\/\/www.youtube.com\/channel\/UCaLLPZ7K-lUlQTRvwuuLq2Q","https:\/\/www.facebook.com\/abismalarte\/"]}]}},"_links":{"self":[{"href":"https:\/\/producciones-abismales.com\/de\/wp-json\/wp\/v2\/pages\/862"}],"collection":[{"href":"https:\/\/producciones-abismales.com\/de\/wp-json\/wp\/v2\/pages"}],"about":[{"href":"https:\/\/producciones-abismales.com\/de\/wp-json\/wp\/v2\/types\/page"}],"author":[{"embeddable":true,"href":"https:\/\/producciones-abismales.com\/de\/wp-json\/wp\/v2\/users\/3"}],"replies":[{"embeddable":true,"href":"https:\/\/producciones-abismales.com\/de\/wp-json\/wp\/v2\/comments?post=862"}],"version-history":[{"count":6,"href":"https:\/\/producciones-abismales.com\/de\/wp-json\/wp\/v2\/pages\/862\/revisions"}],"predecessor-version":[{"id":1338,"href":"https:\/\/producciones-abismales.com\/de\/wp-json\/wp\/v2\/pages\/862\/revisions\/1338"}],"wp:featuredmedia":[{"embeddable":true,"href":"https:\/\/producciones-abismales.com\/de\/wp-json\/wp\/v2\/media\/885"}],"wp:attachment":[{"href":"https:\/\/producciones-abismales.com\/de\/wp-json\/wp\/v2\/media?parent=862"}],"curies":[{"name":"wp","href":"https:\/\/api.w.org\/{rel}","templated":true}]}}