{"id":12,"date":"2019-01-07T21:22:54","date_gmt":"2019-01-07T20:22:54","guid":{"rendered":"https:\/\/producciones-abismales.com\/es\/?page_id=12"},"modified":"2025-10-21T16:41:55","modified_gmt":"2025-10-21T14:41:55","slug":"proyectos-en-la-escuela","status":"publish","type":"page","link":"https:\/\/producciones-abismales.com\/es\/proyectos-en-la-escuela\/","title":{"rendered":"Los Dragones Marinos en la Escuela"},"content":{"rendered":"\r\n<p style=\"text-align: center\">En Berl\u00edn estamos llevando a cabo una campa\u00f1a en las escuelas con el prop\u00f3sito de concienciar a los escolares sobre el mal uso del pl\u00e1stico.<\/p>\r\n\r\n\r\n\r\n<p style=\"text-align: center\">Esto se traduce no solo actuando con nuestro espect\u00e1culo in situ sino realizando proyectos conjuntamente con las escuelas , en este contexto siempre son bienvenidos los diferentes programas educativos que ofrecen las diferentes Instituciones.<\/p>\r\n<div id=\"metaslider-id-362\" style=\"max-width: 900px;\" class=\"ml-slider-3-27-14 metaslider metaslider-flex metaslider-362 ml-slider\">\n    <div id=\"metaslider_container_362\">\n        <div id=\"metaslider_362\">\n            <ul aria-live=\"polite\" class=\"slides\">\n                <li style=\"display: block; width: 100%;\" class=\"slide-366 ms-image\"><img src=\"https:\/\/producciones-abismales.com\/es\/wp-content\/uploads\/sites\/4\/2019\/02\/admin-ajax.php_.jpeg\" height=\"900\" width=\"900\" alt=\"\" class=\"slider-362 slide-366\" title=\"admin-ajax.php\" \/><\/li>\n                <li style=\"display: none; width: 100%;\" class=\"slide-368 ms-image\"><img src=\"https:\/\/producciones-abismales.com\/es\/wp-content\/uploads\/sites\/4\/2019\/02\/admin-ajax.php_-1-398x398.jpeg\" height=\"900\" width=\"900\" alt=\"\" class=\"slider-362 slide-368\" title=\"admin-ajax.php\" \/><\/li>\n                <li style=\"display: none; width: 100%;\" class=\"slide-369 ms-image\"><img src=\"https:\/\/producciones-abismales.com\/es\/wp-content\/uploads\/sites\/4\/2019\/02\/IMG_8320-ret-e1549120171272-1024x1019-900x900.jpg\" height=\"900\" width=\"900\" alt=\"\" class=\"slider-362 slide-369\" title=\"IMG_8320-ret--e1549120171272-1024x1019\" \/><\/li>\n                <li style=\"display: none; width: 100%;\" class=\"slide-371 ms-image\"><img src=\"https:\/\/producciones-abismales.com\/es\/wp-content\/uploads\/sites\/4\/2019\/02\/admin-ajax.php_-2-353x353.jpeg\" height=\"900\" width=\"900\" alt=\"\" class=\"slider-362 slide-371\" title=\"admin-ajax.php\" \/><\/li>\n                <li style=\"display: none; width: 100%;\" class=\"slide-372 ms-image\"><img src=\"https:\/\/producciones-abismales.com\/es\/wp-content\/uploads\/sites\/4\/2019\/01\/IMG_8307ret-900x900.jpg\" height=\"900\" width=\"900\" alt=\"\" class=\"slider-362 slide-372\" title=\"IMG_8307ret\" \/><\/li>\n                <li style=\"display: none; width: 100%;\" class=\"slide-373 ms-image\"><img src=\"https:\/\/producciones-abismales.com\/es\/wp-content\/uploads\/sites\/4\/2019\/01\/IMG_8306-900x900.jpg\" height=\"900\" width=\"900\" alt=\"\" class=\"slider-362 slide-373\" title=\"IMG_8306\" \/><\/li>\n                <li style=\"display: none; width: 100%;\" class=\"slide-374 ms-image\"><img src=\"https:\/\/producciones-abismales.com\/es\/wp-content\/uploads\/sites\/4\/2019\/02\/IMG_8312ret-e1549119714916-1024x1024-900x900.jpg\" height=\"900\" width=\"900\" alt=\"\" class=\"slider-362 slide-374\" title=\"IMG_8312ret-e1549119714916-1024x1024\" \/><\/li>\n                <li style=\"display: none; width: 100%;\" class=\"slide-375 ms-image\"><img src=\"https:\/\/producciones-abismales.com\/es\/wp-content\/uploads\/sites\/4\/2019\/01\/IMG_8308ret-900x900.jpg\" height=\"900\" width=\"900\" alt=\"\" class=\"slider-362 slide-375\" title=\"IMG_8308ret\" \/><\/li>\n                <li style=\"display: none; width: 100%;\" class=\"slide-524 ms-image\"><img src=\"https:\/\/producciones-abismales.com\/es\/wp-content\/uploads\/sites\/4\/2020\/05\/IMG_3971.ret_-scaled-900x900.jpg\" height=\"900\" width=\"900\" alt=\"\" class=\"slider-362 slide-524\" title=\"IMG_3971.ret\" \/><\/li>\n                <li style=\"display: none; width: 100%;\" class=\"slide-526 ms-image\"><img src=\"https:\/\/producciones-abismales.com\/es\/wp-content\/uploads\/sites\/4\/2020\/05\/IMG_3978.ret_-900x900.jpg\" height=\"900\" width=\"900\" alt=\"\" class=\"slider-362 slide-526\" title=\"IMG_3978.ret\" \/><\/li>\n                <li style=\"display: none; width: 100%;\" class=\"slide-528 ms-image\"><img src=\"https:\/\/producciones-abismales.com\/es\/wp-content\/uploads\/sites\/4\/2020\/05\/IMG_3979ret-900x900.jpg\" height=\"900\" width=\"900\" alt=\"\" class=\"slider-362 slide-528\" title=\"IMG_3979ret\" \/><\/li>\n            <\/ul>\n        <\/div>\n        \n    <\/div>\n<\/div>\r\n\r\n\r\n\r\n<figure class=\"wp-block-image\"><\/figure>\r\n","protected":false},"excerpt":{"rendered":"<p>En Berl\u00edn estamos llevando a cabo una campa\u00f1a en las escuelas con el prop\u00f3sito de concienciar a los escolares sobre el mal uso del pl\u00e1stico. Esto se traduce no solo actuando con nuestro espect\u00e1culo in situ sino realizando proyectos conjuntamente con las escuelas , en este contexto siempre son bienvenidos los diferentes programas educativos que &hellip; <a href=\"https:\/\/producciones-abismales.com\/es\/proyectos-en-la-escuela\/\" class=\"more-link\"><span class=\"screen-reader-text\">Los Dragones Marinos en la Escuela<\/span> weiterlesen<\/a><\/p>\n","protected":false},"author":1,"featured_media":108,"parent":0,"menu_order":0,"comment_status":"closed","ping_status":"closed","template":"","meta":[],"yoast_head":"<!-- This site is optimized with the Yoast SEO plugin v19.11 - https:\/\/yoast.com\/wordpress\/plugins\/seo\/ -->\n<title>Los Dragones Marinos en la Escuela -<\/title>\n<meta name=\"robots\" content=\"index, follow, max-snippet:-1, max-image-preview:large, max-video-preview:-1\" \/>\n<link rel=\"canonical\" href=\"https:\/\/producciones-abismales.com\/es\/proyectos-en-la-escuela\/\" \/>\n<meta property=\"og:locale\" content=\"de_DE\" \/>\n<meta property=\"og:type\" content=\"article\" \/>\n<meta property=\"og:title\" content=\"Los Dragones Marinos en la Escuela -\" \/>\n<meta property=\"og:description\" content=\"En Berl\u00edn estamos llevando a cabo una campa\u00f1a en las escuelas con el prop\u00f3sito de concienciar a los escolares sobre el mal uso del pl\u00e1stico. Esto se traduce no solo actuando con nuestro espect\u00e1culo in situ sino realizando proyectos conjuntamente con las escuelas , en este contexto siempre son bienvenidos los diferentes programas educativos que &hellip; Los Dragones Marinos en la Escuela weiterlesen\" \/>\n<meta property=\"og:url\" content=\"https:\/\/producciones-abismales.com\/es\/proyectos-en-la-escuela\/\" \/>\n<meta property=\"article:modified_time\" content=\"2025-10-21T14:41:55+00:00\" \/>\n<meta property=\"og:image\" content=\"https:\/\/producciones-abismales.com\/es\/wp-content\/uploads\/sites\/4\/2019\/01\/IMG_8299.larga_-1024x306.jpg\" \/>\n\t<meta property=\"og:image:width\" content=\"1024\" \/>\n\t<meta property=\"og:image:height\" content=\"306\" \/>\n\t<meta property=\"og:image:type\" content=\"image\/jpeg\" \/>\n<meta name=\"twitter:card\" content=\"summary_large_image\" \/>\n<meta name=\"twitter:label1\" content=\"Gesch\u00e4tzte Lesezeit\" \/>\n\t<meta name=\"twitter:data1\" content=\"1\u00a0Minute\" \/>\n<script type=\"application\/ld+json\" class=\"yoast-schema-graph\">{\"@context\":\"https:\/\/schema.org\",\"@graph\":[{\"@type\":\"WebPage\",\"@id\":\"https:\/\/producciones-abismales.com\/es\/proyectos-en-la-escuela\/\",\"url\":\"https:\/\/producciones-abismales.com\/es\/proyectos-en-la-escuela\/\",\"name\":\"Los Dragones Marinos en la Escuela -\",\"isPartOf\":{\"@id\":\"https:\/\/producciones-abismales.com\/es\/#website\"},\"datePublished\":\"2019-01-07T20:22:54+00:00\",\"dateModified\":\"2025-10-21T14:41:55+00:00\",\"breadcrumb\":{\"@id\":\"https:\/\/producciones-abismales.com\/es\/proyectos-en-la-escuela\/#breadcrumb\"},\"inLanguage\":\"de\",\"potentialAction\":[{\"@type\":\"ReadAction\",\"target\":[\"https:\/\/producciones-abismales.com\/es\/proyectos-en-la-escuela\/\"]}]},{\"@type\":\"BreadcrumbList\",\"@id\":\"https:\/\/producciones-abismales.com\/es\/proyectos-en-la-escuela\/#breadcrumb\",\"itemListElement\":[{\"@type\":\"ListItem\",\"position\":1,\"name\":\"Startseite\",\"item\":\"https:\/\/producciones-abismales.com\/es\/\"},{\"@type\":\"ListItem\",\"position\":2,\"name\":\"Los Dragones Marinos en la Escuela\"}]},{\"@type\":\"WebSite\",\"@id\":\"https:\/\/producciones-abismales.com\/es\/#website\",\"url\":\"https:\/\/producciones-abismales.com\/es\/\",\"name\":\"\",\"description\":\"TEATRO SOBRE EL MEDIO AMBIENTE PARA TODA LA FAMILIA\",\"potentialAction\":[{\"@type\":\"SearchAction\",\"target\":{\"@type\":\"EntryPoint\",\"urlTemplate\":\"https:\/\/producciones-abismales.com\/es\/?s={search_term_string}\"},\"query-input\":\"required name=search_term_string\"}],\"inLanguage\":\"de\"}]}<\/script>\n<!-- \/ Yoast SEO plugin. -->","yoast_head_json":{"title":"Los Dragones Marinos en la Escuela -","robots":{"index":"index","follow":"follow","max-snippet":"max-snippet:-1","max-image-preview":"max-image-preview:large","max-video-preview":"max-video-preview:-1"},"canonical":"https:\/\/producciones-abismales.com\/es\/proyectos-en-la-escuela\/","og_locale":"de_DE","og_type":"article","og_title":"Los Dragones Marinos en la Escuela -","og_description":"En Berl\u00edn estamos llevando a cabo una campa\u00f1a en las escuelas con el prop\u00f3sito de concienciar a los escolares sobre el mal uso del pl\u00e1stico. Esto se traduce no solo actuando con nuestro espect\u00e1culo in situ sino realizando proyectos conjuntamente con las escuelas , en este contexto siempre son bienvenidos los diferentes programas educativos que &hellip; Los Dragones Marinos en la Escuela weiterlesen","og_url":"https:\/\/producciones-abismales.com\/es\/proyectos-en-la-escuela\/","article_modified_time":"2025-10-21T14:41:55+00:00","og_image":[{"width":1024,"height":306,"url":"https:\/\/producciones-abismales.com\/es\/wp-content\/uploads\/sites\/4\/2019\/01\/IMG_8299.larga_-1024x306.jpg","type":"image\/jpeg"}],"twitter_card":"summary_large_image","twitter_misc":{"Gesch\u00e4tzte Lesezeit":"1\u00a0Minute"},"schema":{"@context":"https:\/\/schema.org","@graph":[{"@type":"WebPage","@id":"https:\/\/producciones-abismales.com\/es\/proyectos-en-la-escuela\/","url":"https:\/\/producciones-abismales.com\/es\/proyectos-en-la-escuela\/","name":"Los Dragones Marinos en la Escuela -","isPartOf":{"@id":"https:\/\/producciones-abismales.com\/es\/#website"},"datePublished":"2019-01-07T20:22:54+00:00","dateModified":"2025-10-21T14:41:55+00:00","breadcrumb":{"@id":"https:\/\/producciones-abismales.com\/es\/proyectos-en-la-escuela\/#breadcrumb"},"inLanguage":"de","potentialAction":[{"@type":"ReadAction","target":["https:\/\/producciones-abismales.com\/es\/proyectos-en-la-escuela\/"]}]},{"@type":"BreadcrumbList","@id":"https:\/\/producciones-abismales.com\/es\/proyectos-en-la-escuela\/#breadcrumb","itemListElement":[{"@type":"ListItem","position":1,"name":"Startseite","item":"https:\/\/producciones-abismales.com\/es\/"},{"@type":"ListItem","position":2,"name":"Los Dragones Marinos en la Escuela"}]},{"@type":"WebSite","@id":"https:\/\/producciones-abismales.com\/es\/#website","url":"https:\/\/producciones-abismales.com\/es\/","name":"","description":"TEATRO SOBRE EL MEDIO AMBIENTE PARA TODA LA FAMILIA","potentialAction":[{"@type":"SearchAction","target":{"@type":"EntryPoint","urlTemplate":"https:\/\/producciones-abismales.com\/es\/?s={search_term_string}"},"query-input":"required name=search_term_string"}],"inLanguage":"de"}]}},"_links":{"self":[{"href":"https:\/\/producciones-abismales.com\/es\/wp-json\/wp\/v2\/pages\/12"}],"collection":[{"href":"https:\/\/producciones-abismales.com\/es\/wp-json\/wp\/v2\/pages"}],"about":[{"href":"https:\/\/producciones-abismales.com\/es\/wp-json\/wp\/v2\/types\/page"}],"author":[{"embeddable":true,"href":"https:\/\/producciones-abismales.com\/es\/wp-json\/wp\/v2\/users\/1"}],"replies":[{"embeddable":true,"href":"https:\/\/producciones-abismales.com\/es\/wp-json\/wp\/v2\/comments?post=12"}],"version-history":[{"count":4,"href":"https:\/\/producciones-abismales.com\/es\/wp-json\/wp\/v2\/pages\/12\/revisions"}],"predecessor-version":[{"id":1192,"href":"https:\/\/producciones-abismales.com\/es\/wp-json\/wp\/v2\/pages\/12\/revisions\/1192"}],"wp:featuredmedia":[{"embeddable":true,"href":"https:\/\/producciones-abismales.com\/es\/wp-json\/wp\/v2\/media\/108"}],"wp:attachment":[{"href":"https:\/\/producciones-abismales.com\/es\/wp-json\/wp\/v2\/media?parent=12"}],"curies":[{"name":"wp","href":"https:\/\/api.w.org\/{rel}","templated":true}]}}