{"id":1213,"date":"2025-10-23T18:14:09","date_gmt":"2025-10-23T16:14:09","guid":{"rendered":"https:\/\/producciones-abismales.com\/es\/?page_id=1213"},"modified":"2025-10-23T18:14:09","modified_gmt":"2025-10-23T16:14:09","slug":"planeta-oceano-en-el-flujo-del-cambio-entre-dos-aguas","status":"publish","type":"page","link":"https:\/\/producciones-abismales.com\/es\/planeta-oceano-en-el-flujo-del-cambio-entre-dos-aguas\/","title":{"rendered":"PLANETA OC\u00c9ANO \/ En el flujo del cambio \/ Entre dos aguas"},"content":{"rendered":"<p data-start=\"61\" data-end=\"146\">Este ser\u00e1 nuestro nuevo proyecto para 2026, un teatro ambiental multidisciplinario.<\/p>\n<p data-start=\"148\" data-end=\"303\">Nuestra puesta en escena comienza con la magia del plancton luminoso: es el punto de partida de nuestra narraci\u00f3n y de nuestro viaje a trav\u00e9s del oc\u00e9ano.<\/p>\n<p data-start=\"305\" data-end=\"595\">Actualmente existe una gran controversia en la comunidad cient\u00edfica sobre las fluctuaciones de la corriente del Golfo y sus consecuencias. A trav\u00e9s de este proyecto queremos arrojar luz sobre el tema, para hacerlo comprensible a un p\u00fablico que no est\u00e1 familiarizado con esta problem\u00e1tica.<\/p>\n<p data-start=\"597\" data-end=\"876\">Nuestra producci\u00f3n busca, de manera did\u00e1ctica e informativa, mostrar este proceso en curso en el contexto del cambio clim\u00e1tico y dejar claro en qu\u00e9 punto nos encontramos y qu\u00e9 a\u00fan se puede hacer, sin infundir miedo, sino mostrando de forma comprensible que debemos prepararnos.<\/p>\n<p data-start=\"878\" data-end=\"1181\" data-is-last-node=\"\" data-is-only-node=\"\">Este proyecto est\u00e1 concebido para presentarse en diversos espacios urbanos, as\u00ed como en otros lugares como eventos ambientales y culturales, museos e instituciones educativas de todo tipo. Adem\u00e1s, queremos presentarlo en dos formatos distintos, para hacerlo accesible al mayor n\u00famero posible de lugares.<\/p>\n<p data-start=\"878\" data-end=\"1181\" data-is-last-node=\"\" data-is-only-node=\"\"><img decoding=\"async\" loading=\"lazy\" class=\"alignnone wp-image-1162\" src=\"https:\/\/producciones-abismales.com\/es\/wp-content\/uploads\/sites\/4\/2025\/10\/193007634-oceano-bioluminiscente-plancton-bioluminiscente-en-el-mar-bioluminiscencia-300x300.jpg\" alt=\"\" width=\"869\" height=\"869\" srcset=\"https:\/\/producciones-abismales.com\/es\/wp-content\/uploads\/sites\/4\/2025\/10\/193007634-oceano-bioluminiscente-plancton-bioluminiscente-en-el-mar-bioluminiscencia-300x300.jpg 300w, https:\/\/producciones-abismales.com\/es\/wp-content\/uploads\/sites\/4\/2025\/10\/193007634-oceano-bioluminiscente-plancton-bioluminiscente-en-el-mar-bioluminiscencia-150x150.jpg 150w, https:\/\/producciones-abismales.com\/es\/wp-content\/uploads\/sites\/4\/2025\/10\/193007634-oceano-bioluminiscente-plancton-bioluminiscente-en-el-mar-bioluminiscencia-100x100.jpg 100w, https:\/\/producciones-abismales.com\/es\/wp-content\/uploads\/sites\/4\/2025\/10\/193007634-oceano-bioluminiscente-plancton-bioluminiscente-en-el-mar-bioluminiscencia.jpg 450w\" sizes=\"(max-width: 869px) 100vw, 869px\" \/><\/p>\n","protected":false},"excerpt":{"rendered":"<p>Este ser\u00e1 nuestro nuevo proyecto para 2026, un teatro ambiental multidisciplinario. Nuestra puesta en escena comienza con la magia del plancton luminoso: es el punto de partida de nuestra narraci\u00f3n y de nuestro viaje a trav\u00e9s del oc\u00e9ano. Actualmente existe una gran controversia en la comunidad cient\u00edfica sobre las fluctuaciones de la corriente del Golfo &hellip; <a href=\"https:\/\/producciones-abismales.com\/es\/planeta-oceano-en-el-flujo-del-cambio-entre-dos-aguas\/\" class=\"more-link\"><span class=\"screen-reader-text\">PLANETA OC\u00c9ANO \/ En el flujo del cambio \/ Entre dos aguas<\/span> weiterlesen<\/a><\/p>\n","protected":false},"author":3,"featured_media":1171,"parent":0,"menu_order":0,"comment_status":"closed","ping_status":"closed","template":"","meta":[],"yoast_head":"<!-- This site is optimized with the Yoast SEO plugin v19.11 - https:\/\/yoast.com\/wordpress\/plugins\/seo\/ -->\n<title>PLANETA OC\u00c9ANO \/ En el flujo del cambio \/ Entre dos aguas -<\/title>\n<meta name=\"robots\" content=\"index, follow, max-snippet:-1, max-image-preview:large, max-video-preview:-1\" \/>\n<link rel=\"canonical\" href=\"https:\/\/producciones-abismales.com\/es\/planeta-oceano-en-el-flujo-del-cambio-entre-dos-aguas\/\" \/>\n<meta property=\"og:locale\" content=\"de_DE\" \/>\n<meta property=\"og:type\" content=\"article\" \/>\n<meta property=\"og:title\" content=\"PLANETA OC\u00c9ANO \/ En el flujo del cambio \/ Entre dos aguas -\" \/>\n<meta property=\"og:description\" content=\"Este ser\u00e1 nuestro nuevo proyecto para 2026, un teatro ambiental multidisciplinario. Nuestra puesta en escena comienza con la magia del plancton luminoso: es el punto de partida de nuestra narraci\u00f3n y de nuestro viaje a trav\u00e9s del oc\u00e9ano. Actualmente existe una gran controversia en la comunidad cient\u00edfica sobre las fluctuaciones de la corriente del Golfo &hellip; PLANETA OC\u00c9ANO \/ En el flujo del cambio \/ Entre dos aguas weiterlesen\" \/>\n<meta property=\"og:url\" content=\"https:\/\/producciones-abismales.com\/es\/planeta-oceano-en-el-flujo-del-cambio-entre-dos-aguas\/\" \/>\n<meta property=\"og:image\" content=\"https:\/\/producciones-abismales.com\/es\/wp-content\/uploads\/sites\/4\/2025\/10\/P3050360-2000x938-1.jpg\" \/>\n\t<meta property=\"og:image:width\" content=\"2000\" \/>\n\t<meta property=\"og:image:height\" content=\"938\" \/>\n\t<meta property=\"og:image:type\" content=\"image\/jpeg\" \/>\n<meta name=\"twitter:card\" content=\"summary_large_image\" \/>\n<meta name=\"twitter:label1\" content=\"Gesch\u00e4tzte Lesezeit\" \/>\n\t<meta name=\"twitter:data1\" content=\"2\u00a0Minuten\" \/>\n<script type=\"application\/ld+json\" class=\"yoast-schema-graph\">{\"@context\":\"https:\/\/schema.org\",\"@graph\":[{\"@type\":\"WebPage\",\"@id\":\"https:\/\/producciones-abismales.com\/es\/planeta-oceano-en-el-flujo-del-cambio-entre-dos-aguas\/\",\"url\":\"https:\/\/producciones-abismales.com\/es\/planeta-oceano-en-el-flujo-del-cambio-entre-dos-aguas\/\",\"name\":\"PLANETA OC\u00c9ANO \/ En el flujo del cambio \/ Entre dos aguas -\",\"isPartOf\":{\"@id\":\"https:\/\/producciones-abismales.com\/es\/#website\"},\"datePublished\":\"2025-10-23T16:14:09+00:00\",\"dateModified\":\"2025-10-23T16:14:09+00:00\",\"breadcrumb\":{\"@id\":\"https:\/\/producciones-abismales.com\/es\/planeta-oceano-en-el-flujo-del-cambio-entre-dos-aguas\/#breadcrumb\"},\"inLanguage\":\"de\",\"potentialAction\":[{\"@type\":\"ReadAction\",\"target\":[\"https:\/\/producciones-abismales.com\/es\/planeta-oceano-en-el-flujo-del-cambio-entre-dos-aguas\/\"]}]},{\"@type\":\"BreadcrumbList\",\"@id\":\"https:\/\/producciones-abismales.com\/es\/planeta-oceano-en-el-flujo-del-cambio-entre-dos-aguas\/#breadcrumb\",\"itemListElement\":[{\"@type\":\"ListItem\",\"position\":1,\"name\":\"Startseite\",\"item\":\"https:\/\/producciones-abismales.com\/es\/\"},{\"@type\":\"ListItem\",\"position\":2,\"name\":\"PLANETA OC\u00c9ANO \/ En el flujo del cambio \/ Entre dos aguas\"}]},{\"@type\":\"WebSite\",\"@id\":\"https:\/\/producciones-abismales.com\/es\/#website\",\"url\":\"https:\/\/producciones-abismales.com\/es\/\",\"name\":\"\",\"description\":\"TEATRO SOBRE EL MEDIO AMBIENTE PARA TODA LA FAMILIA\",\"potentialAction\":[{\"@type\":\"SearchAction\",\"target\":{\"@type\":\"EntryPoint\",\"urlTemplate\":\"https:\/\/producciones-abismales.com\/es\/?s={search_term_string}\"},\"query-input\":\"required name=search_term_string\"}],\"inLanguage\":\"de\"}]}<\/script>\n<!-- \/ Yoast SEO plugin. -->","yoast_head_json":{"title":"PLANETA OC\u00c9ANO \/ En el flujo del cambio \/ Entre dos aguas -","robots":{"index":"index","follow":"follow","max-snippet":"max-snippet:-1","max-image-preview":"max-image-preview:large","max-video-preview":"max-video-preview:-1"},"canonical":"https:\/\/producciones-abismales.com\/es\/planeta-oceano-en-el-flujo-del-cambio-entre-dos-aguas\/","og_locale":"de_DE","og_type":"article","og_title":"PLANETA OC\u00c9ANO \/ En el flujo del cambio \/ Entre dos aguas -","og_description":"Este ser\u00e1 nuestro nuevo proyecto para 2026, un teatro ambiental multidisciplinario. Nuestra puesta en escena comienza con la magia del plancton luminoso: es el punto de partida de nuestra narraci\u00f3n y de nuestro viaje a trav\u00e9s del oc\u00e9ano. Actualmente existe una gran controversia en la comunidad cient\u00edfica sobre las fluctuaciones de la corriente del Golfo &hellip; PLANETA OC\u00c9ANO \/ En el flujo del cambio \/ Entre dos aguas weiterlesen","og_url":"https:\/\/producciones-abismales.com\/es\/planeta-oceano-en-el-flujo-del-cambio-entre-dos-aguas\/","og_image":[{"width":2000,"height":938,"url":"https:\/\/producciones-abismales.com\/es\/wp-content\/uploads\/sites\/4\/2025\/10\/P3050360-2000x938-1.jpg","type":"image\/jpeg"}],"twitter_card":"summary_large_image","twitter_misc":{"Gesch\u00e4tzte Lesezeit":"2\u00a0Minuten"},"schema":{"@context":"https:\/\/schema.org","@graph":[{"@type":"WebPage","@id":"https:\/\/producciones-abismales.com\/es\/planeta-oceano-en-el-flujo-del-cambio-entre-dos-aguas\/","url":"https:\/\/producciones-abismales.com\/es\/planeta-oceano-en-el-flujo-del-cambio-entre-dos-aguas\/","name":"PLANETA OC\u00c9ANO \/ En el flujo del cambio \/ Entre dos aguas -","isPartOf":{"@id":"https:\/\/producciones-abismales.com\/es\/#website"},"datePublished":"2025-10-23T16:14:09+00:00","dateModified":"2025-10-23T16:14:09+00:00","breadcrumb":{"@id":"https:\/\/producciones-abismales.com\/es\/planeta-oceano-en-el-flujo-del-cambio-entre-dos-aguas\/#breadcrumb"},"inLanguage":"de","potentialAction":[{"@type":"ReadAction","target":["https:\/\/producciones-abismales.com\/es\/planeta-oceano-en-el-flujo-del-cambio-entre-dos-aguas\/"]}]},{"@type":"BreadcrumbList","@id":"https:\/\/producciones-abismales.com\/es\/planeta-oceano-en-el-flujo-del-cambio-entre-dos-aguas\/#breadcrumb","itemListElement":[{"@type":"ListItem","position":1,"name":"Startseite","item":"https:\/\/producciones-abismales.com\/es\/"},{"@type":"ListItem","position":2,"name":"PLANETA OC\u00c9ANO \/ En el flujo del cambio \/ Entre dos aguas"}]},{"@type":"WebSite","@id":"https:\/\/producciones-abismales.com\/es\/#website","url":"https:\/\/producciones-abismales.com\/es\/","name":"","description":"TEATRO SOBRE EL MEDIO AMBIENTE PARA TODA LA FAMILIA","potentialAction":[{"@type":"SearchAction","target":{"@type":"EntryPoint","urlTemplate":"https:\/\/producciones-abismales.com\/es\/?s={search_term_string}"},"query-input":"required name=search_term_string"}],"inLanguage":"de"}]}},"_links":{"self":[{"href":"https:\/\/producciones-abismales.com\/es\/wp-json\/wp\/v2\/pages\/1213"}],"collection":[{"href":"https:\/\/producciones-abismales.com\/es\/wp-json\/wp\/v2\/pages"}],"about":[{"href":"https:\/\/producciones-abismales.com\/es\/wp-json\/wp\/v2\/types\/page"}],"author":[{"embeddable":true,"href":"https:\/\/producciones-abismales.com\/es\/wp-json\/wp\/v2\/users\/3"}],"replies":[{"embeddable":true,"href":"https:\/\/producciones-abismales.com\/es\/wp-json\/wp\/v2\/comments?post=1213"}],"version-history":[{"count":2,"href":"https:\/\/producciones-abismales.com\/es\/wp-json\/wp\/v2\/pages\/1213\/revisions"}],"predecessor-version":[{"id":1215,"href":"https:\/\/producciones-abismales.com\/es\/wp-json\/wp\/v2\/pages\/1213\/revisions\/1215"}],"wp:featuredmedia":[{"embeddable":true,"href":"https:\/\/producciones-abismales.com\/es\/wp-json\/wp\/v2\/media\/1171"}],"wp:attachment":[{"href":"https:\/\/producciones-abismales.com\/es\/wp-json\/wp\/v2\/media?parent=1213"}],"curies":[{"name":"wp","href":"https:\/\/api.w.org\/{rel}","templated":true}]}}