{"id":23,"date":"2019-01-07T21:25:40","date_gmt":"2019-01-07T20:25:40","guid":{"rendered":"https:\/\/producciones-abismales.com\/es\/?page_id=23"},"modified":"2025-10-21T16:46:52","modified_gmt":"2025-10-21T14:46:52","slug":"show","status":"publish","type":"page","link":"https:\/\/producciones-abismales.com\/es\/show\/","title":{"rendered":"Show"},"content":{"rendered":"\r\n<p class=\"has-medium-font-size\"><strong>Concepto y sinopsis<\/strong><\/p>\r\n\r\n\r\n\r\n<p style=\"font-size: 18px\">Teatro de t\u00edteres y objetos para toda la familia.<\/p>\r\n\r\n\r\n\r\n<p class=\"has-text-align-left\" style=\"font-size: 18px\">Los protagonistas son un gigantesco pez colorido y un escafandrista venido de otros tiempos. Para ambos el pl\u00e1stico es desconocido. Se encuentran, comienzan una amistad y pronto surgen grandes problemas causados por el mismo.<\/p>\r\n\r\n\r\n\r\n<p class=\"has-text-align-left\" style=\"font-size: 18px\">InTi, nuestro pez, se atraganta con las bolsas de pl\u00e1stico que flotan en nuestros oceanos y casi se asfixia. El buceador se da cuenta de esto in extremis y con la ayuda de los ni\u00f1os del p\u00fablico consigue finalmente salvar al pez.<\/p>\r\n\r\n\r\n\r\n<p class=\"has-text-align-left\" style=\"font-size: 18px\">El objetivo de la historia de esta amistad inusual es aumentar la conciencia sobre la responsabilidad que todos tenemos respecto a la contaminacion marina. Esta pieza teatral se entiende bien como una lecci\u00f3n educativa para reflexionar sobre estrategias de eliminaci\u00f3n de basura y\/o posterior reciclado. El problema se personaliza a trav\u00e9s de la simpat\u00eda que despiertan nuestros protagonistas.<\/p>\r\n\r\n\r\n\r\n<p class=\"has-text-align-left\" style=\"font-size: 18px\">El car\u00e1cter ineteractivo de la obra muestra que todos podemos hacer algo cambiando nuestros h\u00e1bitos cotidianos.<\/p>\r\n<p><a href=\"https:\/\/drive.google.com\/file\/d\/1hNWMQuwxW2KxhT_TL6QEkLK0Nc1bSX9k\/view?usp=drive_link\" target=\"_blank\" rel=\"noopener\">Dossier para descargar<\/a><\/p>\r\n<p><a href=\"https:\/\/www.youtube.com\/watch?v=wQi0VyOrADI\" target=\"_blank\" rel=\"noreferrer noopener\" aria-label=\"Videolink (\u00f6ffnet in neuem Tab)\">Videolink<\/a><\/p>\r\n<p><a href=\"https:\/\/drive.google.com\/file\/d\/1ER_SuRX6UrTSWzpmiILf8m--RVaxjU8S\/view?usp=sharing\" target=\"_blank\" rel=\"noopener\">Ficha t\u00e9cnica<\/a><\/p>\r\n\r\n\r\n\r\n<figure class=\"is-layout-flex wp-block-gallery-1 wp-block-gallery columns-3 is-cropped\">\r\n<ul class=\"blocks-gallery-grid\">\r\n<li class=\"blocks-gallery-item\">\r\n<figure><img decoding=\"async\" loading=\"lazy\" width=\"450\" height=\"474\" class=\"wp-image-175\" src=\"https:\/\/producciones-abismales.com\/es\/wp-content\/uploads\/sites\/4\/2019\/01\/img_7065-e1540727839693.jpg\" alt=\"\" data-id=\"175\" data-link=\"https:\/\/producciones-abismales.com\/es\/show\/img_7065-e1540727839693\/\" srcset=\"https:\/\/producciones-abismales.com\/es\/wp-content\/uploads\/sites\/4\/2019\/01\/img_7065-e1540727839693.jpg 450w, https:\/\/producciones-abismales.com\/es\/wp-content\/uploads\/sites\/4\/2019\/01\/img_7065-e1540727839693-285x300.jpg 285w\" sizes=\"(max-width: 450px) 100vw, 450px\" \/><\/figure>\r\n<\/li>\r\n<li class=\"blocks-gallery-item\">\r\n<figure><img decoding=\"async\" loading=\"lazy\" class=\"wp-image-100\" src=\"https:\/\/producciones-abismales.com\/es\/wp-content\/uploads\/sites\/4\/2019\/01\/1-1024x683.jpg\" alt=\"\" width=\"793\" height=\"529\" data-id=\"100\" data-link=\"https:\/\/producciones-abismales.com\/es\/1\/\" srcset=\"https:\/\/producciones-abismales.com\/es\/wp-content\/uploads\/sites\/4\/2019\/01\/1-1024x683.jpg 1024w, https:\/\/producciones-abismales.com\/es\/wp-content\/uploads\/sites\/4\/2019\/01\/1-300x200.jpg 300w, https:\/\/producciones-abismales.com\/es\/wp-content\/uploads\/sites\/4\/2019\/01\/1-768x513.jpg 768w, https:\/\/producciones-abismales.com\/es\/wp-content\/uploads\/sites\/4\/2019\/01\/1-685x457.jpg 685w, https:\/\/producciones-abismales.com\/es\/wp-content\/uploads\/sites\/4\/2019\/01\/1-2000x1335.jpg 2000w, https:\/\/producciones-abismales.com\/es\/wp-content\/uploads\/sites\/4\/2019\/01\/1-342x228.jpg 342w\" sizes=\"(max-width: 793px) 100vw, 793px\" \/><\/figure>\r\n<\/li>\r\n<li class=\"blocks-gallery-item\">\r\n<figure><img decoding=\"async\" loading=\"lazy\" class=\"alignnone wp-image-987 size-large\" src=\"https:\/\/producciones-abismales.com\/es\/wp-content\/uploads\/sites\/4\/2023\/11\/280A1508-1024x685.jpg\" alt=\"\" width=\"685\" height=\"458\" data-id=\"85\" data-link=\"https:\/\/producciones-abismales.com\/es\/2019\/01\/17\/gracias-a-vosotrs-por-haber-hecho-este-proyecto-posible\/img_7238\/\" srcset=\"https:\/\/producciones-abismales.com\/es\/wp-content\/uploads\/sites\/4\/2023\/11\/280A1508-1024x685.jpg 1024w, https:\/\/producciones-abismales.com\/es\/wp-content\/uploads\/sites\/4\/2023\/11\/280A1508-300x201.jpg 300w, https:\/\/producciones-abismales.com\/es\/wp-content\/uploads\/sites\/4\/2023\/11\/280A1508-768x514.jpg 768w, https:\/\/producciones-abismales.com\/es\/wp-content\/uploads\/sites\/4\/2023\/11\/280A1508-1536x1027.jpg 1536w, https:\/\/producciones-abismales.com\/es\/wp-content\/uploads\/sites\/4\/2023\/11\/280A1508-2048x1370.jpg 2048w, https:\/\/producciones-abismales.com\/es\/wp-content\/uploads\/sites\/4\/2023\/11\/280A1508-685x458.jpg 685w, https:\/\/producciones-abismales.com\/es\/wp-content\/uploads\/sites\/4\/2023\/11\/280A1508-2000x1338.jpg 2000w, https:\/\/producciones-abismales.com\/es\/wp-content\/uploads\/sites\/4\/2023\/11\/280A1508-342x228.jpg 342w\" sizes=\"(max-width: 685px) 100vw, 685px\" \/><\/figure>\r\n<\/li>\r\n<li class=\"blocks-gallery-item\">\r\n<figure><img decoding=\"async\" loading=\"lazy\" class=\"alignnone wp-image-573\" src=\"https:\/\/producciones-abismales.com\/es\/wp-content\/uploads\/sites\/4\/2021\/06\/200913_Spreepark_1302_LQ-1024x683.jpg\" alt=\"\" width=\"1056\" height=\"704\" data-id=\"92\" data-link=\"https:\/\/producciones-abismales.com\/es\/foto-galleria\/img_7123\/\" srcset=\"https:\/\/producciones-abismales.com\/es\/wp-content\/uploads\/sites\/4\/2021\/06\/200913_Spreepark_1302_LQ-1024x683.jpg 1024w, https:\/\/producciones-abismales.com\/es\/wp-content\/uploads\/sites\/4\/2021\/06\/200913_Spreepark_1302_LQ-300x200.jpg 300w, https:\/\/producciones-abismales.com\/es\/wp-content\/uploads\/sites\/4\/2021\/06\/200913_Spreepark_1302_LQ-768x512.jpg 768w, https:\/\/producciones-abismales.com\/es\/wp-content\/uploads\/sites\/4\/2021\/06\/200913_Spreepark_1302_LQ-1536x1024.jpg 1536w, https:\/\/producciones-abismales.com\/es\/wp-content\/uploads\/sites\/4\/2021\/06\/200913_Spreepark_1302_LQ-685x457.jpg 685w, https:\/\/producciones-abismales.com\/es\/wp-content\/uploads\/sites\/4\/2021\/06\/200913_Spreepark_1302_LQ-2000x1333.jpg 2000w, https:\/\/producciones-abismales.com\/es\/wp-content\/uploads\/sites\/4\/2021\/06\/200913_Spreepark_1302_LQ-342x228.jpg 342w\" sizes=\"(max-width: 1056px) 100vw, 1056px\" \/><\/figure>\r\n<\/li>\r\n<li><img decoding=\"async\" loading=\"lazy\" class=\"alignnone wp-image-986\" src=\"https:\/\/producciones-abismales.com\/es\/wp-content\/uploads\/sites\/4\/2023\/11\/280A1486-2-300x200.jpg\" alt=\"\" width=\"284\" height=\"189\" srcset=\"https:\/\/producciones-abismales.com\/es\/wp-content\/uploads\/sites\/4\/2023\/11\/280A1486-2-300x200.jpg 300w, https:\/\/producciones-abismales.com\/es\/wp-content\/uploads\/sites\/4\/2023\/11\/280A1486-2-1024x683.jpg 1024w, https:\/\/producciones-abismales.com\/es\/wp-content\/uploads\/sites\/4\/2023\/11\/280A1486-2-768x512.jpg 768w, https:\/\/producciones-abismales.com\/es\/wp-content\/uploads\/sites\/4\/2023\/11\/280A1486-2-1536x1024.jpg 1536w, https:\/\/producciones-abismales.com\/es\/wp-content\/uploads\/sites\/4\/2023\/11\/280A1486-2-2048x1365.jpg 2048w, https:\/\/producciones-abismales.com\/es\/wp-content\/uploads\/sites\/4\/2023\/11\/280A1486-2-685x457.jpg 685w, https:\/\/producciones-abismales.com\/es\/wp-content\/uploads\/sites\/4\/2023\/11\/280A1486-2-2000x1333.jpg 2000w, https:\/\/producciones-abismales.com\/es\/wp-content\/uploads\/sites\/4\/2023\/11\/280A1486-2-342x228.jpg 342w\" sizes=\"(max-width: 284px) 100vw, 284px\" \/> \u00a0\u00a0 <img decoding=\"async\" loading=\"lazy\" class=\"alignnone wp-image-333\" src=\"https:\/\/producciones-abismales.com\/es\/wp-content\/uploads\/sites\/4\/2019\/02\/Die-Drachen_paf18_thbm_-ronald-spratte007-e1549118774234-1016x1024-1-e1699833586975-272x300.jpg\" alt=\"\" width=\"173\" height=\"190\" srcset=\"https:\/\/producciones-abismales.com\/es\/wp-content\/uploads\/sites\/4\/2019\/02\/Die-Drachen_paf18_thbm_-ronald-spratte007-e1549118774234-1016x1024-1-e1699833586975-272x300.jpg 272w, https:\/\/producciones-abismales.com\/es\/wp-content\/uploads\/sites\/4\/2019\/02\/Die-Drachen_paf18_thbm_-ronald-spratte007-e1549118774234-1016x1024-1-e1699833586975.jpg 680w\" sizes=\"(max-width: 173px) 100vw, 173px\" \/> \u00a0\u00a0 <img decoding=\"async\" loading=\"lazy\" class=\"alignnone wp-image-367\" src=\"https:\/\/producciones-abismales.com\/es\/wp-content\/uploads\/sites\/4\/2019\/02\/admin-ajax.php_-1-300x300.jpeg\" alt=\"\" width=\"191\" height=\"191\" srcset=\"https:\/\/producciones-abismales.com\/es\/wp-content\/uploads\/sites\/4\/2019\/02\/admin-ajax.php_-1-300x300.jpeg 300w, https:\/\/producciones-abismales.com\/es\/wp-content\/uploads\/sites\/4\/2019\/02\/admin-ajax.php_-1-150x150.jpeg 150w, https:\/\/producciones-abismales.com\/es\/wp-content\/uploads\/sites\/4\/2019\/02\/admin-ajax.php_-1-100x100.jpeg 100w, https:\/\/producciones-abismales.com\/es\/wp-content\/uploads\/sites\/4\/2019\/02\/admin-ajax.php_-1-398x398.jpeg 398w, https:\/\/producciones-abismales.com\/es\/wp-content\/uploads\/sites\/4\/2019\/02\/admin-ajax.php_-1.jpeg 400w\" sizes=\"(max-width: 191px) 100vw, 191px\" \/><\/li>\r\n<li><img decoding=\"async\" loading=\"lazy\" class=\"alignnone wp-image-1039\" src=\"https:\/\/producciones-abismales.com\/es\/wp-content\/uploads\/sites\/4\/2023\/11\/IMG_20220626_150104ret-1536x732-1-300x143.jpg\" alt=\"\" width=\"976\" height=\"465\" srcset=\"https:\/\/producciones-abismales.com\/es\/wp-content\/uploads\/sites\/4\/2023\/11\/IMG_20220626_150104ret-1536x732-1-300x143.jpg 300w, https:\/\/producciones-abismales.com\/es\/wp-content\/uploads\/sites\/4\/2023\/11\/IMG_20220626_150104ret-1536x732-1-1024x488.jpg 1024w, https:\/\/producciones-abismales.com\/es\/wp-content\/uploads\/sites\/4\/2023\/11\/IMG_20220626_150104ret-1536x732-1-768x366.jpg 768w, https:\/\/producciones-abismales.com\/es\/wp-content\/uploads\/sites\/4\/2023\/11\/IMG_20220626_150104ret-1536x732-1-685x326.jpg 685w, https:\/\/producciones-abismales.com\/es\/wp-content\/uploads\/sites\/4\/2023\/11\/IMG_20220626_150104ret-1536x732-1.jpg 1536w\" sizes=\"(max-width: 976px) 100vw, 976px\" \/><\/li>\r\n<\/ul>\r\n<\/figure>\r\n\r\n\r\n\r\n<p>&nbsp;<\/p>\r\n\r\n\r\n\r\n<ul>\r\n<li>08 &amp; 10.06.2018 \/ Theaterhaus Berlin Mitte, Sommergarten<\/li>\r\n<li>13 &amp; 14.07.2018 \/ Theaterhaus Berlin Mitte, Sommergarten<\/li>\r\n<li>01 &amp; 02.09.2018 \/ Theaterhaus Berlin Mitte, Sommergarten<\/li>\r\n<li>05.12.2018 \/ Umweltschule (Escuela con educaci\u00f3n medioambiental) am Falkplatz, Berl\u00edn<\/li>\r\n<li>15.06.2019 \/ Schaubude- 12h. open space \u201eLa larga noche del teatro independiente de T\u00edteres y Objetos de Berl\u00edn\u201c<\/li>\r\n<li>12.07.2019 \/ Cosmopolitan School (actuaci\u00f3n en castellano) Berl\u00edn<\/li>\r\n<li>01.08.2019 \/ NON Berl\u00edn Asia contemporary art platform<\/li>\r\n<li>13.09.2020 \/ Open Air Theater en el Spreepark, Berl\u00edn<\/li>\r\n<li>08.06.2021 \/ D\u00eda mundial del Oc\u00e9ano cooperaci\u00f3n con el Parque nacional Wattenmeer en la isla de Norderney<\/li>\r\n<li>13.02.2022 \/ Winterwerft Festival, Frankfurt am Main<\/li>\r\n<li>04.06.2022 \/ Festival GOFER, en el D\u00eda del Ni\u00f1o Polaco \/ Goleni\u00f3w<\/li>\r\n<li>12.06.2022 \/ UMWELTFESTIVAL \/ Stra\u00dfe des 17. Juni, Berl\u00edn<\/li>\r\n<li>21., 22. y 23.07.2023 \/ SOMMERWERFT Festival \/ Frankfurt am Main<\/li>\r\n<li>25., 26. y 27.08.2023 \/ STREET THEATER Festival \u2013 Picadeiro 8 \/ Espinho, Portugal<\/li>\r\n<li>04. y 05. 09.2023 \/ PERFORMANCE \u2013 Internationale Kulturb\u00f6rse f\u00fcr Stra\u00dfenkunst \/ Paderborn<\/li>\r\n<li>01.06.2024 LANDESGARTENSCHAU \/ Kirchsheim<\/li>\r\n<li>07.06.2024 STADTVILLA GLOBAL Kreativ- &amp; Medienzentrum f\u00fcr Kinder und Jugendliche \/ Berlin<\/li>\r\n<li>27.07.2024 SOMMERSPROSSEN STRASSENTHEATERFESTIVAL \/ Pforzheim<\/li>\r\n<li>03.08.2024 FESTIVAL F\u00dcR FREUNDE \/ Dahnsdorf<\/li>\r\n<li>07.08.2024 MUSCHELSALAT \/ Hagen<\/li>\r\n<li>09.08.2024 3000GRAD \/ Feldberger Seenlandschaft<\/li>\r\n<li>13.09.2024 Kinderfreizeiteinrichtung K\u00c4NGURUH \/ Berlin<\/li>\r\n<li>22. 09.2024 POTSDAMER UMWELTFEST \/ Potsdam<\/li>\r\n<li>24 y 25.09.2024\u00a0 JugendKulturZentrum PUMPE \/ Berlin<\/li>\r\n<li>29.09.2024 KINDERBAUERNHOF AUF DEM G\u00d6RLITZER e.V \/ Berlin<\/li>\r\n<li>7.06. &amp; 18.06.25 Monopol \/ Berlin<\/li>\r\n<li>19.06.25 Schulumweltzentrum- Gartenarbeitsschule Steglitz-Zehlendorf \/ Berlin\u00a0<\/li>\r\n<li>25.07.25 FIPP e.V. Familienzentrum an der W\u00fchle\/ Berlin\u00a0<\/li>\r\n<li>05.09 &amp; 29.10.25 Jugendzentrum \u201eDie Arche\u201c \/ Berlin<\/li>\r\n<\/ul>\r\n<p>GALER\u00cdA<\/p>\r\n<div id=\"metaslider-id-277\" style=\"max-width: 700px;\" class=\"ml-slider-3-27-14 metaslider metaslider-flex metaslider-277 ml-slider\">\n    <div id=\"metaslider_container_277\">\n        <div id=\"metaslider_277\">\n            <ul aria-live=\"polite\" class=\"slides\">\n                <li style=\"display: block; width: 100%;\" class=\"slide-320 ms-image\"><img src=\"https:\/\/producciones-abismales.com\/es\/wp-content\/uploads\/sites\/4\/2019\/02\/8-450x321.jpg\" height=\"500\" width=\"700\" alt=\"\" class=\"slider-277 slide-320\" title=\"8\" \/><\/li>\n                <li style=\"display: none; width: 100%;\" class=\"slide-321 ms-image\"><img src=\"https:\/\/producciones-abismales.com\/es\/wp-content\/uploads\/sites\/4\/2019\/02\/die-drachen_paf18_thbm_-ronald-spratte024-420x300.jpg\" height=\"500\" width=\"700\" alt=\"\" class=\"slider-277 slide-321\" title=\"die-drachen_paf18_thbm_-ronald-spratte024\" \/><\/li>\n                <li style=\"display: none; width: 100%;\" class=\"slide-325 ms-image\"><img src=\"https:\/\/producciones-abismales.com\/es\/wp-content\/uploads\/sites\/4\/2019\/02\/Die-Drachen_paf18_thbm_-ronald-spratte067-e1549119037635-1024x1005-700x500.jpg\" height=\"500\" width=\"700\" alt=\"\" class=\"slider-277 slide-325\" title=\"Die-Drachen_paf18_thbm_-ronald-spratte067-e1549119037635-1024x1005\" \/><\/li>\n                <li style=\"display: none; width: 100%;\" class=\"slide-326 ms-image\"><img src=\"https:\/\/producciones-abismales.com\/es\/wp-content\/uploads\/sites\/4\/2019\/02\/mapa-web-e1549201998209-1024x730-700x500.jpg\" height=\"500\" width=\"700\" alt=\"\" class=\"slider-277 slide-326\" title=\"mapa-web--e1549201998209-1024x730\" \/><\/li>\n                <li style=\"display: none; width: 100%;\" class=\"slide-328 ms-image\"><img src=\"https:\/\/producciones-abismales.com\/es\/wp-content\/uploads\/sites\/4\/2019\/02\/IMG_8320-ret--e1549560624573-700x500.jpg\" height=\"500\" width=\"700\" alt=\"\" class=\"slider-277 slide-328\" title=\"IMG_8320 ret\" \/><\/li>\n                <li style=\"display: none; width: 100%;\" class=\"slide-329 ms-image\"><img src=\"https:\/\/producciones-abismales.com\/es\/wp-content\/uploads\/sites\/4\/2019\/02\/IMG_7065-1-e1549203555922-1024x732-700x500.jpg\" height=\"500\" width=\"700\" alt=\"\" class=\"slider-277 slide-329\" title=\"IMG_7065-1-e1549203555922-1024x732\" \/><\/li>\n                <li style=\"display: none; width: 100%;\" class=\"slide-337 ms-image\"><img src=\"https:\/\/producciones-abismales.com\/es\/wp-content\/uploads\/sites\/4\/2019\/01\/IMG_7238-700x500.jpg\" height=\"500\" width=\"700\" alt=\"\" class=\"slider-277 slide-337\" title=\"IMG_7238\" \/><\/li>\n                <li style=\"display: none; width: 100%;\" class=\"slide-338 ms-image\"><img src=\"https:\/\/producciones-abismales.com\/es\/wp-content\/uploads\/sites\/4\/2019\/02\/mapa-cartografico-1-746x1024-700x500.jpg\" height=\"500\" width=\"700\" alt=\"\" class=\"slider-277 slide-338\" title=\"mapa-cartografico-1-746x1024\" \/><\/li>\n                <li style=\"display: none; width: 100%;\" class=\"slide-339 ms-image\"><img src=\"https:\/\/producciones-abismales.com\/es\/wp-content\/uploads\/sites\/4\/2021\/06\/2A5A4699-scaled-700x500.jpg\" height=\"500\" width=\"700\" alt=\"\" class=\"slider-277 slide-339\" title=\"2A5A4699\" \/><\/li>\n                <li style=\"display: none; width: 100%;\" class=\"slide-529 ms-image\"><img src=\"https:\/\/producciones-abismales.com\/es\/wp-content\/uploads\/sites\/4\/2020\/05\/IMG_3979ret-700x500.jpg\" height=\"500\" width=\"700\" alt=\"\" class=\"slider-277 slide-529\" title=\"IMG_3979ret\" \/><\/li>\n                <li style=\"display: none; width: 100%;\" class=\"slide-572 ms-image\"><img src=\"https:\/\/producciones-abismales.com\/es\/wp-content\/uploads\/sites\/4\/2021\/06\/2A5A4584-scaled-700x500.jpg\" height=\"500\" width=\"700\" alt=\"\" class=\"slider-277 slide-572\" title=\"2A5A4584\" \/><\/li>\n                <li style=\"display: none; width: 100%;\" class=\"slide-587 ms-image\"><img src=\"https:\/\/producciones-abismales.com\/es\/wp-content\/uploads\/sites\/4\/2021\/06\/200913_Spreepark_1286_LQ-700x500.jpg\" height=\"500\" width=\"700\" alt=\"\" class=\"slider-277 slide-587\" title=\"200913_Spreepark_1286_LQ\" \/><\/li>\n                <li style=\"display: none; width: 100%;\" class=\"slide-591 ms-image\"><img src=\"https:\/\/producciones-abismales.com\/es\/wp-content\/uploads\/sites\/4\/2021\/07\/200913_Spreepark_1183_LQ-e1625133724487-700x500.jpg\" height=\"500\" width=\"700\" alt=\"\" class=\"slider-277 slide-591\" title=\"200913_Spreepark_1183_LQ\" \/><\/li>\n                <li style=\"display: none; width: 100%;\" class=\"slide-592 ms-image\"><img src=\"https:\/\/producciones-abismales.com\/es\/wp-content\/uploads\/sites\/4\/2019\/07\/WhatsApp-Image-2019-06-17-at-16.37.181-e1625134453162-700x500.jpeg\" height=\"500\" width=\"700\" alt=\"\" class=\"slider-277 slide-592\" title=\"WhatsApp Image 2019-06-17 at 16.37.18(1)\" \/><\/li>\n                <li style=\"display: none; width: 100%;\" class=\"slide-593 ms-image\"><img src=\"https:\/\/producciones-abismales.com\/es\/wp-content\/uploads\/sites\/4\/2021\/07\/IMG_8317ret-1-scaled-e1625135488863-700x500.jpg\" height=\"500\" width=\"700\" alt=\"\" class=\"slider-277 slide-593\" title=\"IMG_8317ret\" \/><\/li>\n            <\/ul>\n        <\/div>\n        \n    <\/div>\n<\/div>\r\n","protected":false},"excerpt":{"rendered":"<p>Concepto y sinopsis Teatro de t\u00edteres y objetos para toda la familia. Los protagonistas son un gigantesco pez colorido y un escafandrista venido de otros tiempos. Para ambos el pl\u00e1stico es desconocido. Se encuentran, comienzan una amistad y pronto surgen grandes problemas causados por el mismo. InTi, nuestro pez, se atraganta con las bolsas de &hellip; <a href=\"https:\/\/producciones-abismales.com\/es\/show\/\" class=\"more-link\"><span class=\"screen-reader-text\">Show<\/span> weiterlesen<\/a><\/p>\n","protected":false},"author":1,"featured_media":261,"parent":0,"menu_order":0,"comment_status":"closed","ping_status":"closed","template":"","meta":[],"yoast_head":"<!-- This site is optimized with the Yoast SEO plugin v19.11 - https:\/\/yoast.com\/wordpress\/plugins\/seo\/ -->\n<title>Show -<\/title>\n<meta name=\"robots\" content=\"index, follow, max-snippet:-1, max-image-preview:large, max-video-preview:-1\" \/>\n<link rel=\"canonical\" href=\"https:\/\/producciones-abismales.com\/es\/show\/\" \/>\n<meta property=\"og:locale\" content=\"de_DE\" \/>\n<meta property=\"og:type\" content=\"article\" \/>\n<meta property=\"og:title\" content=\"Show -\" \/>\n<meta property=\"og:description\" content=\"Concepto y sinopsis Teatro de t\u00edteres y objetos para toda la familia. Los protagonistas son un gigantesco pez colorido y un escafandrista venido de otros tiempos. Para ambos el pl\u00e1stico es desconocido. Se encuentran, comienzan una amistad y pronto surgen grandes problemas causados por el mismo. InTi, nuestro pez, se atraganta con las bolsas de &hellip; Show weiterlesen\" \/>\n<meta property=\"og:url\" content=\"https:\/\/producciones-abismales.com\/es\/show\/\" \/>\n<meta property=\"article:modified_time\" content=\"2025-10-21T14:46:52+00:00\" \/>\n<meta property=\"og:image\" content=\"https:\/\/producciones-abismales.com\/es\/wp-content\/uploads\/sites\/4\/2019\/01\/Die-Drachen_paf18_thbm_-ronald-spratte021ret-1-2000x773.jpg\" \/>\n\t<meta property=\"og:image:width\" content=\"2000\" \/>\n\t<meta property=\"og:image:height\" content=\"773\" \/>\n\t<meta property=\"og:image:type\" content=\"image\/jpeg\" \/>\n<meta name=\"twitter:card\" content=\"summary_large_image\" \/>\n<meta name=\"twitter:label1\" content=\"Gesch\u00e4tzte Lesezeit\" \/>\n\t<meta name=\"twitter:data1\" content=\"4\u00a0Minuten\" \/>\n<script type=\"application\/ld+json\" class=\"yoast-schema-graph\">{\"@context\":\"https:\/\/schema.org\",\"@graph\":[{\"@type\":\"WebPage\",\"@id\":\"https:\/\/producciones-abismales.com\/es\/show\/\",\"url\":\"https:\/\/producciones-abismales.com\/es\/show\/\",\"name\":\"Show -\",\"isPartOf\":{\"@id\":\"https:\/\/producciones-abismales.com\/es\/#website\"},\"datePublished\":\"2019-01-07T20:25:40+00:00\",\"dateModified\":\"2025-10-21T14:46:52+00:00\",\"breadcrumb\":{\"@id\":\"https:\/\/producciones-abismales.com\/es\/show\/#breadcrumb\"},\"inLanguage\":\"de\",\"potentialAction\":[{\"@type\":\"ReadAction\",\"target\":[\"https:\/\/producciones-abismales.com\/es\/show\/\"]}]},{\"@type\":\"BreadcrumbList\",\"@id\":\"https:\/\/producciones-abismales.com\/es\/show\/#breadcrumb\",\"itemListElement\":[{\"@type\":\"ListItem\",\"position\":1,\"name\":\"Startseite\",\"item\":\"https:\/\/producciones-abismales.com\/es\/\"},{\"@type\":\"ListItem\",\"position\":2,\"name\":\"Show\"}]},{\"@type\":\"WebSite\",\"@id\":\"https:\/\/producciones-abismales.com\/es\/#website\",\"url\":\"https:\/\/producciones-abismales.com\/es\/\",\"name\":\"\",\"description\":\"TEATRO SOBRE EL MEDIO AMBIENTE PARA TODA LA FAMILIA\",\"potentialAction\":[{\"@type\":\"SearchAction\",\"target\":{\"@type\":\"EntryPoint\",\"urlTemplate\":\"https:\/\/producciones-abismales.com\/es\/?s={search_term_string}\"},\"query-input\":\"required name=search_term_string\"}],\"inLanguage\":\"de\"}]}<\/script>\n<!-- \/ Yoast SEO plugin. -->","yoast_head_json":{"title":"Show -","robots":{"index":"index","follow":"follow","max-snippet":"max-snippet:-1","max-image-preview":"max-image-preview:large","max-video-preview":"max-video-preview:-1"},"canonical":"https:\/\/producciones-abismales.com\/es\/show\/","og_locale":"de_DE","og_type":"article","og_title":"Show -","og_description":"Concepto y sinopsis Teatro de t\u00edteres y objetos para toda la familia. Los protagonistas son un gigantesco pez colorido y un escafandrista venido de otros tiempos. Para ambos el pl\u00e1stico es desconocido. Se encuentran, comienzan una amistad y pronto surgen grandes problemas causados por el mismo. InTi, nuestro pez, se atraganta con las bolsas de &hellip; Show weiterlesen","og_url":"https:\/\/producciones-abismales.com\/es\/show\/","article_modified_time":"2025-10-21T14:46:52+00:00","og_image":[{"width":2000,"height":773,"url":"https:\/\/producciones-abismales.com\/es\/wp-content\/uploads\/sites\/4\/2019\/01\/Die-Drachen_paf18_thbm_-ronald-spratte021ret-1-2000x773.jpg","type":"image\/jpeg"}],"twitter_card":"summary_large_image","twitter_misc":{"Gesch\u00e4tzte Lesezeit":"4\u00a0Minuten"},"schema":{"@context":"https:\/\/schema.org","@graph":[{"@type":"WebPage","@id":"https:\/\/producciones-abismales.com\/es\/show\/","url":"https:\/\/producciones-abismales.com\/es\/show\/","name":"Show -","isPartOf":{"@id":"https:\/\/producciones-abismales.com\/es\/#website"},"datePublished":"2019-01-07T20:25:40+00:00","dateModified":"2025-10-21T14:46:52+00:00","breadcrumb":{"@id":"https:\/\/producciones-abismales.com\/es\/show\/#breadcrumb"},"inLanguage":"de","potentialAction":[{"@type":"ReadAction","target":["https:\/\/producciones-abismales.com\/es\/show\/"]}]},{"@type":"BreadcrumbList","@id":"https:\/\/producciones-abismales.com\/es\/show\/#breadcrumb","itemListElement":[{"@type":"ListItem","position":1,"name":"Startseite","item":"https:\/\/producciones-abismales.com\/es\/"},{"@type":"ListItem","position":2,"name":"Show"}]},{"@type":"WebSite","@id":"https:\/\/producciones-abismales.com\/es\/#website","url":"https:\/\/producciones-abismales.com\/es\/","name":"","description":"TEATRO SOBRE EL MEDIO AMBIENTE PARA TODA LA FAMILIA","potentialAction":[{"@type":"SearchAction","target":{"@type":"EntryPoint","urlTemplate":"https:\/\/producciones-abismales.com\/es\/?s={search_term_string}"},"query-input":"required name=search_term_string"}],"inLanguage":"de"}]}},"_links":{"self":[{"href":"https:\/\/producciones-abismales.com\/es\/wp-json\/wp\/v2\/pages\/23"}],"collection":[{"href":"https:\/\/producciones-abismales.com\/es\/wp-json\/wp\/v2\/pages"}],"about":[{"href":"https:\/\/producciones-abismales.com\/es\/wp-json\/wp\/v2\/types\/page"}],"author":[{"embeddable":true,"href":"https:\/\/producciones-abismales.com\/es\/wp-json\/wp\/v2\/users\/1"}],"replies":[{"embeddable":true,"href":"https:\/\/producciones-abismales.com\/es\/wp-json\/wp\/v2\/comments?post=23"}],"version-history":[{"count":23,"href":"https:\/\/producciones-abismales.com\/es\/wp-json\/wp\/v2\/pages\/23\/revisions"}],"predecessor-version":[{"id":1194,"href":"https:\/\/producciones-abismales.com\/es\/wp-json\/wp\/v2\/pages\/23\/revisions\/1194"}],"wp:featuredmedia":[{"embeddable":true,"href":"https:\/\/producciones-abismales.com\/es\/wp-json\/wp\/v2\/media\/261"}],"wp:attachment":[{"href":"https:\/\/producciones-abismales.com\/es\/wp-json\/wp\/v2\/media?parent=23"}],"curies":[{"name":"wp","href":"https:\/\/api.w.org\/{rel}","templated":true}]}}