{"id":4,"date":"2019-01-07T21:20:05","date_gmt":"2019-01-07T20:20:05","guid":{"rendered":"https:\/\/producciones-abismales.com\/es\/?page_id=4"},"modified":"2022-10-05T17:39:34","modified_gmt":"2022-10-05T15:39:34","slug":"home","status":"publish","type":"page","link":"https:\/\/producciones-abismales.com\/es\/","title":{"rendered":"Home"},"content":{"rendered":"\n<p style=\"font-size:18px\">\n\u00bfPor qu\u00e9 teatro medioambiental? Porque nosotros creemos que un cambio de\n actitud social es posible y necesario, \u201eDayoub &amp; Naga\u201c y \u201elos \nDragones marinos\u201c son nuestros espect\u00e1culos dedicados al medio ambiente.\n Somos conscientes de que no es una tarea f\u00e1cil, pero estamos \nconvencidos de que a trav\u00e9s del teatro se puede sensibilizar al p\u00fablico.\n Esta es la raz\u00f3n por la que hemos escogido el teatro de calle como \nmedio de difusi\u00f3n abierto y accesible para todos, sin limitaciones \nculturales ni sociales. \n<br>\n\nMuchos pensar\u00e1n que somos idealistas, pero no obstante nosotros \ncreemos firmemente (afortunadamente no somos los \u00fanicos) que tenemos los\n medios y tecnolog\u00eda para encontrar ese equilibrio con la naturaleza, \nnuestra madre tierra, que todav\u00eda no es demasiado tarde, en definitiva \nsolo depende de nosotros mismos.&nbsp; \n\n<\/p>\n\n\n\n<p><\/p>\n\n\n\n<figure class=\"wp-block-image\"><img alt=\"\" \/><\/figure>\n","protected":false},"excerpt":{"rendered":"<p>\u00bfPor qu\u00e9 teatro medioambiental? Porque nosotros creemos que un cambio de actitud social es posible y necesario, \u201eDayoub &amp; Naga\u201c y \u201elos Dragones marinos\u201c son nuestros espect\u00e1culos dedicados al medio ambiente. Somos conscientes de que no es una tarea f\u00e1cil, pero estamos convencidos de que a trav\u00e9s del teatro se puede sensibilizar al p\u00fablico. Esta &hellip; <a href=\"https:\/\/producciones-abismales.com\/es\/\" class=\"more-link\"><span class=\"screen-reader-text\">Home<\/span> weiterlesen<\/a><\/p>\n","protected":false},"author":3,"featured_media":55,"parent":0,"menu_order":0,"comment_status":"closed","ping_status":"closed","template":"","meta":[],"yoast_head":"<!-- This site is optimized with the Yoast SEO plugin v19.11 - https:\/\/yoast.com\/wordpress\/plugins\/seo\/ -->\n<title>Home -<\/title>\n<meta name=\"robots\" content=\"index, follow, max-snippet:-1, max-image-preview:large, max-video-preview:-1\" \/>\n<link rel=\"canonical\" href=\"https:\/\/producciones-abismales.com\/es\/\" \/>\n<meta property=\"og:locale\" content=\"de_DE\" \/>\n<meta property=\"og:type\" content=\"article\" \/>\n<meta property=\"og:title\" content=\"Home -\" \/>\n<meta property=\"og:description\" content=\"\u00bfPor qu\u00e9 teatro medioambiental? Porque nosotros creemos que un cambio de actitud social es posible y necesario, \u201eDayoub &amp; Naga\u201c y \u201elos Dragones marinos\u201c son nuestros espect\u00e1culos dedicados al medio ambiente. Somos conscientes de que no es una tarea f\u00e1cil, pero estamos convencidos de que a trav\u00e9s del teatro se puede sensibilizar al p\u00fablico. Esta &hellip; Home weiterlesen\" \/>\n<meta property=\"og:url\" content=\"https:\/\/producciones-abismales.com\/es\/\" \/>\n<meta property=\"article:modified_time\" content=\"2022-10-05T15:39:34+00:00\" \/>\n<meta property=\"og:image\" content=\"https:\/\/producciones-abismales.com\/es\/wp-content\/uploads\/sites\/4\/2019\/01\/32463105_10156442332384511_10721681479827456_n.jpg\" \/>\n\t<meta property=\"og:image:width\" content=\"2048\" \/>\n\t<meta property=\"og:image:height\" content=\"1152\" \/>\n\t<meta property=\"og:image:type\" content=\"image\/jpeg\" \/>\n<meta name=\"twitter:card\" content=\"summary_large_image\" \/>\n<meta name=\"twitter:label1\" content=\"Gesch\u00e4tzte Lesezeit\" \/>\n\t<meta name=\"twitter:data1\" content=\"1\u00a0Minute\" \/>\n<script type=\"application\/ld+json\" class=\"yoast-schema-graph\">{\"@context\":\"https:\/\/schema.org\",\"@graph\":[{\"@type\":\"WebPage\",\"@id\":\"https:\/\/producciones-abismales.com\/es\/\",\"url\":\"https:\/\/producciones-abismales.com\/es\/\",\"name\":\"Home -\",\"isPartOf\":{\"@id\":\"https:\/\/producciones-abismales.com\/es\/#website\"},\"datePublished\":\"2019-01-07T20:20:05+00:00\",\"dateModified\":\"2022-10-05T15:39:34+00:00\",\"breadcrumb\":{\"@id\":\"https:\/\/producciones-abismales.com\/es\/#breadcrumb\"},\"inLanguage\":\"de\",\"potentialAction\":[{\"@type\":\"ReadAction\",\"target\":[\"https:\/\/producciones-abismales.com\/es\/\"]}]},{\"@type\":\"BreadcrumbList\",\"@id\":\"https:\/\/producciones-abismales.com\/es\/#breadcrumb\",\"itemListElement\":[{\"@type\":\"ListItem\",\"position\":1,\"name\":\"Startseite\",\"item\":\"https:\/\/producciones-abismales.com\/es\/\"},{\"@type\":\"ListItem\",\"position\":2,\"name\":\"Home\"}]},{\"@type\":\"WebSite\",\"@id\":\"https:\/\/producciones-abismales.com\/es\/#website\",\"url\":\"https:\/\/producciones-abismales.com\/es\/\",\"name\":\"\",\"description\":\"TEATRO SOBRE EL MEDIO AMBIENTE PARA TODA LA FAMILIA\",\"potentialAction\":[{\"@type\":\"SearchAction\",\"target\":{\"@type\":\"EntryPoint\",\"urlTemplate\":\"https:\/\/producciones-abismales.com\/es\/?s={search_term_string}\"},\"query-input\":\"required name=search_term_string\"}],\"inLanguage\":\"de\"}]}<\/script>\n<!-- \/ Yoast SEO plugin. -->","yoast_head_json":{"title":"Home -","robots":{"index":"index","follow":"follow","max-snippet":"max-snippet:-1","max-image-preview":"max-image-preview:large","max-video-preview":"max-video-preview:-1"},"canonical":"https:\/\/producciones-abismales.com\/es\/","og_locale":"de_DE","og_type":"article","og_title":"Home -","og_description":"\u00bfPor qu\u00e9 teatro medioambiental? Porque nosotros creemos que un cambio de actitud social es posible y necesario, \u201eDayoub &amp; Naga\u201c y \u201elos Dragones marinos\u201c son nuestros espect\u00e1culos dedicados al medio ambiente. Somos conscientes de que no es una tarea f\u00e1cil, pero estamos convencidos de que a trav\u00e9s del teatro se puede sensibilizar al p\u00fablico. Esta &hellip; Home weiterlesen","og_url":"https:\/\/producciones-abismales.com\/es\/","article_modified_time":"2022-10-05T15:39:34+00:00","og_image":[{"width":2048,"height":1152,"url":"https:\/\/producciones-abismales.com\/es\/wp-content\/uploads\/sites\/4\/2019\/01\/32463105_10156442332384511_10721681479827456_n.jpg","type":"image\/jpeg"}],"twitter_card":"summary_large_image","twitter_misc":{"Gesch\u00e4tzte Lesezeit":"1\u00a0Minute"},"schema":{"@context":"https:\/\/schema.org","@graph":[{"@type":"WebPage","@id":"https:\/\/producciones-abismales.com\/es\/","url":"https:\/\/producciones-abismales.com\/es\/","name":"Home -","isPartOf":{"@id":"https:\/\/producciones-abismales.com\/es\/#website"},"datePublished":"2019-01-07T20:20:05+00:00","dateModified":"2022-10-05T15:39:34+00:00","breadcrumb":{"@id":"https:\/\/producciones-abismales.com\/es\/#breadcrumb"},"inLanguage":"de","potentialAction":[{"@type":"ReadAction","target":["https:\/\/producciones-abismales.com\/es\/"]}]},{"@type":"BreadcrumbList","@id":"https:\/\/producciones-abismales.com\/es\/#breadcrumb","itemListElement":[{"@type":"ListItem","position":1,"name":"Startseite","item":"https:\/\/producciones-abismales.com\/es\/"},{"@type":"ListItem","position":2,"name":"Home"}]},{"@type":"WebSite","@id":"https:\/\/producciones-abismales.com\/es\/#website","url":"https:\/\/producciones-abismales.com\/es\/","name":"","description":"TEATRO SOBRE EL MEDIO AMBIENTE PARA TODA LA FAMILIA","potentialAction":[{"@type":"SearchAction","target":{"@type":"EntryPoint","urlTemplate":"https:\/\/producciones-abismales.com\/es\/?s={search_term_string}"},"query-input":"required name=search_term_string"}],"inLanguage":"de"}]}},"_links":{"self":[{"href":"https:\/\/producciones-abismales.com\/es\/wp-json\/wp\/v2\/pages\/4"}],"collection":[{"href":"https:\/\/producciones-abismales.com\/es\/wp-json\/wp\/v2\/pages"}],"about":[{"href":"https:\/\/producciones-abismales.com\/es\/wp-json\/wp\/v2\/types\/page"}],"author":[{"embeddable":true,"href":"https:\/\/producciones-abismales.com\/es\/wp-json\/wp\/v2\/users\/3"}],"replies":[{"embeddable":true,"href":"https:\/\/producciones-abismales.com\/es\/wp-json\/wp\/v2\/comments?post=4"}],"version-history":[{"count":13,"href":"https:\/\/producciones-abismales.com\/es\/wp-json\/wp\/v2\/pages\/4\/revisions"}],"predecessor-version":[{"id":818,"href":"https:\/\/producciones-abismales.com\/es\/wp-json\/wp\/v2\/pages\/4\/revisions\/818"}],"wp:featuredmedia":[{"embeddable":true,"href":"https:\/\/producciones-abismales.com\/es\/wp-json\/wp\/v2\/media\/55"}],"wp:attachment":[{"href":"https:\/\/producciones-abismales.com\/es\/wp-json\/wp\/v2\/media?parent=4"}],"curies":[{"name":"wp","href":"https:\/\/api.w.org\/{rel}","templated":true}]}}