{"id":425,"date":"2020-03-01T12:44:28","date_gmt":"2020-03-01T11:44:28","guid":{"rendered":"https:\/\/producciones-abismales.com\/es\/?page_id=425"},"modified":"2025-10-21T17:06:02","modified_gmt":"2025-10-21T15:06:02","slug":"inti-y-la-naufraga","status":"publish","type":"page","link":"https:\/\/producciones-abismales.com\/es\/inti-y-la-naufraga\/","title":{"rendered":"InTi y la Naufraga"},"content":{"rendered":"\r\n<p style=\"font-size: 18px\">Walking act<\/p>\r\n<p>Teatro de figuras y de zancos se funden en una combinaci\u00f3n ins\u00f3lita: InTi, nuestro protagonista, es un pez volador representado por una marioneta de 4 metros de largo. Acaba de regresar de un viaje transoce\u00e1nico por otros hemisferios y cautiva a todos con su gracia.<\/p>\r\n<p>Nuestro pez gigante se encuentra con una n\u00e1ufraga que rechaza su ayuda y va en busca de su id\u00edlica isla. A lo largo del viaje, la n\u00e1ufraga desaf\u00eda al p\u00fablico y, gracias a la habilidad de InTi, consigue llegar a buen puerto.<\/p>\r\n<p>&#8222;InTi y la n\u00e1ufraga&#8220; no es un mero espect\u00e1culo de calle; es una experiencia interactiva y divertida que mezcla t\u00edteres, teatro f\u00edsico y la participaci\u00f3n del p\u00fablico. Acomp\u00e1\u00f1enos en esta aventura teatral mientras la destreza de InTi gu\u00eda a la n\u00e1ufraga hacia un puerto seguro, creando momentos de risa, sorpresa y deleite para el p\u00fablico de todas las edades. Experimenta la magia del teatro de calle como nunca antes con este inolvidable y encantador pasacalles.<\/p>\r\n<p>&nbsp;<\/p>\r\n<p><a href=\"https:\/\/drive.google.com\/file\/d\/1In9_gbSO12rvRZTHcJFniKukD0igS8od\/view?usp=drive_link\" target=\"_blank\" rel=\"noopener\">Dossier para descargar<\/a><\/p>\r\n<p><a href=\"https:\/\/drive.google.com\/file\/d\/1GtYDg5lxo9qER0OXQMUaO4K1cbaJs6hA\/view?usp=drive_link\" target=\"_blank\" rel=\"noopener\">Ficha t\u00e9cnica para descargar<\/a><\/p>\r\n<p><a href=\"https:\/\/www.youtube.com\/watch?v=jVrc5VkKv3c\" target=\"_blank\" rel=\"noreferrer noopener\" aria-label=\"Videolink (\u00f6ffnet in neuem Tab)\">Videolink<\/a><\/p>\r\n\r\n\r\n\r\n<div>\u00a0<\/div>\r\n<p>\u00a0 \u00a0 \u00a0 \u00a0<img decoding=\"async\" loading=\"lazy\" class=\"alignnone  wp-image-435\" src=\"https:\/\/producciones-abismales.com\/es\/wp-content\/uploads\/sites\/4\/2020\/03\/IMG_8499-e1562007264865-1024x982-1024x982-1-300x288.jpg\" alt=\"\" width=\"250\" height=\"240\" srcset=\"https:\/\/producciones-abismales.com\/es\/wp-content\/uploads\/sites\/4\/2020\/03\/IMG_8499-e1562007264865-1024x982-1024x982-1-300x288.jpg 300w, https:\/\/producciones-abismales.com\/es\/wp-content\/uploads\/sites\/4\/2020\/03\/IMG_8499-e1562007264865-1024x982-1024x982-1-768x737.jpg 768w, https:\/\/producciones-abismales.com\/es\/wp-content\/uploads\/sites\/4\/2020\/03\/IMG_8499-e1562007264865-1024x982-1024x982-1-685x657.jpg 685w, https:\/\/producciones-abismales.com\/es\/wp-content\/uploads\/sites\/4\/2020\/03\/IMG_8499-e1562007264865-1024x982-1024x982-1.jpg 1024w\" sizes=\"(max-width: 250px) 100vw, 250px\" \/>\u00a0 \u00a0 \u00a0<img decoding=\"async\" loading=\"lazy\" class=\"alignnone  wp-image-433\" src=\"https:\/\/producciones-abismales.com\/es\/wp-content\/uploads\/sites\/4\/2020\/03\/IMG_8452-1024x683-1024x683-1-300x200.jpg\" alt=\"\" width=\"360\" height=\"240\" srcset=\"https:\/\/producciones-abismales.com\/es\/wp-content\/uploads\/sites\/4\/2020\/03\/IMG_8452-1024x683-1024x683-1-300x200.jpg 300w, https:\/\/producciones-abismales.com\/es\/wp-content\/uploads\/sites\/4\/2020\/03\/IMG_8452-1024x683-1024x683-1-768x512.jpg 768w, https:\/\/producciones-abismales.com\/es\/wp-content\/uploads\/sites\/4\/2020\/03\/IMG_8452-1024x683-1024x683-1-685x457.jpg 685w, https:\/\/producciones-abismales.com\/es\/wp-content\/uploads\/sites\/4\/2020\/03\/IMG_8452-1024x683-1024x683-1-342x228.jpg 342w, https:\/\/producciones-abismales.com\/es\/wp-content\/uploads\/sites\/4\/2020\/03\/IMG_8452-1024x683-1024x683-1.jpg 1024w\" sizes=\"(max-width: 360px) 100vw, 360px\" \/><\/p>\r\n\r\n\r\n\r\n<figure class=\"is-layout-flex wp-block-gallery-1 wp-block-gallery columns-3 is-cropped\">\r\n<figure><\/figure>\r\n<figure>\u00a0 \u00a0 \u00a0 <img decoding=\"async\" loading=\"lazy\" class=\"alignnone  wp-image-423\" src=\"https:\/\/producciones-abismales.com\/es\/wp-content\/uploads\/sites\/4\/2020\/03\/IMG_4838-1024x683-1-300x200.jpg\" alt=\"\" width=\"309\" height=\"206\" srcset=\"https:\/\/producciones-abismales.com\/es\/wp-content\/uploads\/sites\/4\/2020\/03\/IMG_4838-1024x683-1-300x200.jpg 300w, https:\/\/producciones-abismales.com\/es\/wp-content\/uploads\/sites\/4\/2020\/03\/IMG_4838-1024x683-1-768x512.jpg 768w, https:\/\/producciones-abismales.com\/es\/wp-content\/uploads\/sites\/4\/2020\/03\/IMG_4838-1024x683-1-685x457.jpg 685w, https:\/\/producciones-abismales.com\/es\/wp-content\/uploads\/sites\/4\/2020\/03\/IMG_4838-1024x683-1-342x228.jpg 342w, https:\/\/producciones-abismales.com\/es\/wp-content\/uploads\/sites\/4\/2020\/03\/IMG_4838-1024x683-1.jpg 1024w\" sizes=\"(max-width: 309px) 100vw, 309px\" \/>\u00a0 \u00a0 \u00a0<img decoding=\"async\" loading=\"lazy\" class=\"wp-image-603\" src=\"https:\/\/producciones-abismales.com\/es\/wp-content\/uploads\/sites\/4\/2021\/10\/241380336_3029833000611010_3151130053398870067_n.jpg\" alt=\"\" width=\"277\" height=\"208\" data-id=\"603\" data-full-url=\"https:\/\/producciones-abismales.com\/es\/wp-content\/uploads\/sites\/4\/2021\/10\/241380336_3029833000611010_3151130053398870067_n.jpg\" data-link=\"https:\/\/producciones-abismales.com\/es\/inti-y-la-naufraga\/241380336_3029833000611010_3151130053398870067_n\/\" srcset=\"https:\/\/producciones-abismales.com\/es\/wp-content\/uploads\/sites\/4\/2021\/10\/241380336_3029833000611010_3151130053398870067_n.jpg 720w, https:\/\/producciones-abismales.com\/es\/wp-content\/uploads\/sites\/4\/2021\/10\/241380336_3029833000611010_3151130053398870067_n-300x225.jpg 300w, https:\/\/producciones-abismales.com\/es\/wp-content\/uploads\/sites\/4\/2021\/10\/241380336_3029833000611010_3151130053398870067_n-685x514.jpg 685w\" sizes=\"(max-width: 277px) 100vw, 277px\" \/>\u00a0 \u00a0<\/figure>\r\n<figure>\u00a0 \u00a0 <img decoding=\"async\" loading=\"lazy\" class=\"alignnone wp-image-437 \" src=\"https:\/\/producciones-abismales.com\/es\/wp-content\/uploads\/sites\/4\/2020\/03\/IMG_8555-e1562007739206-796x1024-796x1024-1-233x300.jpg\" alt=\"\" width=\"214\" height=\"276\" srcset=\"https:\/\/producciones-abismales.com\/es\/wp-content\/uploads\/sites\/4\/2020\/03\/IMG_8555-e1562007739206-796x1024-796x1024-1-233x300.jpg 233w, https:\/\/producciones-abismales.com\/es\/wp-content\/uploads\/sites\/4\/2020\/03\/IMG_8555-e1562007739206-796x1024-796x1024-1-768x988.jpg 768w, https:\/\/producciones-abismales.com\/es\/wp-content\/uploads\/sites\/4\/2020\/03\/IMG_8555-e1562007739206-796x1024-796x1024-1-685x881.jpg 685w, https:\/\/producciones-abismales.com\/es\/wp-content\/uploads\/sites\/4\/2020\/03\/IMG_8555-e1562007739206-796x1024-796x1024-1.jpg 796w\" sizes=\"(max-width: 214px) 100vw, 214px\" \/>\u00a0 \u00a0 \u00a0<img decoding=\"async\" loading=\"lazy\" class=\"alignnone wp-image-1143 \" src=\"https:\/\/producciones-abismales.com\/es\/wp-content\/uploads\/sites\/4\/2025\/10\/SalonK_2024_byAntoniaRichter607-300x200.jpg\" alt=\"\" width=\"413\" height=\"275\" srcset=\"https:\/\/producciones-abismales.com\/es\/wp-content\/uploads\/sites\/4\/2025\/10\/SalonK_2024_byAntoniaRichter607-300x200.jpg 300w, https:\/\/producciones-abismales.com\/es\/wp-content\/uploads\/sites\/4\/2025\/10\/SalonK_2024_byAntoniaRichter607-1024x683.jpg 1024w, https:\/\/producciones-abismales.com\/es\/wp-content\/uploads\/sites\/4\/2025\/10\/SalonK_2024_byAntoniaRichter607-768x512.jpg 768w, https:\/\/producciones-abismales.com\/es\/wp-content\/uploads\/sites\/4\/2025\/10\/SalonK_2024_byAntoniaRichter607-1536x1024.jpg 1536w, https:\/\/producciones-abismales.com\/es\/wp-content\/uploads\/sites\/4\/2025\/10\/SalonK_2024_byAntoniaRichter607-2048x1365.jpg 2048w, https:\/\/producciones-abismales.com\/es\/wp-content\/uploads\/sites\/4\/2025\/10\/SalonK_2024_byAntoniaRichter607-685x457.jpg 685w, https:\/\/producciones-abismales.com\/es\/wp-content\/uploads\/sites\/4\/2025\/10\/SalonK_2024_byAntoniaRichter607-2000x1333.jpg 2000w, https:\/\/producciones-abismales.com\/es\/wp-content\/uploads\/sites\/4\/2025\/10\/SalonK_2024_byAntoniaRichter607-342x228.jpg 342w\" sizes=\"(max-width: 413px) 100vw, 413px\" \/>\u00a0 \u00a0 \u00a0 \u00a0 \u00a0 \u00a0 \u00a0 \u00a0 \u00a0 \u00a0 \u00a0 \u00a0 \u00a0 \u00a0 \u00a0 \u00a0 \u00a0 \u00a0 \u00a0 \u00a0 \u00a0 \u00a0 \u00a0 \u00a0 \u00a0 \u00a0 \u00a0 \u00a0 \u00a0 \u00a0 \u00a0 \u00a0 \u00a0 \u00a0 \u00a0 \u00a0 \u00a0 \u00a0 \u00a0 \u00a0 \u00a0 \u00a0 \u00a0 \u00a0 \u00a0 \u00a0 \u00a0 \u00a0 \u00a0 \u00a0 \u00a0 \u00a0 \u00a0 \u00a0 \u00a0 \u00a0 \u00a0 \u00a0 \u00a0 \u00a0 \u00a0 \u00a0 \u00a0 \u00a0 \u00a0 \u00a0 \u00a0 \u00a0 \u00a0 \u00a0 \u00a0 \u00a0 \u00a0 \u00a0 \u00a0 \u00a0 \u00a0 \u00a0 \u00a0 \u00a0 \u00a0 \u00a0 \u00a0 \u00a0 \u00a0 \u00a0 \u00a0 \u00a0 \u00a0 \u00a0 \u00a0 \u00a0 \u00a0 \u00a0 \u00a0 \u00a0 <span style=\"font-size: 8pt\">\u00a0 Fotos 6 und\u00a0 de Antonia Richter <a href=\"http:\/\/www.gatonia.de\/\" target=\"_blank\" rel=\"noreferrer noopener\" aria-label=\" (\u00f6ffnet in neuem Tab)\">http:\/\/www.gatonia.de\/<\/a><\/span><\/figure>\r\n<p>&nbsp;<\/p>\r\n<\/figure>\r\n<ul>\r\n<li>8 , 9 &amp; 10. Junio 2019 \/ Carnaval de las Culturas, Berlin<\/li>\r\n<li>3, 4 &amp; 5 Septiembre 2021 \/ Hutfestival, Festival de Arte Callejero Chemnitz<\/li>\r\n<li>13.07.2024 Brandenburger Tor \/ Berlin<\/li>\r\n<li>14.09.2024 SALON K Das Kunst- uns Kultur-Festival im Lettekiez \/ Berlin<\/li>\r\n<\/ul>\r\n\r\n\r\n\r\n<div id=\"metaslider-id-694\" style=\"max-width: 900px;\" class=\"ml-slider-3-27-14 metaslider metaslider-flex metaslider-694 ml-slider\">\n    <div id=\"metaslider_container_694\">\n        <div id=\"metaslider_694\">\n            <ul aria-live=\"polite\" class=\"slides\">\n                <li style=\"display: block; width: 100%;\" class=\"slide-695 ms-image\"><img src=\"https:\/\/producciones-abismales.com\/es\/wp-content\/uploads\/sites\/4\/2019\/07\/66912776_481138599351377_6190233005336821760_n-721x721.jpg\" height=\"900\" width=\"900\" alt=\"\" class=\"slider-694 slide-695\" title=\"66912776_481138599351377_6190233005336821760_n\" \/><\/li>\n                <li style=\"display: none; width: 100%;\" class=\"slide-700 ms-image\"><img src=\"https:\/\/producciones-abismales.com\/es\/wp-content\/uploads\/sites\/4\/2019\/07\/66580382_468946977232767_6967485660571631616_n-721x721.jpg\" height=\"900\" width=\"900\" alt=\"\" class=\"slider-694 slide-700\" title=\"66580382_468946977232767_6967485660571631616_n\" \/><\/li>\n                <li style=\"display: none; width: 100%;\" class=\"slide-1150 ms-image\"><img src=\"https:\/\/producciones-abismales.com\/es\/wp-content\/uploads\/sites\/4\/2019\/07\/66702651_2668284509848912_8981016837751832576_n-721x721.jpg\" height=\"900\" width=\"900\" alt=\"\" class=\"slider-694 slide-1150\" title=\"66702651_2668284509848912_8981016837751832576_n\" \/><\/li>\n                <li style=\"display: none; width: 100%;\" class=\"slide-1151 ms-image\"><img src=\"https:\/\/producciones-abismales.com\/es\/wp-content\/uploads\/sites\/4\/2019\/07\/66640617_361584357888103_7346925010193219584_n-900x900.jpg\" height=\"900\" width=\"900\" alt=\"\" class=\"slider-694 slide-1151\" title=\"66640617_361584357888103_7346925010193219584_n\" \/><\/li>\n                <li style=\"display: none; width: 100%;\" class=\"slide-1152 ms-image\"><img src=\"https:\/\/producciones-abismales.com\/es\/wp-content\/uploads\/sites\/4\/2022\/09\/Bildschirmfoto-vom-2021-10-16-21-10-25-1024x534-1-534x534.jpg\" height=\"900\" width=\"900\" alt=\"\" class=\"slider-694 slide-1152\" title=\"Bildschirmfoto-vom-2021-10-16-21-10-25-1024x534\" \/><\/li>\n                <li style=\"display: none; width: 100%;\" class=\"slide-1153 ms-image\"><img src=\"https:\/\/producciones-abismales.com\/es\/wp-content\/uploads\/sites\/4\/2022\/09\/safe_image.php_.jpg\" height=\"900\" width=\"900\" alt=\"\" class=\"slider-694 slide-1153\" title=\"safe_image.php_\" \/><\/li>\n                <li style=\"display: none; width: 100%;\" class=\"slide-1154 ms-image\"><img src=\"https:\/\/producciones-abismales.com\/es\/wp-content\/uploads\/sites\/4\/2020\/03\/IMG_8565-683x1024-683x1024-1-683x683.jpg\" height=\"900\" width=\"900\" alt=\"\" class=\"slider-694 slide-1154\" title=\"IMG_8565-683x1024-683x1024\" \/><\/li>\n                <li style=\"display: none; width: 100%;\" class=\"slide-1155 ms-image\"><img src=\"https:\/\/producciones-abismales.com\/es\/wp-content\/uploads\/sites\/4\/2020\/03\/IMG_8602-e1562778550748-1024x792-1024x792-1-791x792.jpg\" height=\"900\" width=\"900\" alt=\"\" class=\"slider-694 slide-1155\" title=\"IMG_8602-e1562778550748-1024x792-1024x792\" \/><\/li>\n                <li style=\"display: none; width: 100%;\" class=\"slide-1156 ms-image\"><img src=\"https:\/\/producciones-abismales.com\/es\/wp-content\/uploads\/sites\/4\/2025\/10\/SalonK_2024_byAntoniaRichter607-scaled-900x900.jpg\" height=\"900\" width=\"900\" alt=\"\" class=\"slider-694 slide-1156\" title=\"SalonK_2024_byAntoniaRichter607\" \/><div class=\"caption-wrap\"><div class=\"caption\">ByAntoniaRichter<\/div><\/div><\/li>\n                <li style=\"display: none; width: 100%;\" class=\"slide-1157 ms-image\"><img src=\"https:\/\/producciones-abismales.com\/es\/wp-content\/uploads\/sites\/4\/2025\/10\/SalonK_2024_byAntoniaRichter617-scaled-900x900.jpg\" height=\"900\" width=\"900\" alt=\"\" class=\"slider-694 slide-1157\" title=\"SalonK_2024_byAntoniaRichter617\" \/><div class=\"caption-wrap\"><div class=\"caption\">ByAntoniaRichter<\/div><\/div><\/li>\n                <li style=\"display: none; width: 100%;\" class=\"slide-1158 ms-image\"><img src=\"https:\/\/producciones-abismales.com\/es\/wp-content\/uploads\/sites\/4\/2025\/10\/SalonK_2024_byAntoniaRichter621-scaled-900x900.jpg\" height=\"900\" width=\"900\" alt=\"\" class=\"slider-694 slide-1158\" title=\"SalonK_2024_byAntoniaRichter621\" \/><div class=\"caption-wrap\"><div class=\"caption\">ByAntoniaRichter<\/div><\/div><\/li>\n                <li style=\"display: none; width: 100%;\" class=\"slide-1159 ms-image\"><img src=\"https:\/\/producciones-abismales.com\/es\/wp-content\/uploads\/sites\/4\/2025\/10\/SalonK_2024_byAntoniaRichter624-scaled-900x900.jpg\" height=\"900\" width=\"900\" alt=\"\" class=\"slider-694 slide-1159\" title=\"SalonK_2024_byAntoniaRichter624\" \/><div class=\"caption-wrap\"><div class=\"caption\">ByAntoniaRichter<\/div><\/div><\/li>\n            <\/ul>\n        <\/div>\n        \n    <\/div>\n<\/div>\r\n<p>&nbsp;<\/p>\r\n","protected":false},"excerpt":{"rendered":"<p>Walking act Teatro de figuras y de zancos se funden en una combinaci\u00f3n ins\u00f3lita: InTi, nuestro protagonista, es un pez volador representado por una marioneta de 4 metros de largo. Acaba de regresar de un viaje transoce\u00e1nico por otros hemisferios y cautiva a todos con su gracia. Nuestro pez gigante se encuentra con una n\u00e1ufraga &hellip; <a href=\"https:\/\/producciones-abismales.com\/es\/inti-y-la-naufraga\/\" class=\"more-link\"><span class=\"screen-reader-text\">InTi y la Naufraga<\/span> weiterlesen<\/a><\/p>\n","protected":false},"author":3,"featured_media":426,"parent":0,"menu_order":0,"comment_status":"closed","ping_status":"closed","template":"","meta":[],"yoast_head":"<!-- This site is optimized with the Yoast SEO plugin v19.11 - https:\/\/yoast.com\/wordpress\/plugins\/seo\/ -->\n<title>InTi y la Naufraga -<\/title>\n<meta name=\"robots\" content=\"index, follow, max-snippet:-1, max-image-preview:large, max-video-preview:-1\" \/>\n<link rel=\"canonical\" href=\"https:\/\/producciones-abismales.com\/es\/inti-y-la-naufraga\/\" \/>\n<meta property=\"og:locale\" content=\"de_DE\" \/>\n<meta property=\"og:type\" content=\"article\" \/>\n<meta property=\"og:title\" content=\"InTi y la Naufraga -\" \/>\n<meta property=\"og:description\" content=\"Walking act Teatro de figuras y de zancos se funden en una combinaci\u00f3n ins\u00f3lita: InTi, nuestro protagonista, es un pez volador representado por una marioneta de 4 metros de largo. Acaba de regresar de un viaje transoce\u00e1nico por otros hemisferios y cautiva a todos con su gracia. Nuestro pez gigante se encuentra con una n\u00e1ufraga &hellip; InTi y la Naufraga weiterlesen\" \/>\n<meta property=\"og:url\" content=\"https:\/\/producciones-abismales.com\/es\/inti-y-la-naufraga\/\" \/>\n<meta property=\"article:modified_time\" content=\"2025-10-21T15:06:02+00:00\" \/>\n<meta property=\"og:image\" content=\"https:\/\/producciones-abismales.com\/es\/wp-content\/uploads\/sites\/4\/2020\/03\/IMG_8615-1024x474-1.jpg\" \/>\n\t<meta property=\"og:image:width\" content=\"1024\" \/>\n\t<meta property=\"og:image:height\" content=\"474\" \/>\n\t<meta property=\"og:image:type\" content=\"image\/jpeg\" \/>\n<meta name=\"twitter:card\" content=\"summary_large_image\" \/>\n<meta name=\"twitter:label1\" content=\"Gesch\u00e4tzte Lesezeit\" \/>\n\t<meta name=\"twitter:data1\" content=\"3\u00a0Minuten\" \/>\n<script type=\"application\/ld+json\" class=\"yoast-schema-graph\">{\"@context\":\"https:\/\/schema.org\",\"@graph\":[{\"@type\":\"WebPage\",\"@id\":\"https:\/\/producciones-abismales.com\/es\/inti-y-la-naufraga\/\",\"url\":\"https:\/\/producciones-abismales.com\/es\/inti-y-la-naufraga\/\",\"name\":\"InTi y la Naufraga -\",\"isPartOf\":{\"@id\":\"https:\/\/producciones-abismales.com\/es\/#website\"},\"datePublished\":\"2020-03-01T11:44:28+00:00\",\"dateModified\":\"2025-10-21T15:06:02+00:00\",\"breadcrumb\":{\"@id\":\"https:\/\/producciones-abismales.com\/es\/inti-y-la-naufraga\/#breadcrumb\"},\"inLanguage\":\"de\",\"potentialAction\":[{\"@type\":\"ReadAction\",\"target\":[\"https:\/\/producciones-abismales.com\/es\/inti-y-la-naufraga\/\"]}]},{\"@type\":\"BreadcrumbList\",\"@id\":\"https:\/\/producciones-abismales.com\/es\/inti-y-la-naufraga\/#breadcrumb\",\"itemListElement\":[{\"@type\":\"ListItem\",\"position\":1,\"name\":\"Startseite\",\"item\":\"https:\/\/producciones-abismales.com\/es\/\"},{\"@type\":\"ListItem\",\"position\":2,\"name\":\"InTi y la Naufraga\"}]},{\"@type\":\"WebSite\",\"@id\":\"https:\/\/producciones-abismales.com\/es\/#website\",\"url\":\"https:\/\/producciones-abismales.com\/es\/\",\"name\":\"\",\"description\":\"TEATRO SOBRE EL MEDIO AMBIENTE PARA TODA LA FAMILIA\",\"potentialAction\":[{\"@type\":\"SearchAction\",\"target\":{\"@type\":\"EntryPoint\",\"urlTemplate\":\"https:\/\/producciones-abismales.com\/es\/?s={search_term_string}\"},\"query-input\":\"required name=search_term_string\"}],\"inLanguage\":\"de\"}]}<\/script>\n<!-- \/ Yoast SEO plugin. -->","yoast_head_json":{"title":"InTi y la Naufraga -","robots":{"index":"index","follow":"follow","max-snippet":"max-snippet:-1","max-image-preview":"max-image-preview:large","max-video-preview":"max-video-preview:-1"},"canonical":"https:\/\/producciones-abismales.com\/es\/inti-y-la-naufraga\/","og_locale":"de_DE","og_type":"article","og_title":"InTi y la Naufraga -","og_description":"Walking act Teatro de figuras y de zancos se funden en una combinaci\u00f3n ins\u00f3lita: InTi, nuestro protagonista, es un pez volador representado por una marioneta de 4 metros de largo. Acaba de regresar de un viaje transoce\u00e1nico por otros hemisferios y cautiva a todos con su gracia. Nuestro pez gigante se encuentra con una n\u00e1ufraga &hellip; InTi y la Naufraga weiterlesen","og_url":"https:\/\/producciones-abismales.com\/es\/inti-y-la-naufraga\/","article_modified_time":"2025-10-21T15:06:02+00:00","og_image":[{"width":1024,"height":474,"url":"https:\/\/producciones-abismales.com\/es\/wp-content\/uploads\/sites\/4\/2020\/03\/IMG_8615-1024x474-1.jpg","type":"image\/jpeg"}],"twitter_card":"summary_large_image","twitter_misc":{"Gesch\u00e4tzte Lesezeit":"3\u00a0Minuten"},"schema":{"@context":"https:\/\/schema.org","@graph":[{"@type":"WebPage","@id":"https:\/\/producciones-abismales.com\/es\/inti-y-la-naufraga\/","url":"https:\/\/producciones-abismales.com\/es\/inti-y-la-naufraga\/","name":"InTi y la Naufraga -","isPartOf":{"@id":"https:\/\/producciones-abismales.com\/es\/#website"},"datePublished":"2020-03-01T11:44:28+00:00","dateModified":"2025-10-21T15:06:02+00:00","breadcrumb":{"@id":"https:\/\/producciones-abismales.com\/es\/inti-y-la-naufraga\/#breadcrumb"},"inLanguage":"de","potentialAction":[{"@type":"ReadAction","target":["https:\/\/producciones-abismales.com\/es\/inti-y-la-naufraga\/"]}]},{"@type":"BreadcrumbList","@id":"https:\/\/producciones-abismales.com\/es\/inti-y-la-naufraga\/#breadcrumb","itemListElement":[{"@type":"ListItem","position":1,"name":"Startseite","item":"https:\/\/producciones-abismales.com\/es\/"},{"@type":"ListItem","position":2,"name":"InTi y la Naufraga"}]},{"@type":"WebSite","@id":"https:\/\/producciones-abismales.com\/es\/#website","url":"https:\/\/producciones-abismales.com\/es\/","name":"","description":"TEATRO SOBRE EL MEDIO AMBIENTE PARA TODA LA FAMILIA","potentialAction":[{"@type":"SearchAction","target":{"@type":"EntryPoint","urlTemplate":"https:\/\/producciones-abismales.com\/es\/?s={search_term_string}"},"query-input":"required name=search_term_string"}],"inLanguage":"de"}]}},"_links":{"self":[{"href":"https:\/\/producciones-abismales.com\/es\/wp-json\/wp\/v2\/pages\/425"}],"collection":[{"href":"https:\/\/producciones-abismales.com\/es\/wp-json\/wp\/v2\/pages"}],"about":[{"href":"https:\/\/producciones-abismales.com\/es\/wp-json\/wp\/v2\/types\/page"}],"author":[{"embeddable":true,"href":"https:\/\/producciones-abismales.com\/es\/wp-json\/wp\/v2\/users\/3"}],"replies":[{"embeddable":true,"href":"https:\/\/producciones-abismales.com\/es\/wp-json\/wp\/v2\/comments?post=425"}],"version-history":[{"count":23,"href":"https:\/\/producciones-abismales.com\/es\/wp-json\/wp\/v2\/pages\/425\/revisions"}],"predecessor-version":[{"id":1198,"href":"https:\/\/producciones-abismales.com\/es\/wp-json\/wp\/v2\/pages\/425\/revisions\/1198"}],"wp:featuredmedia":[{"embeddable":true,"href":"https:\/\/producciones-abismales.com\/es\/wp-json\/wp\/v2\/media\/426"}],"wp:attachment":[{"href":"https:\/\/producciones-abismales.com\/es\/wp-json\/wp\/v2\/media?parent=425"}],"curies":[{"name":"wp","href":"https:\/\/api.w.org\/{rel}","templated":true}]}}