{"id":49,"date":"2019-01-07T21:30:37","date_gmt":"2019-01-07T20:30:37","guid":{"rendered":"https:\/\/producciones-abismales.com\/es\/?page_id=49"},"modified":"2025-10-21T17:13:09","modified_gmt":"2025-10-21T15:13:09","slug":"walking-acts","status":"publish","type":"page","link":"https:\/\/producciones-abismales.com\/es\/walking-acts\/","title":{"rendered":"Walking Acts"},"content":{"rendered":"\r\n<p>Para atraer m\u00e1s atenci\u00f3n sobre nuestro tema, no queremos ofrecer nuestra pieza solo en eventos teatrales (en el formato cl\u00e1sico), sino tambi\u00e9n como Walking Acts en eventos culturales y medioambientales de todo tipo.<\/p>\r\n<p>Videolink<\/p>\r\n<p><a href=\"https:\/\/drive.google.com\/file\/d\/1hNWMQuwxW2KxhT_TL6QEkLK0Nc1bSX9k\/view?usp=sharing\" target=\"_blank\" rel=\"noopener\">Dosier para descargar<\/a><\/p>\r\n<p><a href=\"https:\/\/drive.google.com\/file\/d\/1ER_SuRX6UrTSWzpmiILf8m--RVaxjU8S\/view?usp=sharing\" target=\"_blank\" rel=\"noopener\">Ficha t\u00e9cnica<\/a><\/p>\r\n\r\n\r\n\r\n<figure class=\"is-layout-flex wp-block-gallery-1 wp-block-gallery columns-3 is-cropped\">\r\n<ul class=\"blocks-gallery-grid\">\r\n<li class=\"blocks-gallery-item\">\r\n<figure><img decoding=\"async\" loading=\"lazy\" width=\"540\" height=\"960\" class=\"wp-image-852\" src=\"https:\/\/producciones-abismales.com\/es\/wp-content\/uploads\/sites\/4\/2022\/10\/32595170_10156442329954511_3382125628491825152_n.jpg\" alt=\"\" data-id=\"852\" data-link=\"https:\/\/producciones-abismales.com\/es\/walking-acts\/32595170_10156442329954511_3382125628491825152_n\/\" srcset=\"https:\/\/producciones-abismales.com\/es\/wp-content\/uploads\/sites\/4\/2022\/10\/32595170_10156442329954511_3382125628491825152_n.jpg 540w, https:\/\/producciones-abismales.com\/es\/wp-content\/uploads\/sites\/4\/2022\/10\/32595170_10156442329954511_3382125628491825152_n-169x300.jpg 169w\" sizes=\"(max-width: 540px) 100vw, 540px\" \/><\/figure>\r\n<\/li>\r\n<li class=\"blocks-gallery-item\">\r\n<figure><img decoding=\"async\" loading=\"lazy\" width=\"1024\" height=\"683\" class=\"wp-image-853\" src=\"https:\/\/producciones-abismales.com\/es\/wp-content\/uploads\/sites\/4\/2022\/10\/200913_Spreepark_1441_LQ-1024x683-1.jpg\" alt=\"\" data-id=\"853\" data-link=\"https:\/\/producciones-abismales.com\/es\/walking-acts\/200913_spreepark_1441_lq-1024x683-1\/\" srcset=\"https:\/\/producciones-abismales.com\/es\/wp-content\/uploads\/sites\/4\/2022\/10\/200913_Spreepark_1441_LQ-1024x683-1.jpg 1024w, https:\/\/producciones-abismales.com\/es\/wp-content\/uploads\/sites\/4\/2022\/10\/200913_Spreepark_1441_LQ-1024x683-1-300x200.jpg 300w, https:\/\/producciones-abismales.com\/es\/wp-content\/uploads\/sites\/4\/2022\/10\/200913_Spreepark_1441_LQ-1024x683-1-768x512.jpg 768w, https:\/\/producciones-abismales.com\/es\/wp-content\/uploads\/sites\/4\/2022\/10\/200913_Spreepark_1441_LQ-1024x683-1-685x457.jpg 685w, https:\/\/producciones-abismales.com\/es\/wp-content\/uploads\/sites\/4\/2022\/10\/200913_Spreepark_1441_LQ-1024x683-1-342x228.jpg 342w\" sizes=\"(max-width: 1024px) 100vw, 1024px\" \/><\/figure>\r\n<\/li>\r\n<li class=\"blocks-gallery-item\">\r\n<figure><img decoding=\"async\" loading=\"lazy\" width=\"683\" height=\"1024\" class=\"wp-image-854\" src=\"https:\/\/producciones-abismales.com\/es\/wp-content\/uploads\/sites\/4\/2022\/10\/200913_Spreepark_1196_LQ-683x1024-1.jpg\" alt=\"\" data-id=\"854\" data-link=\"https:\/\/producciones-abismales.com\/es\/walking-acts\/200913_spreepark_1196_lq-683x1024-1\/\" srcset=\"https:\/\/producciones-abismales.com\/es\/wp-content\/uploads\/sites\/4\/2022\/10\/200913_Spreepark_1196_LQ-683x1024-1.jpg 683w, https:\/\/producciones-abismales.com\/es\/wp-content\/uploads\/sites\/4\/2022\/10\/200913_Spreepark_1196_LQ-683x1024-1-200x300.jpg 200w\" sizes=\"(max-width: 683px) 100vw, 683px\" \/><\/figure>\r\n<\/li>\r\n<li class=\"blocks-gallery-item\">\r\n<figure><img decoding=\"async\" loading=\"lazy\" width=\"1024\" height=\"683\" class=\"wp-image-855\" src=\"https:\/\/producciones-abismales.com\/es\/wp-content\/uploads\/sites\/4\/2022\/10\/6G8A4213-1024x683-1.jpg\" alt=\"\" data-id=\"855\" data-full-url=\"https:\/\/producciones-abismales.com\/es\/wp-content\/uploads\/sites\/4\/2022\/10\/6G8A4213-1024x683-1.jpg\" data-link=\"https:\/\/producciones-abismales.com\/es\/walking-acts\/6g8a4213-1024x683-1\/\" srcset=\"https:\/\/producciones-abismales.com\/es\/wp-content\/uploads\/sites\/4\/2022\/10\/6G8A4213-1024x683-1.jpg 1024w, https:\/\/producciones-abismales.com\/es\/wp-content\/uploads\/sites\/4\/2022\/10\/6G8A4213-1024x683-1-300x200.jpg 300w, https:\/\/producciones-abismales.com\/es\/wp-content\/uploads\/sites\/4\/2022\/10\/6G8A4213-1024x683-1-768x512.jpg 768w, https:\/\/producciones-abismales.com\/es\/wp-content\/uploads\/sites\/4\/2022\/10\/6G8A4213-1024x683-1-685x457.jpg 685w, https:\/\/producciones-abismales.com\/es\/wp-content\/uploads\/sites\/4\/2022\/10\/6G8A4213-1024x683-1-342x228.jpg 342w\" sizes=\"(max-width: 1024px) 100vw, 1024px\" \/><\/figure>\r\n<\/li>\r\n<\/ul>\r\n<\/figure>\r\n\r\n\r\n\r\n<ul>\r\n<li>11, 12 &amp; 13.05.2018 \/ Hafenfest en el Puerto hist\u00f3rico de Berl\u00edn<\/li>\r\n<li>18 &amp; 19.05.2018 \/ Carnaval de las Culturas en Berl\u00edn<\/li>\r\n<li>03.08.2019 \/ Wasserfest, evento organizado por Wasserbetrieb empresa responsable del suministro de agua de Berl\u00edn<\/li>\r\n<li>01.06.2022 \/ Hospital infantil en Goleni\u00f3w. Polonia<\/li>\r\n<li>19.06.2022 \/ PerleB\u00c4M Festival de Arte Callejero \/ Perleberg<\/li>\r\n<li>25.05.2022 \/ ExtraSchicht La noche de la cultura industrial \/ Zollverein, Essen<\/li>\r\n<li>07,08. y 09.07.2022 \/ ViaThea 26\u00ba Festival Internacional de Teatro de Calle \/ G\u00f6rlitz<\/li>\r\n<li>10.07.2022 \/ Festival Internacional de Teatro de Calle Hoyerswerda<\/li>\r\n<li>03.09.2022 \/ Salon K Das Kunst- uns Kultur-Festival im Lettekiez \/ Berlin<\/li>\r\n<li>21., 22. y 23.07.2023 \/ SOMMERWERFT Festival \/ Frankfurt am Main<\/li>\r\n<li>25., 26. y 27.08.2023 \/ STREET THEATER Festival \u2013 Picadeiro 8 \/ Espinho, Portugal<\/li>\r\n<li><strong>\u00a0<\/strong>08.03.2024 \/ PUPPENPARADE ORTENAU \/ Lahr<\/li>\r\n<li>06.07.2024 INTERNATIONALES STRA\u00dfENTHEATERFEST OFFENBACH \/ Offenbach<\/li>\r\n<li>21.09.2024 KLIMAFEST \/ Beskow<\/li>\r\n<li>23. &amp; 24.08.25 D\u00eda de puertas abiertas en el Ministerio de Medioambiente \/ Berlin<\/li>\r\n<\/ul>\r\n<p>GALER\u00cdA<\/p>\r\n<div id=\"metaslider-id-341\" style=\"max-width: 900px;\" class=\"ml-slider-3-27-14 metaslider metaslider-flex metaslider-341 ml-slider\">\n    <div id=\"metaslider_container_341\">\n        <div id=\"metaslider_341\">\n            <ul aria-live=\"polite\" class=\"slides\">\n                <li style=\"display: block; width: 100%;\" class=\"slide-342 ms-image\"><img src=\"https:\/\/producciones-abismales.com\/es\/wp-content\/uploads\/sites\/4\/2019\/02\/P5197038-e1549039109621-768x1024-768x768.jpg\" height=\"900\" width=\"900\" alt=\"\" class=\"slider-341 slide-342\" title=\"P5197038-e1549039109621-768x1024\" \/><\/li>\n                <li style=\"display: none; width: 100%;\" class=\"slide-343 ms-image\"><img src=\"https:\/\/producciones-abismales.com\/es\/wp-content\/uploads\/sites\/4\/2022\/09\/20220708_170223-1024x768-1-768x768.jpg\" height=\"900\" width=\"900\" alt=\"\" class=\"slider-341 slide-343\" title=\"20220708_170223-1024x768\" \/><\/li>\n                <li style=\"display: none; width: 100%;\" class=\"slide-344 ms-image\"><img src=\"https:\/\/producciones-abismales.com\/es\/wp-content\/uploads\/sites\/4\/2022\/09\/IMG_20220625_232907-1024x768-1-768x768.jpg\" height=\"900\" width=\"900\" alt=\"\" class=\"slider-341 slide-344\" title=\"IMG_20220625_232907-1024x768\" \/><\/li>\n                <li style=\"display: none; width: 100%;\" class=\"slide-345 ms-image\"><img src=\"https:\/\/producciones-abismales.com\/es\/wp-content\/uploads\/sites\/4\/2022\/09\/SalonK_3.9.22_byAntoniaRichter_362-1024x683-1-683x683.jpg\" height=\"900\" width=\"900\" alt=\"\" class=\"slider-341 slide-345\" title=\"SalonK_3.9.22_byAntoniaRichter_362-1024x683\" \/><\/li>\n                <li style=\"display: none; width: 100%;\" class=\"slide-346 ms-image\"><img src=\"https:\/\/producciones-abismales.com\/es\/wp-content\/uploads\/sites\/4\/2019\/01\/32253625_10156434597214511_2467331292757229568_o-800x800.jpg\" height=\"900\" width=\"900\" alt=\"\" class=\"slider-341 slide-346\" title=\"32253625_10156434597214511_2467331292757229568_o\" \/><\/li>\n                <li style=\"display: none; width: 100%;\" class=\"slide-347 ms-image\"><img src=\"https:\/\/producciones-abismales.com\/es\/wp-content\/uploads\/sites\/4\/2022\/09\/SalonK_3.9.22_byAntoniaRichter_402-1024x683-1-683x683.jpg\" height=\"900\" width=\"900\" alt=\"\" class=\"slider-341 slide-347\" title=\"SalonK_3.9.22_byAntoniaRichter_402-1024x683\" \/><\/li>\n                <li style=\"display: none; width: 100%;\" class=\"slide-348 ms-image\"><img src=\"https:\/\/producciones-abismales.com\/es\/wp-content\/uploads\/sites\/4\/2022\/09\/IMG_20220709_190604-1024x768-1-768x768.jpg\" height=\"900\" width=\"900\" alt=\"\" class=\"slider-341 slide-348\" title=\"IMG_20220709_190604-1024x768\" \/><\/li>\n                <li style=\"display: none; width: 100%;\" class=\"slide-349 ms-image\"><img src=\"https:\/\/producciones-abismales.com\/es\/wp-content\/uploads\/sites\/4\/2022\/09\/IMG-20220707-WA0022-768x1024-1-768x768.jpg\" height=\"900\" width=\"900\" alt=\"\" class=\"slider-341 slide-349\" title=\"IMG-20220707-WA0022-768x1024\" \/><\/li>\n                <li style=\"display: none; width: 100%;\" class=\"slide-424 ms-image\"><img src=\"https:\/\/producciones-abismales.com\/es\/wp-content\/uploads\/sites\/4\/2022\/09\/IMG_20220625_233904-768x1024-1-768x768.jpg\" height=\"900\" width=\"900\" alt=\"\" class=\"slider-341 slide-424\" title=\"IMG_20220625_233904-768x1024\" \/><\/li>\n                <li style=\"display: none; width: 100%;\" class=\"slide-449 ms-image\"><img src=\"https:\/\/producciones-abismales.com\/es\/wp-content\/uploads\/sites\/4\/2022\/09\/pic2-13-of-41-683x1024-1-683x683.jpg\" height=\"900\" width=\"900\" alt=\"\" class=\"slider-341 slide-449\" title=\"pic2-13-of-41-683x1024\" \/><\/li>\n                <li style=\"display: none; width: 100%;\" class=\"slide-450 ms-image\"><img src=\"https:\/\/producciones-abismales.com\/es\/wp-content\/uploads\/sites\/4\/2022\/09\/SalonK_3.9.22_byAntoniaRichter_406-1-1024x683-1-683x683.jpg\" height=\"900\" width=\"900\" alt=\"\" class=\"slider-341 slide-450\" title=\"SalonK_3.9.22_byAntoniaRichter_406-1-1024x683\" \/><\/li>\n                <li style=\"display: none; width: 100%;\" class=\"slide-451 ms-image\"><img src=\"https:\/\/producciones-abismales.com\/es\/wp-content\/uploads\/sites\/4\/2022\/09\/pic2-7-of-41-1024x683-1-683x683.jpg\" height=\"900\" width=\"900\" alt=\"\" class=\"slider-341 slide-451\" title=\"pic2-7-of-41-1024x683\" \/><\/li>\n                <li style=\"display: none; width: 100%;\" class=\"slide-1007 ms-image\"><img src=\"https:\/\/producciones-abismales.com\/es\/wp-content\/uploads\/sites\/4\/2023\/11\/280A1416-scaled-900x900.jpg\" height=\"900\" width=\"900\" alt=\"\" class=\"slider-341 slide-1007\" title=\"280A1416\" \/><\/li>\n                <li style=\"display: none; width: 100%;\" class=\"slide-1008 ms-image\"><img src=\"https:\/\/producciones-abismales.com\/es\/wp-content\/uploads\/sites\/4\/2023\/11\/file7llgj1clbsx160xd3k9-626x626.jpg\" height=\"900\" width=\"900\" alt=\"\" class=\"slider-341 slide-1008\" title=\"file7llgj1clbsx160xd3k9\" \/><\/li>\n                <li style=\"display: none; width: 100%;\" class=\"slide-1009 ms-image\"><img src=\"https:\/\/producciones-abismales.com\/es\/wp-content\/uploads\/sites\/4\/2023\/11\/22-900x900.jpeg\" height=\"900\" width=\"900\" alt=\"\" class=\"slider-341 slide-1009\" title=\"22\" \/><\/li>\n                <li style=\"display: none; width: 100%;\" class=\"slide-1010 ms-image\"><img src=\"https:\/\/producciones-abismales.com\/es\/wp-content\/uploads\/sites\/4\/2023\/11\/280A1445-scaled-900x900.jpg\" height=\"900\" width=\"900\" alt=\"\" class=\"slider-341 slide-1010\" title=\"280A1445\" \/><\/li>\n                <li style=\"display: none; width: 100%;\" class=\"slide-1011 ms-image\"><img src=\"https:\/\/producciones-abismales.com\/es\/wp-content\/uploads\/sites\/4\/2023\/11\/280A1419-scaled-900x900.jpg\" height=\"900\" width=\"900\" alt=\"\" class=\"slider-341 slide-1011\" title=\"280A1419\" \/><\/li>\n                <li style=\"display: none; width: 100%;\" class=\"slide-1012 ms-image\"><img src=\"https:\/\/producciones-abismales.com\/es\/wp-content\/uploads\/sites\/4\/2023\/11\/20-900x900.jpeg\" height=\"900\" width=\"900\" alt=\"\" class=\"slider-341 slide-1012\" title=\"20\" \/><\/li>\n                <li style=\"display: none; width: 100%;\" class=\"slide-1013 ms-image\"><img src=\"https:\/\/producciones-abismales.com\/es\/wp-content\/uploads\/sites\/4\/2023\/11\/index-580x580.jpg\" height=\"900\" width=\"900\" alt=\"\" class=\"slider-341 slide-1013\" title=\"index\" \/><\/li>\n                <li style=\"display: none; width: 100%;\" class=\"slide-1014 ms-image\"><img src=\"https:\/\/producciones-abismales.com\/es\/wp-content\/uploads\/sites\/4\/2023\/11\/24-900x900.jpeg\" height=\"900\" width=\"900\" alt=\"\" class=\"slider-341 slide-1014\" title=\"24\" \/><\/li>\n            <\/ul>\n        <\/div>\n        \n    <\/div>\n<\/div>\r\n<p><span style=\"font-size: 8pt\">Fotos 4, 6 und 11 de Antonia Richter <\/span><a href=\"http:\/\/www.gatonia.de\/\" target=\"_blank\" rel=\"noreferrer noopener\" aria-label=\" (\u00f6ffnet in neuem Tab)\"><span style=\"font-size: 8pt\">http:\/\/www.gatonia.de\/<\/span><\/a><\/p>\r\n\r\n\r\n\r\n<p>&nbsp;<\/p>\r\n","protected":false},"excerpt":{"rendered":"<p>Para atraer m\u00e1s atenci\u00f3n sobre nuestro tema, no queremos ofrecer nuestra pieza solo en eventos teatrales (en el formato cl\u00e1sico), sino tambi\u00e9n como Walking Acts en eventos culturales y medioambientales de todo tipo. Videolink Dosier para descargar Ficha t\u00e9cnica 11, 12 &amp; 13.05.2018 \/ Hafenfest en el Puerto hist\u00f3rico de Berl\u00edn 18 &amp; 19.05.2018 \/ &hellip; <a href=\"https:\/\/producciones-abismales.com\/es\/walking-acts\/\" class=\"more-link\"><span class=\"screen-reader-text\">Walking Acts<\/span> weiterlesen<\/a><\/p>\n","protected":false},"author":1,"featured_media":105,"parent":0,"menu_order":0,"comment_status":"closed","ping_status":"closed","template":"","meta":[],"yoast_head":"<!-- This site is optimized with the Yoast SEO plugin v19.11 - https:\/\/yoast.com\/wordpress\/plugins\/seo\/ -->\n<title>Walking Acts -<\/title>\n<meta name=\"robots\" content=\"index, follow, max-snippet:-1, max-image-preview:large, max-video-preview:-1\" \/>\n<link rel=\"canonical\" href=\"https:\/\/producciones-abismales.com\/es\/walking-acts\/\" \/>\n<meta property=\"og:locale\" content=\"de_DE\" \/>\n<meta property=\"og:type\" content=\"article\" \/>\n<meta property=\"og:title\" content=\"Walking Acts -\" \/>\n<meta property=\"og:description\" content=\"Para atraer m\u00e1s atenci\u00f3n sobre nuestro tema, no queremos ofrecer nuestra pieza solo en eventos teatrales (en el formato cl\u00e1sico), sino tambi\u00e9n como Walking Acts en eventos culturales y medioambientales de todo tipo. Videolink Dosier para descargar Ficha t\u00e9cnica 11, 12 &amp; 13.05.2018 \/ Hafenfest en el Puerto hist\u00f3rico de Berl\u00edn 18 &amp; 19.05.2018 \/ &hellip; Walking Acts weiterlesen\" \/>\n<meta property=\"og:url\" content=\"https:\/\/producciones-abismales.com\/es\/walking-acts\/\" \/>\n<meta property=\"article:modified_time\" content=\"2025-10-21T15:13:09+00:00\" \/>\n<meta property=\"og:image\" content=\"https:\/\/producciones-abismales.com\/es\/wp-content\/uploads\/sites\/4\/2019\/01\/P5197103-1024x768.jpg\" \/>\n\t<meta property=\"og:image:width\" content=\"1024\" \/>\n\t<meta property=\"og:image:height\" content=\"768\" \/>\n\t<meta property=\"og:image:type\" content=\"image\/jpeg\" \/>\n<meta name=\"twitter:card\" content=\"summary_large_image\" \/>\n<meta name=\"twitter:label1\" content=\"Gesch\u00e4tzte Lesezeit\" \/>\n\t<meta name=\"twitter:data1\" content=\"2\u00a0Minuten\" \/>\n<script type=\"application\/ld+json\" class=\"yoast-schema-graph\">{\"@context\":\"https:\/\/schema.org\",\"@graph\":[{\"@type\":\"WebPage\",\"@id\":\"https:\/\/producciones-abismales.com\/es\/walking-acts\/\",\"url\":\"https:\/\/producciones-abismales.com\/es\/walking-acts\/\",\"name\":\"Walking Acts -\",\"isPartOf\":{\"@id\":\"https:\/\/producciones-abismales.com\/es\/#website\"},\"datePublished\":\"2019-01-07T20:30:37+00:00\",\"dateModified\":\"2025-10-21T15:13:09+00:00\",\"breadcrumb\":{\"@id\":\"https:\/\/producciones-abismales.com\/es\/walking-acts\/#breadcrumb\"},\"inLanguage\":\"de\",\"potentialAction\":[{\"@type\":\"ReadAction\",\"target\":[\"https:\/\/producciones-abismales.com\/es\/walking-acts\/\"]}]},{\"@type\":\"BreadcrumbList\",\"@id\":\"https:\/\/producciones-abismales.com\/es\/walking-acts\/#breadcrumb\",\"itemListElement\":[{\"@type\":\"ListItem\",\"position\":1,\"name\":\"Startseite\",\"item\":\"https:\/\/producciones-abismales.com\/es\/\"},{\"@type\":\"ListItem\",\"position\":2,\"name\":\"Walking Acts\"}]},{\"@type\":\"WebSite\",\"@id\":\"https:\/\/producciones-abismales.com\/es\/#website\",\"url\":\"https:\/\/producciones-abismales.com\/es\/\",\"name\":\"\",\"description\":\"TEATRO SOBRE EL MEDIO AMBIENTE PARA TODA LA FAMILIA\",\"potentialAction\":[{\"@type\":\"SearchAction\",\"target\":{\"@type\":\"EntryPoint\",\"urlTemplate\":\"https:\/\/producciones-abismales.com\/es\/?s={search_term_string}\"},\"query-input\":\"required name=search_term_string\"}],\"inLanguage\":\"de\"}]}<\/script>\n<!-- \/ Yoast SEO plugin. -->","yoast_head_json":{"title":"Walking Acts -","robots":{"index":"index","follow":"follow","max-snippet":"max-snippet:-1","max-image-preview":"max-image-preview:large","max-video-preview":"max-video-preview:-1"},"canonical":"https:\/\/producciones-abismales.com\/es\/walking-acts\/","og_locale":"de_DE","og_type":"article","og_title":"Walking Acts -","og_description":"Para atraer m\u00e1s atenci\u00f3n sobre nuestro tema, no queremos ofrecer nuestra pieza solo en eventos teatrales (en el formato cl\u00e1sico), sino tambi\u00e9n como Walking Acts en eventos culturales y medioambientales de todo tipo. Videolink Dosier para descargar Ficha t\u00e9cnica 11, 12 &amp; 13.05.2018 \/ Hafenfest en el Puerto hist\u00f3rico de Berl\u00edn 18 &amp; 19.05.2018 \/ &hellip; Walking Acts weiterlesen","og_url":"https:\/\/producciones-abismales.com\/es\/walking-acts\/","article_modified_time":"2025-10-21T15:13:09+00:00","og_image":[{"width":1024,"height":768,"url":"https:\/\/producciones-abismales.com\/es\/wp-content\/uploads\/sites\/4\/2019\/01\/P5197103-1024x768.jpg","type":"image\/jpeg"}],"twitter_card":"summary_large_image","twitter_misc":{"Gesch\u00e4tzte Lesezeit":"2\u00a0Minuten"},"schema":{"@context":"https:\/\/schema.org","@graph":[{"@type":"WebPage","@id":"https:\/\/producciones-abismales.com\/es\/walking-acts\/","url":"https:\/\/producciones-abismales.com\/es\/walking-acts\/","name":"Walking Acts -","isPartOf":{"@id":"https:\/\/producciones-abismales.com\/es\/#website"},"datePublished":"2019-01-07T20:30:37+00:00","dateModified":"2025-10-21T15:13:09+00:00","breadcrumb":{"@id":"https:\/\/producciones-abismales.com\/es\/walking-acts\/#breadcrumb"},"inLanguage":"de","potentialAction":[{"@type":"ReadAction","target":["https:\/\/producciones-abismales.com\/es\/walking-acts\/"]}]},{"@type":"BreadcrumbList","@id":"https:\/\/producciones-abismales.com\/es\/walking-acts\/#breadcrumb","itemListElement":[{"@type":"ListItem","position":1,"name":"Startseite","item":"https:\/\/producciones-abismales.com\/es\/"},{"@type":"ListItem","position":2,"name":"Walking Acts"}]},{"@type":"WebSite","@id":"https:\/\/producciones-abismales.com\/es\/#website","url":"https:\/\/producciones-abismales.com\/es\/","name":"","description":"TEATRO SOBRE EL MEDIO AMBIENTE PARA TODA LA FAMILIA","potentialAction":[{"@type":"SearchAction","target":{"@type":"EntryPoint","urlTemplate":"https:\/\/producciones-abismales.com\/es\/?s={search_term_string}"},"query-input":"required name=search_term_string"}],"inLanguage":"de"}]}},"_links":{"self":[{"href":"https:\/\/producciones-abismales.com\/es\/wp-json\/wp\/v2\/pages\/49"}],"collection":[{"href":"https:\/\/producciones-abismales.com\/es\/wp-json\/wp\/v2\/pages"}],"about":[{"href":"https:\/\/producciones-abismales.com\/es\/wp-json\/wp\/v2\/types\/page"}],"author":[{"embeddable":true,"href":"https:\/\/producciones-abismales.com\/es\/wp-json\/wp\/v2\/users\/1"}],"replies":[{"embeddable":true,"href":"https:\/\/producciones-abismales.com\/es\/wp-json\/wp\/v2\/comments?post=49"}],"version-history":[{"count":15,"href":"https:\/\/producciones-abismales.com\/es\/wp-json\/wp\/v2\/pages\/49\/revisions"}],"predecessor-version":[{"id":1201,"href":"https:\/\/producciones-abismales.com\/es\/wp-json\/wp\/v2\/pages\/49\/revisions\/1201"}],"wp:featuredmedia":[{"embeddable":true,"href":"https:\/\/producciones-abismales.com\/es\/wp-json\/wp\/v2\/media\/105"}],"wp:attachment":[{"href":"https:\/\/producciones-abismales.com\/es\/wp-json\/wp\/v2\/media?parent=49"}],"curies":[{"name":"wp","href":"https:\/\/api.w.org\/{rel}","templated":true}]}}