{"id":513,"date":"2020-04-25T22:11:00","date_gmt":"2020-04-25T20:11:00","guid":{"rendered":"https:\/\/producciones-abismales.com\/es\/?page_id=513"},"modified":"2023-10-19T14:26:45","modified_gmt":"2023-10-19T12:26:45","slug":"talleres-escolares","status":"publish","type":"page","link":"https:\/\/producciones-abismales.com\/es\/talleres-escolares\/","title":{"rendered":"Talleres escolares"},"content":{"rendered":"\r\n<p style=\"font-size: 15px\"><strong>Contenido y objetivos<\/strong><\/p>\r\n\r\n\r\n\r\n<p style=\"font-size: 15px\"><strong>A nivel art\u00edstico <\/strong><\/p>\r\n\r\n\r\n\r\n<p style=\"font-size: 15px\">Concepci\u00f3n, dise\u00f1o y creaci\u00f3n de objetos de material reciclado, para su posterior uso en una muestra teatral, acorde a la tem\u00e1tica de nuestra obra \u201cLos Dragones Marinos\u201c.<\/p>\r\n<p style=\"font-size: 15px\">Durante el taller se trabaja con diferentes disciplinas, por ejemplo, expresi\u00f3n corporal y manipulaci\u00f3n de objetos y de t\u00edteres.<\/p>\r\n\r\n\r\n\r\n<p style=\"font-size: 15px\"><strong>A nivel ecol\u00f3gico<\/strong><\/p>\r\n\r\n\r\n\r\n<p style=\"font-size: 15px\">Hoy en d\u00eda se puede creer que el pl\u00e1stico ha existido desde siempre y en consecuencia nuestro uso irresponsable de \u00e9l tambi\u00e9n es as\u00ed comprendido como algo normal. Nuestro objetivo es la toma de consciencia de nuestros malos h\u00e1bitos y tratar de no repetir nuestros errores.<\/p>\r\n\r\n\r\n\r\n<p style=\"font-size: 15px\">Los integrantes van a tomar contacto de primera mano con el pl\u00e1stico de una manera art\u00edstica, primero construyendo objetos, donde se trabaja con el ciclo degenerativo del pl\u00e1stico.<\/p>\r\n\r\n\r\n\r\n<p style=\"font-size: 15px\">Luego manipularan objetos y requisitos teatrales hechos por ellos mismos<\/p>\r\n\r\n\r\n\r\n<p style=\"font-size: 15px\">En el proceso de construcci\u00f3n se tematiza la intoxicaci\u00f3n de los peces y el desequilibrio del ecosistema marino.<\/p>\r\n\r\n\r\n\r\n<p style=\"font-size: 15px\"><strong>Duraci\u00f3n<\/strong><\/p>\r\n\r\n\r\n\r\n<p style=\"font-size: 15px\">Este concepto es adaptable y flexible, seg\u00fan las propuestas y necesidades de las escuelas. El tiempo m\u00ednimo requerido es de 5 horas. Se puede ofrecer un trabajo m\u00e1s elaborado con un taller de varios d\u00edas.<\/p>\r\n\r\n\r\n\r\n<p>&nbsp;<\/p>\r\n\r\n\r\n\r\n<p style=\"font-size: 15px\"><strong>Edades.<\/strong><\/p>\r\n<p style=\"font-size: 15px\">A partir de 5 a\u00f1os.<\/p>\r\n\r\n\r\n\r\n\r\n\r\n\r\n\r\n<p style=\"font-size: 15px\"><strong>Materiales.<\/strong><\/p>\r\n\r\n\r\n\r\n<p style=\"font-size: 15px\">Este proyecto teatral est\u00e1 concebido para usar materiales desechables y reciclarlos de una manera art\u00edstica, no obstante hay costos inevitables relacionados con pintura acr\u00edlica, cinta adhesiva, hilos, etc.<\/p>\r\n","protected":false},"excerpt":{"rendered":"<p>Contenido y objetivos A nivel art\u00edstico Concepci\u00f3n, dise\u00f1o y creaci\u00f3n de objetos de material reciclado, para su posterior uso en una muestra teatral, acorde a la tem\u00e1tica de nuestra obra \u201cLos Dragones Marinos\u201c. Durante el taller se trabaja con diferentes disciplinas, por ejemplo, expresi\u00f3n corporal y manipulaci\u00f3n de objetos y de t\u00edteres. A nivel ecol\u00f3gico &hellip; <a href=\"https:\/\/producciones-abismales.com\/es\/talleres-escolares\/\" class=\"more-link\"><span class=\"screen-reader-text\">Talleres escolares<\/span> weiterlesen<\/a><\/p>\n","protected":false},"author":3,"featured_media":521,"parent":0,"menu_order":0,"comment_status":"closed","ping_status":"closed","template":"","meta":[],"yoast_head":"<!-- This site is optimized with the Yoast SEO plugin v19.11 - https:\/\/yoast.com\/wordpress\/plugins\/seo\/ -->\n<title>Talleres escolares -<\/title>\n<meta name=\"description\" content=\"Concepci\u00f3n, dise\u00f1o y creaci\u00f3n de objetos de material reciclado, para su posterior uso en una muestra teatral.\" \/>\n<meta name=\"robots\" content=\"index, follow, max-snippet:-1, max-image-preview:large, max-video-preview:-1\" \/>\n<link rel=\"canonical\" href=\"https:\/\/producciones-abismales.com\/es\/talleres-escolares\/\" \/>\n<meta property=\"og:locale\" content=\"de_DE\" \/>\n<meta property=\"og:type\" content=\"article\" \/>\n<meta property=\"og:title\" content=\"Talleres escolares -\" \/>\n<meta property=\"og:description\" content=\"Concepci\u00f3n, dise\u00f1o y creaci\u00f3n de objetos de material reciclado, para su posterior uso en una muestra teatral.\" \/>\n<meta property=\"og:url\" content=\"https:\/\/producciones-abismales.com\/es\/talleres-escolares\/\" \/>\n<meta property=\"article:modified_time\" content=\"2023-10-19T12:26:45+00:00\" \/>\n<meta property=\"og:image\" content=\"https:\/\/producciones-abismales.com\/es\/wp-content\/uploads\/sites\/4\/2020\/05\/cover-workshops-web-scaled.jpg\" \/>\n\t<meta property=\"og:image:width\" content=\"2560\" \/>\n\t<meta property=\"og:image:height\" content=\"718\" \/>\n\t<meta property=\"og:image:type\" content=\"image\/jpeg\" \/>\n<meta name=\"twitter:card\" content=\"summary_large_image\" \/>\n<meta name=\"twitter:label1\" content=\"Gesch\u00e4tzte Lesezeit\" \/>\n\t<meta name=\"twitter:data1\" content=\"2\u00a0Minuten\" \/>\n<script type=\"application\/ld+json\" class=\"yoast-schema-graph\">{\"@context\":\"https:\/\/schema.org\",\"@graph\":[{\"@type\":\"WebPage\",\"@id\":\"https:\/\/producciones-abismales.com\/es\/talleres-escolares\/\",\"url\":\"https:\/\/producciones-abismales.com\/es\/talleres-escolares\/\",\"name\":\"Talleres escolares -\",\"isPartOf\":{\"@id\":\"https:\/\/producciones-abismales.com\/es\/#website\"},\"datePublished\":\"2020-04-25T20:11:00+00:00\",\"dateModified\":\"2023-10-19T12:26:45+00:00\",\"description\":\"Concepci\u00f3n, dise\u00f1o y creaci\u00f3n de objetos de material reciclado, para su posterior uso en una muestra teatral.\",\"breadcrumb\":{\"@id\":\"https:\/\/producciones-abismales.com\/es\/talleres-escolares\/#breadcrumb\"},\"inLanguage\":\"de\",\"potentialAction\":[{\"@type\":\"ReadAction\",\"target\":[\"https:\/\/producciones-abismales.com\/es\/talleres-escolares\/\"]}]},{\"@type\":\"BreadcrumbList\",\"@id\":\"https:\/\/producciones-abismales.com\/es\/talleres-escolares\/#breadcrumb\",\"itemListElement\":[{\"@type\":\"ListItem\",\"position\":1,\"name\":\"Startseite\",\"item\":\"https:\/\/producciones-abismales.com\/es\/\"},{\"@type\":\"ListItem\",\"position\":2,\"name\":\"Talleres escolares\"}]},{\"@type\":\"WebSite\",\"@id\":\"https:\/\/producciones-abismales.com\/es\/#website\",\"url\":\"https:\/\/producciones-abismales.com\/es\/\",\"name\":\"\",\"description\":\"TEATRO SOBRE EL MEDIO AMBIENTE PARA TODA LA FAMILIA\",\"potentialAction\":[{\"@type\":\"SearchAction\",\"target\":{\"@type\":\"EntryPoint\",\"urlTemplate\":\"https:\/\/producciones-abismales.com\/es\/?s={search_term_string}\"},\"query-input\":\"required name=search_term_string\"}],\"inLanguage\":\"de\"}]}<\/script>\n<!-- \/ Yoast SEO plugin. -->","yoast_head_json":{"title":"Talleres escolares -","description":"Concepci\u00f3n, dise\u00f1o y creaci\u00f3n de objetos de material reciclado, para su posterior uso en una muestra teatral.","robots":{"index":"index","follow":"follow","max-snippet":"max-snippet:-1","max-image-preview":"max-image-preview:large","max-video-preview":"max-video-preview:-1"},"canonical":"https:\/\/producciones-abismales.com\/es\/talleres-escolares\/","og_locale":"de_DE","og_type":"article","og_title":"Talleres escolares -","og_description":"Concepci\u00f3n, dise\u00f1o y creaci\u00f3n de objetos de material reciclado, para su posterior uso en una muestra teatral.","og_url":"https:\/\/producciones-abismales.com\/es\/talleres-escolares\/","article_modified_time":"2023-10-19T12:26:45+00:00","og_image":[{"width":2560,"height":718,"url":"https:\/\/producciones-abismales.com\/es\/wp-content\/uploads\/sites\/4\/2020\/05\/cover-workshops-web-scaled.jpg","type":"image\/jpeg"}],"twitter_card":"summary_large_image","twitter_misc":{"Gesch\u00e4tzte Lesezeit":"2\u00a0Minuten"},"schema":{"@context":"https:\/\/schema.org","@graph":[{"@type":"WebPage","@id":"https:\/\/producciones-abismales.com\/es\/talleres-escolares\/","url":"https:\/\/producciones-abismales.com\/es\/talleres-escolares\/","name":"Talleres escolares -","isPartOf":{"@id":"https:\/\/producciones-abismales.com\/es\/#website"},"datePublished":"2020-04-25T20:11:00+00:00","dateModified":"2023-10-19T12:26:45+00:00","description":"Concepci\u00f3n, dise\u00f1o y creaci\u00f3n de objetos de material reciclado, para su posterior uso en una muestra teatral.","breadcrumb":{"@id":"https:\/\/producciones-abismales.com\/es\/talleres-escolares\/#breadcrumb"},"inLanguage":"de","potentialAction":[{"@type":"ReadAction","target":["https:\/\/producciones-abismales.com\/es\/talleres-escolares\/"]}]},{"@type":"BreadcrumbList","@id":"https:\/\/producciones-abismales.com\/es\/talleres-escolares\/#breadcrumb","itemListElement":[{"@type":"ListItem","position":1,"name":"Startseite","item":"https:\/\/producciones-abismales.com\/es\/"},{"@type":"ListItem","position":2,"name":"Talleres escolares"}]},{"@type":"WebSite","@id":"https:\/\/producciones-abismales.com\/es\/#website","url":"https:\/\/producciones-abismales.com\/es\/","name":"","description":"TEATRO SOBRE EL MEDIO AMBIENTE PARA TODA LA FAMILIA","potentialAction":[{"@type":"SearchAction","target":{"@type":"EntryPoint","urlTemplate":"https:\/\/producciones-abismales.com\/es\/?s={search_term_string}"},"query-input":"required name=search_term_string"}],"inLanguage":"de"}]}},"_links":{"self":[{"href":"https:\/\/producciones-abismales.com\/es\/wp-json\/wp\/v2\/pages\/513"}],"collection":[{"href":"https:\/\/producciones-abismales.com\/es\/wp-json\/wp\/v2\/pages"}],"about":[{"href":"https:\/\/producciones-abismales.com\/es\/wp-json\/wp\/v2\/types\/page"}],"author":[{"embeddable":true,"href":"https:\/\/producciones-abismales.com\/es\/wp-json\/wp\/v2\/users\/3"}],"replies":[{"embeddable":true,"href":"https:\/\/producciones-abismales.com\/es\/wp-json\/wp\/v2\/comments?post=513"}],"version-history":[{"count":4,"href":"https:\/\/producciones-abismales.com\/es\/wp-json\/wp\/v2\/pages\/513\/revisions"}],"predecessor-version":[{"id":978,"href":"https:\/\/producciones-abismales.com\/es\/wp-json\/wp\/v2\/pages\/513\/revisions\/978"}],"wp:featuredmedia":[{"embeddable":true,"href":"https:\/\/producciones-abismales.com\/es\/wp-json\/wp\/v2\/media\/521"}],"wp:attachment":[{"href":"https:\/\/producciones-abismales.com\/es\/wp-json\/wp\/v2\/media?parent=513"}],"curies":[{"name":"wp","href":"https:\/\/api.w.org\/{rel}","templated":true}]}}