{"id":6,"date":"2019-01-07T21:20:29","date_gmt":"2019-01-07T20:20:29","guid":{"rendered":"https:\/\/producciones-abismales.com\/es\/?page_id=6"},"modified":"2022-09-28T17:14:19","modified_gmt":"2022-09-28T15:14:19","slug":"sobre-nosotros","status":"publish","type":"page","link":"https:\/\/producciones-abismales.com\/es\/sobre-nosotros\/","title":{"rendered":"Qui\u00e9nes somos"},"content":{"rendered":"\n<p class=\"has-text-align-center\">Producciones Abismales es una compa\u00f1ia teatral de Berl\u00edn, que fusiona Teatro f\u00edsico con danza y teatro de objetos. Ana Carbia y Sergio Serrano son el n\u00facleo, quienes con paciencia dieron vida a los diferentes t\u00edteres. <br>En el Atelier estamos como en casa. <\/p>\n\n\n\n<p><\/p>\n\n\n\n<figure class=\"is-layout-flex wp-block-gallery-1 wp-block-gallery columns-3 is-cropped\"><ul class=\"blocks-gallery-grid\"><li class=\"blocks-gallery-item\"><figure><img decoding=\"async\" loading=\"lazy\" width=\"768\" height=\"1024\" src=\"https:\/\/producciones-abismales.com\/es\/wp-content\/uploads\/sites\/4\/2019\/01\/IMG-20180318-WA0002-768x1024.jpg\" alt=\"\" data-id=\"124\" data-link=\"https:\/\/producciones-abismales.com\/es\/sobre-nosotros\/img-20180318-wa0002\/\" class=\"wp-image-124\" srcset=\"https:\/\/producciones-abismales.com\/es\/wp-content\/uploads\/sites\/4\/2019\/01\/IMG-20180318-WA0002-768x1024.jpg 768w, https:\/\/producciones-abismales.com\/es\/wp-content\/uploads\/sites\/4\/2019\/01\/IMG-20180318-WA0002-225x300.jpg 225w, https:\/\/producciones-abismales.com\/es\/wp-content\/uploads\/sites\/4\/2019\/01\/IMG-20180318-WA0002-685x913.jpg 685w, https:\/\/producciones-abismales.com\/es\/wp-content\/uploads\/sites\/4\/2019\/01\/IMG-20180318-WA0002.jpg 780w\" sizes=\"(max-width: 768px) 100vw, 768px\" \/><\/figure><\/li><li class=\"blocks-gallery-item\"><figure><img decoding=\"async\" loading=\"lazy\" width=\"683\" height=\"1024\" src=\"https:\/\/producciones-abismales.com\/es\/wp-content\/uploads\/sites\/4\/2019\/01\/IMG_6902-e1547768665416-683x1024.jpg\" alt=\"\" data-id=\"122\" data-link=\"https:\/\/producciones-abismales.com\/es\/sobre-nosotros\/img_6902\/\" class=\"wp-image-122\" srcset=\"https:\/\/producciones-abismales.com\/es\/wp-content\/uploads\/sites\/4\/2019\/01\/IMG_6902-e1547768665416-683x1024.jpg 683w, https:\/\/producciones-abismales.com\/es\/wp-content\/uploads\/sites\/4\/2019\/01\/IMG_6902-e1547768665416-200x300.jpg 200w, https:\/\/producciones-abismales.com\/es\/wp-content\/uploads\/sites\/4\/2019\/01\/IMG_6902-e1547768665416-768x1152.jpg 768w, https:\/\/producciones-abismales.com\/es\/wp-content\/uploads\/sites\/4\/2019\/01\/IMG_6902-e1547768665416-685x1028.jpg 685w, https:\/\/producciones-abismales.com\/es\/wp-content\/uploads\/sites\/4\/2019\/01\/IMG_6902-e1547768665416-2000x3000.jpg 2000w\" sizes=\"(max-width: 683px) 100vw, 683px\" \/><\/figure><\/li><li class=\"blocks-gallery-item\"><figure><img decoding=\"async\" loading=\"lazy\" width=\"720\" height=\"960\" src=\"https:\/\/producciones-abismales.com\/es\/wp-content\/uploads\/sites\/4\/2019\/01\/19059450_1878477109083562_3803625546183857744_n.jpg\" alt=\"\" data-id=\"121\" data-link=\"https:\/\/producciones-abismales.com\/es\/sobre-nosotros\/19059450_1878477109083562_3803625546183857744_n\/\" class=\"wp-image-121\" srcset=\"https:\/\/producciones-abismales.com\/es\/wp-content\/uploads\/sites\/4\/2019\/01\/19059450_1878477109083562_3803625546183857744_n.jpg 720w, https:\/\/producciones-abismales.com\/es\/wp-content\/uploads\/sites\/4\/2019\/01\/19059450_1878477109083562_3803625546183857744_n-225x300.jpg 225w, https:\/\/producciones-abismales.com\/es\/wp-content\/uploads\/sites\/4\/2019\/01\/19059450_1878477109083562_3803625546183857744_n-685x913.jpg 685w\" sizes=\"(max-width: 720px) 100vw, 720px\" \/><\/figure><\/li><li class=\"blocks-gallery-item\"><figure><img decoding=\"async\" loading=\"lazy\" width=\"1024\" height=\"768\" src=\"https:\/\/producciones-abismales.com\/es\/wp-content\/uploads\/sites\/4\/2019\/01\/IMG_20181205_202102-1024x768.jpg\" alt=\"\" data-id=\"123\" data-link=\"https:\/\/producciones-abismales.com\/es\/sobre-nosotros\/sdr-2\/\" class=\"wp-image-123\" srcset=\"https:\/\/producciones-abismales.com\/es\/wp-content\/uploads\/sites\/4\/2019\/01\/IMG_20181205_202102-1024x768.jpg 1024w, https:\/\/producciones-abismales.com\/es\/wp-content\/uploads\/sites\/4\/2019\/01\/IMG_20181205_202102-300x225.jpg 300w, https:\/\/producciones-abismales.com\/es\/wp-content\/uploads\/sites\/4\/2019\/01\/IMG_20181205_202102-768x576.jpg 768w, https:\/\/producciones-abismales.com\/es\/wp-content\/uploads\/sites\/4\/2019\/01\/IMG_20181205_202102-685x514.jpg 685w, https:\/\/producciones-abismales.com\/es\/wp-content\/uploads\/sites\/4\/2019\/01\/IMG_20181205_202102-2000x1500.jpg 2000w\" sizes=\"(max-width: 1024px) 100vw, 1024px\" \/><\/figure><\/li><li class=\"blocks-gallery-item\"><figure><img decoding=\"async\" loading=\"lazy\" width=\"1024\" height=\"767\" src=\"https:\/\/producciones-abismales.com\/es\/wp-content\/uploads\/sites\/4\/2019\/01\/IMG_20180130_20242-11-1024x767.jpg\" alt=\"\" data-id=\"125\" data-link=\"https:\/\/producciones-abismales.com\/es\/sobre-nosotros\/img_20180130_20242-11\/\" class=\"wp-image-125\" srcset=\"https:\/\/producciones-abismales.com\/es\/wp-content\/uploads\/sites\/4\/2019\/01\/IMG_20180130_20242-11-1024x767.jpg 1024w, https:\/\/producciones-abismales.com\/es\/wp-content\/uploads\/sites\/4\/2019\/01\/IMG_20180130_20242-11-300x225.jpg 300w, https:\/\/producciones-abismales.com\/es\/wp-content\/uploads\/sites\/4\/2019\/01\/IMG_20180130_20242-11-768x576.jpg 768w, https:\/\/producciones-abismales.com\/es\/wp-content\/uploads\/sites\/4\/2019\/01\/IMG_20180130_20242-11-685x513.jpg 685w, https:\/\/producciones-abismales.com\/es\/wp-content\/uploads\/sites\/4\/2019\/01\/IMG_20180130_20242-11.jpg 1940w\" sizes=\"(max-width: 1024px) 100vw, 1024px\" \/><\/figure><\/li><li class=\"blocks-gallery-item\"><figure><img decoding=\"async\" loading=\"lazy\" width=\"1024\" height=\"576\" src=\"https:\/\/producciones-abismales.com\/es\/wp-content\/uploads\/sites\/4\/2019\/01\/vlcsnap-2018-02-28-13h54m27s311-1024x576.png\" alt=\"\" data-id=\"126\" data-link=\"https:\/\/producciones-abismales.com\/es\/sobre-nosotros\/vlcsnap-2018-02-28-13h54m27s311\/\" class=\"wp-image-126\" srcset=\"https:\/\/producciones-abismales.com\/es\/wp-content\/uploads\/sites\/4\/2019\/01\/vlcsnap-2018-02-28-13h54m27s311-1024x576.png 1024w, https:\/\/producciones-abismales.com\/es\/wp-content\/uploads\/sites\/4\/2019\/01\/vlcsnap-2018-02-28-13h54m27s311-300x169.png 300w, https:\/\/producciones-abismales.com\/es\/wp-content\/uploads\/sites\/4\/2019\/01\/vlcsnap-2018-02-28-13h54m27s311-768x432.png 768w, https:\/\/producciones-abismales.com\/es\/wp-content\/uploads\/sites\/4\/2019\/01\/vlcsnap-2018-02-28-13h54m27s311-685x385.png 685w, https:\/\/producciones-abismales.com\/es\/wp-content\/uploads\/sites\/4\/2019\/01\/vlcsnap-2018-02-28-13h54m27s311.png 1920w\" sizes=\"(max-width: 1024px) 100vw, 1024px\" \/><\/figure><\/li><li class=\"blocks-gallery-item\"><figure><img decoding=\"async\" loading=\"lazy\" width=\"1024\" height=\"306\" src=\"https:\/\/producciones-abismales.com\/es\/wp-content\/uploads\/sites\/4\/2019\/01\/IMG_8299.larga_-1-1024x306.jpg\" alt=\"\" data-id=\"129\" data-link=\"https:\/\/producciones-abismales.com\/es\/sobre-nosotros\/img_8299-larga-2\/\" class=\"wp-image-129\" srcset=\"https:\/\/producciones-abismales.com\/es\/wp-content\/uploads\/sites\/4\/2019\/01\/IMG_8299.larga_-1-1024x306.jpg 1024w, https:\/\/producciones-abismales.com\/es\/wp-content\/uploads\/sites\/4\/2019\/01\/IMG_8299.larga_-1-300x90.jpg 300w, https:\/\/producciones-abismales.com\/es\/wp-content\/uploads\/sites\/4\/2019\/01\/IMG_8299.larga_-1-768x230.jpg 768w, https:\/\/producciones-abismales.com\/es\/wp-content\/uploads\/sites\/4\/2019\/01\/IMG_8299.larga_-1-685x205.jpg 685w, https:\/\/producciones-abismales.com\/es\/wp-content\/uploads\/sites\/4\/2019\/01\/IMG_8299.larga_-1-2000x598.jpg 2000w\" sizes=\"(max-width: 1024px) 100vw, 1024px\" \/><\/figure><\/li><\/ul><\/figure>\n","protected":false},"excerpt":{"rendered":"<p>Producciones Abismales es una compa\u00f1ia teatral de Berl\u00edn, que fusiona Teatro f\u00edsico con danza y teatro de objetos. Ana Carbia y Sergio Serrano son el n\u00facleo, quienes con paciencia dieron vida a los diferentes t\u00edteres. En el Atelier estamos como en casa.<\/p>\n","protected":false},"author":1,"featured_media":652,"parent":0,"menu_order":0,"comment_status":"closed","ping_status":"closed","template":"","meta":[],"yoast_head":"<!-- This site is optimized with the Yoast SEO plugin v19.11 - https:\/\/yoast.com\/wordpress\/plugins\/seo\/ -->\n<title>Qui\u00e9nes somos -<\/title>\n<meta name=\"robots\" content=\"index, follow, max-snippet:-1, max-image-preview:large, max-video-preview:-1\" \/>\n<link rel=\"canonical\" href=\"https:\/\/producciones-abismales.com\/es\/sobre-nosotros\/\" \/>\n<meta property=\"og:locale\" content=\"de_DE\" \/>\n<meta property=\"og:type\" content=\"article\" \/>\n<meta property=\"og:title\" content=\"Qui\u00e9nes somos -\" \/>\n<meta property=\"og:description\" content=\"Producciones Abismales es una compa\u00f1ia teatral de Berl\u00edn, que fusiona Teatro f\u00edsico con danza y teatro de objetos. Ana Carbia y Sergio Serrano son el n\u00facleo, quienes con paciencia dieron vida a los diferentes t\u00edteres. En el Atelier estamos como en casa.\" \/>\n<meta property=\"og:url\" content=\"https:\/\/producciones-abismales.com\/es\/sobre-nosotros\/\" \/>\n<meta property=\"article:modified_time\" content=\"2022-09-28T15:14:19+00:00\" \/>\n<meta property=\"og:image\" content=\"https:\/\/producciones-abismales.com\/es\/wp-content\/uploads\/sites\/4\/2022\/09\/pic2-18-of-19ret--scaled.jpg\" \/>\n\t<meta property=\"og:image:width\" content=\"2560\" \/>\n\t<meta property=\"og:image:height\" content=\"1091\" \/>\n\t<meta property=\"og:image:type\" content=\"image\/jpeg\" \/>\n<meta name=\"twitter:card\" content=\"summary_large_image\" \/>\n<script type=\"application\/ld+json\" class=\"yoast-schema-graph\">{\"@context\":\"https:\/\/schema.org\",\"@graph\":[{\"@type\":\"WebPage\",\"@id\":\"https:\/\/producciones-abismales.com\/es\/sobre-nosotros\/\",\"url\":\"https:\/\/producciones-abismales.com\/es\/sobre-nosotros\/\",\"name\":\"Qui\u00e9nes somos -\",\"isPartOf\":{\"@id\":\"https:\/\/producciones-abismales.com\/es\/#website\"},\"datePublished\":\"2019-01-07T20:20:29+00:00\",\"dateModified\":\"2022-09-28T15:14:19+00:00\",\"breadcrumb\":{\"@id\":\"https:\/\/producciones-abismales.com\/es\/sobre-nosotros\/#breadcrumb\"},\"inLanguage\":\"de\",\"potentialAction\":[{\"@type\":\"ReadAction\",\"target\":[\"https:\/\/producciones-abismales.com\/es\/sobre-nosotros\/\"]}]},{\"@type\":\"BreadcrumbList\",\"@id\":\"https:\/\/producciones-abismales.com\/es\/sobre-nosotros\/#breadcrumb\",\"itemListElement\":[{\"@type\":\"ListItem\",\"position\":1,\"name\":\"Startseite\",\"item\":\"https:\/\/producciones-abismales.com\/es\/\"},{\"@type\":\"ListItem\",\"position\":2,\"name\":\"Qui\u00e9nes somos\"}]},{\"@type\":\"WebSite\",\"@id\":\"https:\/\/producciones-abismales.com\/es\/#website\",\"url\":\"https:\/\/producciones-abismales.com\/es\/\",\"name\":\"\",\"description\":\"TEATRO SOBRE EL MEDIO AMBIENTE PARA TODA LA FAMILIA\",\"potentialAction\":[{\"@type\":\"SearchAction\",\"target\":{\"@type\":\"EntryPoint\",\"urlTemplate\":\"https:\/\/producciones-abismales.com\/es\/?s={search_term_string}\"},\"query-input\":\"required name=search_term_string\"}],\"inLanguage\":\"de\"}]}<\/script>\n<!-- \/ Yoast SEO plugin. -->","yoast_head_json":{"title":"Qui\u00e9nes somos -","robots":{"index":"index","follow":"follow","max-snippet":"max-snippet:-1","max-image-preview":"max-image-preview:large","max-video-preview":"max-video-preview:-1"},"canonical":"https:\/\/producciones-abismales.com\/es\/sobre-nosotros\/","og_locale":"de_DE","og_type":"article","og_title":"Qui\u00e9nes somos -","og_description":"Producciones Abismales es una compa\u00f1ia teatral de Berl\u00edn, que fusiona Teatro f\u00edsico con danza y teatro de objetos. Ana Carbia y Sergio Serrano son el n\u00facleo, quienes con paciencia dieron vida a los diferentes t\u00edteres. En el Atelier estamos como en casa.","og_url":"https:\/\/producciones-abismales.com\/es\/sobre-nosotros\/","article_modified_time":"2022-09-28T15:14:19+00:00","og_image":[{"width":2560,"height":1091,"url":"https:\/\/producciones-abismales.com\/es\/wp-content\/uploads\/sites\/4\/2022\/09\/pic2-18-of-19ret--scaled.jpg","type":"image\/jpeg"}],"twitter_card":"summary_large_image","schema":{"@context":"https:\/\/schema.org","@graph":[{"@type":"WebPage","@id":"https:\/\/producciones-abismales.com\/es\/sobre-nosotros\/","url":"https:\/\/producciones-abismales.com\/es\/sobre-nosotros\/","name":"Qui\u00e9nes somos -","isPartOf":{"@id":"https:\/\/producciones-abismales.com\/es\/#website"},"datePublished":"2019-01-07T20:20:29+00:00","dateModified":"2022-09-28T15:14:19+00:00","breadcrumb":{"@id":"https:\/\/producciones-abismales.com\/es\/sobre-nosotros\/#breadcrumb"},"inLanguage":"de","potentialAction":[{"@type":"ReadAction","target":["https:\/\/producciones-abismales.com\/es\/sobre-nosotros\/"]}]},{"@type":"BreadcrumbList","@id":"https:\/\/producciones-abismales.com\/es\/sobre-nosotros\/#breadcrumb","itemListElement":[{"@type":"ListItem","position":1,"name":"Startseite","item":"https:\/\/producciones-abismales.com\/es\/"},{"@type":"ListItem","position":2,"name":"Qui\u00e9nes somos"}]},{"@type":"WebSite","@id":"https:\/\/producciones-abismales.com\/es\/#website","url":"https:\/\/producciones-abismales.com\/es\/","name":"","description":"TEATRO SOBRE EL MEDIO AMBIENTE PARA TODA LA FAMILIA","potentialAction":[{"@type":"SearchAction","target":{"@type":"EntryPoint","urlTemplate":"https:\/\/producciones-abismales.com\/es\/?s={search_term_string}"},"query-input":"required name=search_term_string"}],"inLanguage":"de"}]}},"_links":{"self":[{"href":"https:\/\/producciones-abismales.com\/es\/wp-json\/wp\/v2\/pages\/6"}],"collection":[{"href":"https:\/\/producciones-abismales.com\/es\/wp-json\/wp\/v2\/pages"}],"about":[{"href":"https:\/\/producciones-abismales.com\/es\/wp-json\/wp\/v2\/types\/page"}],"author":[{"embeddable":true,"href":"https:\/\/producciones-abismales.com\/es\/wp-json\/wp\/v2\/users\/1"}],"replies":[{"embeddable":true,"href":"https:\/\/producciones-abismales.com\/es\/wp-json\/wp\/v2\/comments?post=6"}],"version-history":[{"count":12,"href":"https:\/\/producciones-abismales.com\/es\/wp-json\/wp\/v2\/pages\/6\/revisions"}],"predecessor-version":[{"id":496,"href":"https:\/\/producciones-abismales.com\/es\/wp-json\/wp\/v2\/pages\/6\/revisions\/496"}],"wp:featuredmedia":[{"embeddable":true,"href":"https:\/\/producciones-abismales.com\/es\/wp-json\/wp\/v2\/media\/652"}],"wp:attachment":[{"href":"https:\/\/producciones-abismales.com\/es\/wp-json\/wp\/v2\/media?parent=6"}],"curies":[{"name":"wp","href":"https:\/\/api.w.org\/{rel}","templated":true}]}}