{"id":641,"date":"2022-05-22T14:57:49","date_gmt":"2022-05-22T12:57:49","guid":{"rendered":"https:\/\/producciones-abismales.com\/es\/?page_id=641"},"modified":"2026-04-03T22:23:35","modified_gmt":"2026-04-03T20:23:35","slug":"agenda-de-actuaciones","status":"publish","type":"page","link":"https:\/\/producciones-abismales.com\/es\/agenda-de-actuaciones\/","title":{"rendered":"Agenda"},"content":{"rendered":"\r\n<h4><strong>Agenda 2026<\/strong><\/h4>\r\n<p><strong>Dayoub &amp; Naga<\/strong><\/p>\r\n<ul>\r\n<li>14.03 PUPPENPARADE ORTENAU \/ Lahr<\/li>\r\n<li>03.07\u00a0STADTVILLA GLOBAL Kreativ- &amp; Medienzentrum f\u00fcr Kinder und Jugendliche \/ Berlin<\/li>\r\n<\/ul>\r\n<p>&nbsp;<\/p>\r\n<p><strong>PLANETA OC\u00c9ANO en el flujo del cambio<\/strong><\/p>\r\n<ul>\r\n<li>22. &amp; 24.05 (Walking act) KARNEVAL DER KULTUREN \/ Berlin<\/li>\r\n<li>30.07- 04.08 SOMMERWERFT Festival \/ Frankfurt am Main<\/li>\r\n<\/ul>\r\n<p>&nbsp;<\/p>\r\n<p><strong>Los Dragones Marinos<\/strong><\/p>\r\n<ul>\r\n<li>0<span class=\"translatable-message\">8-10.05 UNTERWEGS Theaterfestival \/<\/span><span class=\"translatable-message\">\u00a0<\/span><span class=\"translatable-message\">M\u00fchlheim am Main<\/span><\/li>\r\n<li><span class=\"translatable-message\">11-13.05 UNTERWEGS Theaterfestival \/ <\/span><span class=\"translatable-message\">Dreieich\/Offenthal<\/span><\/li>\r\n<li><span class=\"translatable-message\">15-17.05 UNTERWEGS Theaterfestival \/ <\/span><span class=\"translatable-message\">Seligenstadt<\/span><\/li>\r\n<li>07.07 Gartenarbeitsschule Lichtenberg \/ Berlin<\/li>\r\n<li>23. &amp; 25.07.25 PFLASTERSPEKTAKEL\/ Linz, Osterreich<\/li>\r\n<li>08.08 MICRO!FESTIVAL \/ <span class=\"dtm-heading_message_publication_origin\">Dortmund <\/span><\/li>\r\n<li>22.08 MARKT FOR FUTURE, <span class=\"fusion-breadcrumb-item\" data-wahfont=\"15\"><span class=\"breadcrumb-leaf\" data-wahfont=\"15\">Bezirksbibliothek Pablo Neruda \/ Berlin<\/span><\/span><\/li>\r\n<\/ul>\r\n<p>&nbsp;<\/p>\r\n<p><strong>InTi InTi y La Na\u00fafraga<\/strong><\/p>\r\n<ul>\r\n<li>15 &amp; 16.08 BR\u00dcCKENSENSATIONEN \/ Rheinfelden<\/li>\r\n<\/ul>\r\n<p>&nbsp;<\/p>\r\n<p><strong>Lichtshow InTi y el Viajero del Tiempo<br \/><\/strong><\/p>\r\n<ul>\r\n<li>13.11. <span class=\"translatable-message\">Laternenumzug im Wutzky<\/span>, Berlin<\/li>\r\n<\/ul>\r\n<h4>\u00a0<\/h4>\r\n<h4><strong>AGENDA 2025<\/strong><\/h4>\r\n<p>30.06.25 , 01.07. &amp; 02.07.25 Inthega Kongress in Bielefeld Stand Nr.1.3<\/p>\r\n<p><strong>Los Dragones Marinos<\/strong><\/p>\r\n<ul>\r\n<li>17.06. &amp; 18.06.25 Monopol \/ Berlin #1<\/li>\r\n<li>19.06.25 Schulumweltzentrum- Gartenarbeitsschule Steglitz-Zehlendorf \/ Berlin #2<\/li>\r\n<li>25.07.25 FIPP e.V. Familienzentrum an der W\u00fchle\/ Berlin #4<\/li>\r\n<li>23. &amp; 24.08.25 D\u00eda de puertas abiertas en el Ministerio de Medioambiente \/ Berlin<\/li>\r\n<li>05.09 &amp; 29.10.25 Jugendzentrum \u201eDie Arche\u201c \/ Berlin #3<\/li>\r\n<\/ul>\r\n<p><strong>Dayoub &amp; Naga<\/strong><\/p>\r\n<ul>\r\n<li>02.02.25 Zirkus Mond \/ Berlin<\/li>\r\n<li>18.07.25 FIPP e.V. Familienzentrum an der W\u00fchle\/ Berlin #4<\/li>\r\n<li>10.08.25 3000\u00b0 Festival \/ Feldberger Seenlandschaft<\/li>\r\n<li>06.09.25 Freilichtb\u00fchne Wei\u00dfensee, Lesewoche \/ Berlin<\/li>\r\n<li>15.09.25 OTTO-Spielplatz Alt-Moabit 34 \/ Berlin #5<\/li>\r\n<\/ul>\r\n<p><strong>Lichtshow InTiy el Viajero del Tiempo<br \/><\/strong><\/p>\r\n<header class=\"entry-header\"><\/header>\r\n<ul>\r\n<li>07.11.25 Laternenumzug in Gropiusstadt St. Martins Tag , Berlin<\/li>\r\n<\/ul>\r\n<p><strong>Luminic Water Dream<\/strong><\/p>\r\n<ul>\r\n<li>09.08.25 3000\u00b0 Festival \/ Feldberger Seenlandschaft<\/li>\r\n<\/ul>\r\n<p><img decoding=\"async\" loading=\"lazy\" class=\"alignnone  wp-image-1129\" src=\"https:\/\/producciones-abismales.com\/es\/wp-content\/uploads\/sites\/4\/2025\/10\/t0ur-25-espanol-300x283.jpg\" alt=\"\" width=\"733\" height=\"691\" srcset=\"https:\/\/producciones-abismales.com\/es\/wp-content\/uploads\/sites\/4\/2025\/10\/t0ur-25-espanol-300x283.jpg 300w, https:\/\/producciones-abismales.com\/es\/wp-content\/uploads\/sites\/4\/2025\/10\/t0ur-25-espanol-1024x965.jpg 1024w, https:\/\/producciones-abismales.com\/es\/wp-content\/uploads\/sites\/4\/2025\/10\/t0ur-25-espanol-768x724.jpg 768w, https:\/\/producciones-abismales.com\/es\/wp-content\/uploads\/sites\/4\/2025\/10\/t0ur-25-espanol-1536x1448.jpg 1536w, https:\/\/producciones-abismales.com\/es\/wp-content\/uploads\/sites\/4\/2025\/10\/t0ur-25-espanol-685x646.jpg 685w, https:\/\/producciones-abismales.com\/es\/wp-content\/uploads\/sites\/4\/2025\/10\/t0ur-25-espanol.jpg 1744w\" sizes=\"(max-width: 733px) 100vw, 733px\" \/><\/p>\r\n<p><strong>AGENDA 2024<\/strong><\/p>\r\n<p><strong>Los Dragones Marinos<br \/><\/strong><\/p>\r\n<ul>\r\n<li>08.03 PUPPENPARADE ORTENAU \/ Lahr<\/li>\r\n<li>01.06 LANDESGARTENSCHAU \/ Kirchsheim<\/li>\r\n<li>07.06 STADTVILLA GLOBAL Kreativ- &amp; Medienzentrum f\u00fcr Kinder und Jugendliche \/ Berlin \/ <strong>#4<\/strong><\/li>\r\n<li>06.07 INTERNATIONALES STRA\u00dfENTHEATERFEST OFFENBACH \/ Offenbach<\/li>\r\n<li>27.07 SOMMERSPROSSEN STRASSENTHEATERFESTIVAL \/ Pforzheim<\/li>\r\n<li>03.08 FESTIVAL F\u00dcR FREUNDE \/ Dahnsdorf<\/li>\r\n<li>07.08 MUSCHELSALAT \/ Hagen<\/li>\r\n<li>09.08 3000 GRAD \/ Feldberger Seenlandschaft<\/li>\r\n<li>13.09 Kinderfreizeiteinrichtung K\u00c4NGURUH \/ Berlin \/ <strong>#1<\/strong><\/li>\r\n<li>21.09 KLIMAFEST \/ Beskow<\/li>\r\n<li>22. 09 POTSDAMER UMWELTFEST \/ Potsdam<\/li>\r\n<li>24 y 25.09 JugendKulturZentrum PUMPE 7 Berlin \/ <strong>#3<\/strong><\/li>\r\n<li>29.09 KINDERBAUERNHOF AUF DEM G\u00d6RLITZER e.V \/ Berlin \/<strong>#1<\/strong><\/li>\r\n<li>19. y 20.10.2024 VILLA KURIOSUM \/ Berlin<\/li>\r\n<li>13.10 KINDERBAUERNHOF AUF DEM G\u00d6RLITZER e.V \/ Berlin \/ <strong>#1<\/strong><\/li>\r\n<\/ul>\r\n<p><strong>Dayoub &amp; Naga<\/strong><\/p>\r\n<ul>\r\n<li>28.04 UMWELTFESTIVAL \/ Stra\u00dfe des 17. Juni, Berlin<\/li>\r\n<li>19. y 20.05 KARNEVAL DER KULTUREN \/ Berlin<\/li>\r\n<li>24.10 Jugendfreizeiteinrichtung &#8222;DIE ARCHE&#8220; \/ Berlin \/ <strong>#2<\/strong><\/li>\r\n<li>26.10 VILLA KURIOSUM \/ Berlin\u00a0<\/li>\r\n<\/ul>\r\n<p><strong>InTi y La Na\u00fafraga<br \/><\/strong><\/p>\r\n<ul>\r\n<li>13.07 Brandenburger Tor \/ Berlin<\/li>\r\n<li>14.09 SALON K Das Kunst- uns Kultur-Festival im Lettekiez \/ Berlin<\/li>\r\n<\/ul>\r\n<p>&nbsp;<\/p>\r\n<p><img decoding=\"async\" loading=\"lazy\" class=\"alignnone size-large wp-image-1101\" src=\"https:\/\/producciones-abismales.com\/es\/wp-content\/uploads\/sites\/4\/2024\/09\/tour-espanol-1024x965.jpg\" alt=\"\" width=\"685\" height=\"646\" srcset=\"https:\/\/producciones-abismales.com\/es\/wp-content\/uploads\/sites\/4\/2024\/09\/tour-espanol-1024x965.jpg 1024w, https:\/\/producciones-abismales.com\/es\/wp-content\/uploads\/sites\/4\/2024\/09\/tour-espanol-300x283.jpg 300w, https:\/\/producciones-abismales.com\/es\/wp-content\/uploads\/sites\/4\/2024\/09\/tour-espanol-768x724.jpg 768w, https:\/\/producciones-abismales.com\/es\/wp-content\/uploads\/sites\/4\/2024\/09\/tour-espanol-1536x1448.jpg 1536w, https:\/\/producciones-abismales.com\/es\/wp-content\/uploads\/sites\/4\/2024\/09\/tour-espanol-685x646.jpg 685w, https:\/\/producciones-abismales.com\/es\/wp-content\/uploads\/sites\/4\/2024\/09\/tour-espanol.jpg 1744w\" sizes=\"(max-width: 685px) 100vw, 685px\" \/><\/p>\r\n<p><strong>AGENDA 2023<\/strong><\/p>\r\n<p><strong>Dayoub &amp; Naga<\/strong><\/p>\r\n<ul>\r\n<li>27 y 29.05 KARNEVAL DER KULTUREN \/ Berlin<\/li>\r\n<li>09.09 SALON K Das Kunst- uns Kultur-Festival im Lettekiez \/ Berlin<\/li>\r\n<\/ul>\r\n<p><strong>Los Dragones Marinos<\/strong><\/p>\r\n<ul>\r\n<li>21., 22. y 23.07 SOMMERWERFT Festival \/ Frankfurt am Main<\/li>\r\n<li>25., 26. y 27.08 STREET THEATER Festival &#8211; Picadeiro 8 \/ Espinho, Portugal<\/li>\r\n<li>04. y 05. 09 PERFORMANCE \u2013 Internationale Kulturb\u00f6rse f\u00fcr Stra\u00dfenkunst \/ Paderborn<\/li>\r\n<\/ul>\r\n<p><strong>AGENDA 2022<\/strong><\/p>\r\n<p class=\"has-medium-font-size\"><strong>Los Dragones Marinos<\/strong><\/p>\r\n\r\n\r\n\r\n<ul>\r\n<li>04.06 Festival GOFER, en el D\u00eda del Ni\u00f1o Polaco \/ Goleni\u00f3w<\/li>\r\n<li>12.06 UMWELTFESTIVAL \/ Stra\u00dfe des 17. Juni, Berl\u00edn<\/li>\r\n<li>19.06 PerleB\u00c4M Festival de Arte Callejero \/ Perleberg<\/li>\r\n<li>25.05 ExtraSchicht La noche de la cultura industrial \/ Zollverein, Essen<\/li>\r\n<li>07,08. y 09.07 ViaThea 26\u00ba Festival Internacional de Teatro de Calle \/ G\u00f6rlitz<\/li>\r\n<li>10.07 Festival Internacional de Teatro de Calle Hoyerswerda<\/li>\r\n<li>03.09 Salon K Das Kunst- uns Kultur-Festival im Lettekiez \/ Berlin<\/li>\r\n<\/ul>\r\n\r\n\r\n\r\n<p class=\"has-medium-font-size\"><strong>Dayoub &amp; Naga<\/strong><\/p>\r\n\r\n\r\n\r\n<ul>\r\n<li>29, 30 y 31.07 Kulturufer Friedrichshafen<\/li>\r\n<\/ul>\r\n\r\n\r\n\r\n<figure class=\"wp-block-image size-large\"><img decoding=\"async\" loading=\"lazy\" width=\"1024\" height=\"683\" class=\"wp-image-646\" src=\"https:\/\/producciones-abismales.com\/es\/wp-content\/uploads\/sites\/4\/2022\/05\/200913_Spreepark_1183_LQ-1024x683.jpg\" alt=\"\" srcset=\"https:\/\/producciones-abismales.com\/es\/wp-content\/uploads\/sites\/4\/2022\/05\/200913_Spreepark_1183_LQ-1024x683.jpg 1024w, https:\/\/producciones-abismales.com\/es\/wp-content\/uploads\/sites\/4\/2022\/05\/200913_Spreepark_1183_LQ-300x200.jpg 300w, https:\/\/producciones-abismales.com\/es\/wp-content\/uploads\/sites\/4\/2022\/05\/200913_Spreepark_1183_LQ-768x512.jpg 768w, https:\/\/producciones-abismales.com\/es\/wp-content\/uploads\/sites\/4\/2022\/05\/200913_Spreepark_1183_LQ-1536x1024.jpg 1536w, https:\/\/producciones-abismales.com\/es\/wp-content\/uploads\/sites\/4\/2022\/05\/200913_Spreepark_1183_LQ-685x457.jpg 685w, https:\/\/producciones-abismales.com\/es\/wp-content\/uploads\/sites\/4\/2022\/05\/200913_Spreepark_1183_LQ-2000x1333.jpg 2000w, https:\/\/producciones-abismales.com\/es\/wp-content\/uploads\/sites\/4\/2022\/05\/200913_Spreepark_1183_LQ-342x228.jpg 342w\" sizes=\"(max-width: 1024px) 100vw, 1024px\" \/><\/figure>\r\n","protected":false},"excerpt":{"rendered":"<p>Agenda 2026 Dayoub &amp; Naga 14.03 PUPPENPARADE ORTENAU \/ Lahr 03.07\u00a0STADTVILLA GLOBAL Kreativ- &amp; Medienzentrum f\u00fcr Kinder und Jugendliche \/ Berlin &nbsp; PLANETA OC\u00c9ANO en el flujo del cambio 22. &amp; 24.05 (Walking act) KARNEVAL DER KULTUREN \/ Berlin 30.07- 04.08 SOMMERWERFT Festival \/ Frankfurt am Main &nbsp; Los Dragones Marinos 08-10.05 UNTERWEGS Theaterfestival \/\u00a0M\u00fchlheim &hellip; <a href=\"https:\/\/producciones-abismales.com\/es\/agenda-de-actuaciones\/\" class=\"more-link\"><span class=\"screen-reader-text\">Agenda<\/span> weiterlesen<\/a><\/p>\n","protected":false},"author":3,"featured_media":0,"parent":0,"menu_order":0,"comment_status":"closed","ping_status":"closed","template":"","meta":[],"yoast_head":"<!-- This site is optimized with the Yoast SEO plugin v19.11 - https:\/\/yoast.com\/wordpress\/plugins\/seo\/ -->\n<title>Agenda -<\/title>\n<meta name=\"robots\" content=\"index, follow, max-snippet:-1, max-image-preview:large, max-video-preview:-1\" \/>\n<link rel=\"canonical\" href=\"https:\/\/producciones-abismales.com\/es\/agenda-de-actuaciones\/\" \/>\n<meta property=\"og:locale\" content=\"de_DE\" \/>\n<meta property=\"og:type\" content=\"article\" \/>\n<meta property=\"og:title\" content=\"Agenda -\" \/>\n<meta property=\"og:description\" content=\"Agenda 2026 Dayoub &amp; Naga 14.03 PUPPENPARADE ORTENAU \/ Lahr 03.07\u00a0STADTVILLA GLOBAL Kreativ- &amp; Medienzentrum f\u00fcr Kinder und Jugendliche \/ Berlin &nbsp; PLANETA OC\u00c9ANO en el flujo del cambio 22. &amp; 24.05 (Walking act) KARNEVAL DER KULTUREN \/ Berlin 30.07- 04.08 SOMMERWERFT Festival \/ Frankfurt am Main &nbsp; Los Dragones Marinos 08-10.05 UNTERWEGS Theaterfestival \/\u00a0M\u00fchlheim &hellip; Agenda weiterlesen\" \/>\n<meta property=\"og:url\" content=\"https:\/\/producciones-abismales.com\/es\/agenda-de-actuaciones\/\" \/>\n<meta property=\"article:modified_time\" content=\"2026-04-03T20:23:35+00:00\" \/>\n<meta property=\"og:image\" content=\"https:\/\/producciones-abismales.com\/es\/wp-content\/uploads\/sites\/4\/2025\/10\/t0ur-25-espanol-300x283.jpg\" \/>\n<meta name=\"twitter:card\" content=\"summary_large_image\" \/>\n<meta name=\"twitter:label1\" content=\"Gesch\u00e4tzte Lesezeit\" \/>\n\t<meta name=\"twitter:data1\" content=\"4\u00a0Minuten\" \/>\n<script type=\"application\/ld+json\" class=\"yoast-schema-graph\">{\"@context\":\"https:\/\/schema.org\",\"@graph\":[{\"@type\":\"WebPage\",\"@id\":\"https:\/\/producciones-abismales.com\/es\/agenda-de-actuaciones\/\",\"url\":\"https:\/\/producciones-abismales.com\/es\/agenda-de-actuaciones\/\",\"name\":\"Agenda -\",\"isPartOf\":{\"@id\":\"https:\/\/producciones-abismales.com\/es\/#website\"},\"datePublished\":\"2022-05-22T12:57:49+00:00\",\"dateModified\":\"2026-04-03T20:23:35+00:00\",\"breadcrumb\":{\"@id\":\"https:\/\/producciones-abismales.com\/es\/agenda-de-actuaciones\/#breadcrumb\"},\"inLanguage\":\"de\",\"potentialAction\":[{\"@type\":\"ReadAction\",\"target\":[\"https:\/\/producciones-abismales.com\/es\/agenda-de-actuaciones\/\"]}]},{\"@type\":\"BreadcrumbList\",\"@id\":\"https:\/\/producciones-abismales.com\/es\/agenda-de-actuaciones\/#breadcrumb\",\"itemListElement\":[{\"@type\":\"ListItem\",\"position\":1,\"name\":\"Startseite\",\"item\":\"https:\/\/producciones-abismales.com\/es\/\"},{\"@type\":\"ListItem\",\"position\":2,\"name\":\"Agenda\"}]},{\"@type\":\"WebSite\",\"@id\":\"https:\/\/producciones-abismales.com\/es\/#website\",\"url\":\"https:\/\/producciones-abismales.com\/es\/\",\"name\":\"\",\"description\":\"TEATRO SOBRE EL MEDIO AMBIENTE PARA TODA LA FAMILIA\",\"potentialAction\":[{\"@type\":\"SearchAction\",\"target\":{\"@type\":\"EntryPoint\",\"urlTemplate\":\"https:\/\/producciones-abismales.com\/es\/?s={search_term_string}\"},\"query-input\":\"required name=search_term_string\"}],\"inLanguage\":\"de\"}]}<\/script>\n<!-- \/ Yoast SEO plugin. -->","yoast_head_json":{"title":"Agenda -","robots":{"index":"index","follow":"follow","max-snippet":"max-snippet:-1","max-image-preview":"max-image-preview:large","max-video-preview":"max-video-preview:-1"},"canonical":"https:\/\/producciones-abismales.com\/es\/agenda-de-actuaciones\/","og_locale":"de_DE","og_type":"article","og_title":"Agenda -","og_description":"Agenda 2026 Dayoub &amp; Naga 14.03 PUPPENPARADE ORTENAU \/ Lahr 03.07\u00a0STADTVILLA GLOBAL Kreativ- &amp; Medienzentrum f\u00fcr Kinder und Jugendliche \/ Berlin &nbsp; PLANETA OC\u00c9ANO en el flujo del cambio 22. &amp; 24.05 (Walking act) KARNEVAL DER KULTUREN \/ Berlin 30.07- 04.08 SOMMERWERFT Festival \/ Frankfurt am Main &nbsp; Los Dragones Marinos 08-10.05 UNTERWEGS Theaterfestival \/\u00a0M\u00fchlheim &hellip; Agenda weiterlesen","og_url":"https:\/\/producciones-abismales.com\/es\/agenda-de-actuaciones\/","article_modified_time":"2026-04-03T20:23:35+00:00","og_image":[{"url":"https:\/\/producciones-abismales.com\/es\/wp-content\/uploads\/sites\/4\/2025\/10\/t0ur-25-espanol-300x283.jpg"}],"twitter_card":"summary_large_image","twitter_misc":{"Gesch\u00e4tzte Lesezeit":"4\u00a0Minuten"},"schema":{"@context":"https:\/\/schema.org","@graph":[{"@type":"WebPage","@id":"https:\/\/producciones-abismales.com\/es\/agenda-de-actuaciones\/","url":"https:\/\/producciones-abismales.com\/es\/agenda-de-actuaciones\/","name":"Agenda -","isPartOf":{"@id":"https:\/\/producciones-abismales.com\/es\/#website"},"datePublished":"2022-05-22T12:57:49+00:00","dateModified":"2026-04-03T20:23:35+00:00","breadcrumb":{"@id":"https:\/\/producciones-abismales.com\/es\/agenda-de-actuaciones\/#breadcrumb"},"inLanguage":"de","potentialAction":[{"@type":"ReadAction","target":["https:\/\/producciones-abismales.com\/es\/agenda-de-actuaciones\/"]}]},{"@type":"BreadcrumbList","@id":"https:\/\/producciones-abismales.com\/es\/agenda-de-actuaciones\/#breadcrumb","itemListElement":[{"@type":"ListItem","position":1,"name":"Startseite","item":"https:\/\/producciones-abismales.com\/es\/"},{"@type":"ListItem","position":2,"name":"Agenda"}]},{"@type":"WebSite","@id":"https:\/\/producciones-abismales.com\/es\/#website","url":"https:\/\/producciones-abismales.com\/es\/","name":"","description":"TEATRO SOBRE EL MEDIO AMBIENTE PARA TODA LA FAMILIA","potentialAction":[{"@type":"SearchAction","target":{"@type":"EntryPoint","urlTemplate":"https:\/\/producciones-abismales.com\/es\/?s={search_term_string}"},"query-input":"required name=search_term_string"}],"inLanguage":"de"}]}},"_links":{"self":[{"href":"https:\/\/producciones-abismales.com\/es\/wp-json\/wp\/v2\/pages\/641"}],"collection":[{"href":"https:\/\/producciones-abismales.com\/es\/wp-json\/wp\/v2\/pages"}],"about":[{"href":"https:\/\/producciones-abismales.com\/es\/wp-json\/wp\/v2\/types\/page"}],"author":[{"embeddable":true,"href":"https:\/\/producciones-abismales.com\/es\/wp-json\/wp\/v2\/users\/3"}],"replies":[{"embeddable":true,"href":"https:\/\/producciones-abismales.com\/es\/wp-json\/wp\/v2\/comments?post=641"}],"version-history":[{"count":34,"href":"https:\/\/producciones-abismales.com\/es\/wp-json\/wp\/v2\/pages\/641\/revisions"}],"predecessor-version":[{"id":1242,"href":"https:\/\/producciones-abismales.com\/es\/wp-json\/wp\/v2\/pages\/641\/revisions\/1242"}],"wp:attachment":[{"href":"https:\/\/producciones-abismales.com\/es\/wp-json\/wp\/v2\/media?parent=641"}],"curies":[{"name":"wp","href":"https:\/\/api.w.org\/{rel}","templated":true}]}}