{"id":829,"date":"2022-10-05T18:23:39","date_gmt":"2022-10-05T16:23:39","guid":{"rendered":"https:\/\/producciones-abismales.com\/es\/?page_id=829"},"modified":"2025-10-21T17:10:05","modified_gmt":"2025-10-21T15:10:05","slug":"walking-act","status":"publish","type":"page","link":"https:\/\/producciones-abismales.com\/es\/walking-act\/","title":{"rendered":"Walking Act"},"content":{"rendered":"\r\n<p>Dayoub &amp; Naga sobre zancos, en nuestro n\u00famero ambulante deleitamos a nuestro p\u00fablico con la inesperada aparici\u00f3n de Naga. Adultos y ni\u00f1os est\u00e1n invitados a cantar y bailar.<\/p>\r\n<p>La diversi\u00f3n est\u00e1 asegurada con Dayoub que acabar\u00e1 hipnotizado por Naga. A lo largo del camino representamos diferentes escenas de nuestro espect\u00e1culo, dependiendo de las posibilidades que ofrezca la ruta.<\/p>\r\n\r\n\r\n\r\n\r\n\r\n<p style=\"font-size: 18px\"><a href=\"https:\/\/www.youtube.com\/watch?v=hXG1Cy9pvPE&amp;t=3s\" target=\"_blank\" rel=\"noopener\">Video Link <\/a><\/p>\r\n<p><a href=\"https:\/\/drive.google.com\/file\/d\/1In9_gbSO12rvRZTHcJFniKukD0igS8od\/view?usp=drive_link\" target=\"_blank\" rel=\"noopener\">Dossier para descargar<\/a><\/p>\r\n<p><a href=\"https:\/\/drive.google.com\/file\/d\/161Iw9tFQjlCCCNeMd_WS_xXcytzJ3iTI\/view?usp=drive_link\" target=\"_blank\" rel=\"noopener\">Ficha t\u00e9cnica para descargar<\/a><\/p>\r\n<p><img decoding=\"async\" loading=\"lazy\" class=\"alignnone  wp-image-920\" src=\"https:\/\/producciones-abismales.com\/es\/wp-content\/uploads\/sites\/4\/2023\/09\/SalonK_2023_byAntoniaRichter_291-300x200.jpg\" alt=\"\" width=\"804\" height=\"536\" srcset=\"https:\/\/producciones-abismales.com\/es\/wp-content\/uploads\/sites\/4\/2023\/09\/SalonK_2023_byAntoniaRichter_291-300x200.jpg 300w, https:\/\/producciones-abismales.com\/es\/wp-content\/uploads\/sites\/4\/2023\/09\/SalonK_2023_byAntoniaRichter_291-1024x682.jpg 1024w, https:\/\/producciones-abismales.com\/es\/wp-content\/uploads\/sites\/4\/2023\/09\/SalonK_2023_byAntoniaRichter_291-768x512.jpg 768w, https:\/\/producciones-abismales.com\/es\/wp-content\/uploads\/sites\/4\/2023\/09\/SalonK_2023_byAntoniaRichter_291-685x457.jpg 685w, https:\/\/producciones-abismales.com\/es\/wp-content\/uploads\/sites\/4\/2023\/09\/SalonK_2023_byAntoniaRichter_291-342x228.jpg 342w, https:\/\/producciones-abismales.com\/es\/wp-content\/uploads\/sites\/4\/2023\/09\/SalonK_2023_byAntoniaRichter_291.jpg 1535w\" sizes=\"(max-width: 804px) 100vw, 804px\" \/>\u00a0\u00a0 \u00a0<\/p>\r\n<p><img decoding=\"async\" loading=\"lazy\" class=\"alignnone  wp-image-909\" src=\"https:\/\/producciones-abismales.com\/es\/wp-content\/uploads\/sites\/4\/2023\/09\/SalonK_2023_byAntoniaRichter_264-200x300.jpg\" alt=\"\" width=\"309\" height=\"464\" srcset=\"https:\/\/producciones-abismales.com\/es\/wp-content\/uploads\/sites\/4\/2023\/09\/SalonK_2023_byAntoniaRichter_264-200x300.jpg 200w, https:\/\/producciones-abismales.com\/es\/wp-content\/uploads\/sites\/4\/2023\/09\/SalonK_2023_byAntoniaRichter_264-683x1024.jpg 683w, https:\/\/producciones-abismales.com\/es\/wp-content\/uploads\/sites\/4\/2023\/09\/SalonK_2023_byAntoniaRichter_264-768x1151.jpg 768w, https:\/\/producciones-abismales.com\/es\/wp-content\/uploads\/sites\/4\/2023\/09\/SalonK_2023_byAntoniaRichter_264-1025x1536.jpg 1025w, https:\/\/producciones-abismales.com\/es\/wp-content\/uploads\/sites\/4\/2023\/09\/SalonK_2023_byAntoniaRichter_264-1366x2048.jpg 1366w, https:\/\/producciones-abismales.com\/es\/wp-content\/uploads\/sites\/4\/2023\/09\/SalonK_2023_byAntoniaRichter_264-685x1027.jpg 685w, https:\/\/producciones-abismales.com\/es\/wp-content\/uploads\/sites\/4\/2023\/09\/SalonK_2023_byAntoniaRichter_264.jpg 1535w\" sizes=\"(max-width: 309px) 100vw, 309px\" \/> \u00a0 \u00a0 <img decoding=\"async\" loading=\"lazy\" class=\"alignnone  wp-image-910\" src=\"https:\/\/producciones-abismales.com\/es\/wp-content\/uploads\/sites\/4\/2023\/09\/SalonK_2023_byAntoniaRichter_265-227x300.jpg\" alt=\"\" width=\"352\" height=\"465\" srcset=\"https:\/\/producciones-abismales.com\/es\/wp-content\/uploads\/sites\/4\/2023\/09\/SalonK_2023_byAntoniaRichter_265-227x300.jpg 227w, https:\/\/producciones-abismales.com\/es\/wp-content\/uploads\/sites\/4\/2023\/09\/SalonK_2023_byAntoniaRichter_265.jpg 662w\" sizes=\"(max-width: 352px) 100vw, 352px\" \/><\/p>\r\n<p><img decoding=\"async\" loading=\"lazy\" class=\"wp-image-917 alignnone\" src=\"https:\/\/producciones-abismales.com\/es\/wp-content\/uploads\/sites\/4\/2023\/09\/SalonK_2023_byAntoniaRichter_282-300x200.jpg\" alt=\"\" width=\"807\" height=\"538\" srcset=\"https:\/\/producciones-abismales.com\/es\/wp-content\/uploads\/sites\/4\/2023\/09\/SalonK_2023_byAntoniaRichter_282-300x200.jpg 300w, https:\/\/producciones-abismales.com\/es\/wp-content\/uploads\/sites\/4\/2023\/09\/SalonK_2023_byAntoniaRichter_282-1024x683.jpg 1024w, https:\/\/producciones-abismales.com\/es\/wp-content\/uploads\/sites\/4\/2023\/09\/SalonK_2023_byAntoniaRichter_282-768x512.jpg 768w, https:\/\/producciones-abismales.com\/es\/wp-content\/uploads\/sites\/4\/2023\/09\/SalonK_2023_byAntoniaRichter_282-685x457.jpg 685w, https:\/\/producciones-abismales.com\/es\/wp-content\/uploads\/sites\/4\/2023\/09\/SalonK_2023_byAntoniaRichter_282-342x228.jpg 342w, https:\/\/producciones-abismales.com\/es\/wp-content\/uploads\/sites\/4\/2023\/09\/SalonK_2023_byAntoniaRichter_282.jpg 1535w\" sizes=\"(max-width: 807px) 100vw, 807px\" \/><\/p>\r\n<p>\u00a0<img decoding=\"async\" loading=\"lazy\" class=\"alignnone  wp-image-906\" src=\"https:\/\/producciones-abismales.com\/es\/wp-content\/uploads\/sites\/4\/2023\/09\/SalonK_2023_byAntoniaRichter_254-300x300.jpg\" alt=\"\" width=\"329\" height=\"329\" srcset=\"https:\/\/producciones-abismales.com\/es\/wp-content\/uploads\/sites\/4\/2023\/09\/SalonK_2023_byAntoniaRichter_254-300x300.jpg 300w, https:\/\/producciones-abismales.com\/es\/wp-content\/uploads\/sites\/4\/2023\/09\/SalonK_2023_byAntoniaRichter_254-1024x1024.jpg 1024w, https:\/\/producciones-abismales.com\/es\/wp-content\/uploads\/sites\/4\/2023\/09\/SalonK_2023_byAntoniaRichter_254-150x150.jpg 150w, https:\/\/producciones-abismales.com\/es\/wp-content\/uploads\/sites\/4\/2023\/09\/SalonK_2023_byAntoniaRichter_254-768x768.jpg 768w, https:\/\/producciones-abismales.com\/es\/wp-content\/uploads\/sites\/4\/2023\/09\/SalonK_2023_byAntoniaRichter_254-685x685.jpg 685w, https:\/\/producciones-abismales.com\/es\/wp-content\/uploads\/sites\/4\/2023\/09\/SalonK_2023_byAntoniaRichter_254-100x100.jpg 100w, https:\/\/producciones-abismales.com\/es\/wp-content\/uploads\/sites\/4\/2023\/09\/SalonK_2023_byAntoniaRichter_254-900x900.jpg 900w, https:\/\/producciones-abismales.com\/es\/wp-content\/uploads\/sites\/4\/2023\/09\/SalonK_2023_byAntoniaRichter_254-620x620.jpg 620w, https:\/\/producciones-abismales.com\/es\/wp-content\/uploads\/sites\/4\/2023\/09\/SalonK_2023_byAntoniaRichter_254-400x400.jpg 400w, https:\/\/producciones-abismales.com\/es\/wp-content\/uploads\/sites\/4\/2023\/09\/SalonK_2023_byAntoniaRichter_254.jpg 1535w\" sizes=\"(max-width: 329px) 100vw, 329px\" \/> \u00a0\u00a0\u00a0 <img decoding=\"async\" loading=\"lazy\" class=\"alignnone  wp-image-908\" src=\"https:\/\/producciones-abismales.com\/es\/wp-content\/uploads\/sites\/4\/2023\/09\/SalonK_2023_byAntoniaRichter_262-300x300.jpg\" alt=\"\" width=\"328\" height=\"328\" srcset=\"https:\/\/producciones-abismales.com\/es\/wp-content\/uploads\/sites\/4\/2023\/09\/SalonK_2023_byAntoniaRichter_262-300x300.jpg 300w, https:\/\/producciones-abismales.com\/es\/wp-content\/uploads\/sites\/4\/2023\/09\/SalonK_2023_byAntoniaRichter_262-1024x1024.jpg 1024w, https:\/\/producciones-abismales.com\/es\/wp-content\/uploads\/sites\/4\/2023\/09\/SalonK_2023_byAntoniaRichter_262-150x150.jpg 150w, https:\/\/producciones-abismales.com\/es\/wp-content\/uploads\/sites\/4\/2023\/09\/SalonK_2023_byAntoniaRichter_262-768x769.jpg 768w, https:\/\/producciones-abismales.com\/es\/wp-content\/uploads\/sites\/4\/2023\/09\/SalonK_2023_byAntoniaRichter_262-685x685.jpg 685w, https:\/\/producciones-abismales.com\/es\/wp-content\/uploads\/sites\/4\/2023\/09\/SalonK_2023_byAntoniaRichter_262-100x100.jpg 100w, https:\/\/producciones-abismales.com\/es\/wp-content\/uploads\/sites\/4\/2023\/09\/SalonK_2023_byAntoniaRichter_262-900x900.jpg 900w, https:\/\/producciones-abismales.com\/es\/wp-content\/uploads\/sites\/4\/2023\/09\/SalonK_2023_byAntoniaRichter_262-620x620.jpg 620w, https:\/\/producciones-abismales.com\/es\/wp-content\/uploads\/sites\/4\/2023\/09\/SalonK_2023_byAntoniaRichter_262-400x400.jpg 400w, https:\/\/producciones-abismales.com\/es\/wp-content\/uploads\/sites\/4\/2023\/09\/SalonK_2023_byAntoniaRichter_262.jpg 1457w\" sizes=\"(max-width: 328px) 100vw, 328px\" \/><\/p>\r\n<p>&nbsp;<\/p>\r\n<ul>\r\n<li>09.09.2023 \/ Salon K Das Kunst- uns Kultur-Festival im Lettekiez \/ Berlin<\/li>\r\n<li>19. y 20.05.2024 \/ KARNEVAL DER KULTUREN \/ Berlin<\/li>\r\n<\/ul>\r\n<p>GALER\u00cdA<\/p>\r\n<div id=\"metaslider-id-898\" style=\"max-width: 900px; margin: 0 auto;\" class=\"ml-slider-3-27-14 metaslider metaslider-flex metaslider-898 ml-slider\">\n    <div id=\"metaslider_container_898\">\n        <div id=\"metaslider_898\">\n            <ul aria-live=\"polite\" class=\"slides\">\n                <li style=\"display: block; width: 100%;\" class=\"slide-923 ms-image\"><img src=\"https:\/\/producciones-abismales.com\/es\/wp-content\/uploads\/sites\/4\/2023\/09\/SalonK_2023_byAntoniaRichter_254-900x900.jpg\" height=\"900\" width=\"900\" alt=\"\" class=\"slider-898 slide-923\" title=\"SalonK_2023_byAntoniaRichter_254\" \/><\/li>\n                <li style=\"display: none; width: 100%;\" class=\"slide-924 ms-image\"><img src=\"https:\/\/producciones-abismales.com\/es\/wp-content\/uploads\/sites\/4\/2023\/09\/SalonK_2023_byAntoniaRichter_255-900x900.jpg\" height=\"900\" width=\"900\" alt=\"\" class=\"slider-898 slide-924\" title=\"SalonK_2023_byAntoniaRichter_255\" \/><\/li>\n                <li style=\"display: none; width: 100%;\" class=\"slide-925 ms-image\"><img src=\"https:\/\/producciones-abismales.com\/es\/wp-content\/uploads\/sites\/4\/2023\/09\/SalonK_2023_byAntoniaRichter_262-900x900.jpg\" height=\"900\" width=\"900\" alt=\"\" class=\"slider-898 slide-925\" title=\"SalonK_2023_byAntoniaRichter_262\" \/><\/li>\n                <li style=\"display: none; width: 100%;\" class=\"slide-926 ms-image\"><img src=\"https:\/\/producciones-abismales.com\/es\/wp-content\/uploads\/sites\/4\/2023\/09\/SalonK_2023_byAntoniaRichter_264-900x900.jpg\" height=\"900\" width=\"900\" alt=\"\" class=\"slider-898 slide-926\" title=\"SalonK_2023_byAntoniaRichter_264\" \/><\/li>\n                <li style=\"display: none; width: 100%;\" class=\"slide-927 ms-image\"><img src=\"https:\/\/producciones-abismales.com\/es\/wp-content\/uploads\/sites\/4\/2023\/09\/SalonK_2023_byAntoniaRichter_265-662x662.jpg\" height=\"900\" width=\"900\" alt=\"\" class=\"slider-898 slide-927\" title=\"SalonK_2023_byAntoniaRichter_265\" \/><\/li>\n                <li style=\"display: none; width: 100%;\" class=\"slide-928 ms-image\"><img src=\"https:\/\/producciones-abismales.com\/es\/wp-content\/uploads\/sites\/4\/2023\/09\/SalonK_2023_byAntoniaRichter_269-900x900.jpg\" height=\"900\" width=\"900\" alt=\"\" class=\"slider-898 slide-928\" title=\"SalonK_2023_byAntoniaRichter_269\" \/><\/li>\n                <li style=\"display: none; width: 100%;\" class=\"slide-930 ms-image\"><img src=\"https:\/\/producciones-abismales.com\/es\/wp-content\/uploads\/sites\/4\/2023\/09\/SalonK_2023_byAntoniaRichter_272-756x756.jpg\" height=\"900\" width=\"900\" alt=\"\" class=\"slider-898 slide-930\" title=\"SalonK_2023_byAntoniaRichter_272\" \/><\/li>\n                <li style=\"display: none; width: 100%;\" class=\"slide-931 ms-image\"><img src=\"https:\/\/producciones-abismales.com\/es\/wp-content\/uploads\/sites\/4\/2023\/09\/SalonK_2023_byAntoniaRichter_279-900x900.jpg\" height=\"900\" width=\"900\" alt=\"\" class=\"slider-898 slide-931\" title=\"SalonK_2023_byAntoniaRichter_279\" \/><\/li>\n                <li style=\"display: none; width: 100%;\" class=\"slide-932 ms-image\"><img src=\"https:\/\/producciones-abismales.com\/es\/wp-content\/uploads\/sites\/4\/2023\/09\/SalonK_2023_byAntoniaRichter_280-900x900.jpg\" height=\"900\" width=\"900\" alt=\"\" class=\"slider-898 slide-932\" title=\"SalonK_2023_byAntoniaRichter_280\" \/><\/li>\n                <li style=\"display: none; width: 100%;\" class=\"slide-933 ms-image\"><img src=\"https:\/\/producciones-abismales.com\/es\/wp-content\/uploads\/sites\/4\/2023\/09\/SalonK_2023_byAntoniaRichter_282-900x900.jpg\" height=\"900\" width=\"900\" alt=\"\" class=\"slider-898 slide-933\" title=\"SalonK_2023_byAntoniaRichter_282\" \/><\/li>\n                <li style=\"display: none; width: 100%;\" class=\"slide-934 ms-image\"><img src=\"https:\/\/producciones-abismales.com\/es\/wp-content\/uploads\/sites\/4\/2023\/09\/SalonK_2023_byAntoniaRichter_285-900x900.jpg\" height=\"900\" width=\"900\" alt=\"\" class=\"slider-898 slide-934\" title=\"SalonK_2023_byAntoniaRichter_285\" \/><\/li>\n                <li style=\"display: none; width: 100%;\" class=\"slide-935 ms-image\"><img src=\"https:\/\/producciones-abismales.com\/es\/wp-content\/uploads\/sites\/4\/2023\/09\/SalonK_2023_byAntoniaRichter_286-900x900.jpg\" height=\"900\" width=\"900\" alt=\"\" class=\"slider-898 slide-935\" title=\"SalonK_2023_byAntoniaRichter_286\" \/><\/li>\n                <li style=\"display: none; width: 100%;\" class=\"slide-936 ms-image\"><img src=\"https:\/\/producciones-abismales.com\/es\/wp-content\/uploads\/sites\/4\/2023\/09\/SalonK_2023_byAntoniaRichter_291-900x900.jpg\" height=\"900\" width=\"900\" alt=\"\" class=\"slider-898 slide-936\" title=\"SalonK_2023_byAntoniaRichter_291\" \/><\/li>\n                <li style=\"display: none; width: 100%;\" class=\"slide-937 ms-image\"><img src=\"https:\/\/producciones-abismales.com\/es\/wp-content\/uploads\/sites\/4\/2023\/09\/SalonK_2023_byAntoniaRichter_292-742x743.jpg\" height=\"900\" width=\"900\" alt=\"\" class=\"slider-898 slide-937\" title=\"SalonK_2023_byAntoniaRichter_292\" \/><\/li>\n                <li style=\"display: none; width: 100%;\" class=\"slide-938 ms-image\"><img src=\"https:\/\/producciones-abismales.com\/es\/wp-content\/uploads\/sites\/4\/2023\/09\/SalonK_2023_byAntoniaRichter_252-900x900.jpg\" height=\"900\" width=\"900\" alt=\"\" class=\"slider-898 slide-938\" title=\"SalonK_2023_byAntoniaRichter_252\" \/><\/li>\n            <\/ul>\n        <\/div>\n        \n    <\/div>\n<\/div>\r\n<p><span style=\"font-size: 8pt\">Fotos de Antonia Richter <\/span><a href=\"http:\/\/www.gatonia.de\/\" target=\"_blank\" rel=\"noreferrer noopener\" aria-label=\" (\u00f6ffnet in neuem Tab)\"><span style=\"font-size: 8pt\">http:\/\/www.gatonia.de\/<\/span><\/a><\/p>\r\n","protected":false},"excerpt":{"rendered":"<p>Dayoub &amp; Naga sobre zancos, en nuestro n\u00famero ambulante deleitamos a nuestro p\u00fablico con la inesperada aparici\u00f3n de Naga. Adultos y ni\u00f1os est\u00e1n invitados a cantar y bailar. La diversi\u00f3n est\u00e1 asegurada con Dayoub que acabar\u00e1 hipnotizado por Naga. A lo largo del camino representamos diferentes escenas de nuestro espect\u00e1culo, dependiendo de las posibilidades que &hellip; <a href=\"https:\/\/producciones-abismales.com\/es\/walking-act\/\" class=\"more-link\"><span class=\"screen-reader-text\">Walking Act<\/span> weiterlesen<\/a><\/p>\n","protected":false},"author":2,"featured_media":830,"parent":0,"menu_order":0,"comment_status":"closed","ping_status":"closed","template":"","meta":[],"yoast_head":"<!-- This site is optimized with the Yoast SEO plugin v19.11 - https:\/\/yoast.com\/wordpress\/plugins\/seo\/ -->\n<title>Walking Act -<\/title>\n<meta name=\"description\" content=\"Dayoub &amp; Naga sobre zancos, La diversi\u00f3n est\u00e1 asegurada con Dayoub que acabar\u00e1 hipnotizado por Naga.\" \/>\n<meta name=\"robots\" content=\"index, follow, max-snippet:-1, max-image-preview:large, max-video-preview:-1\" \/>\n<link rel=\"canonical\" href=\"https:\/\/producciones-abismales.com\/es\/walking-act\/\" \/>\n<meta property=\"og:locale\" content=\"de_DE\" \/>\n<meta property=\"og:type\" content=\"article\" \/>\n<meta property=\"og:title\" content=\"Walking Act -\" \/>\n<meta property=\"og:description\" content=\"Dayoub &amp; Naga sobre zancos, La diversi\u00f3n est\u00e1 asegurada con Dayoub que acabar\u00e1 hipnotizado por Naga.\" \/>\n<meta property=\"og:url\" content=\"https:\/\/producciones-abismales.com\/es\/walking-act\/\" \/>\n<meta property=\"article:modified_time\" content=\"2025-10-21T15:10:05+00:00\" \/>\n<meta property=\"og:image\" content=\"https:\/\/producciones-abismales.com\/es\/wp-content\/uploads\/sites\/4\/2022\/10\/Bildschirmfoto-vom-2021-12-13-17-32-20-Ret.png\" \/>\n\t<meta property=\"og:image:width\" content=\"1242\" \/>\n\t<meta property=\"og:image:height\" content=\"695\" \/>\n\t<meta property=\"og:image:type\" content=\"image\/png\" \/>\n<meta name=\"twitter:card\" content=\"summary_large_image\" \/>\n<meta name=\"twitter:label1\" content=\"Gesch\u00e4tzte Lesezeit\" \/>\n\t<meta name=\"twitter:data1\" content=\"2\u00a0Minuten\" \/>\n<script type=\"application\/ld+json\" class=\"yoast-schema-graph\">{\"@context\":\"https:\/\/schema.org\",\"@graph\":[{\"@type\":\"WebPage\",\"@id\":\"https:\/\/producciones-abismales.com\/es\/walking-act\/\",\"url\":\"https:\/\/producciones-abismales.com\/es\/walking-act\/\",\"name\":\"Walking Act -\",\"isPartOf\":{\"@id\":\"https:\/\/producciones-abismales.com\/es\/#website\"},\"datePublished\":\"2022-10-05T16:23:39+00:00\",\"dateModified\":\"2025-10-21T15:10:05+00:00\",\"description\":\"Dayoub & Naga sobre zancos, La diversi\u00f3n est\u00e1 asegurada con Dayoub que acabar\u00e1 hipnotizado por Naga.\",\"breadcrumb\":{\"@id\":\"https:\/\/producciones-abismales.com\/es\/walking-act\/#breadcrumb\"},\"inLanguage\":\"de\",\"potentialAction\":[{\"@type\":\"ReadAction\",\"target\":[\"https:\/\/producciones-abismales.com\/es\/walking-act\/\"]}]},{\"@type\":\"BreadcrumbList\",\"@id\":\"https:\/\/producciones-abismales.com\/es\/walking-act\/#breadcrumb\",\"itemListElement\":[{\"@type\":\"ListItem\",\"position\":1,\"name\":\"Startseite\",\"item\":\"https:\/\/producciones-abismales.com\/es\/\"},{\"@type\":\"ListItem\",\"position\":2,\"name\":\"Walking Act\"}]},{\"@type\":\"WebSite\",\"@id\":\"https:\/\/producciones-abismales.com\/es\/#website\",\"url\":\"https:\/\/producciones-abismales.com\/es\/\",\"name\":\"\",\"description\":\"TEATRO SOBRE EL MEDIO AMBIENTE PARA TODA LA FAMILIA\",\"potentialAction\":[{\"@type\":\"SearchAction\",\"target\":{\"@type\":\"EntryPoint\",\"urlTemplate\":\"https:\/\/producciones-abismales.com\/es\/?s={search_term_string}\"},\"query-input\":\"required name=search_term_string\"}],\"inLanguage\":\"de\"}]}<\/script>\n<!-- \/ Yoast SEO plugin. -->","yoast_head_json":{"title":"Walking Act -","description":"Dayoub & Naga sobre zancos, La diversi\u00f3n est\u00e1 asegurada con Dayoub que acabar\u00e1 hipnotizado por Naga.","robots":{"index":"index","follow":"follow","max-snippet":"max-snippet:-1","max-image-preview":"max-image-preview:large","max-video-preview":"max-video-preview:-1"},"canonical":"https:\/\/producciones-abismales.com\/es\/walking-act\/","og_locale":"de_DE","og_type":"article","og_title":"Walking Act -","og_description":"Dayoub & Naga sobre zancos, La diversi\u00f3n est\u00e1 asegurada con Dayoub que acabar\u00e1 hipnotizado por Naga.","og_url":"https:\/\/producciones-abismales.com\/es\/walking-act\/","article_modified_time":"2025-10-21T15:10:05+00:00","og_image":[{"width":1242,"height":695,"url":"https:\/\/producciones-abismales.com\/es\/wp-content\/uploads\/sites\/4\/2022\/10\/Bildschirmfoto-vom-2021-12-13-17-32-20-Ret.png","type":"image\/png"}],"twitter_card":"summary_large_image","twitter_misc":{"Gesch\u00e4tzte Lesezeit":"2\u00a0Minuten"},"schema":{"@context":"https:\/\/schema.org","@graph":[{"@type":"WebPage","@id":"https:\/\/producciones-abismales.com\/es\/walking-act\/","url":"https:\/\/producciones-abismales.com\/es\/walking-act\/","name":"Walking Act -","isPartOf":{"@id":"https:\/\/producciones-abismales.com\/es\/#website"},"datePublished":"2022-10-05T16:23:39+00:00","dateModified":"2025-10-21T15:10:05+00:00","description":"Dayoub & Naga sobre zancos, La diversi\u00f3n est\u00e1 asegurada con Dayoub que acabar\u00e1 hipnotizado por Naga.","breadcrumb":{"@id":"https:\/\/producciones-abismales.com\/es\/walking-act\/#breadcrumb"},"inLanguage":"de","potentialAction":[{"@type":"ReadAction","target":["https:\/\/producciones-abismales.com\/es\/walking-act\/"]}]},{"@type":"BreadcrumbList","@id":"https:\/\/producciones-abismales.com\/es\/walking-act\/#breadcrumb","itemListElement":[{"@type":"ListItem","position":1,"name":"Startseite","item":"https:\/\/producciones-abismales.com\/es\/"},{"@type":"ListItem","position":2,"name":"Walking Act"}]},{"@type":"WebSite","@id":"https:\/\/producciones-abismales.com\/es\/#website","url":"https:\/\/producciones-abismales.com\/es\/","name":"","description":"TEATRO SOBRE EL MEDIO AMBIENTE PARA TODA LA FAMILIA","potentialAction":[{"@type":"SearchAction","target":{"@type":"EntryPoint","urlTemplate":"https:\/\/producciones-abismales.com\/es\/?s={search_term_string}"},"query-input":"required name=search_term_string"}],"inLanguage":"de"}]}},"_links":{"self":[{"href":"https:\/\/producciones-abismales.com\/es\/wp-json\/wp\/v2\/pages\/829"}],"collection":[{"href":"https:\/\/producciones-abismales.com\/es\/wp-json\/wp\/v2\/pages"}],"about":[{"href":"https:\/\/producciones-abismales.com\/es\/wp-json\/wp\/v2\/types\/page"}],"author":[{"embeddable":true,"href":"https:\/\/producciones-abismales.com\/es\/wp-json\/wp\/v2\/users\/2"}],"replies":[{"embeddable":true,"href":"https:\/\/producciones-abismales.com\/es\/wp-json\/wp\/v2\/comments?post=829"}],"version-history":[{"count":23,"href":"https:\/\/producciones-abismales.com\/es\/wp-json\/wp\/v2\/pages\/829\/revisions"}],"predecessor-version":[{"id":1200,"href":"https:\/\/producciones-abismales.com\/es\/wp-json\/wp\/v2\/pages\/829\/revisions\/1200"}],"wp:featuredmedia":[{"embeddable":true,"href":"https:\/\/producciones-abismales.com\/es\/wp-json\/wp\/v2\/media\/830"}],"wp:attachment":[{"href":"https:\/\/producciones-abismales.com\/es\/wp-json\/wp\/v2\/media?parent=829"}],"curies":[{"name":"wp","href":"https:\/\/api.w.org\/{rel}","templated":true}]}}