{"id":900,"date":"2023-09-29T18:48:36","date_gmt":"2023-09-29T16:48:36","guid":{"rendered":"https:\/\/producciones-abismales.com\/es\/?page_id=900"},"modified":"2023-09-30T14:49:26","modified_gmt":"2023-09-30T12:49:26","slug":"taller-de-titeres-de-plastico-reciclado","status":"publish","type":"page","link":"https:\/\/producciones-abismales.com\/es\/taller-de-titeres-de-plastico-reciclado\/","title":{"rendered":"Taller de t\u00edteres de pl\u00e1stico reciclado"},"content":{"rendered":"<p>\u00danete a nosotros para crear t\u00edteres. Vamos a inventar peces coloridos y medusas con pl\u00e1stico reciclado. En nuestro taller, los ni\u00f1os aprenden a manipular objetos y a darles vida. Despu\u00e9s, presentamos con orgullo nuestras creaciones y paseamos por el recinto como un banco de peces nadando. Este taller no solo ense\u00f1a habilidades art\u00edsticas, sino tambi\u00e9n conciencia ecol\u00f3gica. Juntos exploramos el ciclo del pl\u00e1stico y concienciamos sobre su uso responsable. Protejamos los oc\u00e9anos y preservemos juntos el ecosistema. Edad recomendada: ni\u00f1os a partir de 5 a\u00f1os.<\/p>\n<p>&nbsp;<\/p>\n<div id=\"metaslider-id-941\" style=\"max-width: 900px; margin: 0 auto;\" class=\"ml-slider-3-27-14 metaslider metaslider-flex metaslider-941 ml-slider\">\n    <div id=\"metaslider_container_941\">\n        <div id=\"metaslider_941\">\n            <ul aria-live=\"polite\" class=\"slides\">\n                <li style=\"display: block; width: 100%;\" class=\"slide-956 ms-image\"><img src=\"https:\/\/producciones-abismales.com\/es\/wp-content\/uploads\/sites\/4\/2023\/09\/IMG_20230713_202135-scaled-900x900.jpg\" height=\"900\" width=\"900\" alt=\"\" class=\"slider-941 slide-956\" title=\"IMG_20230713_202135\" \/><\/li>\n                <li style=\"display: none; width: 100%;\" class=\"slide-957 ms-image\"><img src=\"https:\/\/producciones-abismales.com\/es\/wp-content\/uploads\/sites\/4\/2023\/09\/IMG_20230723_154430-1-scaled-900x900.jpg\" height=\"900\" width=\"900\" alt=\"\" class=\"slider-941 slide-957\" title=\"IMG_20230723_154430\" \/><\/li>\n                <li style=\"display: none; width: 100%;\" class=\"slide-958 ms-image\"><img src=\"https:\/\/producciones-abismales.com\/es\/wp-content\/uploads\/sites\/4\/2023\/09\/IMG_20230723_165225-scaled-900x900.jpg\" height=\"900\" width=\"900\" alt=\"\" class=\"slider-941 slide-958\" title=\"IMG_20230723_165225\" \/><\/li>\n                <li style=\"display: none; width: 100%;\" class=\"slide-959 ms-image\"><img src=\"https:\/\/producciones-abismales.com\/es\/wp-content\/uploads\/sites\/4\/2023\/09\/IMG3_20230723_165308-scaled-900x900.jpg\" height=\"900\" width=\"900\" alt=\"\" class=\"slider-941 slide-959\" title=\"IMG3_20230723_165308\" \/><\/li>\n                <li style=\"display: none; width: 100%;\" class=\"slide-960 ms-image\"><img src=\"https:\/\/producciones-abismales.com\/es\/wp-content\/uploads\/sites\/4\/2023\/09\/IMG4_20230723_161324-scaled-900x900.jpg\" height=\"900\" width=\"900\" alt=\"\" class=\"slider-941 slide-960\" title=\"IMG4_20230723_161324\" \/><\/li>\n                <li style=\"display: none; width: 100%;\" class=\"slide-961 ms-image\"><img src=\"https:\/\/producciones-abismales.com\/es\/wp-content\/uploads\/sites\/4\/2023\/09\/IMG5_20230723_154949-scaled-900x900.jpg\" height=\"900\" width=\"900\" alt=\"\" class=\"slider-941 slide-961\" title=\"IMG5_20230723_154949\" \/><\/li>\n                <li style=\"display: none; width: 100%;\" class=\"slide-962 ms-image\"><img src=\"https:\/\/producciones-abismales.com\/es\/wp-content\/uploads\/sites\/4\/2023\/09\/IMG_20230723_152726-1-scaled-900x900.jpg\" height=\"900\" width=\"900\" alt=\"\" class=\"slider-941 slide-962\" title=\"IMG_20230723_152726\" \/><\/li>\n                <li style=\"display: none; width: 100%;\" class=\"slide-963 ms-image\"><img src=\"https:\/\/producciones-abismales.com\/es\/wp-content\/uploads\/sites\/4\/2023\/09\/photo_2023-07-29_15-13-58-900x900.jpg\" height=\"900\" width=\"900\" alt=\"\" class=\"slider-941 slide-963\" title=\"photo_2023-07-29_15-13-58\" \/><\/li>\n                <li style=\"display: none; width: 100%;\" class=\"slide-964 ms-image\"><img src=\"https:\/\/producciones-abismales.com\/es\/wp-content\/uploads\/sites\/4\/2023\/09\/photo_2023-07-29_15-15-16-900x900.jpg\" height=\"900\" width=\"900\" alt=\"\" class=\"slider-941 slide-964\" title=\"photo_2023-07-29_15-15-16\" \/><\/li>\n                <li style=\"display: none; width: 100%;\" class=\"slide-1223 ms-image\"><img src=\"https:\/\/producciones-abismales.com\/es\/wp-content\/uploads\/sites\/4\/2025\/10\/IMG_20250808_171917-scaled-900x900.jpg\" height=\"900\" width=\"900\" alt=\"\" class=\"slider-941 slide-1223\" title=\"IMG_20250808_171917\" \/><\/li>\n                <li style=\"display: none; width: 100%;\" class=\"slide-1224 ms-image\"><img src=\"https:\/\/producciones-abismales.com\/es\/wp-content\/uploads\/sites\/4\/2025\/10\/IMG_20250808_173626_edit_47190023730819-scaled-900x900.jpg\" height=\"900\" width=\"900\" alt=\"\" class=\"slider-941 slide-1224\" title=\"sdr\" \/><div class=\"caption-wrap\"><div class=\"caption\">sdr<\/div><\/div><\/li>\n                <li style=\"display: none; width: 100%;\" class=\"slide-1225 ms-image\"><img src=\"https:\/\/producciones-abismales.com\/es\/wp-content\/uploads\/sites\/4\/2025\/10\/IMG_20250808_174206-scaled-900x900.jpg\" height=\"900\" width=\"900\" alt=\"\" class=\"slider-941 slide-1225\" title=\"IMG_20250808_174206\" \/><\/li>\n                <li style=\"display: none; width: 100%;\" class=\"slide-1226 ms-image\"><img src=\"https:\/\/producciones-abismales.com\/es\/wp-content\/uploads\/sites\/4\/2025\/10\/IMG_20250808_181123-scaled-900x900.jpg\" height=\"900\" width=\"900\" alt=\"\" class=\"slider-941 slide-1226\" title=\"IMG_20250808_181123\" \/><\/li>\n                <li style=\"display: none; width: 100%;\" class=\"slide-1227 ms-image\"><img src=\"https:\/\/producciones-abismales.com\/es\/wp-content\/uploads\/sites\/4\/2025\/10\/IMG_20250808_181750-scaled-900x900.jpg\" height=\"900\" width=\"900\" alt=\"\" class=\"slider-941 slide-1227\" title=\"IMG_20250808_181750\" \/><\/li>\n                <li style=\"display: none; width: 100%;\" class=\"slide-1234 ms-image\"><img src=\"https:\/\/producciones-abismales.com\/es\/wp-content\/uploads\/sites\/4\/2025\/11\/WhatsApp-Bild-2025-08-24-um-14.07.21_79470e0b-900x900.jpg\" height=\"900\" width=\"900\" alt=\"\" class=\"slider-941 slide-1234\" title=\"WhatsApp Bild 2025-08-24 um 14.07.21_79470e0b\" \/><\/li>\n            <\/ul>\n        <\/div>\n        \n    <\/div>\n<\/div>\n<p>&nbsp;<\/p>\n","protected":false},"excerpt":{"rendered":"<p>\u00danete a nosotros para crear t\u00edteres. Vamos a inventar peces coloridos y medusas con pl\u00e1stico reciclado. En nuestro taller, los ni\u00f1os aprenden a manipular objetos y a darles vida. Despu\u00e9s, presentamos con orgullo nuestras creaciones y paseamos por el recinto como un banco de peces nadando. Este taller no solo ense\u00f1a habilidades art\u00edsticas, sino tambi\u00e9n &hellip; <a href=\"https:\/\/producciones-abismales.com\/es\/taller-de-titeres-de-plastico-reciclado\/\" class=\"more-link\"><span class=\"screen-reader-text\">Taller de t\u00edteres de pl\u00e1stico reciclado<\/span> weiterlesen<\/a><\/p>\n","protected":false},"author":3,"featured_media":970,"parent":0,"menu_order":0,"comment_status":"closed","ping_status":"closed","template":"","meta":[],"yoast_head":"<!-- This site is optimized with the Yoast SEO plugin v19.11 - https:\/\/yoast.com\/wordpress\/plugins\/seo\/ -->\n<title>Taller de t\u00edteres de pl\u00e1stico reciclado -<\/title>\n<meta name=\"robots\" content=\"index, follow, max-snippet:-1, max-image-preview:large, max-video-preview:-1\" \/>\n<link rel=\"canonical\" href=\"https:\/\/producciones-abismales.com\/es\/taller-de-titeres-de-plastico-reciclado\/\" \/>\n<meta property=\"og:locale\" content=\"de_DE\" \/>\n<meta property=\"og:type\" content=\"article\" \/>\n<meta property=\"og:title\" content=\"Taller de t\u00edteres de pl\u00e1stico reciclado -\" \/>\n<meta property=\"og:description\" content=\"\u00danete a nosotros para crear t\u00edteres. Vamos a inventar peces coloridos y medusas con pl\u00e1stico reciclado. En nuestro taller, los ni\u00f1os aprenden a manipular objetos y a darles vida. Despu\u00e9s, presentamos con orgullo nuestras creaciones y paseamos por el recinto como un banco de peces nadando. Este taller no solo ense\u00f1a habilidades art\u00edsticas, sino tambi\u00e9n &hellip; Taller de t\u00edteres de pl\u00e1stico reciclado weiterlesen\" \/>\n<meta property=\"og:url\" content=\"https:\/\/producciones-abismales.com\/es\/taller-de-titeres-de-plastico-reciclado\/\" \/>\n<meta property=\"article:modified_time\" content=\"2023-09-30T12:49:26+00:00\" \/>\n<meta property=\"og:image\" content=\"https:\/\/producciones-abismales.com\/es\/wp-content\/uploads\/sites\/4\/2023\/09\/photo3_2023-07-29_15-15-16.jpg\" \/>\n\t<meta property=\"og:image:width\" content=\"1280\" \/>\n\t<meta property=\"og:image:height\" content=\"637\" \/>\n\t<meta property=\"og:image:type\" content=\"image\/jpeg\" \/>\n<meta name=\"twitter:card\" content=\"summary_large_image\" \/>\n<meta name=\"twitter:label1\" content=\"Gesch\u00e4tzte Lesezeit\" \/>\n\t<meta name=\"twitter:data1\" content=\"1\u00a0Minute\" \/>\n<script type=\"application\/ld+json\" class=\"yoast-schema-graph\">{\"@context\":\"https:\/\/schema.org\",\"@graph\":[{\"@type\":\"WebPage\",\"@id\":\"https:\/\/producciones-abismales.com\/es\/taller-de-titeres-de-plastico-reciclado\/\",\"url\":\"https:\/\/producciones-abismales.com\/es\/taller-de-titeres-de-plastico-reciclado\/\",\"name\":\"Taller de t\u00edteres de pl\u00e1stico reciclado -\",\"isPartOf\":{\"@id\":\"https:\/\/producciones-abismales.com\/es\/#website\"},\"datePublished\":\"2023-09-29T16:48:36+00:00\",\"dateModified\":\"2023-09-30T12:49:26+00:00\",\"breadcrumb\":{\"@id\":\"https:\/\/producciones-abismales.com\/es\/taller-de-titeres-de-plastico-reciclado\/#breadcrumb\"},\"inLanguage\":\"de\",\"potentialAction\":[{\"@type\":\"ReadAction\",\"target\":[\"https:\/\/producciones-abismales.com\/es\/taller-de-titeres-de-plastico-reciclado\/\"]}]},{\"@type\":\"BreadcrumbList\",\"@id\":\"https:\/\/producciones-abismales.com\/es\/taller-de-titeres-de-plastico-reciclado\/#breadcrumb\",\"itemListElement\":[{\"@type\":\"ListItem\",\"position\":1,\"name\":\"Startseite\",\"item\":\"https:\/\/producciones-abismales.com\/es\/\"},{\"@type\":\"ListItem\",\"position\":2,\"name\":\"Taller de t\u00edteres de pl\u00e1stico reciclado\"}]},{\"@type\":\"WebSite\",\"@id\":\"https:\/\/producciones-abismales.com\/es\/#website\",\"url\":\"https:\/\/producciones-abismales.com\/es\/\",\"name\":\"\",\"description\":\"TEATRO SOBRE EL MEDIO AMBIENTE PARA TODA LA FAMILIA\",\"potentialAction\":[{\"@type\":\"SearchAction\",\"target\":{\"@type\":\"EntryPoint\",\"urlTemplate\":\"https:\/\/producciones-abismales.com\/es\/?s={search_term_string}\"},\"query-input\":\"required name=search_term_string\"}],\"inLanguage\":\"de\"}]}<\/script>\n<!-- \/ Yoast SEO plugin. -->","yoast_head_json":{"title":"Taller de t\u00edteres de pl\u00e1stico reciclado -","robots":{"index":"index","follow":"follow","max-snippet":"max-snippet:-1","max-image-preview":"max-image-preview:large","max-video-preview":"max-video-preview:-1"},"canonical":"https:\/\/producciones-abismales.com\/es\/taller-de-titeres-de-plastico-reciclado\/","og_locale":"de_DE","og_type":"article","og_title":"Taller de t\u00edteres de pl\u00e1stico reciclado -","og_description":"\u00danete a nosotros para crear t\u00edteres. Vamos a inventar peces coloridos y medusas con pl\u00e1stico reciclado. En nuestro taller, los ni\u00f1os aprenden a manipular objetos y a darles vida. Despu\u00e9s, presentamos con orgullo nuestras creaciones y paseamos por el recinto como un banco de peces nadando. Este taller no solo ense\u00f1a habilidades art\u00edsticas, sino tambi\u00e9n &hellip; Taller de t\u00edteres de pl\u00e1stico reciclado weiterlesen","og_url":"https:\/\/producciones-abismales.com\/es\/taller-de-titeres-de-plastico-reciclado\/","article_modified_time":"2023-09-30T12:49:26+00:00","og_image":[{"width":1280,"height":637,"url":"https:\/\/producciones-abismales.com\/es\/wp-content\/uploads\/sites\/4\/2023\/09\/photo3_2023-07-29_15-15-16.jpg","type":"image\/jpeg"}],"twitter_card":"summary_large_image","twitter_misc":{"Gesch\u00e4tzte Lesezeit":"1\u00a0Minute"},"schema":{"@context":"https:\/\/schema.org","@graph":[{"@type":"WebPage","@id":"https:\/\/producciones-abismales.com\/es\/taller-de-titeres-de-plastico-reciclado\/","url":"https:\/\/producciones-abismales.com\/es\/taller-de-titeres-de-plastico-reciclado\/","name":"Taller de t\u00edteres de pl\u00e1stico reciclado -","isPartOf":{"@id":"https:\/\/producciones-abismales.com\/es\/#website"},"datePublished":"2023-09-29T16:48:36+00:00","dateModified":"2023-09-30T12:49:26+00:00","breadcrumb":{"@id":"https:\/\/producciones-abismales.com\/es\/taller-de-titeres-de-plastico-reciclado\/#breadcrumb"},"inLanguage":"de","potentialAction":[{"@type":"ReadAction","target":["https:\/\/producciones-abismales.com\/es\/taller-de-titeres-de-plastico-reciclado\/"]}]},{"@type":"BreadcrumbList","@id":"https:\/\/producciones-abismales.com\/es\/taller-de-titeres-de-plastico-reciclado\/#breadcrumb","itemListElement":[{"@type":"ListItem","position":1,"name":"Startseite","item":"https:\/\/producciones-abismales.com\/es\/"},{"@type":"ListItem","position":2,"name":"Taller de t\u00edteres de pl\u00e1stico reciclado"}]},{"@type":"WebSite","@id":"https:\/\/producciones-abismales.com\/es\/#website","url":"https:\/\/producciones-abismales.com\/es\/","name":"","description":"TEATRO SOBRE EL MEDIO AMBIENTE PARA TODA LA FAMILIA","potentialAction":[{"@type":"SearchAction","target":{"@type":"EntryPoint","urlTemplate":"https:\/\/producciones-abismales.com\/es\/?s={search_term_string}"},"query-input":"required name=search_term_string"}],"inLanguage":"de"}]}},"_links":{"self":[{"href":"https:\/\/producciones-abismales.com\/es\/wp-json\/wp\/v2\/pages\/900"}],"collection":[{"href":"https:\/\/producciones-abismales.com\/es\/wp-json\/wp\/v2\/pages"}],"about":[{"href":"https:\/\/producciones-abismales.com\/es\/wp-json\/wp\/v2\/types\/page"}],"author":[{"embeddable":true,"href":"https:\/\/producciones-abismales.com\/es\/wp-json\/wp\/v2\/users\/3"}],"replies":[{"embeddable":true,"href":"https:\/\/producciones-abismales.com\/es\/wp-json\/wp\/v2\/comments?post=900"}],"version-history":[{"count":5,"href":"https:\/\/producciones-abismales.com\/es\/wp-json\/wp\/v2\/pages\/900\/revisions"}],"predecessor-version":[{"id":966,"href":"https:\/\/producciones-abismales.com\/es\/wp-json\/wp\/v2\/pages\/900\/revisions\/966"}],"wp:featuredmedia":[{"embeddable":true,"href":"https:\/\/producciones-abismales.com\/es\/wp-json\/wp\/v2\/media\/970"}],"wp:attachment":[{"href":"https:\/\/producciones-abismales.com\/es\/wp-json\/wp\/v2\/media?parent=900"}],"curies":[{"name":"wp","href":"https:\/\/api.w.org\/{rel}","templated":true}]}}